{"id":28,"date":"2023-12-27T14:48:11","date_gmt":"2023-12-27T14:48:11","guid":{"rendered":"https:\/\/exa.unne.edu.ar\/poee-web\/?page_id=28"},"modified":"2024-04-15T13:45:48","modified_gmt":"2024-04-15T13:45:48","slug":"diplomatura-universitaria-quimica-tic","status":"publish","type":"page","link":"https:\/\/exa.unne.edu.ar\/poee-web\/index.php\/diplomatura-universitaria-quimica-tic\/","title":{"rendered":""},"content":{"rendered":"\t\t<div data-elementor-type=\"wp-page\" data-elementor-id=\"28\" class=\"elementor elementor-28\">\n\t\t\t\t\t\t<section class=\"elementor-section elementor-top-section elementor-element elementor-element-92271d7 elementor-section-boxed elementor-section-height-default elementor-section-height-default\" data-id=\"92271d7\" data-element_type=\"section\" data-e-type=\"section\">\n\t\t\t\t\t\t<div class=\"elementor-container elementor-column-gap-default\">\n\t\t\t\t\t<div class=\"elementor-column elementor-col-100 elementor-top-column elementor-element elementor-element-5d7b817\" data-id=\"5d7b817\" data-element_type=\"column\" data-e-type=\"column\">\n\t\t\t<div class=\"elementor-widget-wrap elementor-element-populated\">\n\t\t\t\t\t\t<div class=\"elementor-element elementor-element-4918f15 elementor-widget elementor-widget-image\" data-id=\"4918f15\" data-element_type=\"widget\" data-e-type=\"widget\" data-widget_type=\"image.default\">\n\t\t\t\t<div class=\"elementor-widget-container\">\n\t\t\t\t\t\t\t\t\t\t\t\t\t\t\t<img fetchpriority=\"high\" decoding=\"async\" width=\"1024\" height=\"576\" src=\"https:\/\/exa.unne.edu.ar\/poee-web\/wp-content\/uploads\/2024\/04\/diplomatura-quimica-1024x576.png\" class=\"attachment-large size-large wp-image-181\" alt=\"\" srcset=\"https:\/\/exa.unne.edu.ar\/poee-web\/wp-content\/uploads\/2024\/04\/diplomatura-quimica-1024x576.png 1024w, https:\/\/exa.unne.edu.ar\/poee-web\/wp-content\/uploads\/2024\/04\/diplomatura-quimica-300x169.png 300w, https:\/\/exa.unne.edu.ar\/poee-web\/wp-content\/uploads\/2024\/04\/diplomatura-quimica-768x432.png 768w, https:\/\/exa.unne.edu.ar\/poee-web\/wp-content\/uploads\/2024\/04\/diplomatura-quimica-1536x864.png 1536w, https:\/\/exa.unne.edu.ar\/poee-web\/wp-content\/uploads\/2024\/04\/diplomatura-quimica-107x60.png 107w, https:\/\/exa.unne.edu.ar\/poee-web\/wp-content\/uploads\/2024\/04\/diplomatura-quimica.png 1920w\" sizes=\"(max-width: 1024px) 100vw, 1024px\" \/>\t\t\t\t\t\t\t\t\t\t\t\t\t\t\t<\/div>\n\t\t\t\t<\/div>\n\t\t\t\t\t<\/div>\n\t\t<\/div>\n\t\t\t\t\t<\/div>\n\t\t<\/section>\n\t\t\t\t<section class=\"elementor-section elementor-top-section elementor-element elementor-element-ec5f19b elementor-section-boxed elementor-section-height-default elementor-section-height-default\" data-id=\"ec5f19b\" data-element_type=\"section\" data-e-type=\"section\">\n\t\t\t\t\t\t<div class=\"elementor-container elementor-column-gap-default\">\n\t\t\t\t\t<div class=\"elementor-column elementor-col-100 elementor-top-column elementor-element elementor-element-9429d4c\" data-id=\"9429d4c\" data-element_type=\"column\" data-e-type=\"column\">\n\t\t\t<div class=\"elementor-widget-wrap elementor-element-populated\">\n\t\t\t\t\t\t<div class=\"elementor-element elementor-element-7aabb98 elementor-tabs-view-horizontal elementor-widget elementor-widget-tabs\" data-id=\"7aabb98\" data-element_type=\"widget\" data-e-type=\"widget\" data-widget_type=\"tabs.default\">\n\t\t\t\t<div class=\"elementor-widget-container\">\n\t\t\t\t\t\t\t<div class=\"elementor-tabs\">\n\t\t\t<div class=\"elementor-tabs-wrapper\" role=\"tablist\" >\n\t\t\t\t\t\t\t\t\t<div id=\"elementor-tab-title-1281\" class=\"elementor-tab-title elementor-tab-desktop-title\" aria-selected=\"true\" data-tab=\"1\" role=\"tab\" tabindex=\"0\" aria-controls=\"elementor-tab-content-1281\" aria-expanded=\"false\">Sobre la propuesta<\/div>\n\t\t\t\t\t\t\t\t\t<div id=\"elementor-tab-title-1282\" class=\"elementor-tab-title elementor-tab-desktop-title\" aria-selected=\"false\" data-tab=\"2\" role=\"tab\" tabindex=\"-1\" aria-controls=\"elementor-tab-content-1282\" aria-expanded=\"false\">Plan de Estudios<\/div>\n\t\t\t\t\t\t\t\t\t<div id=\"elementor-tab-title-1283\" class=\"elementor-tab-title elementor-tab-desktop-title\" aria-selected=\"false\" data-tab=\"3\" role=\"tab\" tabindex=\"-1\" aria-controls=\"elementor-tab-content-1283\" aria-expanded=\"false\">Cuerpo acad\u00e9mico y de gesti\u00f3n<\/div>\n\t\t\t\t\t\t\t\t\t<div id=\"elementor-tab-title-1284\" class=\"elementor-tab-title elementor-tab-desktop-title\" aria-selected=\"false\" data-tab=\"4\" role=\"tab\" tabindex=\"-1\" aria-controls=\"elementor-tab-content-1284\" aria-expanded=\"false\">Admisi\u00f3n <\/div>\n\t\t\t\t\t\t\t\t\t<div id=\"elementor-tab-title-1285\" class=\"elementor-tab-title elementor-tab-desktop-title\" aria-selected=\"false\" data-tab=\"5\" role=\"tab\" tabindex=\"-1\" aria-controls=\"elementor-tab-content-1285\" aria-expanded=\"false\">Preinscripci\u00f3n<\/div>\n\t\t\t\t\t\t\t<\/div>\n\t\t\t<div class=\"elementor-tabs-content-wrapper\" role=\"tablist\" aria-orientation=\"vertical\">\n\t\t\t\t\t\t\t\t\t<div class=\"elementor-tab-title elementor-tab-mobile-title\" aria-selected=\"true\" data-tab=\"1\" role=\"tab\" tabindex=\"0\" aria-controls=\"elementor-tab-content-1281\" aria-expanded=\"false\">Sobre la propuesta<\/div>\n\t\t\t\t\t<div id=\"elementor-tab-content-1281\" class=\"elementor-tab-content elementor-clearfix\" data-tab=\"1\" role=\"tabpanel\" aria-labelledby=\"elementor-tab-title-1281\" tabindex=\"0\" hidden=\"false\"><ul><li><strong>Denominaci\u00f3n:<\/strong> Diplomatura Universitaria en la Ense\u00f1anza de la Qu\u00edmica Mediada por TIC (DUEQMT)<\/li><li><p><strong>Plan de Estudios:<\/strong> <span style=\"text-decoration: underline; color: #000080;\"><a style=\"color: #000080; text-decoration: underline;\" href=\"https:\/\/exa.unne.edu.ar\/poee-web\/wp-content\/uploads\/2024\/03\/RES.-0343-23-CD.pdf\" target=\"_blank\" rel=\"noopener\">Resoluci\u00f3n 0343\/23 CD<\/a><\/span><\/p><\/li><li><p><strong>Informaci\u00f3n de contacto:<\/strong> jdrdiaz@exa.unne.edu.ar<\/p><\/li><\/ul><p><span style=\"text-decoration: underline;\"><strong>Objetivos institucionales<\/strong><\/span><\/p><p>Acompa\u00f1ar las pol\u00edticas p\u00fablicas orientadas a consolidar un espacio de formaci\u00f3n sobre la intervenci\u00f3n pedag\u00f3gica &#8211; did\u00e1ctica en la Universidad que contribuya a la profesionalizaci\u00f3n de la docencia en Qu\u00edmica. La Universidad Nacional del Nordeste incentiva propuestas de educaci\u00f3n continua para dar respuesta a demandas de conocimientos, y, tambi\u00e9n sumar otros, a personas que pretenden mejorar su propio quehacer, el quehacer del aula. AI mismo, tiempo, a trav\u00e9s de estas iniciativas la FaCENA, favorece la creaci\u00f3n y el desarrollo de Diplomaturas.<\/p><p>\u00a0<\/p><p><span style=\"text-decoration: underline;\"><strong>Formaci\u00f3n<\/strong><\/span><\/p><p>La Diplomatura, se plantea los siguientes objetivos:<\/p><ul><li>Consolidar un espacio de formaci\u00f3n sobre la intervenci\u00f3n pedag\u00f3gica &#8211; did\u00e1ctica en la universidad que contribuya a la profesionalizaci\u00f3n de la docencia en Qu\u00edmica.<\/li><li>Promover el mejoramiento de la pr\u00e1ctica docente, elevando consecuentemente, la calidad de formaci\u00f3n ofrecida.<\/li><li>Impulsar pr\u00e1cticas docentes innovadoras, mediadas por TIC, que posibiliten la construcci\u00f3n de diferentes alternativas formativas de relevancia pedag\u00f3gica y social.<\/li><li>Contribuir, a la capacidad del\/las cursantes, de construir proyectos de ense\u00f1anza y aprendizaje de la qu\u00edmica, para trabajar en equipos multi e interdisciplinarios.<\/li><li>Adquirir habilidad, para seleccionar las estrategias did\u00e1cticas necesarias para el ejercicio de la docencia en el \u00e1rea de la Qu\u00edmica, utilizando nuevas tecnolog\u00edas de manera contextualizada.<\/li><\/ul><p><strong>Carga horaria total: <\/strong>210 h. reloj.<\/p><p><strong>Duraci\u00f3n del programa en meses: <\/strong>6 (seis) meses.<strong>\u00a0 <\/strong><\/p><\/div>\n\t\t\t\t\t\t\t\t\t<div class=\"elementor-tab-title elementor-tab-mobile-title\" aria-selected=\"false\" data-tab=\"2\" role=\"tab\" tabindex=\"-1\" aria-controls=\"elementor-tab-content-1282\" aria-expanded=\"false\">Plan de Estudios<\/div>\n\t\t\t\t\t<div id=\"elementor-tab-content-1282\" class=\"elementor-tab-content elementor-clearfix\" data-tab=\"2\" role=\"tabpanel\" aria-labelledby=\"elementor-tab-title-1282\" tabindex=\"0\" hidden=\"hidden\"><p><strong>Contenidos del Plan de Estudios<\/strong><\/p><p>\u00a0<\/p><p><strong><em>Modalidad:<\/em><\/strong> A distancia. 100 % virtual. Clases sincr\u00f3nicas y asincr\u00f3nicas.<\/p><p>\u00a0<\/p><table width=\"581\"><tbody><tr><td width=\"61\"><p><strong>N\u00b0<\/strong><\/p><\/td><td width=\"134\"><p><strong>Denominaci\u00f3n<\/strong><\/p><\/td><td width=\"91\"><p><strong>Modalidad<\/strong><\/p><\/td><td width=\"73\"><p><strong>Horas te\u00f3ricas<\/strong><\/p><\/td><td width=\"76\"><p><strong>Horas Pr\u00e1cticas<\/strong><\/p><\/td><td width=\"71\"><p><strong>Horas Totales<\/strong><\/p><\/td><td width=\"75\"><p><strong>Docente a cargo<\/strong><\/p><\/td><\/tr><tr><td width=\"61\"><p><strong>1<\/strong><\/p><\/td><td width=\"134\"><p>Qu\u00edmica Computacional<\/p><p>(QC)<\/p><\/td><td width=\"91\"><p>Sincr\u00f3nicas\/ asincr\u00f3nicas<\/p><\/td><td width=\"73\"><p>6<\/p><\/td><td width=\"76\"><p>24<\/p><\/td><td width=\"71\"><p>30<\/p><\/td><td width=\"75\"><p>Dr. Emilio Angelina<\/p><\/td><\/tr><tr><td width=\"61\"><p><strong>2<\/strong><\/p><\/td><td width=\"134\"><p>Ciencia, Tecnolog\u00eda, Sociedad y Ambiente, en la ense\u00f1anza de la Qu\u00edmica<\/p><p>(CTSA)<\/p><\/td><td width=\"91\"><p>Sincr\u00f3nicas \/ asincr\u00f3nicas<\/p><\/td><td width=\"73\"><p>6<\/p><\/td><td width=\"76\"><p>24<\/p><\/td><td width=\"71\"><p>30<\/p><\/td><td width=\"75\"><p>Dra. Margarita Vallejos<\/p><p>Dra. Bel\u00e9n, Acevedo<\/p><p>\u00a0<\/p><\/td><\/tr><tr><td width=\"61\"><p><strong>3<\/strong><\/p><\/td><td width=\"134\"><p>Uso De Recursos TIC Para Ense\u00f1ar Ciencias<\/p><p>Experimentales(RTCE)<\/p><p>\u00a0<\/p><\/td><td width=\"91\"><p>Sincr\u00f3nicas\/ asincr\u00f3nicas<\/p><\/td><td width=\"73\"><p>6<\/p><\/td><td width=\"76\"><p>24<\/p><\/td><td width=\"71\"><p>30<\/p><\/td><td width=\"75\"><p>Mg. Irene Lucero<\/p><\/td><\/tr><tr><td width=\"61\"><p><strong>4<\/strong><\/p><\/td><td width=\"134\"><p>Formaci\u00f3n de Competencias Centrado en el Estudiante<\/p><p>(FCCE)<\/p><\/td><td width=\"91\"><p>Sincr\u00f3nicas\/ asincr\u00f3nicas<\/p><\/td><td width=\"73\"><p>6<\/p><\/td><td width=\"76\"><p>24<\/p><\/td><td width=\"71\"><p>30<\/p><\/td><td width=\"75\"><p>Dr. Marcos Maiocchi<\/p><\/td><\/tr><tr><td width=\"61\"><p><strong>5<\/strong><\/p><\/td><td width=\"134\"><p>An\u00e1lisis de Pr\u00e1ctica Profesional<\/p><p>(APP)<\/p><\/td><td width=\"91\"><p>Sincr\u00f3nicas\/ asincr\u00f3nicas<\/p><\/td><td width=\"73\"><p>5<\/p><\/td><td width=\"76\"><p>25<\/p><\/td><td width=\"71\"><p>30<\/p><\/td><td width=\"75\"><p>Dr. Juan Jos\u00e9 Ruiz D\u00edaz<\/p><\/td><\/tr><tr><td width=\"61\"><p><strong>6<\/strong><\/p><\/td><td width=\"134\"><p>Evaluaci\u00f3n de Competencias en Entornos Virtuales de Aprendizaje<\/p><p>(EVA)<\/p><\/td><td width=\"91\"><p>Sincr\u00f3nica\/ asincr\u00f3nica<\/p><\/td><td width=\"73\"><p>6<\/p><\/td><td width=\"76\"><p>24<\/p><\/td><td width=\"71\"><p>30<\/p><\/td><td width=\"75\"><p>Dr. Juan Jos\u00e9 Ruiz D\u00edaz<\/p><\/td><\/tr><tr><td width=\"61\"><p><strong>7<\/strong><\/p><\/td><td width=\"134\"><p>Taller Integrados Final<\/p><p>(TIF)<\/p><\/td><td width=\"91\"><p>Sincr\u00f3nicas\/ asincr\u00f3nicas<\/p><\/td><td width=\"73\"><p>3<\/p><\/td><td width=\"76\"><p>27<\/p><\/td><td width=\"71\"><p>30<\/p><\/td><td width=\"75\"><p>Dra. Bel\u00e9n Acevedo<\/p><p>Dra. Margarita Vallejos<\/p><\/td><\/tr><tr><td width=\"61\"><p><strong>Total<\/strong><\/p><\/td><td width=\"134\"><p><strong>\u00a0<\/strong><\/p><\/td><td width=\"91\"><p><strong>\u00a0<\/strong><\/p><\/td><td width=\"73\"><p><strong>\u00a0<\/strong><\/p><\/td><td width=\"76\"><p><strong>\u00a0<\/strong><\/p><\/td><td width=\"71\"><p><strong>210 hs<\/strong><\/p><\/td><td width=\"75\"><p><strong>\u00a0<\/strong><\/p><\/td><\/tr><\/tbody><\/table><p>\u00a0<\/p><\/div>\n\t\t\t\t\t\t\t\t\t<div class=\"elementor-tab-title elementor-tab-mobile-title\" aria-selected=\"false\" data-tab=\"3\" role=\"tab\" tabindex=\"-1\" aria-controls=\"elementor-tab-content-1283\" aria-expanded=\"false\">Cuerpo acad\u00e9mico y de gesti\u00f3n<\/div>\n\t\t\t\t\t<div id=\"elementor-tab-content-1283\" class=\"elementor-tab-content elementor-clearfix\" data-tab=\"3\" role=\"tabpanel\" aria-labelledby=\"elementor-tab-title-1283\" tabindex=\"0\" hidden=\"hidden\"><p><strong><em>Responsable\/Director:<\/em><\/strong> Juan Jos\u00e9 Ruiz D\u00edaz (<a href=\"mailto:juanjoruizd@exa.unne.edu.ar\">juanjoruizd@exa.unne.edu.ar<\/a>)<\/p><p>\u00a0<\/p><p><strong>Co- Directora:<\/strong> Cecilia Dasmundis (<a href=\"mailto:cld25@yahoo.com.ar\">cld25@yahoo.com.ar<\/a>)<\/p><p>\u00a0<\/p><p><strong><em>Coordinador:<\/em><\/strong> Juan Daniel Ruiz D\u00edaz (<a href=\"mailto:jdrdiaz@exa.unne.edu.ar\">jdrdiaz@exa.unne.edu.ar<\/a>)<\/p><p>\u00a0<\/p><p><strong><em>Comit\u00e9 Asesor<\/em><\/strong>:<\/p><ul><li>Dra. Avanza, Mar\u00eda Victoria<\/li><li>Dr. Ojeda, Gonzalo.<\/li><li>Dra. Ricciardi, Gabriela<\/li><\/ul><p><strong><em>Cuerpo Docente: <\/em><\/strong><\/p><ul><li>Dra. Bel\u00e9n Acevedo<\/li><li>Dr. Emilio Angelina<\/li><li>Prof. Germ\u00e1n Conti<\/li><li>Bioq. Maria Lucrecia Bogado<\/li><li>Prof. Carlos Galarza\u00a0<\/li><li>Prof. Jos\u00e9 Leonardo G\u00f3mez Ch\u00e1vez<\/li><li>Mgter. Irene Lucero<\/li><li>Dr. Marcos Maiocchi<\/li><li>Prof. Ma. Eugenia Delgado Ortiz<\/li><li>Lic. Rafael P\u00e9rez<\/li><li>Esp. Juan Daniel Ruiz D\u00edaz<\/li><li>Dr. Juan Jos\u00e9 Ruiz D\u00edaz<\/li><li>Prof. Natalia Valenzuela<\/li><li>Prof. Juli\u00e1n Vallejos<\/li><li>Dra. Margarita Vallejos<\/li><\/ul><p>\u00a0<\/p><p><strong><em>Responsable de la Carrera y Comit\u00e9 Asesor<\/em><\/strong><\/p><p>\u00a0<\/p><p><span style=\"color: #003366;\"><strong><em>Ruiz D\u00edaz, Juan Jos\u00e9 de Jes\u00fas<\/em><\/strong><\/span><\/p><p>Profesor en Ciencias Qu\u00edmicas y del Ambiente (UNNE). Licenciado en Ciencias Qu\u00edmicas (UNNE). Doctor en Qu\u00edmica (UNSL). Estudiante avanzado de la Especializaci\u00f3n en Docencia Universitaria (UCASAL). Diplomado Universitario en Educaci\u00f3n mediada por TIC. Diplomado en la Elaboraci\u00f3n de Proyecto de Investigaci\u00f3n. Profesor Adjunto Exclusivo Responsable de Qu\u00edmica General, para las Carreras de Ingenier\u00edas El\u00e9ctrica, en Electr\u00f3nica, en Agrimensura, Profesorado en F\u00edsica y Licenciatura en Ciencias F\u00edsicas (FaCENA-UNNE). Profesor Titular (Universidad de la Cuenca del Plata). Miembro Titular de la Comisi\u00f3n de Carrera del Profesorado en Ciencias Qu\u00edmicas y Ambiente. Profesor dictante de varios cursos de Post &#8211; grado, de actualizaci\u00f3n y perfeccionamiento.<\/p><p>\u00a0<\/p><p><span style=\"color: #003366;\"><strong><em>De Asmundis, Cecilia Laura<\/em><\/strong><\/span><\/p><p>Bioqu\u00edmica (FaCENA-UNNE). Especialista en Docencia y Gesti\u00f3n Universitaria (UNNE). Doctora en Qu\u00edmica (UNNE). Profesora Adjunta Qu\u00edmica General para la carrera de licenciatura en Ciencias Biol\u00f3gicas. Jefe de trabajos Pr\u00e1cticos, Qu\u00edmica General e Inorg\u00e1nica, carreras Bioqu\u00edmica.<\/p><p>\u00a0<\/p><p><span style=\"color: #003366;\"><strong><em>Ruiz D\u00edaz, Juan Daniel<\/em><\/strong><\/span><\/p><p>Licenciado en Ciencias Qu\u00edmicas (FaCENA-UNNE). Especialista en Calidad (FUNIBER). Doctorando en Qu\u00edmica (UNSL). Profesor Adjunto de Proceso Anal\u00edtico Total (FaCENA- UNNE). Profesor Adjunto Responsable de Qu\u00edmica Anal\u00edtica I (Licenciatura en Ciencias Qu\u00edmicas. FaCENA-UNNE). Director de LAB API (Laboratorio de Calidad de Productos Ap\u00edcolas), y, de LABQUIAM (Laboratorio de Qu\u00edmica Ambiental). Secretario de Extensi\u00f3n Universitaria (FaCENA-UNNE). Docente dictante varios cursos de Post- grado.<\/p><p>\u00a0<\/p><\/div>\n\t\t\t\t\t\t\t\t\t<div class=\"elementor-tab-title elementor-tab-mobile-title\" aria-selected=\"false\" data-tab=\"4\" role=\"tab\" tabindex=\"-1\" aria-controls=\"elementor-tab-content-1284\" aria-expanded=\"false\">Admisi\u00f3n <\/div>\n\t\t\t\t\t<div id=\"elementor-tab-content-1284\" class=\"elementor-tab-content elementor-clearfix\" data-tab=\"4\" role=\"tabpanel\" aria-labelledby=\"elementor-tab-title-1284\" tabindex=\"0\" hidden=\"hidden\"><p><strong><em>Requisitos y tr\u00e1mite de admisi\u00f3n:<\/em><\/strong><\/p><p>\u00a0<\/p><ul><li>Formaci\u00f3n acad\u00e9mica de grado en Qu\u00edmica: Profesorado en Ciencias Qu\u00edmicas y del Ambiente, Profesorado en Qu\u00edmica, Licenciatura en Ciencias Qu\u00edmicas, Bioqu\u00edmicos. Profesorado en Ciencias Naturales. Ingenieros en Alimentos, Ingenieros Qu\u00edmicos, Ingenieros Agr\u00f3nomos. Alumnos avanzados de estas carreras. Docentes en ejercicio en la ense\u00f1anza de la Qu\u00edmica.<br \/><em>En todo caso ajeno a los anteriores, y que deseen cursar la Diplomatura, se tendr\u00e1 en cuenta la opini\u00f3n emitida por el Director y al menos uno de los miembros del cuerpo acad\u00e9mico, sobre la documentaci\u00f3n presentada por los aspirantes y efectuar\u00e1n adem\u00e1s una entrevista (virtual), requiri\u00e9ndose la aprobaci\u00f3n de contendidos curriculares que no hayan sido desarrollados con la intensidad requerida durante la carrera de grado.<\/em><\/li><li>Conocimientos b\u00e1sicos del manejo de herramientas inform\u00e1ticas.<\/li><\/ul><p><strong><em>Tr\u00e1mite de Admisi\u00f3n:<\/em><\/strong><\/p><ul><li>Presentaci\u00f3n de copia del t\u00edtulo o constancia de alumno avanzado en la carrera.<\/li><\/ul><\/div>\n\t\t\t\t\t\t\t\t\t<div class=\"elementor-tab-title elementor-tab-mobile-title\" aria-selected=\"false\" data-tab=\"5\" role=\"tab\" tabindex=\"-1\" aria-controls=\"elementor-tab-content-1285\" aria-expanded=\"false\">Preinscripci\u00f3n<\/div>\n\t\t\t\t\t<div id=\"elementor-tab-content-1285\" class=\"elementor-tab-content elementor-clearfix\" data-tab=\"5\" role=\"tabpanel\" aria-labelledby=\"elementor-tab-title-1285\" tabindex=\"0\" hidden=\"hidden\"><p>La Diplomatura tendr\u00e1 una instancia de pre-inscripci\u00f3n en la que los\/las interesados\/as deber\u00e1n presentar la siguiente documentaci\u00f3n:<\/p><ul><li>Fotocopia de DNI<\/li><li>Fotocopia del T\u00edtulo. Los t\u00edtulos no universitarios deber\u00e1n ser acompa\u00f1ados por el anal\u00edtico correspondiente.<\/li><li>Curr\u00edculum Vitae resumido (Datos personales, correo electr\u00f3nico y n\u00famero de tel\u00e9fono de comunicaci\u00f3n con el aspirante; t\u00edtulos; antecedentes en relaci\u00f3n con la Ense\u00f1anza de la Qu\u00edmica: cursos realizados o dados; actividad laboral actual).<\/li><li>Completar un formulario Google sobre Motivaciones y expectativas respecto de la Diplomatura.<\/li><\/ul><p>Toda la documentaci\u00f3n deber\u00e1 ser presentada en la oficina de la Secretar\u00eda de Extensi\u00f3n.<\/p><p>\u00a0<\/p><p><span style=\"text-decoration: underline;\"><span style=\"color: #333399;\"><a style=\"color: #333399; text-decoration: underline;\" href=\"https:\/\/docs.google.com\/forms\/d\/e\/1FAIpQLScQXi6_42zGUCtkb60_5kOKSd1Ls6t1gGx1DrD8yf3g-3gB_w\/viewform?vc=0&amp;c=0&amp;w=1&amp;flr=0\" target=\"_blank\" rel=\"noopener\">Pre-inscribite haciendo click aqu\u00ed<\/a><\/span><\/span><\/p><\/div>\n\t\t\t\t\t\t\t<\/div>\n\t\t<\/div>\n\t\t\t\t\t\t<\/div>\n\t\t\t\t<\/div>\n\t\t\t\t\t<\/div>\n\t\t<\/div>\n\t\t\t\t\t<\/div>\n\t\t<\/section>\n\t\t\t\t<section class=\"elementor-section elementor-top-section elementor-element elementor-element-d87a838 elementor-section-boxed elementor-section-height-default elementor-section-height-default\" data-id=\"d87a838\" data-element_type=\"section\" data-e-type=\"section\">\n\t\t\t\t\t\t<div class=\"elementor-container elementor-column-gap-default\">\n\t\t\t\t\t<div class=\"elementor-column elementor-col-100 elementor-top-column elementor-element elementor-element-38e9e57\" data-id=\"38e9e57\" data-element_type=\"column\" data-e-type=\"column\">\n\t\t\t<div class=\"elementor-widget-wrap elementor-element-populated\">\n\t\t\t\t\t\t<div class=\"elementor-element elementor-element-2801a04 elementor-align-center elementor-widget elementor-widget-button\" data-id=\"2801a04\" data-element_type=\"widget\" data-e-type=\"widget\" data-widget_type=\"button.default\">\n\t\t\t\t<div class=\"elementor-widget-container\">\n\t\t\t\t\t\t\t\t\t<div class=\"elementor-button-wrapper\">\n\t\t\t\t\t<a class=\"elementor-button elementor-button-link elementor-size-sm\" href=\"https:\/\/docs.google.com\/forms\/d\/e\/1FAIpQLScQXi6_42zGUCtkb60_5kOKSd1Ls6t1gGx1DrD8yf3g-3gB_w\/viewform?vc=0&#038;c=0&#038;w=1&#038;flr=0\">\n\t\t\t\t\t\t<span class=\"elementor-button-content-wrapper\">\n\t\t\t\t\t\t\t\t\t<span class=\"elementor-button-text\">Pre-inscribite aqu\u00ed<\/span>\n\t\t\t\t\t<\/span>\n\t\t\t\t\t<\/a>\n\t\t\t\t<\/div>\n\t\t\t\t\t\t\t\t<\/div>\n\t\t\t\t<\/div>\n\t\t\t\t\t<\/div>\n\t\t<\/div>\n\t\t\t\t\t<\/div>\n\t\t<\/section>\n\t\t\t\t<\/div>\n\t\t","protected":false},"excerpt":{"rendered":"<p>Sobre la propuesta Plan de Estudios Cuerpo acad\u00e9mico y de gesti\u00f3n Admisi\u00f3n Preinscripci\u00f3n Sobre la propuesta Denominaci\u00f3n: Diplomatura Universitaria en la Ense\u00f1anza de la Qu\u00edmica Mediada por TIC (DUEQMT) Plan de Estudios: Resoluci\u00f3n 0343\/23 CD Informaci\u00f3n de contacto: jdrdiaz@exa.unne.edu.ar Objetivos institucionales Acompa\u00f1ar las pol\u00edticas p\u00fablicas orientadas a consolidar un espacio de formaci\u00f3n sobre la intervenci\u00f3n &hellip; <\/p>\n","protected":false},"author":1,"featured_media":0,"parent":0,"menu_order":0,"comment_status":"closed","ping_status":"closed","template":"","meta":{"footnotes":""},"categories":[],"tags":[],"class_list":["post-28","page","type-page","status-publish","hentry"],"_links":{"self":[{"href":"https:\/\/exa.unne.edu.ar\/poee-web\/index.php\/wp-json\/wp\/v2\/pages\/28","targetHints":{"allow":["GET"]}}],"collection":[{"href":"https:\/\/exa.unne.edu.ar\/poee-web\/index.php\/wp-json\/wp\/v2\/pages"}],"about":[{"href":"https:\/\/exa.unne.edu.ar\/poee-web\/index.php\/wp-json\/wp\/v2\/types\/page"}],"author":[{"embeddable":true,"href":"https:\/\/exa.unne.edu.ar\/poee-web\/index.php\/wp-json\/wp\/v2\/users\/1"}],"replies":[{"embeddable":true,"href":"https:\/\/exa.unne.edu.ar\/poee-web\/index.php\/wp-json\/wp\/v2\/comments?post=28"}],"version-history":[{"count":94,"href":"https:\/\/exa.unne.edu.ar\/poee-web\/index.php\/wp-json\/wp\/v2\/pages\/28\/revisions"}],"predecessor-version":[{"id":184,"href":"https:\/\/exa.unne.edu.ar\/poee-web\/index.php\/wp-json\/wp\/v2\/pages\/28\/revisions\/184"}],"wp:attachment":[{"href":"https:\/\/exa.unne.edu.ar\/poee-web\/index.php\/wp-json\/wp\/v2\/media?parent=28"}],"wp:term":[{"taxonomy":"category","embeddable":true,"href":"https:\/\/exa.unne.edu.ar\/poee-web\/index.php\/wp-json\/wp\/v2\/categories?post=28"},{"taxonomy":"post_tag","embeddable":true,"href":"https:\/\/exa.unne.edu.ar\/poee-web\/index.php\/wp-json\/wp\/v2\/tags?post=28"}],"curies":[{"name":"wp","href":"https:\/\/api.w.org\/{rel}","templated":true}]}}