{"id":197,"date":"2024-06-19T18:52:25","date_gmt":"2024-06-19T18:52:25","guid":{"rendered":"https:\/\/exa.unne.edu.ar\/poee-web\/?page_id=197"},"modified":"2025-04-16T18:53:40","modified_gmt":"2025-04-16T18:53:40","slug":"diplomatura-ia","status":"publish","type":"page","link":"https:\/\/exa.unne.edu.ar\/poee-web\/index.php\/diplomatura-ia\/","title":{"rendered":""},"content":{"rendered":"\t\t<div data-elementor-type=\"wp-page\" data-elementor-id=\"197\" class=\"elementor elementor-197\">\n\t\t\t\t\t\t<section class=\"elementor-section elementor-top-section elementor-element elementor-element-92271d7 elementor-section-boxed elementor-section-height-default elementor-section-height-default\" data-id=\"92271d7\" data-element_type=\"section\">\n\t\t\t\t\t\t<div class=\"elementor-container elementor-column-gap-default\">\n\t\t\t\t\t<div class=\"elementor-column elementor-col-100 elementor-top-column elementor-element elementor-element-5d7b817\" data-id=\"5d7b817\" data-element_type=\"column\">\n\t\t\t<div class=\"elementor-widget-wrap elementor-element-populated\">\n\t\t\t\t\t\t<div class=\"elementor-element elementor-element-4918f15 elementor-widget elementor-widget-image\" data-id=\"4918f15\" data-element_type=\"widget\" data-widget_type=\"image.default\">\n\t\t\t\t<div class=\"elementor-widget-container\">\n\t\t\t\t\t\t\t\t\t\t\t\t\t\t\t<img fetchpriority=\"high\" decoding=\"async\" width=\"1020\" height=\"283\" src=\"https:\/\/exa.unne.edu.ar\/poee-web\/wp-content\/uploads\/2024\/06\/Licenciatura-en-Didactica-de-la-Matematica-5-1024x284.png\" class=\"attachment-large size-large wp-image-247\" alt=\"Diplomatura Universitaria en Inteligencia Artificial aplicada a la Educaci\u00f3n (Nivel B\u00e1sico)\" srcset=\"https:\/\/exa.unne.edu.ar\/poee-web\/wp-content\/uploads\/2024\/06\/Licenciatura-en-Didactica-de-la-Matematica-5-1024x284.png 1024w, https:\/\/exa.unne.edu.ar\/poee-web\/wp-content\/uploads\/2024\/06\/Licenciatura-en-Didactica-de-la-Matematica-5-300x83.png 300w, https:\/\/exa.unne.edu.ar\/poee-web\/wp-content\/uploads\/2024\/06\/Licenciatura-en-Didactica-de-la-Matematica-5-768x213.png 768w, https:\/\/exa.unne.edu.ar\/poee-web\/wp-content\/uploads\/2024\/06\/Licenciatura-en-Didactica-de-la-Matematica-5-1536x427.png 1536w, https:\/\/exa.unne.edu.ar\/poee-web\/wp-content\/uploads\/2024\/06\/Licenciatura-en-Didactica-de-la-Matematica-5-216x60.png 216w, https:\/\/exa.unne.edu.ar\/poee-web\/wp-content\/uploads\/2024\/06\/Licenciatura-en-Didactica-de-la-Matematica-5.png 1800w\" sizes=\"(max-width: 1020px) 100vw, 1020px\" \/>\t\t\t\t\t\t\t\t\t\t\t\t\t\t\t<\/div>\n\t\t\t\t<\/div>\n\t\t\t\t\t<\/div>\n\t\t<\/div>\n\t\t\t\t\t<\/div>\n\t\t<\/section>\n\t\t\t\t<section class=\"elementor-section elementor-top-section elementor-element elementor-element-ec5f19b elementor-section-boxed elementor-section-height-default elementor-section-height-default\" data-id=\"ec5f19b\" data-element_type=\"section\">\n\t\t\t\t\t\t<div class=\"elementor-container elementor-column-gap-default\">\n\t\t\t\t\t<div class=\"elementor-column elementor-col-100 elementor-top-column elementor-element elementor-element-9429d4c\" data-id=\"9429d4c\" data-element_type=\"column\">\n\t\t\t<div class=\"elementor-widget-wrap elementor-element-populated\">\n\t\t\t\t\t\t<div class=\"elementor-element elementor-element-7aabb98 elementor-tabs-view-horizontal elementor-widget elementor-widget-tabs\" data-id=\"7aabb98\" data-element_type=\"widget\" data-widget_type=\"tabs.default\">\n\t\t\t\t<div class=\"elementor-widget-container\">\n\t\t\t\t\t\t\t<div class=\"elementor-tabs\">\n\t\t\t<div class=\"elementor-tabs-wrapper\" role=\"tablist\" >\n\t\t\t\t\t\t\t\t\t<div id=\"elementor-tab-title-1281\" class=\"elementor-tab-title elementor-tab-desktop-title\" aria-selected=\"true\" data-tab=\"1\" role=\"tab\" tabindex=\"0\" aria-controls=\"elementor-tab-content-1281\" aria-expanded=\"false\">Sobre la propuesta<\/div>\n\t\t\t\t\t\t\t\t\t<div id=\"elementor-tab-title-1282\" class=\"elementor-tab-title elementor-tab-desktop-title\" aria-selected=\"false\" data-tab=\"2\" role=\"tab\" tabindex=\"-1\" aria-controls=\"elementor-tab-content-1282\" aria-expanded=\"false\">Plan de Estudios<\/div>\n\t\t\t\t\t\t\t\t\t<div id=\"elementor-tab-title-1283\" class=\"elementor-tab-title elementor-tab-desktop-title\" aria-selected=\"false\" data-tab=\"3\" role=\"tab\" tabindex=\"-1\" aria-controls=\"elementor-tab-content-1283\" aria-expanded=\"false\">Cuerpo acad\u00e9mico y de gesti\u00f3n<\/div>\n\t\t\t\t\t\t\t\t\t<div id=\"elementor-tab-title-1284\" class=\"elementor-tab-title elementor-tab-desktop-title\" aria-selected=\"false\" data-tab=\"4\" role=\"tab\" tabindex=\"-1\" aria-controls=\"elementor-tab-content-1284\" aria-expanded=\"false\">Destinatarios<\/div>\n\t\t\t\t\t\t\t\t\t<div id=\"elementor-tab-title-1285\" class=\"elementor-tab-title elementor-tab-desktop-title\" aria-selected=\"false\" data-tab=\"5\" role=\"tab\" tabindex=\"-1\" aria-controls=\"elementor-tab-content-1285\" aria-expanded=\"false\">Inscripci\u00f3n<\/div>\n\t\t\t\t\t\t\t<\/div>\n\t\t\t<div class=\"elementor-tabs-content-wrapper\" role=\"tablist\" aria-orientation=\"vertical\">\n\t\t\t\t\t\t\t\t\t<div class=\"elementor-tab-title elementor-tab-mobile-title\" aria-selected=\"true\" data-tab=\"1\" role=\"tab\" tabindex=\"0\" aria-controls=\"elementor-tab-content-1281\" aria-expanded=\"false\">Sobre la propuesta<\/div>\n\t\t\t\t\t<div id=\"elementor-tab-content-1281\" class=\"elementor-tab-content elementor-clearfix\" data-tab=\"1\" role=\"tabpanel\" aria-labelledby=\"elementor-tab-title-1281\" tabindex=\"0\" hidden=\"false\"><p><b>Denominaci\u00f3n:<\/b><span style=\"font-weight: 400;\">\u00a0Diplomatura Universitaria en <\/span>Inteligencia Artificial aplicada a la Educaci\u00f3n (Nivel B\u00e1sico)<\/p><p><b>Plan de Estudios:<\/b><span style=\"font-weight: 400;\"> RES &#8211; 2024 &#8211; 341 &#8211; CD-EXA # UNNE<\/span><\/p><p><b>Informaci\u00f3n de contacto:<\/b><span style=\"font-weight: 400;\"> \u00a0lucas.oviedo@exa.unne.edu.ar<\/span><\/p><p><b>Objetivos institucionales<\/b><\/p><p><span style=\"font-weight: 400;\">Generar una oferta de capacitaci\u00f3n orientada a la adquisici\u00f3n de conocimientos sobre herramientas de Inteligencia Artificial (IA) aplicados al campo de la ense\u00f1anza de nivel secundario, terciario y universitario, favoreciendo, de este modo, con el objetivo institucional de \u201cDise\u00f1ar e implementar carreras de corta duraci\u00f3n y de inter\u00e9s para el territorio local, ampliando la oferta acad\u00e9mica de la Unidad Acad\u00e9mica, tomando como fortaleza la diversidad de disciplinas que aqu\u00ed se desarrollan\u201d (Acciones propuestas para los distintos ejes de gesti\u00f3n, per\u00edodo 2022-2026 &#8211; Eje Ense\u00f1anza &#8211; Res. Nro. 0475\/23 CD).<\/span><\/p><p><b>Formaci\u00f3n<\/b><\/p><p><span style=\"font-weight: 400;\">La Diplomatura Universitaria en IA aplicada a la Educaci\u00f3n (Nivel B\u00e1sico) propone la construcci\u00f3n de saberes te\u00f3ricos y pr\u00e1cticos de car\u00e1cter introductorio acerca de las potencialidades de esta tecnolog\u00eda para mejorar y fortalecer la redacci\u00f3n de textos educativos y planificaciones, el dise\u00f1o de instrumentos de evaluaci\u00f3n y la elaboraci\u00f3n de presentaciones de contenidos; todo ello en el marco de una discusi\u00f3n \u00e9tica y reflexiva sobre su impacto en el mundo social, econ\u00f3mico y educativo.<\/span><\/p><p><b>Carga horaria total:\u00a0<\/b><span style=\"font-weight: 400;\">200 h. reloj.<\/span><\/p><p><b>Duraci\u00f3n del programa en meses:\u00a0<\/b><span style=\"font-weight: 400;\">5 (cinco) meses.<\/span><b>\u00a0<\/b><\/p><ul><li style=\"font-weight: 400;\" aria-level=\"1\"><b><b>Inicio: <\/b><\/b>30 de abril de 2025<\/li><li style=\"font-weight: 400;\" aria-level=\"1\"><b>Finalizaci\u00f3n de cursado<\/b><span style=\"font-weight: 400;\">: mediados de septiembre de 2025<\/span><\/li><\/ul><p><b>Pre-inscripci\u00f3n:<\/b> hasta el 25 de abril de 2025<\/p><p><strong>Formulario de preinscripci\u00f3n:<\/strong> <span style=\"color: #000080;\"><a style=\"color: #000080;\" href=\"https:\/\/forms.gle\/XgVP4iNHg3b2pg9x8\">https:\/\/forms.gle\/XgVP4iNHg3b2pg9x8<\/a><\/span><\/p><\/div>\n\t\t\t\t\t\t\t\t\t<div class=\"elementor-tab-title elementor-tab-mobile-title\" aria-selected=\"false\" data-tab=\"2\" role=\"tab\" tabindex=\"-1\" aria-controls=\"elementor-tab-content-1282\" aria-expanded=\"false\">Plan de Estudios<\/div>\n\t\t\t\t\t<div id=\"elementor-tab-content-1282\" class=\"elementor-tab-content elementor-clearfix\" data-tab=\"2\" role=\"tabpanel\" aria-labelledby=\"elementor-tab-title-1282\" tabindex=\"0\" hidden=\"hidden\"><table width=\"509\"><tbody><tr><td><p><strong>Contenidos<\/strong><\/p><\/td><td><p><strong>Carga horaria total<\/strong><\/p><\/td><\/tr><tr><td><p><strong>M\u00f3dulo 1: <\/strong>Fundamentos de IA en la educaci\u00f3n<\/p><\/td><td><p>25<\/p><\/td><\/tr><tr><td><p><strong>M\u00f3dulo 2: <\/strong>La IA como asistente en la producci\u00f3n y correcci\u00f3n de textos<\/p><\/td><td><p>40<\/p><\/td><\/tr><tr><td><p><strong>M\u00f3dulo 3: <\/strong>La IA como asistente para la evaluaci\u00f3n de aprendizajes<\/p><\/td><td><p>40<\/p><\/td><\/tr><tr><td><p><strong>M\u00f3dulo 4. <\/strong>La IA como asistente en la producci\u00f3n de presentaciones educativas<\/p><\/td><td><p>40<\/p><\/td><\/tr><tr><td><p><strong>M\u00f3dulo 5: <\/strong>Problematizaci\u00f3n socio-t\u00e9cnica de la IA<strong>\u00a0<\/strong><\/p><\/td><td><p>25<\/p><\/td><\/tr><tr><td><p><strong>Workshop IA<\/strong><\/p><\/td><td><p>30<\/p><\/td><\/tr><tr><td><p><strong>Carga horaria total<\/strong><\/p><\/td><td><p><strong>200<\/strong><\/p><\/td><\/tr><\/tbody><\/table><p><b>M\u00f3dulo 1: Fundamentos de IA aplicadas a\u00a0 la educaci\u00f3n<\/b><\/p><p><b>Carga horaria: <\/b><span style=\"font-weight: 400;\">25 horas reloj<\/span><\/p><p><b>Objetivos de aprendizaje:\u00a0<\/b><\/p><p><span style=\"font-weight: 400;\">Que los\/as cursantes se familiaricen con los conceptos te\u00f3ricos y metodol\u00f3gicos\u00a0 propios del campo de la IA y sus posibilidades de aplicaci\u00f3n en el \u00e1mbito educativo.<\/span><\/p><p><b>Contenidos m\u00ednimos:<\/b><\/p><p><span style=\"font-weight: 400;\">Conceptos y or\u00edgenes de la IA. Tipos de IA. Tendencias actuales y futuras en Inteligencia Artificial Generativa aplicada a la educaci\u00f3n. Elaboraci\u00f3n de prompts efectivos. Casos de uso y aplicaciones pr\u00e1cticas de la IA en la educaci\u00f3n.<\/span><\/p><p>\u00a0<\/p><p><b>M\u00f3dulo 2: La IA como asistente en la producci\u00f3n de textos<\/b><\/p><p><b>Contenidos m\u00ednimos:<\/b><\/p><p><span style=\"font-weight: 400;\">Producci\u00f3n de textos para la ense\u00f1anza y el aprendizaje. Elaboraci\u00f3n de textos con IA.\u00a0 Desaf\u00edos de la producci\u00f3n de textos con IA. Elaboraci\u00f3n de planificaciones con IA. Elaboraci\u00f3n de res\u00famenes y mapas conceptuales con IA. Edici\u00f3n y correcci\u00f3n de textos. Detecci\u00f3n de plagio.\u00a0\u00a0<\/span><\/p><p><b>Carga horaria: <\/b><span style=\"font-weight: 400;\">40 horas reloj<\/span><\/p><p><b>Objetivos de aprendizaje:\u00a0<\/b><\/p><p><span style=\"font-weight: 400;\">Que los\/as cursantes se apropien de herramientas de IA aplicadas a la generaci\u00f3n y correcci\u00f3n de textos escritos\u00a0 de acuerdo a distintos contextos educativos.<\/span><\/p><p>\u00a0<\/p><p><b>M\u00f3dulo 3: La IA como asistente para la evaluaci\u00f3n de aprendizajes<\/b><\/p><p><b>Contenidos m\u00ednimos<\/b><\/p><p><span style=\"font-weight: 400;\">La evaluaci\u00f3n de aprendizajes. Evaluaci\u00f3n presencial y evaluaci\u00f3n en l\u00ednea. Autoevaluaci\u00f3n. Co-evaluaci\u00f3n y evaluaci\u00f3n docente. Evaluaci\u00f3n diagn\u00f3stica, formativa y sumativa.\u00a0 Elaboraci\u00f3n de encuestas con IA. Elaboraci\u00f3n de cuestionarios con IA. Dise\u00f1o de r\u00fabricas con IA. Modelos de evaluaci\u00f3n con r\u00fabrica. Testeos y ajustes.\u00a0<\/span><\/p><p><b>Carga horaria: <\/b><span style=\"font-weight: 400;\">40 horas reloj<\/span><\/p><p><b>Objetivos de aprendizaje:\u00a0<\/b><\/p><p><span style=\"font-weight: 400;\">Que los\/as cursantes se apropien de herramientas de IA aplicadas a la generaci\u00f3n de instrumentos de evaluaci\u00f3n individual y grupal en concordancia con distintos campos disciplinares y escenarios educativos.<\/span><\/p><p>\u00a0<\/p><p><b>M\u00f3dulo 4. La IA como asistente en la producci\u00f3n de presentaciones para contextos educativos<\/b><\/p><p><b>Contenidos m\u00ednimos:\u00a0<\/b><\/p><p><span style=\"font-weight: 400;\">Material educativo y materiales did\u00e1cticos. Las presentaciones como material educativo. Dise\u00f1o de presentaciones educativas utilizando herramientas de IA. \u00bfQui\u00e9n escribe el gui\u00f3n?\u00a0 Elaboraci\u00f3n de presentaciones din\u00e1micas. Infograf\u00edas.\u00a0 Visualizaci\u00f3n de datos. Ajustes. C\u00f3mo evaluar mis presentaciones como materiales educativos.<\/span><\/p><p><b>Carga horaria: <\/b><span style=\"font-weight: 400;\">40 horas reloj\u00a0<\/span><\/p><p><b>Objetivos de aprendizaje:\u00a0<\/b><\/p><p><span style=\"font-weight: 400;\">Que los\/as cursantes se apropien de herramientas de IA aplicadas a la generaci\u00f3n de presentaciones educativas para el desarrollo de contenidos en diferentes escenarios y contextos de ense\u00f1anza.<\/span><\/p><p>\u00a0<\/p><p><b>M\u00f3dulo 5: Problematizaci\u00f3n socio-t\u00e9cnica de la IA\u00a0<\/b><\/p><p><b>Contenidos m\u00ednimos:<\/b><\/p><p><span style=\"font-weight: 400;\">Algoritmos sociales y los riesgos de la automatizaci\u00f3n. Sesgos algor\u00edtmicos y sesgos de datos. Aspectos epistemol\u00f3gicos, \u00e9ticos y sociales de la I.A. Elaboraci\u00f3n de casos pr\u00e1cticos para discusi\u00f3n en el aula.\u00a0\u00a0<\/span><\/p><p><b>Carga horaria: <\/b><span style=\"font-weight: 400;\">25 horas reloj<\/span><\/p><p><b>Objetivos de aprendizaje:\u00a0<\/b><\/p><p><span style=\"font-weight: 400;\">Promover la reflexi\u00f3n sobre la IA como fen\u00f3meno socio-econ\u00f3mico, favoreciendo el dise\u00f1o y la implementaci\u00f3n de actividades pr\u00e1cticas para el trabajo \u00e1ulico desde un enfoque constructivista y cr\u00edtico.<\/span><\/p><p><b>Metodolog\u00eda de ense\u00f1anza de los m\u00f3dulos:<\/b><\/p><p><span style=\"font-weight: 400;\">Los contenidos del curso se desarrollar\u00e1n a trav\u00e9s de encuentros sincr\u00f3nicos semanales o quincenales de dos horas de duraci\u00f3n utilizando la plataforma Zoom institucional con apoyo de material multimedia. En estas sesiones, se buscar\u00e1 generar interacci\u00f3n a partir de preguntas disparadoras, experiencias de los cursantes y breves actividades utilizando aplicaciones digitales.\u00a0\u00a0<\/span><\/p><p><span style=\"font-weight: 400;\">La carga horaria asincr\u00f3nica tendr\u00e1 como principal entorno, la plataforma Moodle Institucional. All\u00ed estar\u00e1n disponibles las grabaciones de las clases sincr\u00f3nicas, material bibliogr\u00e1fico digitalizado, otros materiales educativos (videos, infograf\u00edas, podcast) y enlaces a sitios de inter\u00e9s.\u00a0<\/span><\/p><p><span style=\"font-weight: 400;\">Los m\u00f3dulos\u00a0 2, 3 y 4 prev\u00e9n la realizaci\u00f3n de un encuentro presencial con modalidad de taller. Los mismos se desarrollar\u00e1n en un aula h\u00edbrida de la Unidad Acad\u00e9mica a fin de que los estudiantes que se encuentren alejados de la localidad de Corrientes puedan participar activamente de los mismos. <\/span><\/p><\/div>\n\t\t\t\t\t\t\t\t\t<div class=\"elementor-tab-title elementor-tab-mobile-title\" aria-selected=\"false\" data-tab=\"3\" role=\"tab\" tabindex=\"-1\" aria-controls=\"elementor-tab-content-1283\" aria-expanded=\"false\">Cuerpo acad\u00e9mico y de gesti\u00f3n<\/div>\n\t\t\t\t\t<div id=\"elementor-tab-content-1283\" class=\"elementor-tab-content elementor-clearfix\" data-tab=\"3\" role=\"tabpanel\" aria-labelledby=\"elementor-tab-title-1283\" tabindex=\"0\" hidden=\"hidden\"><p><b>Directora Acad\u00e9mica:<\/b><span style=\"font-weight: 400;\"> Dra. Sonia I. Mari\u00f1o<\/span><\/p><p><b>Coordinador Acad\u00e9mico:<\/b><span style=\"font-weight: 400;\">\u00a0Lic. Lucas Oviedo<\/span><\/p><p><b>Comit\u00e9 Acad\u00e9mico \/ Equipo Docente<\/b><\/p><p><b>Dra. Sonia Mari\u00f1o\u00a0\u00a0<\/b><\/p><p><span style=\"font-weight: 400;\">Lic. en Sistemas (UNNE).\u00a0 Doctora en Ciencias Cognitivas (UNNE). Mgter. en Inform\u00e1tica y Computaci\u00f3n. Mgter. en Epistemolog\u00eda y Metodolog\u00eda de la Investigaci\u00f3n Cient\u00edfica (UNNE), Diplomatura Superior en Formaci\u00f3n en Competencias Emprendedoras. Postdoctorado: Ciclo Tem\u00e1tico Virtual de Posdoctorado (Parte II) Pensar la pandemia para la sociedad: abordajes socioecon\u00f3micos y socioculturales. 2021-2022 (Universidad Nacional de Jujuy).\u00a0 Profesora Titular asignatura Proyecto Final de Carrera. Profesora responsable asignaturas Modelos y Simulaci\u00f3n e Inteligencia Artificial. FaCENA \u2013 UNNE.\u00a0 Directora de Proyectos de I+D acreditados por la SGCyT \u2013 UNNE.Dictado de cursos de posgrado: Modelos de Redes Neuronales Artificiales, Inteligencia Artificial. T\u00e9cnicas de aprendizaje autom\u00e1tico \u2013 Machine learning. Gesti\u00f3n del Conocimiento y Taller Final de Maestr\u00eda.<\/span><\/p><p><b>Mgter. Prof.\u00a0 Irma Irene Lucero<\/b><\/p><p><span style=\"font-weight: 400;\">Profesora en Matem\u00e1tica, F\u00edsica y Cosmograf\u00eda (UNNE .\u00a0 \u00a0 Especialista en Docencia Universitaria (UNNE) \u00a0 Mag\u00edster en Metodolog\u00eda de la Investigaci\u00f3n Cient\u00edfica y T\u00e9cnica (UNER). \u00a0 Profesora Adjunta con dedicaci\u00f3n exclusiva en las asignaturas F\u00edsica At\u00f3mica, Did\u00e1ctica de la F\u00edsica y Pr\u00e1ctica de Residencia y Taller de Tecnolog\u00eda Educativa de la FaCENA \u2013 UNNE. Directora de Proyectos de I+D\u00a0 vinculados a la ense\u00f1anza de la F\u00edsica. Dictante de cursos de capacitaci\u00f3n y posgrado relacionados a la ense\u00f1anza de las ciencias experimentales con mediaci\u00f3n de tecnolog\u00edas.\u00a0<\/span><\/p><p><b>Prof. Juli\u00e1n Vallejos<\/b><\/p><p><span style=\"font-weight: 400;\">Egresado como profesor en Ciencias F\u00edsicas (UNNE) , con trayectoria docente en nivel secundario y universitario. Con s\u00f3lida formaci\u00f3n en cuestiones relacionadas a la educaci\u00f3n en Ciencias Experimentales mediadas por recursos tecnol\u00f3gicos. Diplomado en \u201cEducaci\u00f3n y Nuevas Tecnolog\u00edas\u201d (Flacso) y cursante del Doctorado en Educaci\u00f3n en Ciencias Experimentales de la Universidad Nacional del Litoral. L\u00ednea de investigaci\u00f3n: estudio de las IA generativas en la ense\u00f1anza de la F\u00edsica.<\/span><\/p><p><b>Lic. Guillermo Andr\u00e9s Arduino<\/b><\/p><p><span style=\"font-weight: 400;\">Licenciado en Sistemas de Informaci\u00f3n (UNNE). Doctorando en Inform\u00e1tica de UNNE-UNAM-UTN, tesis \u00abM\u00e9trica en modelos de Redes Neuronales Residuales. Dise\u00f1o y validaci\u00f3n para el an\u00e1lisis de se\u00f1ales biom\u00e9tricas\u00bb. Diplomado en Educaci\u00f3n mediadas por TIC (UNNE). Jefe de Trabajos Pr\u00e1cticos (ordinario) de Sistemas y Organizaciones en la carrera de Licenciatura en Sistemas de Informaci\u00f3n (FaCENA UNNE).\u00a0 Dictante del curso de verano \u00abIntroducci\u00f3n a Machine Learning supervisado con Python\u00bb. Profesor orientador en la tesis de grado \u00abEstudio de comparaci\u00f3n de algoritmos de Machine Learning, orientados a tareas de clasificaci\u00f3n\u00bb. FaCENA UNNE. Docente investigador en PI \u00abObservatorio de Tecnolog\u00edas Educativas FaCENA -UNNE\u00bb (SGCyT- UNNE) y \u00abSistemas inform\u00e1ticos, Modelos, m\u00e9todos y herramientas \u00ab(SGCyT- UNNE). Desarrollador Back-End con inteligencia artificial con tecnolog\u00eda en Node .js y Python en la empresa XNOD (L\u00edder t\u00e9cnico).<\/span><\/p><p><b>Lic. Lucas Oviedo<\/b><\/p><p><span style=\"font-weight: 400;\">Licenciado en Relaciones Laborales (UNNE). Doctorando en Ciencias Sociales (UNER). Docente-investigador Cat. V en el Programa de Incentivos SPU. Docente en la Universidad Nacional del Nordeste (UNNE). Subsecretario Administrativo en la Facultad de Ciencias Exactas y Naturales y Agrimensura (FaCENA) de la UNNE. L\u00edneas de investigaci\u00f3n: Estudios Sociales de la Tecnolog\u00eda \/ Pol\u00edticas p\u00fablicas de formaci\u00f3n de programadores.<\/span><\/p><p><b>Mgter. Beatriz Castro Chans\u00a0<\/b><\/p><p><span style=\"font-weight: 400;\">Lic. en Comunicaci\u00f3n Social (UNNE). Esp. Comunicaci\u00f3n Digital (UNLP). Mgter. Ciencias Sociales y Humanidades con menci\u00f3n en Comunicaci\u00f3n (UNQuilmes). Responsable del \u00c1rea de Educaci\u00f3n Virtual de FaCENA-UNNE. Prof. Titular de Sistemas y Organizaciones (FaCENA &#8211; UNNE). Prof. Adjunta de\u00a0 la Fac. Humanidades &#8211; UNNE). Co-Directora PI \u201cObservatorio de Tecnolog\u00edas Educativas FaCENA- UNNE\u201d (SGCyT-UNNE).<\/span><\/p><\/div>\n\t\t\t\t\t\t\t\t\t<div class=\"elementor-tab-title elementor-tab-mobile-title\" aria-selected=\"false\" data-tab=\"4\" role=\"tab\" tabindex=\"-1\" aria-controls=\"elementor-tab-content-1284\" aria-expanded=\"false\">Destinatarios<\/div>\n\t\t\t\t\t<div id=\"elementor-tab-content-1284\" class=\"elementor-tab-content elementor-clearfix\" data-tab=\"4\" role=\"tabpanel\" aria-labelledby=\"elementor-tab-title-1284\" tabindex=\"0\" hidden=\"hidden\"><p><span style=\"font-weight: 400;\">La Diplomatura est\u00e1 destinada a\u00a0 Docentes de distintos niveles interesados en utilizar aplicaciones de Inteligencia Artificial Generativa en sus pr\u00e1cticas de ense\u00f1anza.\u00a0<\/span><\/p><\/div>\n\t\t\t\t\t\t\t\t\t<div class=\"elementor-tab-title elementor-tab-mobile-title\" aria-selected=\"false\" data-tab=\"5\" role=\"tab\" tabindex=\"-1\" aria-controls=\"elementor-tab-content-1285\" aria-expanded=\"false\">Inscripci\u00f3n<\/div>\n\t\t\t\t\t<div id=\"elementor-tab-content-1285\" class=\"elementor-tab-content elementor-clearfix\" data-tab=\"5\" role=\"tabpanel\" aria-labelledby=\"elementor-tab-title-1285\" tabindex=\"0\" hidden=\"hidden\"><p><span style=\"font-weight: 400;\">La Diplomatura tendr\u00e1 una instancia de pre-inscripci\u00f3n habilitada hasta el 25 de abril del 2025<\/span><\/p><p><span style=\"text-decoration: underline;\"><span style=\"color: #000080; text-decoration: underline;\"><a style=\"color: #000080; text-decoration: underline;\" href=\"http:\/\/forms.gle\/XgVP4iNHg3b2pg9x8\"><span style=\"font-weight: 400;\">Pre-inscribite haciendo click aqu\u00ed<\/span><\/a><\/span><\/span><\/p><p>\u00a0<\/p><p><b>Aranceles:\u00a0<\/b><\/p><p>\u00a0<\/p><table width=\"595\"><tbody><tr><td width=\"595\"><p style=\"text-align: left;\">Pago \u00fanico: $ 207.000 (pesos doscientos siete mil)<\/p><\/td><\/tr><tr><td width=\"595\"><p style=\"text-align: left;\">Cuota 1 (al momento de la inscripci\u00f3n): $ 51.750 (pesos cincuenta y un mil setecientos cincuenta)<\/p><\/td><\/tr><tr><td width=\"595\"><p>Cuota 2 (1 al 10 de mayo): $ 51.750 (pesos cincuenta y un mil setecientos cincuenta)<\/p><\/td><\/tr><tr><td width=\"595\"><p>Cuota 3 (1 al 10 de junio): $ 51.750 (pesos cincuenta y un mil setecientos cincuenta)<\/p><\/td><\/tr><tr><td width=\"595\"><p>Cuota 4 (1 al 10 de julio): $ 51.750 (pesos cincuenta y un mil setecientos cincuenta)<\/p><\/td><\/tr><\/tbody><\/table><\/div>\n\t\t\t\t\t\t\t<\/div>\n\t\t<\/div>\n\t\t\t\t\t\t<\/div>\n\t\t\t\t<\/div>\n\t\t\t\t\t<\/div>\n\t\t<\/div>\n\t\t\t\t\t<\/div>\n\t\t<\/section>\n\t\t\t\t<\/div>\n\t\t","protected":false},"excerpt":{"rendered":"<p>Sobre la propuesta Plan de Estudios Cuerpo acad\u00e9mico y de gesti\u00f3n Destinatarios Inscripci\u00f3n Sobre la propuesta Denominaci\u00f3n:\u00a0Diplomatura Universitaria en Inteligencia Artificial aplicada a la Educaci\u00f3n (Nivel B\u00e1sico) Plan de Estudios: RES &#8211; 2024 &#8211; 341 &#8211; CD-EXA # UNNE Informaci\u00f3n de contacto: \u00a0lucas.oviedo@exa.unne.edu.ar Objetivos institucionales Generar una oferta de capacitaci\u00f3n orientada a la adquisici\u00f3n de &hellip; <\/p>\n","protected":false},"author":1,"featured_media":0,"parent":0,"menu_order":0,"comment_status":"closed","ping_status":"closed","template":"","meta":{"footnotes":""},"categories":[],"tags":[],"class_list":["post-197","page","type-page","status-publish","hentry"],"_links":{"self":[{"href":"https:\/\/exa.unne.edu.ar\/poee-web\/index.php\/wp-json\/wp\/v2\/pages\/197","targetHints":{"allow":["GET"]}}],"collection":[{"href":"https:\/\/exa.unne.edu.ar\/poee-web\/index.php\/wp-json\/wp\/v2\/pages"}],"about":[{"href":"https:\/\/exa.unne.edu.ar\/poee-web\/index.php\/wp-json\/wp\/v2\/types\/page"}],"author":[{"embeddable":true,"href":"https:\/\/exa.unne.edu.ar\/poee-web\/index.php\/wp-json\/wp\/v2\/users\/1"}],"replies":[{"embeddable":true,"href":"https:\/\/exa.unne.edu.ar\/poee-web\/index.php\/wp-json\/wp\/v2\/comments?post=197"}],"version-history":[{"count":29,"href":"https:\/\/exa.unne.edu.ar\/poee-web\/index.php\/wp-json\/wp\/v2\/pages\/197\/revisions"}],"predecessor-version":[{"id":408,"href":"https:\/\/exa.unne.edu.ar\/poee-web\/index.php\/wp-json\/wp\/v2\/pages\/197\/revisions\/408"}],"wp:attachment":[{"href":"https:\/\/exa.unne.edu.ar\/poee-web\/index.php\/wp-json\/wp\/v2\/media?parent=197"}],"wp:term":[{"taxonomy":"category","embeddable":true,"href":"https:\/\/exa.unne.edu.ar\/poee-web\/index.php\/wp-json\/wp\/v2\/categories?post=197"},{"taxonomy":"post_tag","embeddable":true,"href":"https:\/\/exa.unne.edu.ar\/poee-web\/index.php\/wp-json\/wp\/v2\/tags?post=197"}],"curies":[{"name":"wp","href":"https:\/\/api.w.org\/{rel}","templated":true}]}}