{"id":189,"date":"2024-12-10T12:54:28","date_gmt":"2024-12-10T12:54:28","guid":{"rendered":"https:\/\/exa.unne.edu.ar\/poee-web\/?page_id=189"},"modified":"2024-12-10T13:27:23","modified_gmt":"2024-12-10T13:27:23","slug":"diplomatura-universitaria-en-estadistica-aplicada","status":"publish","type":"page","link":"https:\/\/exa.unne.edu.ar\/poee-web\/index.php\/diplomatura-universitaria-en-estadistica-aplicada\/","title":{"rendered":""},"content":{"rendered":"\t\t<div data-elementor-type=\"wp-page\" data-elementor-id=\"189\" class=\"elementor elementor-189\">\n\t\t\t\t\t\t<section class=\"elementor-section elementor-top-section elementor-element elementor-element-92271d7 elementor-section-boxed elementor-section-height-default elementor-section-height-default\" data-id=\"92271d7\" data-element_type=\"section\">\n\t\t\t\t\t\t<div class=\"elementor-container elementor-column-gap-default\">\n\t\t\t\t\t<div class=\"elementor-column elementor-col-100 elementor-top-column elementor-element elementor-element-5d7b817\" data-id=\"5d7b817\" data-element_type=\"column\">\n\t\t\t<div class=\"elementor-widget-wrap elementor-element-populated\">\n\t\t\t\t\t\t<div class=\"elementor-element elementor-element-4918f15 elementor-widget elementor-widget-image\" data-id=\"4918f15\" data-element_type=\"widget\" data-widget_type=\"image.default\">\n\t\t\t\t<div class=\"elementor-widget-container\">\n\t\t\t\t\t\t\t\t\t\t\t\t\t\t\t<img fetchpriority=\"high\" decoding=\"async\" width=\"1020\" height=\"283\" src=\"https:\/\/exa.unne.edu.ar\/poee-web\/wp-content\/uploads\/2024\/12\/Licenciatura-en-Didactica-de-la-Matematica-10-1024x284.png\" class=\"attachment-large size-large wp-image-344\" alt=\"\" srcset=\"https:\/\/exa.unne.edu.ar\/poee-web\/wp-content\/uploads\/2024\/12\/Licenciatura-en-Didactica-de-la-Matematica-10-1024x284.png 1024w, https:\/\/exa.unne.edu.ar\/poee-web\/wp-content\/uploads\/2024\/12\/Licenciatura-en-Didactica-de-la-Matematica-10-300x83.png 300w, https:\/\/exa.unne.edu.ar\/poee-web\/wp-content\/uploads\/2024\/12\/Licenciatura-en-Didactica-de-la-Matematica-10-768x213.png 768w, https:\/\/exa.unne.edu.ar\/poee-web\/wp-content\/uploads\/2024\/12\/Licenciatura-en-Didactica-de-la-Matematica-10-1536x427.png 1536w, https:\/\/exa.unne.edu.ar\/poee-web\/wp-content\/uploads\/2024\/12\/Licenciatura-en-Didactica-de-la-Matematica-10-216x60.png 216w, https:\/\/exa.unne.edu.ar\/poee-web\/wp-content\/uploads\/2024\/12\/Licenciatura-en-Didactica-de-la-Matematica-10.png 1800w\" sizes=\"(max-width: 1020px) 100vw, 1020px\" \/>\t\t\t\t\t\t\t\t\t\t\t\t\t\t\t<\/div>\n\t\t\t\t<\/div>\n\t\t\t\t\t<\/div>\n\t\t<\/div>\n\t\t\t\t\t<\/div>\n\t\t<\/section>\n\t\t\t\t<section class=\"elementor-section elementor-top-section elementor-element elementor-element-ec5f19b elementor-section-boxed elementor-section-height-default elementor-section-height-default\" data-id=\"ec5f19b\" data-element_type=\"section\">\n\t\t\t\t\t\t<div class=\"elementor-container elementor-column-gap-default\">\n\t\t\t\t\t<div class=\"elementor-column elementor-col-100 elementor-top-column elementor-element elementor-element-9429d4c\" data-id=\"9429d4c\" data-element_type=\"column\">\n\t\t\t<div class=\"elementor-widget-wrap elementor-element-populated\">\n\t\t\t\t\t\t<div class=\"elementor-element elementor-element-7aabb98 elementor-tabs-view-horizontal elementor-widget elementor-widget-tabs\" data-id=\"7aabb98\" data-element_type=\"widget\" data-widget_type=\"tabs.default\">\n\t\t\t\t<div class=\"elementor-widget-container\">\n\t\t\t\t\t\t\t<div class=\"elementor-tabs\">\n\t\t\t<div class=\"elementor-tabs-wrapper\" role=\"tablist\" >\n\t\t\t\t\t\t\t\t\t<div id=\"elementor-tab-title-1281\" class=\"elementor-tab-title elementor-tab-desktop-title\" aria-selected=\"true\" data-tab=\"1\" role=\"tab\" tabindex=\"0\" aria-controls=\"elementor-tab-content-1281\" aria-expanded=\"false\">Sobre la propuesta<\/div>\n\t\t\t\t\t\t\t\t\t<div id=\"elementor-tab-title-1282\" class=\"elementor-tab-title elementor-tab-desktop-title\" aria-selected=\"false\" data-tab=\"2\" role=\"tab\" tabindex=\"-1\" aria-controls=\"elementor-tab-content-1282\" aria-expanded=\"false\">Plan de Estudios<\/div>\n\t\t\t\t\t\t\t\t\t<div id=\"elementor-tab-title-1283\" class=\"elementor-tab-title elementor-tab-desktop-title\" aria-selected=\"false\" data-tab=\"3\" role=\"tab\" tabindex=\"-1\" aria-controls=\"elementor-tab-content-1283\" aria-expanded=\"false\">Cuerpo acad\u00e9mico y de gesti\u00f3n<\/div>\n\t\t\t\t\t\t\t\t\t<div id=\"elementor-tab-title-1284\" class=\"elementor-tab-title elementor-tab-desktop-title\" aria-selected=\"false\" data-tab=\"4\" role=\"tab\" tabindex=\"-1\" aria-controls=\"elementor-tab-content-1284\" aria-expanded=\"false\">Modalidad de cursado<\/div>\n\t\t\t\t\t\t\t\t\t<div id=\"elementor-tab-title-1285\" class=\"elementor-tab-title elementor-tab-desktop-title\" aria-selected=\"false\" data-tab=\"5\" role=\"tab\" tabindex=\"-1\" aria-controls=\"elementor-tab-content-1285\" aria-expanded=\"false\">Inscripci\u00f3n<\/div>\n\t\t\t\t\t\t\t<\/div>\n\t\t\t<div class=\"elementor-tabs-content-wrapper\" role=\"tablist\" aria-orientation=\"vertical\">\n\t\t\t\t\t\t\t\t\t<div class=\"elementor-tab-title elementor-tab-mobile-title\" aria-selected=\"true\" data-tab=\"1\" role=\"tab\" tabindex=\"0\" aria-controls=\"elementor-tab-content-1281\" aria-expanded=\"false\">Sobre la propuesta<\/div>\n\t\t\t\t\t<div id=\"elementor-tab-content-1281\" class=\"elementor-tab-content elementor-clearfix\" data-tab=\"1\" role=\"tabpanel\" aria-labelledby=\"elementor-tab-title-1281\" tabindex=\"0\" hidden=\"false\"><ul>\n<li><strong>Denominaci\u00f3n:<\/strong> Diplomatura Universitaria en Estad\u00edstica Aplicada<\/li>\n<li><strong>Plan de estudios:<\/strong> <a href=\"https:\/\/exa.unne.edu.ar\/poee-web\/wp-content\/uploads\/2024\/12\/DIPLOMATURA-ESTADISTICA.pdf\">RES &#8211; 2024 &#8211; 816 &#8211; CD-EXA # UNNE<\/a><\/li>\n<li><strong>Informaci\u00f3n de contacto:<\/strong>&nbsp;consultas.diploestadistica@gmail.com<span style=\"text-decoration: underline;\"><\/span><\/li>\n<\/ul>\n<p><span style=\"text-decoration: underline;\"><strong>Objetivos<\/strong><\/span><\/p>\n<p><strong>General<\/strong>: Promover la construcci\u00f3n conceptual de metodolog\u00edas para el an\u00e1lisis de datos, la resoluci\u00f3n de problemas y la toma de decisiones basados en principios matem\u00e1ticos, computacionales y estad\u00edsticos.<\/p>\n<p><strong>Espec\u00edficos<\/strong>:<\/p>\n<ul>\n<li>Introducir a los\/as participantes en la aplicaci\u00f3n metodolog\u00edas y principios matem\u00e1ticos, computacionales y estad\u00edsticos vinculados al tratamiento de datos.<\/li>\n<li>Promover el desarrollo de habilidades con razonamiento independiente y pensamiento cr\u00edtico para el desarrollo y la implementaci\u00f3n de t\u00e9cnicas para el an\u00e1lisis descriptivo y predictivo de los resultados, aplicados tanto al sector p\u00fablico, al productivo y al de servicios, como tambi\u00e9n a proyectos de investigaci\u00f3n y desarrollo.<\/li>\n<li>Transmitir el estado del arte de las tecnolog\u00edas emergentes ocurridas en el \u00e1rea de la estad\u00edstica con el fundamento te\u00f3rico requerido para adquirir la capacidad de auto-actualizaci\u00f3n que demanda el continuo avance tecnol\u00f3gico en este campo.<\/li>\n<\/ul>\n<p><span style=\"text-decoration: underline;\"><strong>Fundamentaci\u00f3n de la Propuesta<\/strong><\/span><\/p>\n<p>El proyecto de gesti\u00f3n institucional 2022-2026 de la FaCENA de la UNNE tiene entre sus prop\u00f3sitos prioritarios la implementaci\u00f3n de trayectos formativos de corta duraci\u00f3n y de inter\u00e9s para el territorio local. En este sentido, la Unidad Acad\u00e9mica cuenta con docentes investigadores altamente capacitados y con una infraestructura edilicia e inform\u00e1tica adecuadas para emprender la implementaci\u00f3n de nuevas ofertas educativas y de capacitaci\u00f3n.<br>Una de las mayores transformaciones que ocurren en el siglo XXI es, sin dudas, el crecimiento exponencial en la producci\u00f3n y circulaci\u00f3n de la informaci\u00f3n. En los \u00faltimos a\u00f1os, y debido principalmente a la notable explosi\u00f3n de conocimientos e intercambio de informaci\u00f3n, la utilizaci\u00f3n de la estad\u00edstica ha cobrado una importancia trascendente, dada su potencialidad en la manipulaci\u00f3n e interpretaci\u00f3n de datos emp\u00edricos, sobrepasando quiz\u00e1s la formaci\u00f3n profesional necesaria, en cantidad y calidad, para afrontar esta situaci\u00f3n, que afecta no solo al ejercicio de la profesi\u00f3n en la actividad particular sino que tambi\u00e9n afecta al proceso de formaci\u00f3n disciplinar de aquellas personas que necesitan y pretender ejercerla, teniendo en cuenta que esta disciplina se est\u00e1 incorporando a las distintas actividades, tanto al sector educativo, al productivo y al de servicios, como tambi\u00e9n a proyectos de investigaci\u00f3n y desarrollo.<br>La Estad\u00edstica est\u00e1 compuesta por tres componentes principales, que son: la obtenci\u00f3n y el almacenamiento de datos, el procesamiento estad\u00edstico de \u00e9stos y su interpretaci\u00f3n.<br>En tal sentido, desde la FaCENA se propone el dictado de la Diplomatura Universitaria en Estad\u00edstica Aplicada con la finalidad de construir competencias t\u00e9cnicas en el dise\u00f1o y desarrollo de sistemas gesti\u00f3n y manipulaci\u00f3n de datos. Su dominio posibilitar\u00e1 el aprendizaje de funcionalidades para la sistematizaci\u00f3n de procesos en diversos \u00e1mbitos o contextos organizacionales (servicios, industrial o cient\u00edfico tecnol\u00f3gico).<br>As\u00ed, desde esta oferta formativa de corta duraci\u00f3n se propone contribuir a la formaci\u00f3n de recursos humanos formados en Estad\u00edstica Aplicada, para la automatizaci\u00f3n de procesos, la resoluci\u00f3n de problemas y la toma de decisiones<\/p><\/div>\n\t\t\t\t\t\t\t\t\t<div class=\"elementor-tab-title elementor-tab-mobile-title\" aria-selected=\"false\" data-tab=\"2\" role=\"tab\" tabindex=\"-1\" aria-controls=\"elementor-tab-content-1282\" aria-expanded=\"false\">Plan de Estudios<\/div>\n\t\t\t\t\t<div id=\"elementor-tab-content-1282\" class=\"elementor-tab-content elementor-clearfix\" data-tab=\"2\" role=\"tabpanel\" aria-labelledby=\"elementor-tab-title-1282\" tabindex=\"0\" hidden=\"hidden\"><table><tbody><tr><td width=\"359\"><p><strong>M\u00d3DULOS<\/strong><\/p><\/td><td width=\"180\"><p><strong>CARGA HORARIA<\/strong><\/p><\/td><\/tr><tr><td width=\"359\"><p>MOD 1 Introducci\u00f3n al \u00c1lgebra<\/p><\/td><td width=\"180\"><p>24<\/p><\/td><\/tr><tr><td width=\"359\"><p>MOD 2 Introducci\u00f3n al C\u00e1lculo<\/p><\/td><td width=\"180\"><p>24<\/p><\/td><\/tr><tr><td width=\"359\"><p>MOD 3 Estad\u00edstica Descriptiva<\/p><\/td><td width=\"180\"><p>32<\/p><\/td><\/tr><tr><td width=\"359\"><p>MOD 4 Probabilidad<\/p><\/td><td width=\"180\"><p>32<\/p><\/td><\/tr><tr><td width=\"359\"><p>MOD 5 Estad\u00edstica inferencial<\/p><\/td><td width=\"180\"><p>32<\/p><\/td><\/tr><tr><td width=\"359\"><p>MOD 6 Introducci\u00f3n al An\u00e1lisis Multivariante<\/p><\/td><td width=\"180\"><p>32<\/p><\/td><\/tr><tr><td width=\"359\"><p>MOD 7 Introducci\u00f3n a la programaci\u00f3n y Software R<\/p><\/td><td width=\"180\"><p>24<\/p><\/td><\/tr><tr><td width=\"359\"><p>MOD 8 Proyecto final<\/p><\/td><td width=\"180\"><p>24<\/p><\/td><\/tr><tr><td width=\"359\"><p><strong>TOTAL<\/strong><\/p><\/td><td width=\"180\"><p><strong>224<\/strong><\/p><\/td><\/tr><\/tbody><\/table><\/div>\n\t\t\t\t\t\t\t\t\t<div class=\"elementor-tab-title elementor-tab-mobile-title\" aria-selected=\"false\" data-tab=\"3\" role=\"tab\" tabindex=\"-1\" aria-controls=\"elementor-tab-content-1283\" aria-expanded=\"false\">Cuerpo acad\u00e9mico y de gesti\u00f3n<\/div>\n\t\t\t\t\t<div id=\"elementor-tab-content-1283\" class=\"elementor-tab-content elementor-clearfix\" data-tab=\"3\" role=\"tabpanel\" aria-labelledby=\"elementor-tab-title-1283\" tabindex=\"0\" hidden=\"hidden\"><p><strong>Coordinaci\u00f3n:<\/strong> Sergio Fernando D\u00edaz<\/p><p>\u00a0<\/p><p><strong>Equipo Docente:<\/strong> Patricia Claudia Siwert, Mar\u00eda Josefa Jorge, Melisa Jazm\u00edn Hidalgo, Luis Miguel Duarte, Mar\u00eda<br \/>Elizabeth Mendoza, Roc\u00edo Rodr\u00edguez Azcona, Julieta Zaninovich, Jos\u00e9 Dar\u00edo Mourglia, Sergio F. Diaz<\/p><p>\u00a0<\/p><p><strong>Secretar\u00eda t\u00e9cnica:<\/strong> Prof. Mar\u00eda Fernanda C\u00e1ceres<\/p><\/div>\n\t\t\t\t\t\t\t\t\t<div class=\"elementor-tab-title elementor-tab-mobile-title\" aria-selected=\"false\" data-tab=\"4\" role=\"tab\" tabindex=\"-1\" aria-controls=\"elementor-tab-content-1284\" aria-expanded=\"false\">Modalidad de cursado<\/div>\n\t\t\t\t\t<div id=\"elementor-tab-content-1284\" class=\"elementor-tab-content elementor-clearfix\" data-tab=\"4\" role=\"tabpanel\" aria-labelledby=\"elementor-tab-title-1284\" tabindex=\"0\" hidden=\"hidden\"><p>Presencialidad situada \/ presencialidad remota.<\/p><p><br \/>Los horarios de cursado ser\u00e1n:<br \/>\u25cf Viernes de 17 a 21 hs.<br \/>\u25cf S\u00e1bados de 9 a 13 hs.<\/p><p>\u00a0<\/p><p>Se utilizar\u00e1n plataformas virtuales como complemento y apoyo del proceso de ense\u00f1anza y de aprendizaje.<br \/>El desarrollo de los contenidos en la modalidad remota se realizar\u00e1 a trav\u00e9s de Zoom. En las clases, un docente<br \/>tutor atender\u00e1 las consultas de los\/as estudiantes que el equipo docente considere adecuados para la interacci\u00f3n<br \/>con los estudiantes<\/p><\/div>\n\t\t\t\t\t\t\t\t\t<div class=\"elementor-tab-title elementor-tab-mobile-title\" aria-selected=\"false\" data-tab=\"5\" role=\"tab\" tabindex=\"-1\" aria-controls=\"elementor-tab-content-1285\" aria-expanded=\"false\">Inscripci\u00f3n<\/div>\n\t\t\t\t\t<div id=\"elementor-tab-content-1285\" class=\"elementor-tab-content elementor-clearfix\" data-tab=\"5\" role=\"tabpanel\" aria-labelledby=\"elementor-tab-title-1285\" tabindex=\"0\" hidden=\"hidden\"><p><strong>Admisi\u00f3n:<\/strong><\/p><p>Para la admisi\u00f3n se requiere poseer t\u00edtulo secundario (excluyente)<br \/>Aquellos estudiantes admitidos que puedan demostrar una formaci\u00f3n previa en los m\u00f3dulos correspondientes al tramo Proped\u00e9utico podr\u00e1n optar por no cursar este tramo. Para ello deber\u00e1n enviar a la Coordinaci\u00f3n la constancia de materias aprobadas en una instituci\u00f3n universitaria o terciaria, con una nota solicitando este reconocimiento.<br \/><br \/><\/p><p>\u00a0<\/p><p><strong>Preinscripci\u00f3n:<\/strong> <a href=\"https:\/\/forms.gle\/Z1ZxMskFgVUATxoZ7\">https:\/\/forms.gle\/Z1ZxMskFgVUATxoZ7<\/a><\/p><p>\u00a0<\/p><p><strong>Pago de matr\u00edcula:<\/strong> https:\/\/pagos.unne.edu.ar\/products_services\/purchase\/462<\/p><p>\u00a0<\/p><\/div>\n\t\t\t\t\t\t\t<\/div>\n\t\t<\/div>\n\t\t\t\t\t\t<\/div>\n\t\t\t\t<\/div>\n\t\t\t\t\t<\/div>\n\t\t<\/div>\n\t\t\t\t\t<\/div>\n\t\t<\/section>\n\t\t\t\t<\/div>\n\t\t","protected":false},"excerpt":{"rendered":"<p>Sobre la propuesta Plan de Estudios Cuerpo acad\u00e9mico y de gesti\u00f3n Modalidad de cursado Inscripci\u00f3n Sobre la propuesta Denominaci\u00f3n: Diplomatura Universitaria en Estad\u00edstica Aplicada Plan de estudios: RES &#8211; 2024 &#8211; 816 &#8211; CD-EXA # UNNE Informaci\u00f3n de contacto:&nbsp;consultas.diploestadistica@gmail.com Objetivos General: Promover la construcci\u00f3n conceptual de metodolog\u00edas para el an\u00e1lisis de datos, la resoluci\u00f3n de &hellip; <\/p>\n","protected":false},"author":1,"featured_media":0,"parent":0,"menu_order":0,"comment_status":"closed","ping_status":"closed","template":"","meta":{"footnotes":""},"categories":[],"tags":[],"class_list":["post-189","page","type-page","status-publish","hentry"],"_links":{"self":[{"href":"https:\/\/exa.unne.edu.ar\/poee-web\/index.php\/wp-json\/wp\/v2\/pages\/189","targetHints":{"allow":["GET"]}}],"collection":[{"href":"https:\/\/exa.unne.edu.ar\/poee-web\/index.php\/wp-json\/wp\/v2\/pages"}],"about":[{"href":"https:\/\/exa.unne.edu.ar\/poee-web\/index.php\/wp-json\/wp\/v2\/types\/page"}],"author":[{"embeddable":true,"href":"https:\/\/exa.unne.edu.ar\/poee-web\/index.php\/wp-json\/wp\/v2\/users\/1"}],"replies":[{"embeddable":true,"href":"https:\/\/exa.unne.edu.ar\/poee-web\/index.php\/wp-json\/wp\/v2\/comments?post=189"}],"version-history":[{"count":30,"href":"https:\/\/exa.unne.edu.ar\/poee-web\/index.php\/wp-json\/wp\/v2\/pages\/189\/revisions"}],"predecessor-version":[{"id":376,"href":"https:\/\/exa.unne.edu.ar\/poee-web\/index.php\/wp-json\/wp\/v2\/pages\/189\/revisions\/376"}],"wp:attachment":[{"href":"https:\/\/exa.unne.edu.ar\/poee-web\/index.php\/wp-json\/wp\/v2\/media?parent=189"}],"wp:term":[{"taxonomy":"category","embeddable":true,"href":"https:\/\/exa.unne.edu.ar\/poee-web\/index.php\/wp-json\/wp\/v2\/categories?post=189"},{"taxonomy":"post_tag","embeddable":true,"href":"https:\/\/exa.unne.edu.ar\/poee-web\/index.php\/wp-json\/wp\/v2\/tags?post=189"}],"curies":[{"name":"wp","href":"https:\/\/api.w.org\/{rel}","templated":true}]}}