{"id":188,"date":"2024-06-19T19:19:20","date_gmt":"2024-06-19T19:19:20","guid":{"rendered":"https:\/\/exa.unne.edu.ar\/poee-web\/?page_id=188"},"modified":"2025-05-16T11:17:58","modified_gmt":"2025-05-16T11:17:58","slug":"diplomatura-diseno-3d","status":"publish","type":"page","link":"https:\/\/exa.unne.edu.ar\/poee-web\/index.php\/diplomatura-diseno-3d\/","title":{"rendered":""},"content":{"rendered":"\t\t<div data-elementor-type=\"wp-page\" data-elementor-id=\"188\" class=\"elementor elementor-188\">\n\t\t\t\t\t\t<section class=\"elementor-section elementor-top-section elementor-element elementor-element-92271d7 elementor-section-boxed elementor-section-height-default elementor-section-height-default\" data-id=\"92271d7\" data-element_type=\"section\">\n\t\t\t\t\t\t<div class=\"elementor-container elementor-column-gap-default\">\n\t\t\t\t\t<div class=\"elementor-column elementor-col-100 elementor-top-column elementor-element elementor-element-5d7b817\" data-id=\"5d7b817\" data-element_type=\"column\">\n\t\t\t<div class=\"elementor-widget-wrap elementor-element-populated\">\n\t\t\t\t\t\t<div class=\"elementor-element elementor-element-4918f15 elementor-widget elementor-widget-image\" data-id=\"4918f15\" data-element_type=\"widget\" data-widget_type=\"image.default\">\n\t\t\t\t<div class=\"elementor-widget-container\">\n\t\t\t\t\t\t\t\t\t\t\t\t\t\t\t<img fetchpriority=\"high\" decoding=\"async\" width=\"1020\" height=\"283\" src=\"https:\/\/exa.unne.edu.ar\/poee-web\/wp-content\/uploads\/2024\/06\/Licenciatura-en-Didactica-de-la-Matematica-6-1024x284.png\" class=\"attachment-large size-large wp-image-261\" alt=\"Diplomatura Universitaria en Dise\u00f1o e Impresi\u00f3n 3D\" srcset=\"https:\/\/exa.unne.edu.ar\/poee-web\/wp-content\/uploads\/2024\/06\/Licenciatura-en-Didactica-de-la-Matematica-6-1024x284.png 1024w, https:\/\/exa.unne.edu.ar\/poee-web\/wp-content\/uploads\/2024\/06\/Licenciatura-en-Didactica-de-la-Matematica-6-300x83.png 300w, https:\/\/exa.unne.edu.ar\/poee-web\/wp-content\/uploads\/2024\/06\/Licenciatura-en-Didactica-de-la-Matematica-6-768x213.png 768w, https:\/\/exa.unne.edu.ar\/poee-web\/wp-content\/uploads\/2024\/06\/Licenciatura-en-Didactica-de-la-Matematica-6-1536x427.png 1536w, https:\/\/exa.unne.edu.ar\/poee-web\/wp-content\/uploads\/2024\/06\/Licenciatura-en-Didactica-de-la-Matematica-6-216x60.png 216w, https:\/\/exa.unne.edu.ar\/poee-web\/wp-content\/uploads\/2024\/06\/Licenciatura-en-Didactica-de-la-Matematica-6.png 1800w\" sizes=\"(max-width: 1020px) 100vw, 1020px\" \/>\t\t\t\t\t\t\t\t\t\t\t\t\t\t\t<\/div>\n\t\t\t\t<\/div>\n\t\t\t\t\t<\/div>\n\t\t<\/div>\n\t\t\t\t\t<\/div>\n\t\t<\/section>\n\t\t\t\t<section class=\"elementor-section elementor-top-section elementor-element elementor-element-ec5f19b elementor-section-boxed elementor-section-height-default elementor-section-height-default\" data-id=\"ec5f19b\" data-element_type=\"section\">\n\t\t\t\t\t\t<div class=\"elementor-container elementor-column-gap-default\">\n\t\t\t\t\t<div class=\"elementor-column elementor-col-100 elementor-top-column elementor-element elementor-element-9429d4c\" data-id=\"9429d4c\" data-element_type=\"column\">\n\t\t\t<div class=\"elementor-widget-wrap elementor-element-populated\">\n\t\t\t\t\t\t<div class=\"elementor-element elementor-element-7aabb98 elementor-tabs-view-horizontal elementor-widget elementor-widget-tabs\" data-id=\"7aabb98\" data-element_type=\"widget\" data-widget_type=\"tabs.default\">\n\t\t\t\t<div class=\"elementor-widget-container\">\n\t\t\t\t\t\t\t<div class=\"elementor-tabs\">\n\t\t\t<div class=\"elementor-tabs-wrapper\" role=\"tablist\" >\n\t\t\t\t\t\t\t\t\t<div id=\"elementor-tab-title-1281\" class=\"elementor-tab-title elementor-tab-desktop-title\" aria-selected=\"true\" data-tab=\"1\" role=\"tab\" tabindex=\"0\" aria-controls=\"elementor-tab-content-1281\" aria-expanded=\"false\">Sobre la propuesta<\/div>\n\t\t\t\t\t\t\t\t\t<div id=\"elementor-tab-title-1282\" class=\"elementor-tab-title elementor-tab-desktop-title\" aria-selected=\"false\" data-tab=\"2\" role=\"tab\" tabindex=\"-1\" aria-controls=\"elementor-tab-content-1282\" aria-expanded=\"false\">Plan de Estudios<\/div>\n\t\t\t\t\t\t\t\t\t<div id=\"elementor-tab-title-1283\" class=\"elementor-tab-title elementor-tab-desktop-title\" aria-selected=\"false\" data-tab=\"3\" role=\"tab\" tabindex=\"-1\" aria-controls=\"elementor-tab-content-1283\" aria-expanded=\"false\">Inscripci\u00f3n y preinscripci\u00f3n<\/div>\n\t\t\t\t\t\t\t<\/div>\n\t\t\t<div class=\"elementor-tabs-content-wrapper\" role=\"tablist\" aria-orientation=\"vertical\">\n\t\t\t\t\t\t\t\t\t<div class=\"elementor-tab-title elementor-tab-mobile-title\" aria-selected=\"true\" data-tab=\"1\" role=\"tab\" tabindex=\"0\" aria-controls=\"elementor-tab-content-1281\" aria-expanded=\"false\">Sobre la propuesta<\/div>\n\t\t\t\t\t<div id=\"elementor-tab-content-1281\" class=\"elementor-tab-content elementor-clearfix\" data-tab=\"1\" role=\"tabpanel\" aria-labelledby=\"elementor-tab-title-1281\" tabindex=\"0\" hidden=\"false\"><p><b>Denominaci\u00f3n:<\/b><span style=\"font-weight: 400;\">\u00a0Diplomatura Universitaria en<\/span> <span style=\"font-weight: 400;\">Dise\u00f1o e Impresi\u00f3n 3D<\/span><\/p><p><b>Plan de Estudios:<\/b><span style=\"font-weight: 400;\">\u00a0 RES &#8211; 2024 &#8211; 283 &#8211; CD-EXA # UNNE<\/span><\/p><p><b>Informaci\u00f3n de contacto: <\/b><span style=\"font-weight: 400;\">impresion3d@exa.unne.edu.ar<\/span><\/p><p><b>Objetivos institucionales<\/b><\/p><p><span style=\"font-weight: 400;\">La propuesta educativa guarda coherencia con los lineamientos de gesti\u00f3n institucional de la UNNE, la FaCENA en tanto\u00a0 busca contribuir a la formaci\u00f3n de recursos humanos especializados en el uso de tecnolog\u00edas que resuelvan demandas a trav\u00e9s de la impresi\u00f3n 3D.<\/span><\/p><p><b>Formaci\u00f3n<\/b><\/p><p><span style=\"font-weight: 400;\">La Diplomatura tiene como objetivo general:<\/span><\/p><ul><li style=\"font-weight: 400;\" aria-level=\"1\"><span style=\"font-weight: 400;\">Desarrollar competencias t\u00e9cnicas y de gesti\u00f3n de proyectos relacionadas al modelado e impresi\u00f3n con tecnolog\u00edas 3D (manufactura aditiva) para el desarrollo de soluciones innovadoras a problemas de impacto social y productivo.<\/span><\/li><\/ul><p><span style=\"font-weight: 400;\">Para alcanzar este prop\u00f3sito, se espera que los y las estudiantes:<\/span><\/p><ul><li style=\"font-weight: 400;\" aria-level=\"1\"><span style=\"font-weight: 400;\">Comprendan los fundamentos de la impresi\u00f3n 3D, integrando aspectos como el conocimiento y criterios de selecci\u00f3n del tipo de\u00a0impresora, tipo de filamento y herramientas adecuadas seg\u00fan las particularidades del dise\u00f1ador y los usuarios de los productos.\u00a0\u00a0<\/span><\/li><li style=\"font-weight: 400;\" aria-level=\"1\"><span style=\"font-weight: 400;\">Desarrollen competencias espec\u00edficas para el dise\u00f1o, modelado, impresi\u00f3n y postproducci\u00f3n 3D de piezas mec\u00e1nicas y biomodelos bajo la tecnolog\u00eda FDM (modelado por deposici\u00f3n fundida).<\/span><\/li><li style=\"font-weight: 400;\" aria-level=\"1\"><span style=\"font-weight: 400;\">Sean capaces de elaborar y gestionar proyectos de impresi\u00f3n 3D que contemple el uso adecuado y eficiente de las tecnolog\u00edas, as\u00ed como su impacto social, econ\u00f3mico y ambiental.\u00a0<\/span><\/li><\/ul><p><b>Carga horaria total:\u00a0<\/b><span style=\"font-weight: 400;\">200 h. reloj.<\/span><\/p><p><b>Duraci\u00f3n del programa en meses:\u00a0<\/b><span style=\"font-weight: 400;\">6 (seis) meses.<\/span><b>\u00a0<\/b><\/p><ul><li><strong>Preinscripci\u00f3n:<\/strong> 14 de mayo al 6 de junio del 2025.<\/li><li style=\"font-weight: 400;\" aria-level=\"1\"><strong>Inscripci\u00f3n definitiva:<\/strong> hasta el 20 de junio del 2025 o hasta completar las vacantes.<\/li><\/ul><\/div>\n\t\t\t\t\t\t\t\t\t<div class=\"elementor-tab-title elementor-tab-mobile-title\" aria-selected=\"false\" data-tab=\"2\" role=\"tab\" tabindex=\"-1\" aria-controls=\"elementor-tab-content-1282\" aria-expanded=\"false\">Plan de Estudios<\/div>\n\t\t\t\t\t<div id=\"elementor-tab-content-1282\" class=\"elementor-tab-content elementor-clearfix\" data-tab=\"2\" role=\"tabpanel\" aria-labelledby=\"elementor-tab-title-1282\" tabindex=\"0\" hidden=\"hidden\"><table><tbody><tr><td><p><b>Contenidos<\/b><\/p><\/td><td><p><b>Carga horaria total<\/b><\/p><\/td><\/tr><tr><td><p><b>M\u00f3dulo 1-\u00a0 <\/b><span style=\"font-weight: 400;\">Impresi\u00f3n 3D: Tecnolog\u00edas y herramientas.<\/span><\/p><\/td><td><p><b>40<\/b><\/p><\/td><\/tr><tr><td><p><b>M\u00f3dulo 3 &#8211; <\/b><span style=\"font-weight: 400;\">\u00a0Dise\u00f1o de piezas mec\u00e1nicas en 3D.<\/span><\/p><\/td><td><p><b>48<\/b><\/p><\/td><\/tr><tr><td><p><b>M\u00f3dulo 2 &#8211; <\/b><span style=\"font-weight: 400;\">\u00a0Dise\u00f1o de biomodelos en 3D.<\/span><\/p><\/td><td><p><b>48<\/b><\/p><\/td><\/tr><tr><td><p><b>M\u00f3dulo 4 &#8211;\u00a0 <\/b><span style=\"font-weight: 400;\">Elaboraci\u00f3n\u00a0 de Proyectos de Impresi\u00f3n 3D.<\/span><\/p><\/td><td><p><b>64<\/b><\/p><\/td><\/tr><tr><td><p><b>Carga horaria total<\/b><\/p><\/td><td><p><b>200<\/b><\/p><\/td><\/tr><\/tbody><\/table><p>\u00a0<\/p><p><b>M\u00f3dulo 1 &#8211; Impresi\u00f3n 3D: Tecnolog\u00edas y herramientas.\u00a0<\/b><\/p><p><b><i>Objetivos de aprendizaje<\/i><\/b><i><span style=\"font-weight: 400;\">:<\/span><\/i><span style=\"font-weight: 400;\">\u00a0<\/span><\/p><p><span style=\"font-weight: 400;\">Los \/as estudiantes deber\u00e1n poder:\u00a0<\/span><\/p><ul><li style=\"font-weight: 400;\" aria-level=\"1\"><span style=\"font-weight: 400;\">Identificar las particularidades de las tecnolog\u00edas disponibles en el mercado para el dise\u00f1o y la impresi\u00f3n 3D.<\/span><\/li><li style=\"font-weight: 400;\" aria-level=\"1\"><span style=\"font-weight: 400;\">Seleccionar las tecnolog\u00edas adecuadas (software y hardware) para la realizaci\u00f3n de un producto determinado y fundamentar las decisiones tomadas.\u00a0<\/span><\/li><li style=\"font-weight: 400;\" aria-level=\"1\"><span style=\"font-weight: 400;\">Evaluar y adaptar dise\u00f1os 3D para impresi\u00f3n.\u00a0<\/span><\/li><li style=\"font-weight: 400;\" aria-level=\"1\"><span style=\"font-weight: 400;\">Armar y poner a punto, mantenimiento preventivo y correctivo de una impresora 3D.<\/span><\/li><li style=\"font-weight: 400;\" aria-level=\"1\"><span style=\"font-weight: 400;\">Construir un presupuesto a partir del c\u00e1lculo de costos de insumos y mano de obra del producto a realizar.\u00a0<\/span><\/li><\/ul><p><b><i>Contenidos m\u00ednimos<\/i><\/b><i><span style=\"font-weight: 400;\">:\u00a0<\/span><\/i><\/p><ul><li style=\"font-weight: 400;\" aria-level=\"1\"><span style=\"font-weight: 400;\">Impresi\u00f3n 3D: historia y fundamentos. Tecnolog\u00eda FDM (Modelado por deposici\u00f3n fundida) y su comparaci\u00f3n con otras soluciones tecnol\u00f3gicas. Impacto econ\u00f3mico y social de la tecnolog\u00eda de impresi\u00f3n 3D.<\/span><\/li><li style=\"font-weight: 400;\" aria-level=\"1\"><span style=\"font-weight: 400;\">Tipos de materiales y filamentos. Aplicaciones y usos en diferentes \u00e1mbitos (sector productivo, ense\u00f1anza y de la salud).\u00a0\u00a0<\/span><\/li><li style=\"font-weight: 400;\" aria-level=\"1\"><span style=\"font-weight: 400;\">Softwares para dise\u00f1o, edici\u00f3n y conversi\u00f3n de modelos 3D. Recursos para dise\u00f1o on line. Configuraciones b\u00e1sicas y tipos de archivos.\u00a0<\/span><\/li><li style=\"font-weight: 400;\" aria-level=\"1\"><span style=\"font-weight: 400;\">Softwares de impresi\u00f3n avanzados. Caracter\u00edsticas adicionales: soportes, brim, adherencia.<\/span><\/li><li style=\"font-weight: 400;\" aria-level=\"1\"><span style=\"font-weight: 400;\">C\u00e1lculo de costos y elaboraci\u00f3n de presupuesto.\u00a0<\/span><\/li><\/ul><p>\u00a0<\/p><p><b>M\u00f3dulo 2 &#8211; Dise\u00f1o de piezas mec\u00e1nicas en 3D.<\/b><\/p><p><b><i>Objetivos de aprendizaje<\/i><\/b><i><span style=\"font-weight: 400;\">:<\/span><\/i><span style=\"font-weight: 400;\">\u00a0<\/span><\/p><ul><li style=\"font-weight: 400;\" aria-level=\"1\"><span style=\"font-weight: 400;\">Identificar las caracter\u00edsticas espec\u00edficas del modelado de piezas mec\u00e1nicas.<\/span><\/li><li style=\"font-weight: 400;\" aria-level=\"1\"><span style=\"font-weight: 400;\">Dise\u00f1ar y modelar piezas mec\u00e1nicas en 2D y 3D, seleccionando las herramientas tecnol\u00f3gicas adecuadas seg\u00fan el producto esperado.\u00a0<\/span><\/li><li style=\"font-weight: 400;\" aria-level=\"1\"><span style=\"font-weight: 400;\">Evaluar los dise\u00f1os de piezas mec\u00e1nicas en 2D y 3D para su impresi\u00f3n en funci\u00f3n del uso o aplicaci\u00f3n.\u00a0<\/span><\/li><li style=\"font-weight: 400;\" aria-level=\"1\"><span style=\"font-weight: 400;\">Elaborar el presupuesto considerando el trabajo y recursos asociados al dise\u00f1o, modelado e impresi\u00f3n de piezas mec\u00e1nicas en 3D.<\/span><\/li><li style=\"font-weight: 400;\" aria-level=\"1\"><span style=\"font-weight: 400;\">Realizar la impresi\u00f3n de una pieza mec\u00e1nica con tecnolog\u00eda FDM (Modelado por deposici\u00f3n fundida) y su postproducci\u00f3n con un nivel de calidad satisfactorio.<\/span><\/li><\/ul><p><b><i>Contenidos m\u00ednimos<\/i><\/b><i><span style=\"font-weight: 400;\">:\u00a0<\/span><\/i><\/p><ul><li style=\"font-weight: 400;\" aria-level=\"1\"><span style=\"font-weight: 400;\">Conceptos b\u00e1sicos del modelado de piezas mec\u00e1nicas en 3D y su contribuci\u00f3n al campo de la salud, la industria y la educaci\u00f3n.\u00a0<\/span><\/li><li style=\"font-weight: 400;\" aria-level=\"1\"><span style=\"font-weight: 400;\">Software para el modelado de piezas mec\u00e1nicas en 2D y 3D. Ventajas y limitaciones. Uso de la IA en el proceso de dise\u00f1o.<\/span><\/li><li style=\"font-weight: 400;\" aria-level=\"1\"><span style=\"font-weight: 400;\">Dise\u00f1o y modelado de piezas mec\u00e1nicas en 2D y 3D.\u00a0<\/span><\/li><li style=\"font-weight: 400;\" aria-level=\"1\"><span style=\"font-weight: 400;\">Evaluaci\u00f3n de modelos.\u00a0\u00a0<\/span><\/li><li style=\"font-weight: 400;\" aria-level=\"1\"><span style=\"font-weight: 400;\">Impresi\u00f3n en PLA, postproducci\u00f3n (render) y confecci\u00f3n del plano detalle.<\/span><\/li><li style=\"font-weight: 400;\" aria-level=\"1\"><span style=\"font-weight: 400;\">Elaboraci\u00f3n de presupuestos.<\/span><\/li><\/ul><p>\u00a0<\/p><p><b>M\u00f3dulo 3 &#8211; Dise\u00f1o de biomodelos en 3D.<\/b><\/p><p><b><i>Objetivos de aprendizaje<\/i><\/b><span style=\"font-weight: 400;\">:\u00a0<\/span><\/p><ul><li style=\"font-weight: 400;\" aria-level=\"1\"><span style=\"font-weight: 400;\">Identificar las caracter\u00edsticas espec\u00edficas del modelado de piezas org\u00e1nicas (biomodelado).<\/span><\/li><li style=\"font-weight: 400;\" aria-level=\"1\"><span style=\"font-weight: 400;\">Dise\u00f1ar y modelar en 3D piezas org\u00e1nicas utilizando las herramientas tecnol\u00f3gicas adecuadas seg\u00fan el producto esperado.\u00a0<\/span><\/li><li style=\"font-weight: 400;\" aria-level=\"1\"><span style=\"font-weight: 400;\">Evaluar los dise\u00f1os para la ejecuci\u00f3n de una impresi\u00f3n 3D.\u00a0<\/span><\/li><li style=\"font-weight: 400;\" aria-level=\"1\"><span style=\"font-weight: 400;\">Construir un presupuesto a partir del c\u00e1lculo de costos de insumos y el dise\u00f1o del producto a realizar.\u00a0<\/span><\/li><li style=\"font-weight: 400;\" aria-level=\"1\"><span style=\"font-weight: 400;\">Realizar la impresi\u00f3n y postproducci\u00f3n del modelo 3D con un nivel de calidad satisfactorio.<\/span><\/li><\/ul><p><b><i>Contenidos m\u00ednimos<\/i><\/b><i><span style=\"font-weight: 400;\">:\u00a0<\/span><\/i><\/p><ul><li style=\"font-weight: 400;\" aria-level=\"1\"><span style=\"font-weight: 400;\">Conceptos b\u00e1sicos de biomodelado y la contribuci\u00f3n de la impresi\u00f3n 3D al campo de la salud, la industria y la educaci\u00f3n.\u00a0<\/span><\/li><li style=\"font-weight: 400;\" aria-level=\"1\"><span style=\"font-weight: 400;\">Software para el biomodelado de piezas en 3D. Ventajas y limitaciones. Uso de la IA en el proceso de dise\u00f1o.<\/span><\/li><li style=\"font-weight: 400;\" aria-level=\"1\"><span style=\"font-weight: 400;\">Dise\u00f1o y modelado de piezas org\u00e1nicas y de biomodelado en 3D.\u00a0<\/span><\/li><li style=\"font-weight: 400;\" aria-level=\"1\"><span style=\"font-weight: 400;\">Evaluaci\u00f3n de modelos.\u00a0\u00a0<\/span><\/li><li style=\"font-weight: 400;\" aria-level=\"1\"><span style=\"font-weight: 400;\">Impresi\u00f3n en PLA, postproducci\u00f3n (render) y confecci\u00f3n del plano detalle.<\/span><\/li><li style=\"font-weight: 400;\" aria-level=\"1\"><span style=\"font-weight: 400;\">Elaboraci\u00f3n de presupuestos.\u00a0<\/span><\/li><\/ul><p>\u00a0<\/p><p><b>M\u00f3dulo 4 &#8211;\u00a0 Elaboraci\u00f3n de proyectos de impresi\u00f3n 3D<\/b><\/p><p><b><i>Objetivos de aprendizaje:\u00a0<\/i><\/b><\/p><ul><li style=\"font-weight: 400;\" aria-level=\"1\"><span style=\"font-weight: 400;\">Analizar un caso de implementaci\u00f3n de tecnolog\u00eda de impresi\u00f3n 3D considerando sus implicaciones econ\u00f3micas, sociales, \u00e9ticas y ambientales.<\/span><\/li><li style=\"font-weight: 400;\" aria-level=\"1\"><span style=\"font-weight: 400;\">Elaborar y desarrollar un proyecto que contribuya a solucionar una problem\u00e1tica detectada utilizando la tecnolog\u00eda de impresi\u00f3n de piezas mec\u00e1nicas o biomodelos en 3D, aplicando los conceptos te\u00f3ricos y pautas de trabajo establecidos durante el desarrollo de la Diplomatura.\u00a0<\/span><\/li><\/ul><p><b><i>Contenidos m\u00ednimos:\u00a0<\/i><\/b><\/p><ul><li style=\"font-weight: 400;\" aria-level=\"1\"><span style=\"font-weight: 400;\">An\u00e1lisis de casos de aplicaci\u00f3n de tecnolog\u00edas de impresi\u00f3n 3D.\u00a0<\/span><\/li><li style=\"font-weight: 400;\" aria-level=\"1\"><span style=\"font-weight: 400;\">Aspectos econ\u00f3micos, sociales, \u00e9ticos y ambientales vinculados a la impresi\u00f3n 3D.\u00a0<\/span><\/li><li style=\"font-weight: 400;\" aria-level=\"1\"><span style=\"font-weight: 400;\">Pautas para la elaboraci\u00f3n de proyectos de impresi\u00f3n 3D. Diagn\u00f3stico (identificaci\u00f3n del problema a resolver), formulaci\u00f3n del proyecto (prop\u00f3sito \/ objetivo, plan de trabajo, presupuesto y cronograma), implementaci\u00f3n y evaluaci\u00f3n.\u00a0<\/span><\/li><\/ul><p><b>Metodolog\u00eda<\/b><\/p><p><span style=\"font-weight: 400;\">El diplomado se desarrollar\u00e1 articulando actividades sincr\u00f3nicas a trav\u00e9s de plataforma de videoconferencia, actividades pr\u00e1cticas domiciliarias obligatorias que deber\u00e1n ser registradas y presentadas de acuerdo a las indicaciones realizadas por los docentes tutores y actividades en el entorno virtual institucional (plataforma Moodle).\u00a0<\/span><\/p><p><span style=\"font-weight: 400;\">Las <\/span>pr\u00e1cticas domiciliarias<span style=\"font-weight: 400;\"> consistir\u00e1n especialmente en el manejo de software espec\u00edfico y en la impresi\u00f3n de piezas 3D de acuerdo a las pautas establecidas por los equipos docentes de cada m\u00f3dulo. Para ello, es requisito que los cursantes cuenten con el acceso a una impresora 3D (propia o de terceros).\u00a0<\/span><\/p><p><span style=\"font-weight: 400;\">En caso de no contar con este recurso, estar\u00e1 disponible el Taller de Dise\u00f1o e Impresi\u00f3n 3D de la Facultad de Ciencias Exactas y Naturales y Agrimensura de la UNNE. En caso de utilizar este recurso, los cursantes deber\u00e1n: acordar con el equipo docente d\u00eda y horario de acceso y, tambi\u00e9n, contar con los materiales (filamentos) para la realizaci\u00f3n de la\/s pieza\/s a imprimir. Sin perjuicio de ello, en el trayecto de la Diplomatura se realizar\u00e1n actividades presenciales en el taller de car\u00e1cter optativo. <\/span><\/p><\/div>\n\t\t\t\t\t\t\t\t\t<div class=\"elementor-tab-title elementor-tab-mobile-title\" aria-selected=\"false\" data-tab=\"3\" role=\"tab\" tabindex=\"-1\" aria-controls=\"elementor-tab-content-1283\" aria-expanded=\"false\">Inscripci\u00f3n y preinscripci\u00f3n<\/div>\n\t\t\t\t\t<div id=\"elementor-tab-content-1283\" class=\"elementor-tab-content elementor-clearfix\" data-tab=\"3\" role=\"tabpanel\" aria-labelledby=\"elementor-tab-title-1283\" tabindex=\"0\" hidden=\"hidden\"><p><span style=\"font-weight: 400;\">La Diplomatura tendr\u00e1 una instancia de pre-inscripci\u00f3n habilitada hasta el <\/span><b>6 de junio de 2025\u00a0\u00a0<\/b><\/p><p><span style=\"text-decoration: underline;\"><span style=\"color: #000080;\"><a style=\"color: #000080;\" href=\"https:\/\/docs.google.com\/forms\/d\/e\/1FAIpQLSdcoEHL4-Ls2EoVhnNQzG-vZxiqYNqmAU3wUBySoZZJPybGmA\/viewform\"><span style=\"font-weight: 400;\">\u00a0Pre-inscribite haciendo click aqu\u00ed\u00a0\u00a0<\/span><\/a><\/span><\/span><\/p><p>\u00a0<\/p><p><b>Requisitos de admisi\u00f3n:<\/b><\/p><p><span style=\"font-weight: 400;\">Documentaci\u00f3n a presentar para confirmar la vacante:<\/span><\/p><ul><li style=\"font-weight: 400;\" aria-level=\"1\"><span style=\"font-weight: 400;\">T\u00edtulo secundario o Constancia de finalizaci\u00f3n de estudios secundarios.<\/span><\/li><li style=\"font-weight: 400;\" aria-level=\"1\"><span style=\"font-weight: 400;\">Completar el formulario de inscripci\u00f3n en el SIU GUARAN\u00cd.\u00a0<\/span><\/li><li style=\"font-weight: 400;\" aria-level=\"1\"><span style=\"font-weight: 400;\">Abonar la matr\u00edcula del curso.<\/span><\/li><\/ul><p><b>Conocimientos previos y equipamiento requerido:\u00a0<\/b><\/p><p><span style=\"font-weight: 400;\">Los aspirantes a participar de esta oferta formativa deber\u00e1n tener:\u00a0<\/span><\/p><ul><li style=\"font-weight: 400;\" aria-level=\"1\"><span style=\"font-weight: 400;\">Conocimientos b\u00e1sicos de inform\u00e1tica. No se requieren conocimientos de programaci\u00f3n.\u00a0\u00a0<\/span><\/li><li style=\"font-weight: 400;\" aria-level=\"1\"><span style=\"font-weight: 400;\">Acceso a dispositivo (Tablet, pc, notebook o Smartphone) con conexi\u00f3n a internet, c\u00e1mara y micr\u00f3fono para participar de las clases sincr\u00f3nicas.\u00a0<\/span><\/li><li style=\"font-weight: 400;\" aria-level=\"1\"><span style=\"font-weight: 400;\">Acceso a notebook o PC con conexi\u00f3n a internet para descargar software de dise\u00f1o y realizar las actividades en el aula virtual. Se sugiere que el equipamiento cuente con las siguientes caracter\u00edsticas: Windows 10 o superior, 64 bit, <\/span><span style=\"font-weight: 400;\">Procesador core I3 de 3 Ghz e<\/span><span style=\"font-weight: 400;\">n adelante o similar, M\u00ednimo 4GB de RAM \u2013 Recomendado 8 Gb de RAM, placa de video dedicada 1Gb o superior.<\/span><\/li><li style=\"font-weight: 400;\" aria-level=\"1\"><span style=\"font-weight: 400;\">Acceso a una impresora 3D de cualquier tipo (propia o de terceros).\u00a0<\/span><\/li><li style=\"font-weight: 400;\" aria-level=\"1\"><span style=\"font-weight: 400;\">Software de dise\u00f1o 3D: Dependiendo de sus necesidades, programas como Autodesk Maya, Blender, Cinema 4D, SolidWorks, o similar.<\/span><\/li><\/ul><p><span style=\"font-weight: 400;\">Notas:\u00a0<\/span><\/p><ul><li aria-level=\"1\"><span style=\"font-weight: 400;\">Los\/as cursantes que puedan trasladarse a la sede de la FACENA (campus Deodoro Roca), podr\u00e1n realizar las pr\u00e1cticas en horarios definidos en el Taller de Dise\u00f1o e Impresi\u00f3n 3D de FaCENA. En ese caso, deber\u00e1n contar con los materiales para la impresi\u00f3n (filamentos).\u00a0\u00a0<\/span><\/li><\/ul><ul><li aria-level=\"1\"><span style=\"font-weight: 400;\">El pago del arancel no incluye licencias de software. Los softwares que se utilizar\u00e1n cuentan con versiones libres con las funciones disponibles para las actividades que se desarrollar\u00e1n en los m\u00f3dulos de dise\u00f1o.<\/span><\/li><\/ul><p><span style=\"font-weight: 400;\">\u00a0<\/span><b>Aranceles:\u00a0<\/b><\/p><ul><li style=\"font-weight: 400;\" aria-level=\"1\"><p dir=\"ltr\"><b>Arancel General: <\/b>\u00b7 $ 318.000 <b>o\u00a0<\/b><\/p><div><ul><li>Matr\u00edcula (inscripci\u00f3n):\u00a0 $ 54.000<\/li><li>Cuota 1 (1 al 10 de\u00a0\u00a0julio):\u00a0\u00a0 $ 54.000<\/li><li>Cuota 2 (1 al 10 de\u00a0\u00a0agosto):\u00a0\u00a0\u00a0 $ 54.000<\/li><li>Cuota 3 (1 al 10 de\u00a0\u00a0septiembre): $ 54.000<\/li><li>Cuota 4 (1 al 10 de\u00a0\u00a0\u00a0octubre):\u00a0\u00a0 $ 54.000<\/li><li>Cuota 5 (1 al 10 de\u00a0\u00a0noviembre):\u00a0 $ 54.000<\/li><li><b>Bonificaci\u00f3n por pago total anticipado<\/b> antes del 20 de junio del 2025:\u00a0 <b>$ 288.000\u00a0<\/b><\/li><\/ul><\/div><div><p><b>Arancel Comunidad FaCENA\u00a0<\/b>(docentes, nodocentes, estudiantes y graduados) <b>$\u00a0<\/b> <b>288.000 <\/b>\u00f3<\/p><ul><li>Matr\u00edcula (inscripci\u00f3n): $ 48.000<\/li><li>Cuota 1 (1 al 10 de\u00a0 julio):\u00a0 $ 48.000\u00a0<\/li><li>Cuota 2 (1 al 10 de\u00a0 agosto):\u00a0\u00a0 $ 48.000\u00a0<\/li><li>Cuota 3 (1 al 10 de\u00a0 septiembre):\u00a0\u00a0 $ 48.000<\/li><li>Cuota 4 (1 al 10 de\u00a0\u00a0 octubre):\u00a0 $ 48.000\u00a0<\/li><li>Cuota 5 (1 al 10 de\u00a0 noviembre):\u00a0\u00a0$ 48.000\u00a0<\/li><\/ul><\/div><\/li><\/ul><\/div>\n\t\t\t\t\t\t\t<\/div>\n\t\t<\/div>\n\t\t\t\t\t\t<\/div>\n\t\t\t\t<\/div>\n\t\t\t\t\t<\/div>\n\t\t<\/div>\n\t\t\t\t\t<\/div>\n\t\t<\/section>\n\t\t\t\t<\/div>\n\t\t","protected":false},"excerpt":{"rendered":"<p>Sobre la propuesta Plan de Estudios Inscripci\u00f3n y preinscripci\u00f3n Sobre la propuesta Denominaci\u00f3n:\u00a0Diplomatura Universitaria en Dise\u00f1o e Impresi\u00f3n 3D Plan de Estudios:\u00a0 RES &#8211; 2024 &#8211; 283 &#8211; CD-EXA # UNNE Informaci\u00f3n de contacto: impresion3d@exa.unne.edu.ar Objetivos institucionales La propuesta educativa guarda coherencia con los lineamientos de gesti\u00f3n institucional de la UNNE, la FaCENA en tanto\u00a0 &hellip; <\/p>\n","protected":false},"author":1,"featured_media":0,"parent":0,"menu_order":0,"comment_status":"closed","ping_status":"closed","template":"","meta":{"footnotes":""},"categories":[],"tags":[],"class_list":["post-188","page","type-page","status-publish","hentry"],"_links":{"self":[{"href":"https:\/\/exa.unne.edu.ar\/poee-web\/index.php\/wp-json\/wp\/v2\/pages\/188","targetHints":{"allow":["GET"]}}],"collection":[{"href":"https:\/\/exa.unne.edu.ar\/poee-web\/index.php\/wp-json\/wp\/v2\/pages"}],"about":[{"href":"https:\/\/exa.unne.edu.ar\/poee-web\/index.php\/wp-json\/wp\/v2\/types\/page"}],"author":[{"embeddable":true,"href":"https:\/\/exa.unne.edu.ar\/poee-web\/index.php\/wp-json\/wp\/v2\/users\/1"}],"replies":[{"embeddable":true,"href":"https:\/\/exa.unne.edu.ar\/poee-web\/index.php\/wp-json\/wp\/v2\/comments?post=188"}],"version-history":[{"count":33,"href":"https:\/\/exa.unne.edu.ar\/poee-web\/index.php\/wp-json\/wp\/v2\/pages\/188\/revisions"}],"predecessor-version":[{"id":434,"href":"https:\/\/exa.unne.edu.ar\/poee-web\/index.php\/wp-json\/wp\/v2\/pages\/188\/revisions\/434"}],"wp:attachment":[{"href":"https:\/\/exa.unne.edu.ar\/poee-web\/index.php\/wp-json\/wp\/v2\/media?parent=188"}],"wp:term":[{"taxonomy":"category","embeddable":true,"href":"https:\/\/exa.unne.edu.ar\/poee-web\/index.php\/wp-json\/wp\/v2\/categories?post=188"},{"taxonomy":"post_tag","embeddable":true,"href":"https:\/\/exa.unne.edu.ar\/poee-web\/index.php\/wp-json\/wp\/v2\/tags?post=188"}],"curies":[{"name":"wp","href":"https:\/\/api.w.org\/{rel}","templated":true}]}}