{"id":186,"date":"2024-06-19T17:51:14","date_gmt":"2024-06-19T17:51:14","guid":{"rendered":"https:\/\/exa.unne.edu.ar\/poee-web\/?page_id=186"},"modified":"2024-07-04T18:44:14","modified_gmt":"2024-07-04T18:44:14","slug":"diplomatura-desarrolloweb","status":"publish","type":"page","link":"https:\/\/exa.unne.edu.ar\/poee-web\/index.php\/diplomatura-desarrolloweb\/","title":{"rendered":""},"content":{"rendered":"\t\t<div data-elementor-type=\"wp-page\" data-elementor-id=\"186\" class=\"elementor elementor-186\">\n\t\t\t\t\t\t<section class=\"elementor-section elementor-top-section elementor-element elementor-element-92271d7 elementor-section-boxed elementor-section-height-default elementor-section-height-default\" data-id=\"92271d7\" data-element_type=\"section\">\n\t\t\t\t\t\t<div class=\"elementor-container elementor-column-gap-default\">\n\t\t\t\t\t<div class=\"elementor-column elementor-col-100 elementor-top-column elementor-element elementor-element-5d7b817\" data-id=\"5d7b817\" data-element_type=\"column\">\n\t\t\t<div class=\"elementor-widget-wrap elementor-element-populated\">\n\t\t\t\t\t\t<div class=\"elementor-element elementor-element-e12ae43 elementor-widget elementor-widget-image\" data-id=\"e12ae43\" data-element_type=\"widget\" data-widget_type=\"image.default\">\n\t\t\t\t<div class=\"elementor-widget-container\">\n\t\t\t\t\t\t\t\t\t\t\t\t\t\t\t<img fetchpriority=\"high\" decoding=\"async\" width=\"1020\" height=\"283\" src=\"https:\/\/exa.unne.edu.ar\/poee-web\/wp-content\/uploads\/2024\/07\/Licenciatura-en-Didactica-de-la-Matematica-9-1024x284.png\" class=\"attachment-large size-large wp-image-300\" alt=\"\" srcset=\"https:\/\/exa.unne.edu.ar\/poee-web\/wp-content\/uploads\/2024\/07\/Licenciatura-en-Didactica-de-la-Matematica-9-1024x284.png 1024w, https:\/\/exa.unne.edu.ar\/poee-web\/wp-content\/uploads\/2024\/07\/Licenciatura-en-Didactica-de-la-Matematica-9-300x83.png 300w, https:\/\/exa.unne.edu.ar\/poee-web\/wp-content\/uploads\/2024\/07\/Licenciatura-en-Didactica-de-la-Matematica-9-768x213.png 768w, https:\/\/exa.unne.edu.ar\/poee-web\/wp-content\/uploads\/2024\/07\/Licenciatura-en-Didactica-de-la-Matematica-9-1536x427.png 1536w, https:\/\/exa.unne.edu.ar\/poee-web\/wp-content\/uploads\/2024\/07\/Licenciatura-en-Didactica-de-la-Matematica-9-216x60.png 216w, https:\/\/exa.unne.edu.ar\/poee-web\/wp-content\/uploads\/2024\/07\/Licenciatura-en-Didactica-de-la-Matematica-9.png 1800w\" sizes=\"(max-width: 1020px) 100vw, 1020px\" \/>\t\t\t\t\t\t\t\t\t\t\t\t\t\t\t<\/div>\n\t\t\t\t<\/div>\n\t\t\t\t\t<\/div>\n\t\t<\/div>\n\t\t\t\t\t<\/div>\n\t\t<\/section>\n\t\t\t\t<section class=\"elementor-section elementor-top-section elementor-element elementor-element-ec5f19b elementor-section-boxed elementor-section-height-default elementor-section-height-default\" data-id=\"ec5f19b\" data-element_type=\"section\">\n\t\t\t\t\t\t<div class=\"elementor-container elementor-column-gap-default\">\n\t\t\t\t\t<div class=\"elementor-column elementor-col-100 elementor-top-column elementor-element elementor-element-9429d4c\" data-id=\"9429d4c\" data-element_type=\"column\">\n\t\t\t<div class=\"elementor-widget-wrap elementor-element-populated\">\n\t\t\t\t\t\t<div class=\"elementor-element elementor-element-4cf5a82 elementor-widget elementor-widget-heading\" data-id=\"4cf5a82\" data-element_type=\"widget\" data-widget_type=\"heading.default\">\n\t\t\t\t<div class=\"elementor-widget-container\">\n\t\t\t\t\t<h2 class=\"elementor-heading-title elementor-size-default\">Diplomatura Universitaria en Desarrollo Web<\/h2>\t\t\t\t<\/div>\n\t\t\t\t<\/div>\n\t\t\t\t<div class=\"elementor-element elementor-element-7aabb98 elementor-tabs-view-horizontal elementor-widget elementor-widget-tabs\" data-id=\"7aabb98\" data-element_type=\"widget\" data-widget_type=\"tabs.default\">\n\t\t\t\t<div class=\"elementor-widget-container\">\n\t\t\t\t\t\t\t<div class=\"elementor-tabs\">\n\t\t\t<div class=\"elementor-tabs-wrapper\" role=\"tablist\" >\n\t\t\t\t\t\t\t\t\t<div id=\"elementor-tab-title-1281\" class=\"elementor-tab-title elementor-tab-desktop-title\" aria-selected=\"true\" data-tab=\"1\" role=\"tab\" tabindex=\"0\" aria-controls=\"elementor-tab-content-1281\" aria-expanded=\"false\">Sobre la propuesta<\/div>\n\t\t\t\t\t\t\t\t\t<div id=\"elementor-tab-title-1282\" class=\"elementor-tab-title elementor-tab-desktop-title\" aria-selected=\"false\" data-tab=\"2\" role=\"tab\" tabindex=\"-1\" aria-controls=\"elementor-tab-content-1282\" aria-expanded=\"false\">Plan de Estudios<\/div>\n\t\t\t\t\t\t\t\t\t<div id=\"elementor-tab-title-1283\" class=\"elementor-tab-title elementor-tab-desktop-title\" aria-selected=\"false\" data-tab=\"3\" role=\"tab\" tabindex=\"-1\" aria-controls=\"elementor-tab-content-1283\" aria-expanded=\"false\">Cuerpo acad\u00e9mico y de gesti\u00f3n<\/div>\n\t\t\t\t\t\t\t\t\t<div id=\"elementor-tab-title-1284\" class=\"elementor-tab-title elementor-tab-desktop-title\" aria-selected=\"false\" data-tab=\"4\" role=\"tab\" tabindex=\"-1\" aria-controls=\"elementor-tab-content-1284\" aria-expanded=\"false\">Destinatarios<\/div>\n\t\t\t\t\t\t\t\t\t<div id=\"elementor-tab-title-1285\" class=\"elementor-tab-title elementor-tab-desktop-title\" aria-selected=\"false\" data-tab=\"5\" role=\"tab\" tabindex=\"-1\" aria-controls=\"elementor-tab-content-1285\" aria-expanded=\"false\">Inscripci\u00f3n<\/div>\n\t\t\t\t\t\t\t<\/div>\n\t\t\t<div class=\"elementor-tabs-content-wrapper\" role=\"tablist\" aria-orientation=\"vertical\">\n\t\t\t\t\t\t\t\t\t<div class=\"elementor-tab-title elementor-tab-mobile-title\" aria-selected=\"true\" data-tab=\"1\" role=\"tab\" tabindex=\"0\" aria-controls=\"elementor-tab-content-1281\" aria-expanded=\"false\">Sobre la propuesta<\/div>\n\t\t\t\t\t<div id=\"elementor-tab-content-1281\" class=\"elementor-tab-content elementor-clearfix\" data-tab=\"1\" role=\"tabpanel\" aria-labelledby=\"elementor-tab-title-1281\" tabindex=\"0\" hidden=\"false\"><p><b>Denominaci\u00f3n:<\/b><span style=\"font-weight: 400;\">\u00a0Diplomatura Universitaria en Desarrollo Web<\/span><\/p><p><b>Plan de Estudios:<\/b><span style=\"font-weight: 400;\"> RES &#8211; 2024 &#8211; 355 &#8211; CD-EXA # UNNE<\/span><\/p><p><strong>Informaci\u00f3n de contacto:<\/strong> <a href=\"mailto:mirta.fernandez@comunidad.unne.edu.ar\">mirta.fernandez@comunidad.unne.edu.ar<\/a><\/p><p>\u00a0<\/p><p><b>Objetivos institucionales<\/b><\/p><p><span style=\"font-weight: 400;\">Continuar aportando a la formaci\u00f3n de recursos humanos especializados en la programaci\u00f3n de computadoras mediante el desarrollo de ofertas educativas alineadas con las demandas actuales del mercado y las necesidades de desarrollo de la regi\u00f3n.<\/span><\/p><p><b>Formaci\u00f3n<\/b><\/p><p><span style=\"font-weight: 400;\">Como resultado de esta propuesta formativa se espera que los participantes adquieran las capacidades y competencias necesarias para:<\/span><\/p><ul><li style=\"font-weight: 400;\" aria-level=\"1\"><span style=\"font-weight: 400;\">Comprender el rol y las aplicaciones de un <\/span><i><span style=\"font-weight: 400;\">Developer<\/span><\/i><span style=\"font-weight: 400;\"> o desarrollador de software en diversos contextos.<\/span><\/li><li style=\"font-weight: 400;\" aria-level=\"1\"><span style=\"font-weight: 400;\">Definir la estructura de un sitio web mediante el uso del lenguaje HTML.<\/span><\/li><li style=\"font-weight: 400;\" aria-level=\"1\"><span style=\"font-weight: 400;\">Aplicar estilos, organizar elementos y mejorar la est\u00e9tica de una p\u00e1gina web utilizando CSS.<\/span><\/li><li style=\"font-weight: 400;\" aria-level=\"1\"><span style=\"font-weight: 400;\">Dotar de funcionalidad a los sitios web mediante el uso de lenguajes y herramientas espec\u00edficas.<\/span><\/li><li style=\"font-weight: 400;\" aria-level=\"1\"><span style=\"font-weight: 400;\">Gestionar la l\u00f3gica y la comunicaci\u00f3n con el servidor y las bases de datos.<\/span><\/li><li style=\"font-weight: 400;\" aria-level=\"1\"><span style=\"font-weight: 400;\">Utilizar los principales frameworks y entornos web, como Angular, Laravel, React y Node.js.<\/span> <span style=\"font-weight: 400;\">para facilitar la creaci\u00f3n de aplicaciones interactivas y din\u00e1micas.\u00a0<\/span><\/li><li style=\"font-weight: 400;\" aria-level=\"1\"><span style=\"font-weight: 400;\">Aplicar las mejores pr\u00e1cticas de desarrollo web adoptadas por las comunidades de desarrollo.<\/span><\/li><li style=\"font-weight: 400;\" aria-level=\"1\"><span style=\"font-weight: 400;\">Adquirir nociones b\u00e1sicas para una gesti\u00f3n eficiente de proyectos web.<\/span><\/li><\/ul><p><b>Carga horaria total:\u00a0<\/b><span style=\"font-weight: 400;\">200 h. reloj.<\/span><\/p><p><b>Duraci\u00f3n del programa en meses:\u00a0<\/b><span style=\"font-weight: 400;\">7 (siete) meses.<\/span><b>\u00a0<\/b><\/p><p><b>Inicio: <\/b><span style=\"font-weight: 400;\">\u00a0\u00a0<\/span><span style=\"font-weight: 400;\">agosto 2024 <\/span><\/p><\/div>\n\t\t\t\t\t\t\t\t\t<div class=\"elementor-tab-title elementor-tab-mobile-title\" aria-selected=\"false\" data-tab=\"2\" role=\"tab\" tabindex=\"-1\" aria-controls=\"elementor-tab-content-1282\" aria-expanded=\"false\">Plan de Estudios<\/div>\n\t\t\t\t\t<div id=\"elementor-tab-content-1282\" class=\"elementor-tab-content elementor-clearfix\" data-tab=\"2\" role=\"tabpanel\" aria-labelledby=\"elementor-tab-title-1282\" tabindex=\"0\" hidden=\"hidden\"><p><b>M\u00f3dulo 1:<\/b> <b>Introducci\u00f3n a la programaci\u00f3n web<\/b><\/p><p><b>Carga horaria: <\/b><span style=\"font-weight: 400;\">30 hs.<\/span><\/p><p><b>Objetivos:\u00a0<\/b><\/p><p><span style=\"font-weight: 400;\">Como m\u00f3dulo proped\u00e9utico, tiene como objetivos capacitar a los estudiantes para que adquieran los conocimientos y habilidades necesarios para dise\u00f1ar, desarrollar e implementar aplicaciones web modernas, eficientes y funcionales, utilizando tecnolog\u00edas y herramientas de programaci\u00f3n, as\u00ed como comprender los principios fundamentales de dise\u00f1o web y las mejores pr\u00e1cticas de desarrollo para satisfacer las demandas del mercado laboral actual en el campo de la programaci\u00f3n web.<\/span><\/p><p><b>Contenidos m\u00ednimos:\u00a0<\/b><\/p><p><span style=\"font-weight: 400;\">Introducci\u00f3n a la programaci\u00f3n. \u00bfQu\u00e9 es la Programaci\u00f3n? Lenguajes de Programaci\u00f3n. Entornos de Desarrollo (IDEs). Fundamentos de la L\u00f3gica de Programaci\u00f3n. Conceptos B\u00e1sicos. Funciones y Procedimientos. Resoluci\u00f3n de Problemas. Enfoques para la resoluci\u00f3n de problemas de programaci\u00f3n.<\/span><\/p><p>\u00a0<\/p><p><b>M\u00f3dulo 2:<\/b> <b>Desarrollo FrontEnd con HTML, CSS y JavaScript<\/b><\/p><p><b>Carga horaria: <\/b><span style=\"font-weight: 400;\">20 hs.<\/span><\/p><p><b>Objetivos:<\/b><\/p><p><span style=\"font-weight: 400;\">Desarrollar en los participantes las habilidades necesarias para dise\u00f1ar, implementar y mantener interfaces de usuario interactivas y funcionales. Esto se lograr\u00e1 abordando el dise\u00f1o est\u00e1tico del FrontEnd con HTML, aplicando estilos con CSS y a\u00f1adiendo funcionalidades b\u00e1sicas mediante JavaScript, con \u00e9nfasis en el uso del framework Bootstrap. Se espera proporcionar una comprensi\u00f3n integral de los principios y tecnolog\u00edas esenciales utilizadas en el desarrollo est\u00e9tico de una p\u00e1gina web.<\/span><\/p><p><b>Contenidos m\u00ednimos:\u00a0<\/b><\/p><p><span style=\"font-weight: 400;\">Introducci\u00f3n al Desarrollo Web. HTML (Hypertext Markup Language). CSS (Cascading Style Sheets). Utilizando JavaScript. Framework Bootstrap. Desarrollo de un proyecto web b\u00e1sico (Proyecto Pr\u00e1ctico).<\/span><\/p><p>\u00a0<\/p><p><b>M\u00f3dulo 3:<\/b> <b>Desarrollo FrontEnd con Angular<\/b><\/p><p><b>Carga horaria: <\/b><span style=\"font-weight: 400;\">30 hs.<\/span><\/p><p><b>Objetivos:<\/b><\/p><p><span style=\"font-weight: 400;\">Brindar a los alumnos capacitaci\u00f3n en el dise\u00f1o, implementaci\u00f3n y mantenimiento de aplicaciones web din\u00e1micas y modernas utilizando el framework Angular, as\u00ed como dominar los principios fundamentales de TypeScript, la arquitectura de Angular y las mejores pr\u00e1cticas de desarrollo web.<\/span><\/p><p><b>Contenidos m\u00ednimos:\u00a0<\/b><\/p><p><span style=\"font-weight: 400;\">Introducci\u00f3n a Angular y TypeScript. Componentes y Directivas en Angular. Gesti\u00f3n de Datos y Servicios. Enrutamiento y Navegaci\u00f3n. Optimizaci\u00f3n del proyecto web (Proyecto Pr\u00e1ctico).<\/span><\/p><p>\u00a0<\/p><p><b>M\u00f3dulo 4:<\/b> <b>Introducci\u00f3n a las Bases de Datos<\/b><\/p><p><b>Carga horaria: <\/b><span style=\"font-weight: 400;\">30 hs.<\/span><\/p><p><b>Objetivos:<\/b><\/p><p><span style=\"font-weight: 400;\">Capacitar a los estudiantes en el dise\u00f1o, implementaci\u00f3n y gesti\u00f3n efectiva de bases de datos para aplicaciones web, proporcionando un entendimiento integral de los conceptos fundamentales de bases de datos, la diferencia entre bases de datos relacionales y no relacionales (NoSQL), las pr\u00e1cticas de seguridad y mantenimiento de bases de datos, as\u00ed como las t\u00e9cnicas para integrar y acceder a las bases de datos desde aplicaciones web de manera eficiente y segura.<\/span><\/p><p><b>Contenidos m\u00ednimos:\u00a0<\/b><\/p><p><span style=\"font-weight: 400;\">Conceptos Fundamentales de Bases de Datos. Bases de Datos Relacionales y No Relacionales (NoSQL) Acceso a Bases de Datos desde Aplicaciones Web. Seguridad y Mantenimiento de Bases de Datos. Integraci\u00f3n de Bases de Datos en Aplicaciones Web.<\/span><\/p><p>\u00a0<\/p><p><b>M\u00f3dulo 5:<\/b> <b>Desarrollo BackEnd con Laravel<\/b><\/p><p><b>Carga horaria: <\/b><span style=\"font-weight: 400;\">40 hs.<\/span><\/p><p><b>Objetivos a lograr:<\/b><\/p><p><span style=\"font-weight: 400;\">El objetivo de este m\u00f3dulo es capacitar a los participantes para desarrollar aplicaciones web profesionales utilizando el framework Laravel.\u00a0<\/span><\/p><p><b>Contenidos m\u00ednimos:\u00a0<\/b><\/p><p><span style=\"font-weight: 400;\">Fundamentos de Laravel. Introducci\u00f3n a PHP. Instalaci\u00f3n y configuraci\u00f3n de Laravel. Creaci\u00f3n de rutas, controladores y vistas. Uso de Eloquent ORM para interactuar con bases de datos. Implementaci\u00f3n de autenticaci\u00f3n y autorizaci\u00f3n.<\/span><\/p><p><b>M\u00f3dulo 6:<\/b> <b>Desarrollo integral de un proyecto web<\/b><\/p><p><b>Carga horaria: <\/b><span style=\"font-weight: 400;\">40 hs.<\/span><\/p><p><b>Objetivos:<\/b><\/p><p><span style=\"font-weight: 400;\">Integrar los conocimientos adquiridos en los m\u00f3dulos anteriores para desarrollar una aplicaci\u00f3n web completa aplicando pr\u00e1cticas de desarrollo \u00e1gil y metodolog\u00edas de trabajo en equipo. Proporcionar a los alumnos un conjunto de m\u00e9todos, t\u00e9cnicas y conocimientos necesarios para planificar y ejecutar el desarrollo web de manera eficiente, asegurando el logro de metas dentro de los plazos y costos predeterminados. Presentar y defender el proyecto final ante el grupo y el equipo docente.<\/span><\/p><p><b>Contenidos m\u00ednimos:<\/b><\/p><p><span style=\"font-weight: 400;\">Revisi\u00f3n y refuerzo de los conceptos clave de desarrollo frontend y backend. Dise\u00f1o e implementaci\u00f3n de la arquitectura de la aplicaci\u00f3n. Implementaci\u00f3n de funcionalidades frontend y backend. Integraci\u00f3n de bases de datos y gesti\u00f3n de la persistencia de datos. Despliegue y puesta en producci\u00f3n de la aplicaci\u00f3n. Taller pr\u00e1ctico de desarrollo \u00e1gil y gesti\u00f3n de proyectos software<\/span><\/p><p>\u00a0<\/p><p><b><i>Modalidad:\u00a0<\/i><\/b><\/p><p><span style=\"font-weight: 400;\">La Diplomatura se implementa bajo la opci\u00f3n a distancia.<\/span><\/p><p><span style=\"font-weight: 400;\">Se llevar\u00e1 a cabo mediante una combinaci\u00f3n de clases magistrales, sesiones pr\u00e1cticas en vivo, tutoriales grabados, y trabajo aut\u00f3nomo guiado. Se utilizar\u00e1n plataformas de aprendizaje en l\u00ednea y herramientas de colaboraci\u00f3n para facilitar la interacci\u00f3n entre los estudiantes el equipo docente.<\/span><\/p><\/div>\n\t\t\t\t\t\t\t\t\t<div class=\"elementor-tab-title elementor-tab-mobile-title\" aria-selected=\"false\" data-tab=\"3\" role=\"tab\" tabindex=\"-1\" aria-controls=\"elementor-tab-content-1283\" aria-expanded=\"false\">Cuerpo acad\u00e9mico y de gesti\u00f3n<\/div>\n\t\t\t\t\t<div id=\"elementor-tab-content-1283\" class=\"elementor-tab-content elementor-clearfix\" data-tab=\"3\" role=\"tabpanel\" aria-labelledby=\"elementor-tab-title-1283\" tabindex=\"0\" hidden=\"hidden\"><p><b><i>Coordinadora:<\/i><\/b><span style=\"font-weight: 400;\">\u00a0 <\/span><span style=\"font-weight: 400;\">Lic. Mirta Fern\u00e1ndez (Coordinadora)<\/span><\/p><p>\u00a0<\/p><p><b><i>Comit\u00e9 Asesor:\u00a0<\/i><\/b><\/p><ul><li><span style=\"font-weight: 400;\">Mgter. Viviana Godoy Guglielmone<\/span><\/li><li><span style=\"font-weight: 400;\">Lic. Walter Barrios Gast\u00f3n<\/span><\/li><li><span style=\"font-weight: 400;\">Lic. Villegas, Dar\u00edo Oscar<\/span><\/li><\/ul><p><b><i>Equipo Docente<\/i><\/b><\/p><ul><li><span style=\"font-weight: 400;\">Mgter. Alejandro Soler<\/span><\/li><li><span style=\"font-weight: 400;\">Lic. Alejandra Matoso<\/span><\/li><li><span style=\"font-weight: 400;\">Lic. Walter Barrios Gast\u00f3n<\/span><\/li><li><span style=\"font-weight: 400;\">Lic. Medina Griselda Noem\u00ed<\/span><\/li><li><span style=\"font-weight: 400;\">Lic. Mart\u00edn Atl\u00e1ntico Rodr\u00edguez<\/span><\/li><li><span style=\"font-weight: 400;\">Lic. Facundo Pelozo<\/span><\/li><li><span style=\"font-weight: 400;\">Lic. Rodrigo Zalazar<\/span><\/li><li><span style=\"font-weight: 400;\">Lic. Alberto Romero<\/span><\/li><\/ul><\/div>\n\t\t\t\t\t\t\t\t\t<div class=\"elementor-tab-title elementor-tab-mobile-title\" aria-selected=\"false\" data-tab=\"4\" role=\"tab\" tabindex=\"-1\" aria-controls=\"elementor-tab-content-1284\" aria-expanded=\"false\">Destinatarios<\/div>\n\t\t\t\t\t<div id=\"elementor-tab-content-1284\" class=\"elementor-tab-content elementor-clearfix\" data-tab=\"4\" role=\"tabpanel\" aria-labelledby=\"elementor-tab-title-1284\" tabindex=\"0\" hidden=\"hidden\"><p><span style=\"font-weight: 400;\">Personas interesadas en la programaci\u00f3n web con conocimientos inform\u00e1ticos b\u00e1sicos y computadora con conexi\u00f3n a Internet.<\/span><\/p><\/div>\n\t\t\t\t\t\t\t\t\t<div class=\"elementor-tab-title elementor-tab-mobile-title\" aria-selected=\"false\" data-tab=\"5\" role=\"tab\" tabindex=\"-1\" aria-controls=\"elementor-tab-content-1285\" aria-expanded=\"false\">Inscripci\u00f3n<\/div>\n\t\t\t\t\t<div id=\"elementor-tab-content-1285\" class=\"elementor-tab-content elementor-clearfix\" data-tab=\"5\" role=\"tabpanel\" aria-labelledby=\"elementor-tab-title-1285\" tabindex=\"0\" hidden=\"hidden\"><p><strong>Preinscripci\u00f3n<\/strong><\/p><p>La Diplomatura tendr\u00e1 una instancia de pre-inscripci\u00f3n habilitada hasta el 22 de julio de 2024.<\/p><p><span style=\"text-decoration: underline;\"><span style=\"color: #000080; text-decoration: underline;\"><a style=\"color: #000080; text-decoration: underline;\" href=\"https:\/\/docs.google.com\/forms\/d\/e\/1FAIpQLSfSvZKpuCuoJfZfcjZWcb-5BK5LS7lwrTqWdL7lLLu12rm8_A\/viewform\">Pod\u00e9s preinscribirte haciendo click aqu<\/a><\/span>\u00ed<\/span><\/p><p>La Coordinaci\u00f3n enviar\u00e1 un correo electr\u00f3nico a la persona pre inscripta asignando la vacante en la Diplomatura e indicando los medios de pago (transferencia o tarjeta de cr\u00e9dito en un pago).<\/p><p><strong>Inscripci\u00f3n:<\/strong><\/p><p>Para confirmar la vacante deber\u00e1 enviar la documentaci\u00f3n solicitada y el comprobante de pago del arancel correspondiente antes del 5 de agosto de 2024.<\/p><p>Pre-inscripci\u00f3n: 28 de junio al 22 de julio 2024<\/p><p>Inscripci\u00f3n definitiva: hasta el 5 de agosto 2024 o hasta completar las vacantes.<\/p><p><strong>Requisitos de admisi\u00f3n:<\/strong><\/p><ul><li>T\u00edtulo del nivel secundario<\/li><li>Completar el formulario de inscripci\u00f3n en el SIU GUARAN\u00cd.\u00a0<\/li><li>Abonar la matr\u00edcula del curso.<\/li><\/ul><p><strong>Importante:<\/strong> Los cursantes deber\u00e1n contar con conocimientos de inform\u00e1tica b\u00e1sica y disponibilidad de computadora con conexi\u00f3n a Internet.<\/p><p><strong>\u00a0<\/strong><\/p><p><strong>Aranceles:\u00a0<\/strong><\/p><p>Matr\u00edcula (julio 2024) de $ 20.000 (el pago confirma la inscripci\u00f3n)<\/p><p>5 cuotas (agosto a diciembre 2024) de $40.000\u00a0\u00a0\u00a0\u00a0\u00a0\u00a0<\/p><p>2 cuotas (marzo a abril 2025) de $ 48.000<\/p><p><strong>Consultas:\u00a0\u00a0<\/strong><a href=\"mailto:mirta.fernandez@comunidad.unne.edu.ar\">mirta.fernandez@comunidad.unne.edu.ar<\/a><\/p><\/div>\n\t\t\t\t\t\t\t<\/div>\n\t\t<\/div>\n\t\t\t\t\t\t<\/div>\n\t\t\t\t<\/div>\n\t\t\t\t\t<\/div>\n\t\t<\/div>\n\t\t\t\t\t<\/div>\n\t\t<\/section>\n\t\t\t\t<\/div>\n\t\t","protected":false},"excerpt":{"rendered":"<p>Diplomatura Universitaria en Desarrollo Web Sobre la propuesta Plan de Estudios Cuerpo acad\u00e9mico y de gesti\u00f3n Destinatarios Inscripci\u00f3n Sobre la propuesta Denominaci\u00f3n:\u00a0Diplomatura Universitaria en Desarrollo Web Plan de Estudios: RES &#8211; 2024 &#8211; 355 &#8211; CD-EXA # UNNE Informaci\u00f3n de contacto: mirta.fernandez@comunidad.unne.edu.ar \u00a0 Objetivos institucionales Continuar aportando a la formaci\u00f3n de recursos humanos especializados en &hellip; <\/p>\n","protected":false},"author":1,"featured_media":0,"parent":0,"menu_order":0,"comment_status":"closed","ping_status":"closed","template":"","meta":{"footnotes":""},"categories":[],"tags":[],"class_list":["post-186","page","type-page","status-publish","hentry"],"_links":{"self":[{"href":"https:\/\/exa.unne.edu.ar\/poee-web\/index.php\/wp-json\/wp\/v2\/pages\/186","targetHints":{"allow":["GET"]}}],"collection":[{"href":"https:\/\/exa.unne.edu.ar\/poee-web\/index.php\/wp-json\/wp\/v2\/pages"}],"about":[{"href":"https:\/\/exa.unne.edu.ar\/poee-web\/index.php\/wp-json\/wp\/v2\/types\/page"}],"author":[{"embeddable":true,"href":"https:\/\/exa.unne.edu.ar\/poee-web\/index.php\/wp-json\/wp\/v2\/users\/1"}],"replies":[{"embeddable":true,"href":"https:\/\/exa.unne.edu.ar\/poee-web\/index.php\/wp-json\/wp\/v2\/comments?post=186"}],"version-history":[{"count":19,"href":"https:\/\/exa.unne.edu.ar\/poee-web\/index.php\/wp-json\/wp\/v2\/pages\/186\/revisions"}],"predecessor-version":[{"id":318,"href":"https:\/\/exa.unne.edu.ar\/poee-web\/index.php\/wp-json\/wp\/v2\/pages\/186\/revisions\/318"}],"wp:attachment":[{"href":"https:\/\/exa.unne.edu.ar\/poee-web\/index.php\/wp-json\/wp\/v2\/media?parent=186"}],"wp:term":[{"taxonomy":"category","embeddable":true,"href":"https:\/\/exa.unne.edu.ar\/poee-web\/index.php\/wp-json\/wp\/v2\/categories?post=186"},{"taxonomy":"post_tag","embeddable":true,"href":"https:\/\/exa.unne.edu.ar\/poee-web\/index.php\/wp-json\/wp\/v2\/tags?post=186"}],"curies":[{"name":"wp","href":"https:\/\/api.w.org\/{rel}","templated":true}]}}