{"id":65,"date":"2022-09-21T14:45:52","date_gmt":"2022-09-21T14:45:52","guid":{"rendered":"https:\/\/exa.unne.edu.ar\/ingresantes-web\/?page_id=65"},"modified":"2023-11-08T14:43:19","modified_gmt":"2023-11-08T14:43:19","slug":"ingenieria-en-agrimensura","status":"publish","type":"page","link":"https:\/\/exa.unne.edu.ar\/ingresantes-web\/index.php\/ingenieria-en-agrimensura\/","title":{"rendered":"Ingenier\u00eda en Agrimensura"},"content":{"rendered":"\t\t<div data-elementor-type=\"wp-page\" data-elementor-id=\"65\" class=\"elementor elementor-65\">\n\t\t\t\t\t\t<section class=\"elementor-section elementor-top-section elementor-element elementor-element-91470ef elementor-section-boxed elementor-section-height-default elementor-section-height-default\" data-id=\"91470ef\" data-element_type=\"section\" data-e-type=\"section\">\n\t\t\t\t\t\t<div class=\"elementor-container elementor-column-gap-default\">\n\t\t\t\t\t<div class=\"elementor-column elementor-col-100 elementor-top-column elementor-element elementor-element-89890a0\" data-id=\"89890a0\" data-element_type=\"column\" data-e-type=\"column\">\n\t\t\t<div class=\"elementor-widget-wrap elementor-element-populated\">\n\t\t\t\t\t\t<div class=\"elementor-element elementor-element-fc654aa elementor-widget elementor-widget-text-editor\" data-id=\"fc654aa\" data-element_type=\"widget\" data-e-type=\"widget\" data-widget_type=\"text-editor.default\">\n\t\t\t\t<div class=\"elementor-widget-container\">\n\t\t\t\t\t\t\t\t\t<p><strong>Directora:\u00a0<\/strong>Esp. Agrim. Valeria Sara Titiosky (<a href=\"mailto:vstitios@exa.unne.edu.ar\">vstitios@exa.unne.edu.ar <\/a>\u00a0<strong>&#8211;\u00a0 <\/strong><a href=\"mailto:vstitios@gmail.com\">vstitios@gmail.com<\/a>)<\/p><p><strong>T\u00edtulo que otorga:\u00a0<\/strong>Ingeniero Agrimensor (<a href=\"http:\/\/exa.unne.edu.ar\/carreras\/docs\/Res-1110.09_ing_agrimensor.pdf\" target=\"_blank\" rel=\"noopener\">Resoluci\u00f3n<\/a>)<\/p><p><strong>Carga Horaria: <\/strong>3952 hs. presenciales.<\/p><p><strong>Duraci\u00f3n:\u00a0<\/strong>5 a\u00f1os<\/p>\t\t\t\t\t\t\t\t<\/div>\n\t\t\t\t<\/div>\n\t\t\t\t\t<\/div>\n\t\t<\/div>\n\t\t\t\t\t<\/div>\n\t\t<\/section>\n\t\t\t\t<section class=\"elementor-section elementor-top-section elementor-element elementor-element-ce67e83 elementor-section-boxed elementor-section-height-default elementor-section-height-default\" data-id=\"ce67e83\" data-element_type=\"section\" data-e-type=\"section\">\n\t\t\t\t\t\t<div class=\"elementor-container elementor-column-gap-default\">\n\t\t\t\t\t<div class=\"elementor-column elementor-col-100 elementor-top-column elementor-element elementor-element-97cc560\" data-id=\"97cc560\" data-element_type=\"column\" data-e-type=\"column\">\n\t\t\t<div class=\"elementor-widget-wrap elementor-element-populated\">\n\t\t\t\t\t\t<div class=\"elementor-element elementor-element-af6128a elementor-widget elementor-widget-accordion\" data-id=\"af6128a\" data-element_type=\"widget\" data-e-type=\"widget\" data-widget_type=\"accordion.default\">\n\t\t\t\t<div class=\"elementor-widget-container\">\n\t\t\t\t\t\t\t<div class=\"elementor-accordion\">\n\t\t\t\t\t\t\t<div class=\"elementor-accordion-item\">\n\t\t\t\t\t<div id=\"elementor-tab-title-1831\" class=\"elementor-tab-title\" data-tab=\"1\" role=\"button\" aria-controls=\"elementor-tab-content-1831\" aria-expanded=\"false\">\n\t\t\t\t\t\t\t\t\t\t\t\t\t<span class=\"elementor-accordion-icon elementor-accordion-icon-left\" aria-hidden=\"true\">\n\t\t\t\t\t\t\t\t\t\t\t\t\t\t\t<span class=\"elementor-accordion-icon-closed\"><i class=\"fas fa-plus\"><\/i><\/span>\n\t\t\t\t\t\t\t\t<span class=\"elementor-accordion-icon-opened\"><i class=\"fas fa-minus\"><\/i><\/span>\n\t\t\t\t\t\t\t\t\t\t\t\t\t\t<\/span>\n\t\t\t\t\t\t\t\t\t\t\t\t<a class=\"elementor-accordion-title\" tabindex=\"0\">Campo profesional<\/a>\n\t\t\t\t\t<\/div>\n\t\t\t\t\t<div id=\"elementor-tab-content-1831\" class=\"elementor-tab-content elementor-clearfix\" data-tab=\"1\" role=\"region\" aria-labelledby=\"elementor-tab-title-1831\"><p align=\"justify\">Considerando la definici\u00f3n de Agrimensor que ha sido dada por la Federaci\u00f3n Internacional de Ge\u00f3metras:<\/p><p align=\"justify\">El Agrimensor es el profesional con la formaci\u00f3n acad\u00e9mica y experiencia t\u00e9cnica para practicar la ciencia de la medida; para acopiar y valorar informaci\u00f3n geogr\u00e1fica y del suelo, usar esta informaci\u00f3n territorial con fines de planeamiento e implementaci\u00f3n de una eficiente administraci\u00f3n del suelo, del mar y\u00a0 las estructuras consiguientes, y fomentar el avance y desarrollo de tales pr\u00e1cticas.<\/p><p align=\"justify\">El ejercicio profesional del Agrimensor se refiere a las actividades que se desarrollan en,\u00a0 sobre \u00f3 debajo de la superficie del suelo y del mar.<\/p><p align=\"justify\">El campo profesional comprende desde la realizaci\u00f3n de las\u00a0 mensuras hasta la ejecuci\u00f3n de los levantamientos planialtim\u00e9tricos para la georreferenciaci\u00f3n de la informaci\u00f3n\u00a0 del territorio;\u00a0 desde la ejecuci\u00f3n del control de mecanismos e instalaciones dados por la aplicaci\u00f3n de la microgeodesia y metrolog\u00eda; desde la aplicaci\u00f3n de las t\u00e9cnicas cartogr\u00e1ficas, fotogram\u00e9tricas y rutinas de fotointerpretaci\u00f3n que permiten\u00a0 la ejecuci\u00f3n de grandes levantamientos para el conocimiento del suelo y en consecuencia lograr la planificaci\u00f3n del desarrollo; desde la asignaci\u00f3n del valor de la tierra con fines fiscales hasta la asignaci\u00f3n de ese valor con fines particulares. Actualmente el campo profesional de la\u00a0 Ingenier\u00eda en Agrimensura es muy vasto.<\/p><p align=\"justify\">Los grandes y peque\u00f1os levantamientos planialtim\u00e9tricos requieren profesionales preparados adecuadamente en la georreferenciaci\u00f3n. En la actualidad se hallan implementados en\u00a0 el pa\u00eds y\u00a0 la regi\u00f3n los\u00a0 Sistemas de Informaci\u00f3n Territorial (SIT), necesarios para la planificaci\u00f3n del desarrollo, los que demandan\u00a0 actualizaci\u00f3n y mantenimiento permanente, brindando de \u00e9sta forma una salida laboral que puede ser ejecutada en forma individual o mediante asociaciones de profesionales. De igual forma, los relevamientos de las mejoras sobre los inmuebles requieren de la planificaci\u00f3n y ejecuci\u00f3n por parte del Ingeniero Agrimensor.<\/p><p align=\"justify\">Dentro del actual contexto pol\u00edtico y econ\u00f3mico de nuestro pa\u00eds, la ejecuci\u00f3n de grandes obras de ingenier\u00eda\u00a0 implica los levantamientos de detalles y caracter\u00edsticas topogr\u00e1ficas y geomorfol\u00f3gicas del territorio necesarios para los proyectos, por lo que los Ingenieros Agrimensores preparados en la representaci\u00f3n cartogr\u00e1fica, fotogram\u00e9trica y fotointerpretativa encontrar\u00e1n un campo profesional muy bien rentado. A su vez, el control de la construcci\u00f3n de esas grandes obras requiere las aplicaciones de las mediciones microgeod\u00e9sicas y metrol\u00f3gicas de gran precisi\u00f3n.<\/p><p align=\"justify\">En el \u00e1mbito provincial, en raz\u00f3n de las caracter\u00edsticas hidrol\u00f3gicas de nuestro territorio, los Ingenieros Agrimensores encuentran un campo profesional en la elaboraci\u00f3n de proyectos de drenaje y canalizaciones.<\/p><p align=\"justify\">La asignaci\u00f3n del valor de la tierra y sus mejoras es una tarea del Ingeniero Agrimensor que ha sido soslayada por otras profesiones y a\u00fan por quienes la realizan sin tener los conocimientos para efectuarla con rigor cient\u00edfico. Los Ingenieros Agrimensores se hallan habilitados en raz\u00f3n de sus estudios a ejecutar las tasaciones de inmuebles para todas aquellas instituciones p\u00fablicas y privadas que as\u00ed lo requieran.<\/p><div align=\"justify\">El campo profesional descripto se refiere al Ingeniero Agrimensor trabajando en forma independiente del Estado. Pero, como se ha destacado anteriormente, el Catastro Territorial es la oficina adecuada para la actividad del Ingeniero Agrimensor en relaci\u00f3n de dependencia y tambi\u00e9n lo es, toda aquella otra entidad estatal donde se requieran las tareas que avalan su profesi\u00f3n.<\/div><\/div>\n\t\t\t\t<\/div>\n\t\t\t\t\t\t\t<div class=\"elementor-accordion-item\">\n\t\t\t\t\t<div id=\"elementor-tab-title-1832\" class=\"elementor-tab-title\" data-tab=\"2\" role=\"button\" aria-controls=\"elementor-tab-content-1832\" aria-expanded=\"false\">\n\t\t\t\t\t\t\t\t\t\t\t\t\t<span class=\"elementor-accordion-icon elementor-accordion-icon-left\" aria-hidden=\"true\">\n\t\t\t\t\t\t\t\t\t\t\t\t\t\t\t<span class=\"elementor-accordion-icon-closed\"><i class=\"fas fa-plus\"><\/i><\/span>\n\t\t\t\t\t\t\t\t<span class=\"elementor-accordion-icon-opened\"><i class=\"fas fa-minus\"><\/i><\/span>\n\t\t\t\t\t\t\t\t\t\t\t\t\t\t<\/span>\n\t\t\t\t\t\t\t\t\t\t\t\t<a class=\"elementor-accordion-title\" tabindex=\"0\">Perfil del graduado<\/a>\n\t\t\t\t\t<\/div>\n\t\t\t\t\t<div id=\"elementor-tab-content-1832\" class=\"elementor-tab-content elementor-clearfix\" data-tab=\"2\" role=\"region\" aria-labelledby=\"elementor-tab-title-1832\"><p>El Plan de Estudios que se propone, procura lograr que el Ingeniero Agrimensor graduado en la Facultad de Ciencias Exactas y Naturales y Agrimensura de la Universidad Nacional del Nordeste posea una s\u00f3lida formaci\u00f3n basada en fundamentos te\u00f3ricos, metodol\u00f3gicos y \u00e9ticos, que le den sustento jur\u00eddico, socioecon\u00f3mico y tecnol\u00f3gico a su actividad profesional. El contenido curricular y el cr\u00e9dito horario, aseguran la formaci\u00f3n acad\u00e9mica del egresado que se resume de la siguiente manera:<\/p><ul><li class=\"textgris\">S\u00f3lida formaci\u00f3n para permitirle brindar asesoramiento a las organizaciones de distinto tipo acerca de las pol\u00edticas y estrategias para lograr el ordenamiento territorial.<\/li><li class=\"textgris\">Capacidad para la planificaci\u00f3n, realizaci\u00f3n y control del ordenamiento territorial<\/li><li class=\"textgris\">Amplios conocimientos acerca de los derechos reales y su aplicaci\u00f3n sobre el territorio.<\/li><li class=\"textgris\">Intensa preparaci\u00f3n para la ejecuci\u00f3n de toda clase de mensuras.<\/li><li class=\"textgris\">Idoneidad para la determinaci\u00f3n de los l\u00edmites de terrenos p\u00fablicos y privados y de las fronteras nacionales e internacionales.<\/li><li class=\"textgris\">Fuerte formaci\u00f3n para actuar en la determinaci\u00f3n de la forma y tama\u00f1o de la Tierra y para lograr la ubicaci\u00f3n de objetos en el espacio territorial.<\/li><li class=\"textgris\">Intenso entrenamiento y dominio de las t\u00e9cnicas de ejecuci\u00f3n de los levantamientos territoriales planialtim\u00e9tricos.<\/li><li class=\"textgris\">Intensa formaci\u00f3n matem\u00e1tica para la aplicaci\u00f3n de las t\u00e9cnicas de medici\u00f3n y compensaci\u00f3n de errores con rigor cient\u00edfico.<\/li><li class=\"textgris\">S\u00f3lida preparaci\u00f3n para el dise\u00f1o, implementaci\u00f3n, administraci\u00f3n y mantenimiento de los Sistemas de Informaci\u00f3n Territorial. Especial \u00e9nfasis acerca del conocimiento sobre la captura, almacenamiento, an\u00e1lisis y manejo de datos dentro de estos sistemas.<\/li><li class=\"textgris\">Especializaci\u00f3n en las mediciones para el control de la instalaci\u00f3n de grandes mecanismos y\/o construcciones con la aplicaci\u00f3n de la metrolog\u00eda.<\/li><li class=\"textgris\">Eficaz conocimiento de la teor\u00eda, preparaci\u00f3n y ejecuci\u00f3n de las t\u00e9cnicas cartogr\u00e1ficas.<\/li><li class=\"textgris\">Capacitaci\u00f3n para la ejecuci\u00f3n de levantamientos destinados a la resoluci\u00f3n de problemas hidrol\u00f3gicos.<\/li><li class=\"textgris\">Amplios conocimientos de las t\u00e9cnicas fotogram\u00e9tricas y de las rutinas de fotointerpretaci\u00f3n para aplicaciones en la cartograf\u00eda general y tem\u00e1tica, en la arquitectura, en el control de las construcciones.<\/li><li class=\"textgris\">Conocimientos y habilidad para el an\u00e1lisis visual y una introducci\u00f3n al an\u00e1lisis digital de im\u00e1genes satelitales para ser aplicados a la evaluaci\u00f3n de los recursos naturales.<\/li><li class=\"textgris\">Intensa preparaci\u00f3n para la determinaci\u00f3n del valor de la propiedad urbana, suburbana y rural, como as\u00ed tambi\u00e9n de todo lo adherido al suelo.<\/li><li class=\"textgris\">Capacidad para la elaboraci\u00f3n de pericias y arbitrajes sobre inmuebles.<\/li><li class=\"textgris\">Idoneidad para desarrollar su actividad conforme a los marcos legales y econ\u00f3micos correspondientes y dentro de aquellos relativos a los aspectos sociales y ambientales.<\/li><li class=\"textgris\">Capacidad para dirigir y participar en equipos de investigaci\u00f3n cient\u00edfica y aplicada en distintas tem\u00e1ticas que necesitan del aporte insustituible del relevamiento del territorio en sus aspectos f\u00edsicos, jur\u00eddicos y econ\u00f3micos, de las mediciones especiales y del procesamiento de la informaci\u00f3n territorial.<\/li><li class=\"textgris\">Capacidad para desempe\u00f1arse, entre otros, como empresario, mensurador, agente de desarrollo, investigador independiente, funcionario p\u00fablico, empleado privado y auxiliar de la justicia y para operar en labores multidisciplinarias compartidas con otros profesionales.<\/li><li class=\"textgris\">Capacidad para encarar estudios de postgrado en todas aquellas especialidades cuyas introducciones adquiere en el transcurso de la carrera.<\/li><\/ul><\/div>\n\t\t\t\t<\/div>\n\t\t\t\t\t\t\t<div class=\"elementor-accordion-item\">\n\t\t\t\t\t<div id=\"elementor-tab-title-1833\" class=\"elementor-tab-title\" data-tab=\"3\" role=\"button\" aria-controls=\"elementor-tab-content-1833\" aria-expanded=\"false\">\n\t\t\t\t\t\t\t\t\t\t\t\t\t<span class=\"elementor-accordion-icon elementor-accordion-icon-left\" aria-hidden=\"true\">\n\t\t\t\t\t\t\t\t\t\t\t\t\t\t\t<span class=\"elementor-accordion-icon-closed\"><i class=\"fas fa-plus\"><\/i><\/span>\n\t\t\t\t\t\t\t\t<span class=\"elementor-accordion-icon-opened\"><i class=\"fas fa-minus\"><\/i><\/span>\n\t\t\t\t\t\t\t\t\t\t\t\t\t\t<\/span>\n\t\t\t\t\t\t\t\t\t\t\t\t<a class=\"elementor-accordion-title\" tabindex=\"0\">Alcances del t\u00edtulo<\/a>\n\t\t\t\t\t<\/div>\n\t\t\t\t\t<div id=\"elementor-tab-content-1833\" class=\"elementor-tab-content elementor-clearfix\" data-tab=\"3\" role=\"region\" aria-labelledby=\"elementor-tab-title-1833\"><p>En funci\u00f3n del perfil profesional y los contenidos curriculares propuestos, el Ingeniero Agrimensor graduado en la Facultad de Ciencias Exactas y Naturales y Agrimensura de la Universidad Nacional del Nordeste, resulta competente para desarrollar las siguientes actividades profesionales reservadas al t\u00edtulo de Ingeniero Agrimensor, que establece el Anexo VI-1 de la Resoluci\u00f3n\u00a0 N\u00ba 1054\/02 del Ministerio de Educaci\u00f3n de la Naci\u00f3n:<\/p><ul><li>Realizar el reconocimiento, determinaci\u00f3n, medici\u00f3n y representaci\u00f3n del espacio territorial y sus caracter\u00edsticas.<\/li><li>Realizar la determinaci\u00f3n, demarcaci\u00f3n, comprobaci\u00f3n y extinci\u00f3n de l\u00edmites territoriales y l\u00edneas de ribera.<\/li><li>Realizar la determinaci\u00f3n, demarcaci\u00f3n y comprobaci\u00f3n de jurisdicciones pol\u00edticas y administrativas.<\/li><li>Realizar determinaci\u00f3n, demarcaci\u00f3n y comprobaci\u00f3n de hechos territoriales existentes y de actos posesorios y de muros y cercos divisorios y medianeros.<\/li><li>Realizar por mensura la determinaci\u00f3n, demarcaci\u00f3n y verificaci\u00f3n de inmuebles y parcelas y sus afectaciones.<\/li><li>Estudiar, proyectar, registrar, dirigir, ejecutar e inspeccionar levantamientos territoriales, inmobiliarios y\/o parcelarios con fines catastrales y valuatorios masivos.<\/li><li>Estudiar, proyectar, registrar, dirigir, ejecutar e inspeccionar: divisiones, subdivisiones\u00a0 en propiedad horizontal, prehorizontalidad, desmembramientos, unificaciones, anexiones, concentraciones y recomposiciones inmobiliarias y parcelarias.<\/li><li>Certificar y registrar el estado parcelario y los actos de levantamiento territorial.<\/li><li>Realizar e interpretar levantamientos planialtim\u00e9tricos, topogr\u00e1ficos, hidrogr\u00e1ficos, y fotogram\u00e9tricos, con representaci\u00f3n geom\u00e9trica, gr\u00e1fica y anal\u00edtica.<\/li><li>Realizar interpretaciones morfol\u00f3gicas, estereofotogram\u00e9tricas y de im\u00e1genes a\u00e9reas y satelitarias.<\/li><li>Estudiar, proyectar, dirigir y ejecutar sistemas geom\u00e9tricos planialtim\u00e9tricos y mediciones complementarias para estudio, proyecto y replanteo de obras.<\/li><li>Estudiar, proyectar, dirigir y aplicar sistemas trigonom\u00e9tricos y poligonom\u00e9tricos de precisi\u00f3n, con fines planialtim\u00e9tricos.<\/li><li>Estudiar, proyectar, dirigir y aplicar sistemas geod\u00e9sicos de medici\u00f3n y apoyo planialtim\u00e9tricos.<\/li><li>Realizar determinaciones geogr\u00e1ficas de precisi\u00f3n destinadas a fijar la posici\u00f3n y la orientaci\u00f3n de los sistemas trigonom\u00e9tricos o poligonom\u00e9tricos de puntos aislados.<\/li><li>Realizar determinaciones gravim\u00e9tricas con fines geod\u00e9sicos.<\/li><li>Efectuar levantamientos geod\u00e9sicos din\u00e1micos, inerciales y satelitarios.<\/li><li>Estudiar, proyectar, ejecutar y dirigir sistemas de control de posici\u00f3n horizontal y vertical.<\/li><li>Estudiar, proyectar, dirigir y ejecutar sistemas de informaci\u00f3n territorial.<\/li><li>Elaborar e interpretar planos, mapas y cartas tem\u00e1ticas, topogr\u00e1ficas y catastrales.<\/li><li>Determinar el lenguaje cartogr\u00e1fico, s\u00edmbolos y toponimia.<\/li><li>Participar en la determinaci\u00f3n de la renta potencial media normal y realizar la delimitaci\u00f3n de las zonas territoriales.<\/li><li>Participar en la tipificaci\u00f3n de unidades econ\u00f3micas zonales e interpretar su aplicaci\u00f3n.<\/li><li>Participar en la formulaci\u00f3n, ejecuci\u00f3n y evaluaci\u00f3n de planes y programas de ordenamiento territorial.<\/li><li>Realizar tasaciones y valuaciones de bienes inmuebles.<\/li><li>Realizar arbitrajes, peritajes, tasaciones y valuaciones relacionadas con las mensuras y mediciones topogr\u00e1ficas y geod\u00e9sicas, las representaciones geom\u00e9tricas, gr\u00e1ficas y anal\u00edticas y el estado parcelario.<\/li><\/ul><\/div>\n\t\t\t\t<\/div>\n\t\t\t\t\t\t\t<div class=\"elementor-accordion-item\">\n\t\t\t\t\t<div id=\"elementor-tab-title-1834\" class=\"elementor-tab-title\" data-tab=\"4\" role=\"button\" aria-controls=\"elementor-tab-content-1834\" aria-expanded=\"false\">\n\t\t\t\t\t\t\t\t\t\t\t\t\t<span class=\"elementor-accordion-icon elementor-accordion-icon-left\" aria-hidden=\"true\">\n\t\t\t\t\t\t\t\t\t\t\t\t\t\t\t<span class=\"elementor-accordion-icon-closed\"><i class=\"fas fa-plus\"><\/i><\/span>\n\t\t\t\t\t\t\t\t<span class=\"elementor-accordion-icon-opened\"><i class=\"fas fa-minus\"><\/i><\/span>\n\t\t\t\t\t\t\t\t\t\t\t\t\t\t<\/span>\n\t\t\t\t\t\t\t\t\t\t\t\t<a class=\"elementor-accordion-title\" tabindex=\"0\">Plan de Estudios<\/a>\n\t\t\t\t\t<\/div>\n\t\t\t\t\t<div id=\"elementor-tab-content-1834\" class=\"elementor-tab-content elementor-clearfix\" data-tab=\"4\" role=\"region\" aria-labelledby=\"elementor-tab-title-1834\"><h4><span style=\"color: #800000;\">1er a\u00f1o<\/span><\/h4><p><span style=\"text-decoration: underline;\">Primer cuatrimestre<\/span><\/p><ul><li>\u00c1lgebra y Geometr\u00eda Anal\u00edtica<\/li><li>C\u00e1lculo Diferencial e Integral I<\/li><li>Qu\u00edmica general<\/li><\/ul><p><span style=\"text-decoration: underline;\">Segundo cuatrimestre<\/span><\/p><ul><li>C\u00e1lculo Diferencial e Integral II<\/li><li>Mec\u00e1nica, \u00d3ptica y Sonido<\/li><li>Inform\u00e1tica<\/li><li>Sistemas de Representaci\u00f3n<\/li><\/ul><h4><span style=\"color: #800000;\">2do a\u00f1o<\/span><\/h4><p><span style=\"text-decoration: underline;\">Primer cuatrimestre<\/span><\/p><ul><li>Electricidad, Magnetismo y Calor<\/li><li>Trigonometr\u00eda<\/li><li>Introducci\u00f3n a la Ingenier\u00eda en Agrimensura<\/li><li>Estad\u00edstica y An\u00e1lisis de Datos<\/li><\/ul><p><span style=\"text-decoration: underline;\">Segundo cuatrimestre<\/span><\/p><ul><li>Agrimensura Legal I<\/li><li>Topograf\u00eda I<\/li><li>Geograf\u00eda F\u00edsica y Geomorfolog\u00eda<\/li><li>Teor\u00eda de Errores y Compensaci\u00f3n<\/li><\/ul><h4><span style=\"color: #800000;\">3er a\u00f1o<\/span><\/h4><p><span style=\"text-decoration: underline;\">Primer cuatrimestre<\/span><\/p><ul><li>Dibujo topogr\u00e1fico y cartogr\u00e1fico<\/li><li>Topograf\u00eda II<\/li><li>Fotointerpretaci\u00f3n y Teledetecci\u00f3n<\/li><li>An\u00e1lisis Matem\u00e1tico<\/li><\/ul><p><span style=\"text-decoration: underline;\">Segundo cuatrimestre<\/span><\/p><ul><li>Econom\u00eda y Gesti\u00f3n Empresarial<\/li><li>Topograf\u00eda III<\/li><li>Agrimensura Legal II<\/li><li>Fotointerpretaci\u00f3n y Teledetecci\u00f3n<\/li><li>Optativa I (puede elegirse entre: Elementos de Edificios o Informaci\u00f3n Rural y Agroecolog\u00eda)<\/li><\/ul><h4><span style=\"color: #800000;\">4to a\u00f1o<\/span><\/h4><p><span style=\"text-decoration: underline;\">Primer cuatrimestre<\/span><\/p><ul><li>Fotogrametr\u00eda<\/li><li>Geodesia Astron\u00f3mica y Matem\u00e1tica<\/li><li>Catastro<\/li><li>Ordenamiento Territorial<\/li><\/ul><p><span style=\"text-decoration: underline;\">Segundo cuatrimestre<\/span><\/p><ul><li>Geodesia F\u00edsica y Global<\/li><li>Mensura<\/li><li>Valuaciones Inmobiliarias<\/li><li>Cartograf\u00eda<\/li><\/ul><h4><span style=\"color: #800000;\">5to a\u00f1o<\/span><\/h4><p><span style=\"text-decoration: underline;\">Primer cuatrimestre<\/span><\/p><ul><li>Mediciones Especiales<\/li><li>Sistema de Informaci\u00f3n Territorial<\/li><li>Pr\u00e1ctica Profesional Supervisada<\/li><li>Trabajo Final<\/li><\/ul><p><span style=\"text-decoration: underline;\">Segundo cuatrimestre<\/span><\/p><ul><li>Pr\u00e1ctica Profesional Supervisada<\/li><li>Optativa II (puede elegirse entre: \u00abLevantamientos Hidrogr\u00e1ficos\u00bb, \u00abEpistemolog\u00eda y Metodolog\u00eda de la Investigaci\u00f3n\u00bb o \u00abMicrogeodesia\u00bb)<\/li><\/ul><h4><span style=\"color: #800000;\">Actividad extracurricular:<\/span><\/h4><p>Prueba de traducci\u00f3n t\u00e9cnica de Ingl\u00e9s.<\/p><\/div>\n\t\t\t\t<\/div>\n\t\t\t\t\t\t\t\t<\/div>\n\t\t\t\t\t\t<\/div>\n\t\t\t\t<\/div>\n\t\t\t\t\t<\/div>\n\t\t<\/div>\n\t\t\t\t\t<\/div>\n\t\t<\/section>\n\t\t\t\t<section class=\"elementor-section elementor-top-section elementor-element elementor-element-585c0cc elementor-section-boxed elementor-section-height-default elementor-section-height-default\" data-id=\"585c0cc\" data-element_type=\"section\" data-e-type=\"section\">\n\t\t\t\t\t\t<div class=\"elementor-container elementor-column-gap-default\">\n\t\t\t\t\t<div class=\"elementor-column elementor-col-100 elementor-top-column elementor-element elementor-element-a70cb42\" data-id=\"a70cb42\" data-element_type=\"column\" data-e-type=\"column\">\n\t\t\t<div class=\"elementor-widget-wrap elementor-element-populated\">\n\t\t\t\t\t\t<div class=\"elementor-element elementor-element-f466464 elementor-widget elementor-widget-button\" data-id=\"f466464\" data-element_type=\"widget\" data-e-type=\"widget\" data-widget_type=\"button.default\">\n\t\t\t\t<div class=\"elementor-widget-container\">\n\t\t\t\t\t\t\t\t\t<div class=\"elementor-button-wrapper\">\n\t\t\t\t\t<a class=\"elementor-button elementor-button-link elementor-size-sm\" href=\"https:\/\/exa.unne.edu.ar\/ingresantes-web\/wp-content\/uploads\/2023\/11\/Ingenieria-en-Agrimensura-FaCENA.pdf\" target=\"_blank\">\n\t\t\t\t\t\t<span class=\"elementor-button-content-wrapper\">\n\t\t\t\t\t\t\t\t\t<span class=\"elementor-button-text\">Descarga la informaci\u00f3n de la carrera<\/span>\n\t\t\t\t\t<\/span>\n\t\t\t\t\t<\/a>\n\t\t\t\t<\/div>\n\t\t\t\t\t\t\t\t<\/div>\n\t\t\t\t<\/div>\n\t\t\t\t\t<\/div>\n\t\t<\/div>\n\t\t\t\t\t<\/div>\n\t\t<\/section>\n\t\t\t\t<section class=\"elementor-section elementor-top-section elementor-element elementor-element-44e743d elementor-section-boxed elementor-section-height-default elementor-section-height-default\" data-id=\"44e743d\" data-element_type=\"section\" data-e-type=\"section\">\n\t\t\t\t\t\t<div class=\"elementor-container elementor-column-gap-default\">\n\t\t\t\t\t<div class=\"elementor-column elementor-col-100 elementor-top-column elementor-element elementor-element-7ee3753\" data-id=\"7ee3753\" data-element_type=\"column\" data-e-type=\"column\">\n\t\t\t<div class=\"elementor-widget-wrap elementor-element-populated\">\n\t\t\t\t\t\t<div class=\"elementor-element elementor-element-4505f3c elementor-widget elementor-widget-video\" data-id=\"4505f3c\" data-element_type=\"widget\" data-e-type=\"widget\" data-settings=\"{&quot;youtube_url&quot;:&quot;https:\\\/\\\/youtu.be\\\/hUhZG_f36ig&quot;,&quot;start&quot;:0,&quot;video_type&quot;:&quot;youtube&quot;,&quot;controls&quot;:&quot;yes&quot;}\" data-widget_type=\"video.default\">\n\t\t\t\t<div class=\"elementor-widget-container\">\n\t\t\t\t\t\t\t<div class=\"elementor-wrapper elementor-open-inline\">\n\t\t\t<div class=\"elementor-video\"><\/div>\t\t<\/div>\n\t\t\t\t\t\t<\/div>\n\t\t\t\t<\/div>\n\t\t\t\t\t<\/div>\n\t\t<\/div>\n\t\t\t\t\t<\/div>\n\t\t<\/section>\n\t\t\t\t<\/div>\n\t\t","protected":false},"excerpt":{"rendered":"<p>Directora:\u00a0Esp. Agrim. Valeria Sara Titiosky (vstitios@exa.unne.edu.ar \u00a0&#8211;\u00a0 vstitios@gmail.com) T\u00edtulo que otorga:\u00a0Ingeniero Agrimensor (Resoluci\u00f3n) Carga Horaria: 3952 hs. presenciales. Duraci\u00f3n:\u00a05 a\u00f1os Campo profesional Considerando la definici\u00f3n de Agrimensor que ha sido dada por la Federaci\u00f3n Internacional de Ge\u00f3metras: El Agrimensor es el profesional con la formaci\u00f3n acad\u00e9mica y experiencia t\u00e9cnica para &hellip; <\/p>\n","protected":false},"author":1,"featured_media":0,"parent":0,"menu_order":0,"comment_status":"closed","ping_status":"closed","template":"","meta":{"_monsterinsights_skip_tracking":false,"_monsterinsights_sitenote_active":false,"_monsterinsights_sitenote_note":"","_monsterinsights_sitenote_category":0,"footnotes":""},"class_list":["post-65","page","type-page","status-publish","hentry"],"_links":{"self":[{"href":"https:\/\/exa.unne.edu.ar\/ingresantes-web\/index.php\/wp-json\/wp\/v2\/pages\/65","targetHints":{"allow":["GET"]}}],"collection":[{"href":"https:\/\/exa.unne.edu.ar\/ingresantes-web\/index.php\/wp-json\/wp\/v2\/pages"}],"about":[{"href":"https:\/\/exa.unne.edu.ar\/ingresantes-web\/index.php\/wp-json\/wp\/v2\/types\/page"}],"author":[{"embeddable":true,"href":"https:\/\/exa.unne.edu.ar\/ingresantes-web\/index.php\/wp-json\/wp\/v2\/users\/1"}],"replies":[{"embeddable":true,"href":"https:\/\/exa.unne.edu.ar\/ingresantes-web\/index.php\/wp-json\/wp\/v2\/comments?post=65"}],"version-history":[{"count":37,"href":"https:\/\/exa.unne.edu.ar\/ingresantes-web\/index.php\/wp-json\/wp\/v2\/pages\/65\/revisions"}],"predecessor-version":[{"id":1811,"href":"https:\/\/exa.unne.edu.ar\/ingresantes-web\/index.php\/wp-json\/wp\/v2\/pages\/65\/revisions\/1811"}],"wp:attachment":[{"href":"https:\/\/exa.unne.edu.ar\/ingresantes-web\/index.php\/wp-json\/wp\/v2\/media?parent=65"}],"curies":[{"name":"wp","href":"https:\/\/api.w.org\/{rel}","templated":true}]}}