{"id":31,"date":"2022-09-21T13:52:03","date_gmt":"2022-09-21T13:52:03","guid":{"rendered":"https:\/\/exa.unne.edu.ar\/ingresantes-web\/?page_id=31"},"modified":"2026-03-04T17:28:06","modified_gmt":"2026-03-04T17:28:06","slug":"preguntas-frecuentes","status":"publish","type":"page","link":"https:\/\/exa.unne.edu.ar\/ingresantes-web\/","title":{"rendered":""},"content":{"rendered":"\n<p><style>\/*! elementor - v3.18.0 - 20-12-2023 *\/<br \/>\n.elementor-widget-image{text-align:center}.elementor-widget-image a{display:inline-block}.elementor-widget-image a img[src$=\".svg\"]{width:48px}.elementor-widget-image img{vertical-align:middle;display:inline-block}<\/style><\/p>\n\n\n\n<figure class=\"wp-block-image size-large\"><a href=\"https:\/\/exa.unne.edu.ar\/ingresantes-web\/index.php\/clases-inaugurales\/\"><img fetchpriority=\"high\" decoding=\"async\" width=\"1024\" height=\"318\" src=\"https:\/\/exa.unne.edu.ar\/ingresantes-web\/wp-content\/uploads\/2026\/03\/Ingreso-2023-1024x318.jpg\" alt=\"\" class=\"wp-image-2527\" srcset=\"https:\/\/exa.unne.edu.ar\/ingresantes-web\/wp-content\/uploads\/2026\/03\/Ingreso-2023-1024x318.jpg 1024w, https:\/\/exa.unne.edu.ar\/ingresantes-web\/wp-content\/uploads\/2026\/03\/Ingreso-2023-300x93.jpg 300w, https:\/\/exa.unne.edu.ar\/ingresantes-web\/wp-content\/uploads\/2026\/03\/Ingreso-2023-768x238.jpg 768w, https:\/\/exa.unne.edu.ar\/ingresantes-web\/wp-content\/uploads\/2026\/03\/Ingreso-2023.jpg 1450w\" sizes=\"(max-width: 1024px) 100vw, 1024px\" \/><\/a><\/figure>\n\n\n\n<div class=\"wp-block-columns is-layout-flex wp-container-core-columns-is-layout-9d6595d7 wp-block-columns-is-layout-flex\">\n<div class=\"wp-block-column is-layout-flow wp-block-column-is-layout-flow\">\n<figure class=\"wp-block-image size-large\"><a href=\"https:\/\/exa.unne.edu.ar\/ingresantes-web\/index.php\/inscripciones\"><img decoding=\"async\" width=\"1024\" height=\"318\" src=\"https:\/\/exa.unne.edu.ar\/ingresantes-web\/wp-content\/uploads\/2025\/10\/Ingreso-2023-1-1024x318.png\" alt=\"\" class=\"wp-image-2447\" srcset=\"https:\/\/exa.unne.edu.ar\/ingresantes-web\/wp-content\/uploads\/2025\/10\/Ingreso-2023-1-1024x318.png 1024w, https:\/\/exa.unne.edu.ar\/ingresantes-web\/wp-content\/uploads\/2025\/10\/Ingreso-2023-1-300x93.png 300w, https:\/\/exa.unne.edu.ar\/ingresantes-web\/wp-content\/uploads\/2025\/10\/Ingreso-2023-1-768x238.png 768w, https:\/\/exa.unne.edu.ar\/ingresantes-web\/wp-content\/uploads\/2025\/10\/Ingreso-2023-1.png 1450w\" sizes=\"(max-width: 1024px) 100vw, 1024px\" \/><\/a><\/figure>\n<\/div>\n\n\n\n<div class=\"wp-block-column is-layout-flow wp-block-column-is-layout-flow\">\n<figure class=\"wp-block-image size-large\"><a href=\"https:\/\/exa.unne.edu.ar\/ingresantes-web\/index.php\/inscripcion-al-curso-de-ambientacion-ingreso-2026\"><img decoding=\"async\" width=\"1024\" height=\"318\" src=\"https:\/\/exa.unne.edu.ar\/ingresantes-web\/wp-content\/uploads\/2025\/09\/Ingreso-2023-1024x318.png\" alt=\"\" class=\"wp-image-2431\" srcset=\"https:\/\/exa.unne.edu.ar\/ingresantes-web\/wp-content\/uploads\/2025\/09\/Ingreso-2023-1024x318.png 1024w, https:\/\/exa.unne.edu.ar\/ingresantes-web\/wp-content\/uploads\/2025\/09\/Ingreso-2023-300x93.png 300w, https:\/\/exa.unne.edu.ar\/ingresantes-web\/wp-content\/uploads\/2025\/09\/Ingreso-2023-768x238.png 768w, https:\/\/exa.unne.edu.ar\/ingresantes-web\/wp-content\/uploads\/2025\/09\/Ingreso-2023.png 1450w\" sizes=\"(max-width: 1024px) 100vw, 1024px\" \/><\/a><\/figure>\n<\/div>\n<\/div>\n\n\n\n<p><\/p>\n\n\n\n<h2 class=\"wp-block-heading\">Preguntas frecuentes<\/h2>\n\n\n\n<p><strong>\u00bfCu\u00e1ndo son las inscripciones y cu\u00e1les son los requisitos?<\/strong><\/p>\n\n\n\n<p>Las inscripciones inician el 10 de noviembre, conoc\u00e9 toda la<a href=\"https:\/\/exa.unne.edu.ar\/ingresantes-web\/index.php\/inscripciones\"> informaci\u00f3n haciendo click aqu\u00ed<\/a><\/p>\n\n\n\n<p><a><strong><mark style=\"background-color:rgba(0, 0, 0, 0)\" class=\"has-inline-color has-black-color\">Si me inscribo al cursillo de ingreso \u00bfYa estoy inscripto\/a en la carrera?<\/mark><\/strong><\/a><\/p>\n\n\n\n<p>No, la inscripci\u00f3n, cursada y aprobaci\u00f3n del cursillo de ingreso no te convierte autom\u00e1ticamente en alumno\/a de la carrera que elegiste. Para inscribirte, deber\u00e1s seguir los pasos y las reglas determinadas por las UNNE una vez que abran las inscripciones.<style>\/*! elementor - v3.18.0 - 20-12-2023 *\/&amp;amp;amp;amp;amp;amp;amp;amp;lt;br \/>&amp;amp;amp;amp;amp;amp;amp;lt;br>.elementor-widget-divider{--divider-border-style:none;--divider-border-width:1px;--divider-color:#0c0d0e;--divider-icon-size:20px;--divider-element-spacing:10px;--divider-pattern-height:24px;--divider-pattern-size:20px;--divider-pattern-url:none;--divider-pattern-repeat:repeat-x}.elementor-widget-divider .elementor-divider{display:flex}.elementor-widget-divider .elementor-divider__text{font-size:15px;line-height:1;max-width:95%}.elementor-widget-divider .elementor-divider__element{margin:0 var(--divider-element-spacing);flex-shrink:0}.elementor-widget-divider .elementor-icon{font-size:var(--divider-icon-size)}.elementor-widget-divider .elementor-divider-separator{display:flex;margin:0;direction:ltr}.elementor-widget-divider--view-line_icon .elementor-divider-separator,.elementor-widget-divider--view-line_text .elementor-divider-separator{align-items:center}.elementor-widget-divider--view-line_icon .elementor-divider-separator:after,.elementor-widget-divider--view-line_icon .elementor-divider-separator:before,.elementor-widget-divider--view-line_text .elementor-divider-separator:after,.elementor-widget-divider--view-line_text .elementor-divider-separator:before{display:block;content:\"\";border-bottom:0;flex-grow:1;border-top:var(--divider-border-width) var(--divider-border-style) var(--divider-color)}.elementor-widget-divider--element-align-left .elementor-divider .elementor-divider-separator>.elementor-divider__svg:first-of-type{flex-grow:0;flex-shrink:100}.elementor-widget-divider--element-align-left .elementor-divider-separator:before{content:none}.elementor-widget-divider--element-align-left .elementor-divider__element{margin-left:0}.elementor-widget-divider--element-align-right .elementor-divider .elementor-divider-separator>.elementor-divider__svg:last-of-type{flex-grow:0;flex-shrink:100}.elementor-widget-divider--element-align-right .elementor-divider-separator:after{content:none}.elementor-widget-divider--element-align-right .elementor-divider__element{margin-right:0}.elementor-widget-divider:not(.elementor-widget-divider--view-line_text):not(.elementor-widget-divider--view-line_icon) .elementor-divider-separator{border-top:var(--divider-border-width) var(--divider-border-style) var(--divider-color)}.elementor-widget-divider--separator-type-pattern{--divider-border-style:none}.elementor-widget-divider--separator-type-pattern.elementor-widget-divider--view-line .elementor-divider-separator,.elementor-widget-divider--separator-type-pattern:not(.elementor-widget-divider--view-line) .elementor-divider-separator:after,.elementor-widget-divider--separator-type-pattern:not(.elementor-widget-divider--view-line) .elementor-divider-separator:before,.elementor-widget-divider--separator-type-pattern:not([class*=elementor-widget-divider--view]) .elementor-divider-separator{width:100%;min-height:var(--divider-pattern-height);-webkit-mask-size:var(--divider-pattern-size) 100%;mask-size:var(--divider-pattern-size) 100%;-webkit-mask-repeat:var(--divider-pattern-repeat);mask-repeat:var(--divider-pattern-repeat);background-color:var(--divider-color);-webkit-mask-image:var(--divider-pattern-url);mask-image:var(--divider-pattern-url)}.elementor-widget-divider--no-spacing{--divider-pattern-size:auto}.elementor-widget-divider--bg-round{--divider-pattern-repeat:round}.rtl .elementor-widget-divider .elementor-divider__text{direction:rtl}.e-con-inner>.elementor-widget-divider,.e-con>.elementor-widget-divider{width:var(--container-widget-width,100%);--flex-grow:var(--container-widget-flex-grow)}<\/style><\/p>\n\n\n\n<p><\/p>\n","protected":false},"excerpt":{"rendered":"<p>Preguntas frecuentes \u00bfCu\u00e1ndo son las inscripciones y cu\u00e1les son los requisitos? Las inscripciones inician el 10 de noviembre, conoc\u00e9 toda la informaci\u00f3n haciendo click aqu\u00ed Si me inscribo al cursillo de ingreso \u00bfYa estoy inscripto\/a en la carrera? No, la inscripci\u00f3n, cursada y aprobaci\u00f3n del cursillo de ingreso no te &hellip; <\/p>\n","protected":false},"author":1,"featured_media":0,"parent":0,"menu_order":0,"comment_status":"closed","ping_status":"closed","template":"","meta":{"_monsterinsights_skip_tracking":false,"_monsterinsights_sitenote_active":false,"_monsterinsights_sitenote_note":"","_monsterinsights_sitenote_category":0,"footnotes":""},"class_list":["post-31","page","type-page","status-publish","hentry"],"_links":{"self":[{"href":"https:\/\/exa.unne.edu.ar\/ingresantes-web\/index.php\/wp-json\/wp\/v2\/pages\/31","targetHints":{"allow":["GET"]}}],"collection":[{"href":"https:\/\/exa.unne.edu.ar\/ingresantes-web\/index.php\/wp-json\/wp\/v2\/pages"}],"about":[{"href":"https:\/\/exa.unne.edu.ar\/ingresantes-web\/index.php\/wp-json\/wp\/v2\/types\/page"}],"author":[{"embeddable":true,"href":"https:\/\/exa.unne.edu.ar\/ingresantes-web\/index.php\/wp-json\/wp\/v2\/users\/1"}],"replies":[{"embeddable":true,"href":"https:\/\/exa.unne.edu.ar\/ingresantes-web\/index.php\/wp-json\/wp\/v2\/comments?post=31"}],"version-history":[{"count":318,"href":"https:\/\/exa.unne.edu.ar\/ingresantes-web\/index.php\/wp-json\/wp\/v2\/pages\/31\/revisions"}],"predecessor-version":[{"id":2528,"href":"https:\/\/exa.unne.edu.ar\/ingresantes-web\/index.php\/wp-json\/wp\/v2\/pages\/31\/revisions\/2528"}],"wp:attachment":[{"href":"https:\/\/exa.unne.edu.ar\/ingresantes-web\/index.php\/wp-json\/wp\/v2\/media?parent=31"}],"curies":[{"name":"wp","href":"https:\/\/api.w.org\/{rel}","templated":true}]}}