{"id":302,"date":"2022-09-28T14:19:46","date_gmt":"2022-09-28T14:19:46","guid":{"rendered":"https:\/\/exa.unne.edu.ar\/ingresantes-web\/?page_id=302"},"modified":"2023-11-08T14:39:56","modified_gmt":"2023-11-08T14:39:56","slug":"profesorado-en-matematica","status":"publish","type":"page","link":"https:\/\/exa.unne.edu.ar\/ingresantes-web\/index.php\/profesorado-en-matematica\/","title":{"rendered":"Profesorado en Matem\u00e1tica"},"content":{"rendered":"\t\t<div data-elementor-type=\"wp-page\" data-elementor-id=\"302\" class=\"elementor elementor-302\">\n\t\t\t\t\t\t<section class=\"elementor-section elementor-top-section elementor-element elementor-element-cbb25c4 elementor-section-boxed elementor-section-height-default elementor-section-height-default\" data-id=\"cbb25c4\" data-element_type=\"section\">\n\t\t\t\t\t\t<div class=\"elementor-container elementor-column-gap-default\">\n\t\t\t\t\t<div class=\"elementor-column elementor-col-100 elementor-top-column elementor-element elementor-element-7e35bed\" data-id=\"7e35bed\" data-element_type=\"column\">\n\t\t\t<div class=\"elementor-widget-wrap elementor-element-populated\">\n\t\t\t\t\t\t<div class=\"elementor-element elementor-element-44c9b18 elementor-widget elementor-widget-text-editor\" data-id=\"44c9b18\" data-element_type=\"widget\" data-widget_type=\"text-editor.default\">\n\t\t\t\t<div class=\"elementor-widget-container\">\n\t\t\t\t\t\t\t\t\t<p><strong>Director:<\/strong> Lic. Diego Francisco Vilotta (diego.vilotta@comunidad.unne.edu.ar)<\/p><p><strong>T\u00edtulo que otorga:<\/strong> Profesor en Matem\u00e1tica \u2013 Profesora en Matem\u00e1tica<\/p><p><strong>Carga horaria:<\/strong> 3132 hs.<\/p><p><strong>Duraci\u00f3n:<\/strong> 4 a\u00f1os.<\/p>\t\t\t\t\t\t\t\t<\/div>\n\t\t\t\t<\/div>\n\t\t\t\t\t<\/div>\n\t\t<\/div>\n\t\t\t\t\t<\/div>\n\t\t<\/section>\n\t\t\t\t<section class=\"elementor-section elementor-top-section elementor-element elementor-element-1c69c51 elementor-section-boxed elementor-section-height-default elementor-section-height-default\" data-id=\"1c69c51\" data-element_type=\"section\">\n\t\t\t\t\t\t<div class=\"elementor-container elementor-column-gap-default\">\n\t\t\t\t\t<div class=\"elementor-column elementor-col-100 elementor-top-column elementor-element elementor-element-09524ff\" data-id=\"09524ff\" data-element_type=\"column\">\n\t\t\t<div class=\"elementor-widget-wrap elementor-element-populated\">\n\t\t\t\t\t\t<div class=\"elementor-element elementor-element-b4cc10f elementor-widget elementor-widget-accordion\" data-id=\"b4cc10f\" data-element_type=\"widget\" data-widget_type=\"accordion.default\">\n\t\t\t\t<div class=\"elementor-widget-container\">\n\t\t\t\t\t\t\t<div class=\"elementor-accordion\">\n\t\t\t\t\t\t\t<div class=\"elementor-accordion-item\">\n\t\t\t\t\t<div id=\"elementor-tab-title-1891\" class=\"elementor-tab-title\" data-tab=\"1\" role=\"button\" aria-controls=\"elementor-tab-content-1891\" aria-expanded=\"false\">\n\t\t\t\t\t\t\t\t\t\t\t\t\t<span class=\"elementor-accordion-icon elementor-accordion-icon-left\" aria-hidden=\"true\">\n\t\t\t\t\t\t\t\t\t\t\t\t\t\t\t<span class=\"elementor-accordion-icon-closed\"><i class=\"fas fa-plus\"><\/i><\/span>\n\t\t\t\t\t\t\t\t<span class=\"elementor-accordion-icon-opened\"><i class=\"fas fa-minus\"><\/i><\/span>\n\t\t\t\t\t\t\t\t\t\t\t\t\t\t<\/span>\n\t\t\t\t\t\t\t\t\t\t\t\t<a class=\"elementor-accordion-title\" tabindex=\"0\">Fundamentaci\u00f3n<\/a>\n\t\t\t\t\t<\/div>\n\t\t\t\t\t<div id=\"elementor-tab-content-1891\" class=\"elementor-tab-content elementor-clearfix\" data-tab=\"1\" role=\"region\" aria-labelledby=\"elementor-tab-title-1891\"><p>El Profesorado en Matem\u00e1tica y Cosmograf\u00eda, actualmente en vigencia en la Facultad de Ciencias Exactas y Naturales y Agrimensura, dependiente de la Universidad Nacional del Nordeste fue creado el 6 de Abril de 1978, por Resoluci\u00f3n N\u00ba 319\/78 del Se\u00f1or Rector, sobre la base del Profesorado en Matem\u00e1tica, F\u00edsica y Cosmograf\u00eda, cuyo Plan fuera modificado por la misma Resoluci\u00f3n y que a\u00fan se encuentra vigente con una duraci\u00f3n de cuatro a\u00f1os.<\/p><p>Su creaci\u00f3n fue justificada en aquella oportunidad, por la acentuada demanda de Profesores del \u00c1rea y la posibilidad de obtenci\u00f3n del T\u00edtulo, m\u00e1s tempranamente, por cuanto su duraci\u00f3n inicial, y por mucho tiempo, fuera de tres a\u00f1os.<\/p><p>Recientemente, y por Resoluci\u00f3n N\u00ba 737\/99 del Consejo Superior, el Plan de Estudio del Profesorado en Matem\u00e1tica y Cosmograf\u00eda fue modificado exclusivamente en lo que se refiere a la duraci\u00f3n de la Carrera, estableciendo una duraci\u00f3n de cuatro a\u00f1os, y la distribuci\u00f3n de la carga horaria anual, manteniendo invariantes los contenidos m\u00ednimos, el alcance del t\u00edtulo y la carga horaria total. Esta reprogramaci\u00f3n horaria, resolvi\u00f3 temporalmente el inconveniente que se estaba presentando a sus egresados, en cuanto a poder acceder a carreras de postgrado, en igual condiciones con otros egresados universitarios de carreras que tienen igual o menor carga horaria total.<\/p><p>Asimismo, como es conocido en el \u00e1mbito universitario, a partir del a\u00f1o 1995 la Universidad Nacional del Nordeste ha iniciado una serie de acciones de revisi\u00f3n y modificaci\u00f3n de los Planes de Estudio que se inscriben en el Programa aprobado por Res. N\u00aa 625\/95 C.S.<\/p><p>En ese marco, la Facultad de Ciencias Exactas y Naturales y Agrimensura, a trav\u00e9s de su Consejo Directivo, crea las Comisiones Curriculares (Res. 131\/95 C.D.) que tendr\u00e1n a su cargo esa tarea y que fueron renovadas por el t\u00e9rmino de dos a\u00f1os, mediante Resoluci\u00f3n N\u00ba 155\/99 C.D.<\/p><p>Existe una constante en la \u00e9poca actual y es el ?cambio permanente?. Cambios de todo tipo, cambios que modifican y transforman la vida del hombre generando desequilibrios e incertidumbres. Si bien siempre todo ha estado sujeto a cambios la diferencia est\u00e1 en el ritmo acelerado con que se presentan en este tiempo. Es as\u00ed que, las empresas de hoy delegaron a las m\u00e1quinas las tareas automatizadas que hasta hace poco exig\u00edan un n\u00famero importante de personal; la supervivencia de ellas se ha puesto tan dif\u00edcil que deben movilizar toda la inteligencia disponible para tener posibilidades de salvarse.<\/p><p>De lo anterior se desprende que se debe formar al hombre ya no con un aprendizaje mecanicista y atomizado; sino que pasa hoy a tener m\u00e1s importancia el desarrollo de competencias m\u00e1s complejas que le permitan la resoluci\u00f3n de situaciones problem\u00e1ticas y toma de decisiones con una preparaci\u00f3n acorde a los permanentes cambios y exigencias que la vida le plantea en sus distintos \u00e1mbitos, mejorando su calidad de vida y contribuyendo al desarrollo personal y social.<\/p><p>Paralelamente, la relaci\u00f3n de la matem\u00e1tica con las otras ciencias y las demandas que \u00e9stas hacen de ella determinaron nuevos conceptos matem\u00e1ticos que deben volver a ellos de manera que puedan comprenderlos y utilizarlos.<\/p><p>Por todo ello esta comisi\u00f3n, en el marco de las exigencias emanadas de la Nueva Ley de Educaci\u00f3n, las necesidades regionales y la realidad local, se aboc\u00f3 al an\u00e1lisis y evaluaci\u00f3n, de las modificaciones m\u00e1s adecuadas y compatibles con el desarrollo cient\u00edfico contempor\u00e1neo, para luego plasmarlas en el nuevo Dise\u00f1o.<\/p><p>En esta etapa de la tarea se tuvieron en cuenta los Documentos para la Transformaci\u00f3n Docente Educativa, Dise\u00f1os para la Escolaridad General B\u00e1sica, Polimodal, Formaci\u00f3n de Formadores, Ley de Educaci\u00f3n Superior y las Normativas emanadas de la UNNE. Tambi\u00e9n se mantuvieron entrevistas a docentes, egresados y alumnos y se recab\u00f3 informaci\u00f3n sobre el ingreso anual, desgarramiento, retenci\u00f3n, n\u00famero de egresados, distribuci\u00f3n laboral, plantel docente actual y finalmente, los Curr\u00edculos de Profesorados en diferentes Universidades del pa\u00eds y del exterior.<\/p><p>En primer lugar, teniendo en cuenta las tendencias actuales, se descart\u00f3 un Profesorado multidisciplinario en dos sentidos. Por un lado el Profesorado en Matem\u00e1tica y Cosmograf\u00eda ha perdido vigencia dado que los contenidos relativos a Astronom\u00eda y Cosmograf\u00eda aparecen, en los CBC del Nivel Polimodal en el \u00e1rea de las Ciencias Naturales. Por el otro, el Profesorado en Matem\u00e1tica, F\u00edsica y Cosmograf\u00eda, abarca disciplinas que exigen capacitaci\u00f3n espec\u00edficas diferentes y que su separaci\u00f3n resulta pertinente teniendo en cuenta los contenidos del Polimodal. Este criterio fue compartido por las dem\u00e1s comisiones que proponen un Profesorado en F\u00edsica y Tecnolog\u00eda, como as\u00ed tambi\u00e9n un Profesorado en Qu\u00edmica.<\/p><p>Asimismo, se hizo hincapi\u00e9 en la necesidad de que la nueva Carrera profundice la formaci\u00f3n profesional, que el alumno tome temprano contacto con su problem\u00e1tica a trav\u00e9s de un Taller de Iniciaci\u00f3n, e \u00abincorpore la idea de la construcci\u00f3n permanente de su profesionalidad, desterrando la vieja concepci\u00f3n de que el t\u00edtulo obtenido en la formaci\u00f3n de grado vuelve a alguien profesional de una vez para siempre\u00bb.<\/p><p>Adem\u00e1s, se consider\u00f3 la necesidad de incluir un espacio cuasi-libre con la modalidad Seminario o eventualmente Taller, en el cual pudieran ser tratados todos aquellos temas que por su actualidad o inter\u00e9s, se estime valioso para la formaci\u00f3n del futuro docente.<\/p><p>Finalmente, la necesidad de la existencia de la Carrera que se propone es: \u00abProveer al Sistema Educativo del medio, de Profesores en Matem\u00e1tica id\u00f3neos y de habilitar a los egresados de este plan para desempe\u00f1arse en un terreno profesional permanentemente cambiante y de vital importancia para el progreso y desarrollo de la sociedad\u00bb<\/p><\/div>\n\t\t\t\t<\/div>\n\t\t\t\t\t\t\t<div class=\"elementor-accordion-item\">\n\t\t\t\t\t<div id=\"elementor-tab-title-1892\" class=\"elementor-tab-title\" data-tab=\"2\" role=\"button\" aria-controls=\"elementor-tab-content-1892\" aria-expanded=\"false\">\n\t\t\t\t\t\t\t\t\t\t\t\t\t<span class=\"elementor-accordion-icon elementor-accordion-icon-left\" aria-hidden=\"true\">\n\t\t\t\t\t\t\t\t\t\t\t\t\t\t\t<span class=\"elementor-accordion-icon-closed\"><i class=\"fas fa-plus\"><\/i><\/span>\n\t\t\t\t\t\t\t\t<span class=\"elementor-accordion-icon-opened\"><i class=\"fas fa-minus\"><\/i><\/span>\n\t\t\t\t\t\t\t\t\t\t\t\t\t\t<\/span>\n\t\t\t\t\t\t\t\t\t\t\t\t<a class=\"elementor-accordion-title\" tabindex=\"0\">Campo Profesional<\/a>\n\t\t\t\t\t<\/div>\n\t\t\t\t\t<div id=\"elementor-tab-content-1892\" class=\"elementor-tab-content elementor-clearfix\" data-tab=\"2\" role=\"region\" aria-labelledby=\"elementor-tab-title-1892\"><p>El campo profesional del egresado de esta carrera est\u00e1 directamente ligado al sistema educativo y podr\u00e1 consistir en:<\/p><ul><li>Ejercer la ense\u00f1anza de la Matem\u00e1tica, su Historia y su Did\u00e1ctica, en todos los ciclos del Sistema Educativo Nacional y Provinciales, p\u00fablico y privado; formales, no formales e informales; presenciales y a distancia, conforme a lo dispuesto por la Ley Federal de Educaci\u00f3n.<\/li><li>Desempe\u00f1ar cargos directivos y\/o de asesor en instituciones educativas.<\/li><li>Ejercer la coordinaci\u00f3n de ciclos o \u00e1reas en instituciones educativas.<\/li><li>Integrar y dirigir equipos para la formaci\u00f3n y capacitaci\u00f3n docente.<\/li><li>Integrar, coordinar y dirigir equipos para la formaci\u00f3n de recursos humanos en la especialidad matem\u00e1tica a solicitud de industrias, empresas y toda otra instituci\u00f3n que lo requiriera.<\/li><li>Integrar y coordinar equipos para la elaboraci\u00f3n de dise\u00f1os curriculares de los diferentes ciclos el sistema educativo en el \u00c1rea Matem\u00e1tica, su Historia o su Did\u00e1ctica.<\/li><li>Integrar equipos de estudio, docencia e investigaci\u00f3n cient\u00edfico-tecnol\u00f3gicas en el \u00e1rea de la Matem\u00e1tica, su Historia y su Did\u00e1ctica.<\/li><li>Promover, participar, proyectar, dirigir y monitorear pasant\u00edas de alumnos en proyectos de articulaci\u00f3n e integraci\u00f3n entre la Universidad y el nivel Medio y Terciario.<\/li><li>Evaluar programas y\/o proyectos relacionados con la Ense\u00f1anza de la Matem\u00e1tica, su Historia y\/o su Did\u00e1ctica.<\/li><li>Asesorar pedag\u00f3gica, profesional y t\u00e9cnicamente en el \u00e1rea de las Ciencias Matem\u00e1ticas a organismos provinciales, nacionales e internacionales, especialmente en el Mercosur.<\/li><\/ul><\/div>\n\t\t\t\t<\/div>\n\t\t\t\t\t\t\t<div class=\"elementor-accordion-item\">\n\t\t\t\t\t<div id=\"elementor-tab-title-1893\" class=\"elementor-tab-title\" data-tab=\"3\" role=\"button\" aria-controls=\"elementor-tab-content-1893\" aria-expanded=\"false\">\n\t\t\t\t\t\t\t\t\t\t\t\t\t<span class=\"elementor-accordion-icon elementor-accordion-icon-left\" aria-hidden=\"true\">\n\t\t\t\t\t\t\t\t\t\t\t\t\t\t\t<span class=\"elementor-accordion-icon-closed\"><i class=\"fas fa-plus\"><\/i><\/span>\n\t\t\t\t\t\t\t\t<span class=\"elementor-accordion-icon-opened\"><i class=\"fas fa-minus\"><\/i><\/span>\n\t\t\t\t\t\t\t\t\t\t\t\t\t\t<\/span>\n\t\t\t\t\t\t\t\t\t\t\t\t<a class=\"elementor-accordion-title\" tabindex=\"0\">Alcances del T\u00edtulo<\/a>\n\t\t\t\t\t<\/div>\n\t\t\t\t\t<div id=\"elementor-tab-content-1893\" class=\"elementor-tab-content elementor-clearfix\" data-tab=\"3\" role=\"region\" aria-labelledby=\"elementor-tab-title-1893\"><p>El T\u00edtulo de Profesor en Matem\u00e1tica que otorga la Carrera del Profesorado en Matem\u00e1tica es de validez nacional y habilita al egresado para:<\/p><ul><li>Planificar, conducir y evaluar la ense\u00f1anza y aprendizaje de la Matem\u00e1tica y su Did\u00e1ctica, en todos los ciclos del Sistema Educativo Nacional y Provinciales, p\u00fablico y privado; formales, no formales e informales; presenciales y a distancia, conforme a lo dispuesto por la Ley Federal de Educaci\u00f3n.<\/li><li>Planificar, dirigir y evaluar Proyectos Institucionales en los que se encuentre involucrada la Ciencia Matem\u00e1tica y su Ense\u00f1anza.<\/li><li>Asesorar en lo pedag\u00f3gico, metodol\u00f3gico, profesional y t\u00e9cnico de la especialidad en instituciones educativas.<\/li><li>Asesorar a Instituciones Educativas en lo relativo a contenidos y metodolog\u00eda de la Ense\u00f1anza de la Matem\u00e1tica, su Historia y su Did\u00e1ctica.<\/li><li>Elaborar, dirigir, coordinar, controlar y evaluar estudios e investigaciones del \u00e1rea matem\u00e1tica y de la ense\u00f1anza de la matem\u00e1tica.<\/li><li>Participar en equipos interdisciplinarios responsables de la elaboraci\u00f3n, ejecuci\u00f3n y evaluaci\u00f3n de programas y proyectos en los que se encuentre involucrada la problem\u00e1tica de la ense\u00f1anza y del aprendizaje de la matem\u00e1tica.<\/li><li>Acceder y continuar estudios y carreras de Postgrado, Especializaciones y Maestr\u00edas en \u00e1reas afines.<\/li><\/ul><\/div>\n\t\t\t\t<\/div>\n\t\t\t\t\t\t\t<div class=\"elementor-accordion-item\">\n\t\t\t\t\t<div id=\"elementor-tab-title-1894\" class=\"elementor-tab-title\" data-tab=\"4\" role=\"button\" aria-controls=\"elementor-tab-content-1894\" aria-expanded=\"false\">\n\t\t\t\t\t\t\t\t\t\t\t\t\t<span class=\"elementor-accordion-icon elementor-accordion-icon-left\" aria-hidden=\"true\">\n\t\t\t\t\t\t\t\t\t\t\t\t\t\t\t<span class=\"elementor-accordion-icon-closed\"><i class=\"fas fa-plus\"><\/i><\/span>\n\t\t\t\t\t\t\t\t<span class=\"elementor-accordion-icon-opened\"><i class=\"fas fa-minus\"><\/i><\/span>\n\t\t\t\t\t\t\t\t\t\t\t\t\t\t<\/span>\n\t\t\t\t\t\t\t\t\t\t\t\t<a class=\"elementor-accordion-title\" tabindex=\"0\">Plan de Estudio<\/a>\n\t\t\t\t\t<\/div>\n\t\t\t\t\t<div id=\"elementor-tab-content-1894\" class=\"elementor-tab-content elementor-clearfix\" data-tab=\"4\" role=\"region\" aria-labelledby=\"elementor-tab-title-1894\"><h4><span style=\"color: #800000;\">Primer a\u00f1o<\/span><\/h4><p><span style=\"text-decoration: underline;\">Primer cuatrimestre<\/span><\/p><ul><li>Algebra I<\/li><li>Elementos de la Computaci\u00f3n<\/li><li>Competencia Ling\u00fc\u00edstico Comunicativa<\/li><\/ul><p><span style=\"text-decoration: underline;\">Segundo cuatrimestre<\/span><\/p><ul><li>Algebra Lineal y Geometr\u00eda<\/li><li>An\u00e1lisis Matem\u00e1tico I<\/li><li>Taller de Iniciaci\u00f3n a la Pr\u00e1ctica Docente (5 semanas)<\/li><li>Optativa (5 semanas)<\/li><\/ul><h4><span style=\"color: #800000;\">Segundo a\u00f1o<\/span><\/h4><p><span style=\"text-decoration: underline;\">Primer cuatrimestre<\/span><\/p><ul><li>Algebra II<\/li><li>An\u00e1lisis Matem\u00e1tico II<\/li><li>Pedagog\u00eda<\/li><\/ul><p><span style=\"text-decoration: underline;\">Segundo cuatrimestre<\/span><\/p><ul><li>Geometr\u00eda M\u00e9trica y Trigonometr\u00eda<\/li><li>C\u00e1lculo Num\u00e9rico<\/li><li>Psicolog\u00eda del aprendizaje y del desarrollo<\/li><\/ul><h4><span style=\"color: #800000;\">Tercer a\u00f1o<\/span><\/h4><p><span style=\"text-decoration: underline;\">Primer cuatrimestre<\/span><\/p><ul><li>F\u00edsica I (Mec\u00e1nica) <\/li><li>Estad\u00edstica Descriptiva<\/li><li>Historia de la Matem\u00e1tica<\/li><\/ul><p><span style=\"text-decoration: underline;\">Segundo Cuatrimestre<\/span><\/p><ul><li>Probabilidad y Estad\u00edstica<\/li><li>Complementos de Algebra Lineal<\/li><li>Did\u00e1ctica<\/li><\/ul><h4><span style=\"color: #800000;\">Cuarto a\u00f1o<\/span><\/h4><p><span style=\"text-decoration: underline;\">Primer cuatrimestre<\/span><\/p><ul><li>An\u00e1lisis Matem\u00e1tico III<\/li><li>Taller de Problemas Matem\u00e1ticos<\/li><\/ul><p><span style=\"text-decoration: underline;\">Segundo cuatrimestre<\/span><\/p><ul><li>Matem\u00e1tica Financiera e Investigaci\u00f3n Operativa<\/li><li>Epistemolog\u00eda y Metodolog\u00eda de la Investigaci\u00f3n<\/li><\/ul><p><span style=\"text-decoration: underline;\">Anual<\/span><\/p><ul><li>Did\u00e1ctica de la Matem\u00e1tica y Pasant\u00eda<\/li><\/ul><\/div>\n\t\t\t\t<\/div>\n\t\t\t\t\t\t\t\t<\/div>\n\t\t\t\t\t\t<\/div>\n\t\t\t\t<\/div>\n\t\t\t\t\t<\/div>\n\t\t<\/div>\n\t\t\t\t\t<\/div>\n\t\t<\/section>\n\t\t\t\t<section class=\"elementor-section elementor-top-section elementor-element elementor-element-2d8d3f8 elementor-section-boxed elementor-section-height-default elementor-section-height-default\" data-id=\"2d8d3f8\" data-element_type=\"section\">\n\t\t\t\t\t\t<div class=\"elementor-container elementor-column-gap-default\">\n\t\t\t\t\t<div class=\"elementor-column elementor-col-100 elementor-top-column elementor-element elementor-element-d552a23\" data-id=\"d552a23\" data-element_type=\"column\">\n\t\t\t<div class=\"elementor-widget-wrap elementor-element-populated\">\n\t\t\t\t\t\t<div class=\"elementor-element elementor-element-d7dd15a elementor-widget elementor-widget-button\" data-id=\"d7dd15a\" data-element_type=\"widget\" data-widget_type=\"button.default\">\n\t\t\t\t<div class=\"elementor-widget-container\">\n\t\t\t\t\t\t\t\t\t<div class=\"elementor-button-wrapper\">\n\t\t\t\t\t<a class=\"elementor-button elementor-button-link elementor-size-sm\" href=\"https:\/\/exa.unne.edu.ar\/ingresantes-web\/wp-content\/uploads\/2023\/11\/Profesorado-en-Matematica-FaCENA.pdf\" target=\"_blank\">\n\t\t\t\t\t\t<span class=\"elementor-button-content-wrapper\">\n\t\t\t\t\t\t\t\t\t<span class=\"elementor-button-text\">Descarga la informaci\u00f3n de la carrera<\/span>\n\t\t\t\t\t<\/span>\n\t\t\t\t\t<\/a>\n\t\t\t\t<\/div>\n\t\t\t\t\t\t\t\t<\/div>\n\t\t\t\t<\/div>\n\t\t\t\t\t<\/div>\n\t\t<\/div>\n\t\t\t\t\t<\/div>\n\t\t<\/section>\n\t\t\t\t<section class=\"elementor-section elementor-top-section elementor-element elementor-element-5a2b447 elementor-section-boxed elementor-section-height-default elementor-section-height-default\" data-id=\"5a2b447\" data-element_type=\"section\">\n\t\t\t\t\t\t<div class=\"elementor-container elementor-column-gap-default\">\n\t\t\t\t\t<div class=\"elementor-column elementor-col-100 elementor-top-column elementor-element elementor-element-304c51b\" data-id=\"304c51b\" data-element_type=\"column\">\n\t\t\t<div class=\"elementor-widget-wrap elementor-element-populated\">\n\t\t\t\t\t\t<div class=\"elementor-element elementor-element-d9ccc46 elementor-widget elementor-widget-video\" data-id=\"d9ccc46\" data-element_type=\"widget\" data-settings=\"{&quot;youtube_url&quot;:&quot;https:\\\/\\\/youtu.be\\\/rhBlGFwSZHg&quot;,&quot;start&quot;:0,&quot;video_type&quot;:&quot;youtube&quot;,&quot;controls&quot;:&quot;yes&quot;}\" data-widget_type=\"video.default\">\n\t\t\t\t<div class=\"elementor-widget-container\">\n\t\t\t\t\t\t\t<div class=\"elementor-wrapper elementor-open-inline\">\n\t\t\t<div class=\"elementor-video\"><\/div>\t\t<\/div>\n\t\t\t\t\t\t<\/div>\n\t\t\t\t<\/div>\n\t\t\t\t\t<\/div>\n\t\t<\/div>\n\t\t\t\t\t<\/div>\n\t\t<\/section>\n\t\t\t\t<\/div>\n\t\t","protected":false},"excerpt":{"rendered":"<p>Director: Lic. Diego Francisco Vilotta (diego.vilotta@comunidad.unne.edu.ar) T\u00edtulo que otorga: Profesor en Matem\u00e1tica \u2013 Profesora en Matem\u00e1tica Carga horaria: 3132 hs. Duraci\u00f3n: 4 a\u00f1os. Fundamentaci\u00f3n El Profesorado en Matem\u00e1tica y Cosmograf\u00eda, actualmente en vigencia en la Facultad de Ciencias Exactas y Naturales y Agrimensura, dependiente de la Universidad Nacional del Nordeste &hellip; <\/p>\n","protected":false},"author":1,"featured_media":0,"parent":0,"menu_order":0,"comment_status":"closed","ping_status":"closed","template":"","meta":{"_monsterinsights_skip_tracking":false,"_monsterinsights_sitenote_active":false,"_monsterinsights_sitenote_note":"","_monsterinsights_sitenote_category":0,"footnotes":""},"class_list":["post-302","page","type-page","status-publish","hentry"],"_links":{"self":[{"href":"https:\/\/exa.unne.edu.ar\/ingresantes-web\/index.php\/wp-json\/wp\/v2\/pages\/302","targetHints":{"allow":["GET"]}}],"collection":[{"href":"https:\/\/exa.unne.edu.ar\/ingresantes-web\/index.php\/wp-json\/wp\/v2\/pages"}],"about":[{"href":"https:\/\/exa.unne.edu.ar\/ingresantes-web\/index.php\/wp-json\/wp\/v2\/types\/page"}],"author":[{"embeddable":true,"href":"https:\/\/exa.unne.edu.ar\/ingresantes-web\/index.php\/wp-json\/wp\/v2\/users\/1"}],"replies":[{"embeddable":true,"href":"https:\/\/exa.unne.edu.ar\/ingresantes-web\/index.php\/wp-json\/wp\/v2\/comments?post=302"}],"version-history":[{"count":20,"href":"https:\/\/exa.unne.edu.ar\/ingresantes-web\/index.php\/wp-json\/wp\/v2\/pages\/302\/revisions"}],"predecessor-version":[{"id":1802,"href":"https:\/\/exa.unne.edu.ar\/ingresantes-web\/index.php\/wp-json\/wp\/v2\/pages\/302\/revisions\/1802"}],"wp:attachment":[{"href":"https:\/\/exa.unne.edu.ar\/ingresantes-web\/index.php\/wp-json\/wp\/v2\/media?parent=302"}],"curies":[{"name":"wp","href":"https:\/\/api.w.org\/{rel}","templated":true}]}}