{"id":285,"date":"2022-09-27T17:11:13","date_gmt":"2022-09-27T17:11:13","guid":{"rendered":"https:\/\/exa.unne.edu.ar\/ingresantes-web\/?page_id=285"},"modified":"2023-11-08T14:38:23","modified_gmt":"2023-11-08T14:38:23","slug":"profesorado-en-biologia","status":"publish","type":"page","link":"https:\/\/exa.unne.edu.ar\/ingresantes-web\/index.php\/profesorado-en-biologia\/","title":{"rendered":"Profesorado en Biolog\u00eda"},"content":{"rendered":"\t\t<div data-elementor-type=\"wp-page\" data-elementor-id=\"285\" class=\"elementor elementor-285\">\n\t\t\t\t\t\t<section class=\"elementor-section elementor-top-section elementor-element elementor-element-f852e21 elementor-section-boxed elementor-section-height-default elementor-section-height-default\" data-id=\"f852e21\" data-element_type=\"section\">\n\t\t\t\t\t\t<div class=\"elementor-container elementor-column-gap-default\">\n\t\t\t\t\t<div class=\"elementor-column elementor-col-100 elementor-top-column elementor-element elementor-element-8637469\" data-id=\"8637469\" data-element_type=\"column\">\n\t\t\t<div class=\"elementor-widget-wrap elementor-element-populated\">\n\t\t\t\t\t\t<div class=\"elementor-element elementor-element-832c19e elementor-widget elementor-widget-text-editor\" data-id=\"832c19e\" data-element_type=\"widget\" data-widget_type=\"text-editor.default\">\n\t\t\t\t<div class=\"elementor-widget-container\">\n\t\t\t\t\t\t\t\t\t<p><strong>Directora:<\/strong> Dra. Francisca Milano (<a href=\"mailto:milano@exa.unne.edu.ar\">milano@exa.unne.edu.ar<\/a> )<\/p><p><strong>T\u00edtulo que otorga:<\/strong> Profesor en Biolog\u00eda \u2013 Profesora en Biolog\u00eda<\/p><p><strong>Carga horaria total:<\/strong> 2942 horas presenciales.<\/p><p><strong>Duraci\u00f3n:<\/strong> 4 a\u00f1os<\/p>\t\t\t\t\t\t\t\t<\/div>\n\t\t\t\t<\/div>\n\t\t\t\t\t<\/div>\n\t\t<\/div>\n\t\t\t\t\t<\/div>\n\t\t<\/section>\n\t\t\t\t<section class=\"elementor-section elementor-top-section elementor-element elementor-element-3372b58 elementor-section-boxed elementor-section-height-default elementor-section-height-default\" data-id=\"3372b58\" data-element_type=\"section\">\n\t\t\t\t\t\t<div class=\"elementor-container elementor-column-gap-default\">\n\t\t\t\t\t<div class=\"elementor-column elementor-col-100 elementor-top-column elementor-element elementor-element-289ad53\" data-id=\"289ad53\" data-element_type=\"column\">\n\t\t\t<div class=\"elementor-widget-wrap elementor-element-populated\">\n\t\t\t\t\t\t<div class=\"elementor-element elementor-element-9dfe06d elementor-widget elementor-widget-accordion\" data-id=\"9dfe06d\" data-element_type=\"widget\" data-widget_type=\"accordion.default\">\n\t\t\t\t<div class=\"elementor-widget-container\">\n\t\t\t\t\t\t\t<div class=\"elementor-accordion\">\n\t\t\t\t\t\t\t<div class=\"elementor-accordion-item\">\n\t\t\t\t\t<div id=\"elementor-tab-title-1651\" class=\"elementor-tab-title\" data-tab=\"1\" role=\"button\" aria-controls=\"elementor-tab-content-1651\" aria-expanded=\"false\">\n\t\t\t\t\t\t\t\t\t\t\t\t\t<span class=\"elementor-accordion-icon elementor-accordion-icon-left\" aria-hidden=\"true\">\n\t\t\t\t\t\t\t\t\t\t\t\t\t\t\t<span class=\"elementor-accordion-icon-closed\"><i class=\"fas fa-plus\"><\/i><\/span>\n\t\t\t\t\t\t\t\t<span class=\"elementor-accordion-icon-opened\"><i class=\"fas fa-minus\"><\/i><\/span>\n\t\t\t\t\t\t\t\t\t\t\t\t\t\t<\/span>\n\t\t\t\t\t\t\t\t\t\t\t\t<a class=\"elementor-accordion-title\" tabindex=\"0\">Fundamentaci\u00f3n<\/a>\n\t\t\t\t\t<\/div>\n\t\t\t\t\t<div id=\"elementor-tab-content-1651\" class=\"elementor-tab-content elementor-clearfix\" data-tab=\"1\" role=\"region\" aria-labelledby=\"elementor-tab-title-1651\"><p>Las Ciencias Biol\u00f3gicas pertenecen a las Ciencias F\u00e1cticas, que se caracterizan por el estudio emp\u00edrico de la realidad natural: la materia viva y los seres vivos en todas sus m\u00faltiples facetas.<\/p><p>Es preciso preparar al futuro docente para saber ense\u00f1ar, lo cual supone:<\/p><ul><li>Un saber disciplinar que integra los aspectos conceptuales, procedimentales y actitudinales, propios de las Ciencias naturales y en especial de la Biolog\u00eda.<\/li><li>Un saber sobre la ense\u00f1anza y el aprendizaje de las ciencias.<\/li><li>Para ello deber\u00e1n adquirir un conocimiento profundo de los contenidos a ense\u00f1ar, como as\u00ed tambi\u00e9n de validez social y formativa de los mismos. Por lo antedicho el proceso formativo deber\u00e1 orientarse al desarrollo profesional con competencias para proyectar y llevar a la pr\u00e1ctica propuestas did\u00e1cticas que tengan en cuenta las caracter\u00edsticas particulares de los sujetos, los grupos y los contextos institucionales.<\/li><li>En la formaci\u00f3n del futuro docente se abordar\u00e1 con profundidad los contenidos disciplinares a fin de proporcionarle un conocimiento integral del mismo y de las estrategias adecuadas para su ense\u00f1anza, las cuales se configurar\u00e1n en competencias te\u00f3ricas, metodol\u00f3gicas y pedag\u00f3gico did\u00e1cticas.<\/li><li>Las competencias te\u00f3rico cient\u00edficas atienden al conocimiento de las principales teor\u00edas y modelos de la Biolog\u00eda, de sus antecedentes hist\u00f3ricos y de los debates e interrogantes abiertos actualmente en este campo.<\/li><li>Las competencias metodol\u00f3gicas involucran el dominio de metodolog\u00eda experimentales propias de las ciencias y el an\u00e1lisis del marco epistemol\u00f3gico en que se generan las hip\u00f3tesis cient\u00edficas.<\/li><li>Las competencias pedag\u00f3gico \u2013 did\u00e1cticas posibilitan las conexiones entre los contenidos de los tres campos de la Formaci\u00f3n Docente: general, pedag\u00f3gico, especializado y orientado.<\/li><li>En cuanto a la formaci\u00f3n docente tendr\u00e1 como eje vertebrador la pr\u00e1ctica pedag\u00f3gica, la reflexi\u00f3n y el an\u00e1lisis cr\u00edtico de la misma, brindando para ello a los futuros docentes la metodolog\u00eda y conocimientos necesarios para estimular en ellos la investigaci\u00f3n cient\u00edfica sobre la problem\u00e1tica educativa regional y nacional, asumiendo como profesional de la ense\u00f1anza el compromiso \u00e9tico de contribuir con el mejoramiento y cuidado de la vida y el medio.<\/li><\/ul><\/div>\n\t\t\t\t<\/div>\n\t\t\t\t\t\t\t<div class=\"elementor-accordion-item\">\n\t\t\t\t\t<div id=\"elementor-tab-title-1652\" class=\"elementor-tab-title\" data-tab=\"2\" role=\"button\" aria-controls=\"elementor-tab-content-1652\" aria-expanded=\"false\">\n\t\t\t\t\t\t\t\t\t\t\t\t\t<span class=\"elementor-accordion-icon elementor-accordion-icon-left\" aria-hidden=\"true\">\n\t\t\t\t\t\t\t\t\t\t\t\t\t\t\t<span class=\"elementor-accordion-icon-closed\"><i class=\"fas fa-plus\"><\/i><\/span>\n\t\t\t\t\t\t\t\t<span class=\"elementor-accordion-icon-opened\"><i class=\"fas fa-minus\"><\/i><\/span>\n\t\t\t\t\t\t\t\t\t\t\t\t\t\t<\/span>\n\t\t\t\t\t\t\t\t\t\t\t\t<a class=\"elementor-accordion-title\" tabindex=\"0\">Campo Profesional<\/a>\n\t\t\t\t\t<\/div>\n\t\t\t\t\t<div id=\"elementor-tab-content-1652\" class=\"elementor-tab-content elementor-clearfix\" data-tab=\"2\" role=\"region\" aria-labelledby=\"elementor-tab-title-1652\"><p>El Profesor en Biolog\u00eda se ha desempe\u00f1ado tradicionalmente, en la ense\u00f1anza de la especialidad en la antigua escuela secundaria y en el nivel superior. Su formaci\u00f3n de grado ha sido fundamentalmente disciplinar en funci\u00f3n de Planes de Estudios con escasa presencia de materias del campo pedag\u00f3gico, donde la formaci\u00f3n en la pr\u00e1ctica docente se realizaba en el \u00faltimo a\u00f1o de la carrera.<\/p><p>A partir de los cambios introducidos por la Ley Federal de Educaci\u00f3n, en la estructura del Sistema Educativo, en el curriculum de los diversos niveles y en la Formaci\u00f3n Docente, se plantean nuevos roles al docente relacionados con la gesti\u00f3n institucional, la ense\u00f1anza por \u00e1reas (Ciencias Naturales), la investigaci\u00f3n en la did\u00e1ctica espec\u00edfica y disciplinar; todo lo cual requiere de una formaci\u00f3n que articule la teor\u00eda con la pr\u00e1ctica y que integre los aspectos pedag\u00f3gicos y disciplinares. En este sentido, en el Perfil del Graduado y en los Alcances del T\u00edtulo, se explicitan los capacidades y conocimientos que los futuros profesores deber\u00e1n lograr para responder de manera pertinente a las exigencias que los roles mencionados presentan.<\/p><\/div>\n\t\t\t\t<\/div>\n\t\t\t\t\t\t\t<div class=\"elementor-accordion-item\">\n\t\t\t\t\t<div id=\"elementor-tab-title-1653\" class=\"elementor-tab-title\" data-tab=\"3\" role=\"button\" aria-controls=\"elementor-tab-content-1653\" aria-expanded=\"false\">\n\t\t\t\t\t\t\t\t\t\t\t\t\t<span class=\"elementor-accordion-icon elementor-accordion-icon-left\" aria-hidden=\"true\">\n\t\t\t\t\t\t\t\t\t\t\t\t\t\t\t<span class=\"elementor-accordion-icon-closed\"><i class=\"fas fa-plus\"><\/i><\/span>\n\t\t\t\t\t\t\t\t<span class=\"elementor-accordion-icon-opened\"><i class=\"fas fa-minus\"><\/i><\/span>\n\t\t\t\t\t\t\t\t\t\t\t\t\t\t<\/span>\n\t\t\t\t\t\t\t\t\t\t\t\t<a class=\"elementor-accordion-title\" tabindex=\"0\">Perfil del Graduado<\/a>\n\t\t\t\t\t<\/div>\n\t\t\t\t\t<div id=\"elementor-tab-content-1653\" class=\"elementor-tab-content elementor-clearfix\" data-tab=\"3\" role=\"region\" aria-labelledby=\"elementor-tab-title-1653\"><p>El futuro profesor de Biolog\u00eda deber\u00e1 poseer las siguientes capacidades y competencias para el desempe\u00f1o de su rol profesional:<\/p><ul><li>Poseer un dominio adecuado de los contenidos que deber\u00e1 ense\u00f1ar.<\/li><li>Poseer una comprensi\u00f3n b\u00e1sica de la conducta humana y de los procesos cognitivos que ponen en juego para el logro de conceptualizaciones y habilidades en clase.<\/li><li>Dominar las estructuras b\u00e1sicas de la Biolog\u00eda, F\u00edsica y Qu\u00edmica.<\/li><li>Aplicar criterios v\u00e1lidos para la selecci\u00f3n de contenidos relevantes en concordancia con el grupo de educandos que tiene a su cargo.<\/li><li>Demostrar respeto a los principios de la \u00e9tica profesional.<\/li><li>Integrar la teor\u00eda y pr\u00e1ctica utilizando aquellos conocimientos que permitan una mayor comunicaci\u00f3n entre docentes-alumnos y con el entorno.<\/li><li>Aplicar en su ejercicio profesional los principios de la investigaci\u00f3n con el fin de reflexionar sobre la propia pr\u00e1ctica para poder entenderla y mejorarla.<\/li><li>Estimular las actividades creativas y la expresi\u00f3n del pensamiento cr\u00edtico e independiente.<\/li><li>Resolver con madurez y equilibrio situaciones en las que intervienen aspectos socioafectivos.<\/li><li>Analizar los resultados de su trabajo, evaluarlos y modificarlos para mejorar la calidad de los aprendizajes de los alumnos.<\/li><li>Generar en sus alumnos desde la Biolog\u00eda, F\u00edsica o Qu\u00edmica, el respeto por la vida y el cuidado del medio ambiente.<\/li><li>Participar, conjuntamente con otros docentes, en la elaboraci\u00f3n e implementaci\u00f3n del proyecto educativo institucional de acuerdo con el contexto social particular de la instituci\u00f3n escolar.<\/li><li>Establecer relaciones de intercambio de experiencias did\u00e1cticas entre pares para el fortalecimiento de la pr\u00e1ctica docente, la consolidaci\u00f3n de equipos de trabajo y el mejoramiento de las producciones pedag\u00f3gicas.<\/li><li>Participar de investigaciones acerca de aspectos relevantes en el campo disciplinar.<\/li><li>Difundir a la comunidad sus investigaciones y\/o trabajos experimentales.<\/li><\/ul><\/div>\n\t\t\t\t<\/div>\n\t\t\t\t\t\t\t<div class=\"elementor-accordion-item\">\n\t\t\t\t\t<div id=\"elementor-tab-title-1654\" class=\"elementor-tab-title\" data-tab=\"4\" role=\"button\" aria-controls=\"elementor-tab-content-1654\" aria-expanded=\"false\">\n\t\t\t\t\t\t\t\t\t\t\t\t\t<span class=\"elementor-accordion-icon elementor-accordion-icon-left\" aria-hidden=\"true\">\n\t\t\t\t\t\t\t\t\t\t\t\t\t\t\t<span class=\"elementor-accordion-icon-closed\"><i class=\"fas fa-plus\"><\/i><\/span>\n\t\t\t\t\t\t\t\t<span class=\"elementor-accordion-icon-opened\"><i class=\"fas fa-minus\"><\/i><\/span>\n\t\t\t\t\t\t\t\t\t\t\t\t\t\t<\/span>\n\t\t\t\t\t\t\t\t\t\t\t\t<a class=\"elementor-accordion-title\" tabindex=\"0\">Alcances del T\u00edtulo<\/a>\n\t\t\t\t\t<\/div>\n\t\t\t\t\t<div id=\"elementor-tab-content-1654\" class=\"elementor-tab-content elementor-clearfix\" data-tab=\"4\" role=\"region\" aria-labelledby=\"elementor-tab-title-1654\"><p>El futuro Profesor de Biolog\u00eda podr\u00e1 desempe\u00f1arse en las siguientes actividades profesionales:<\/p><ol start=\"6\"><li>Ense\u00f1anza de la especialidad en todos los ciclos del sistema educativo de acuerdo con lo normado por la Ley Federal de Educaci\u00f3n.<\/li><li>Coordinaci\u00f3n de ciclos (EGB, Polimodal; Terciario)<\/li><li>Coordinaci\u00f3n de proyectos t\u00e9cnico-profesionales.<\/li><li>Integraci\u00f3n de equipos para la elaboraci\u00f3n de dise\u00f1os curriculares de los diferentes ciclos del sistema educativo en el \u00e1rea ciencias naturales y\/o ciencias biol\u00f3gicas.<\/li><li>Investigaci\u00f3n sobre temas relacionados con la ense\u00f1anza de las ciencias naturales y\/o ciencias biol\u00f3gicas en los diferentes ciclos, en sus aspectos curriculares y extracurriculares.<\/li><li>Integraci\u00f3n de equipos para la formaci\u00f3n y capacitaci\u00f3n docente.<\/li><li>Integraci\u00f3n de equipos de docencia e investigaci\u00f3n cient\u00edfico-tecnol\u00f3gica en \u00e1reas afines.<\/li><li>Evaluaci\u00f3n de programas y\/o proyectos relacionados con la ense\u00f1anza de las ciencias naturales y\/o ciencias biol\u00f3gicas en todos sus ciclos y niveles.<\/li><li>Programaci\u00f3n y aplicaci\u00f3n de tareas de extensi\u00f3n referidas a la protecci\u00f3n y conservaci\u00f3n de la fauna y flora silvestre.<\/li><li>Promoci\u00f3n, proyecci\u00f3n y monitoreo de pasant\u00edas de alumnos en proyectos de integraci\u00f3n entre la universidad y el nivel medio y terciario.<\/li><li>Desempe\u00f1o de cargos de auxiliar de laboratorio en el \u00e1rea ciencias naturales y\/o ciencias biol\u00f3gicas.<\/li><li>Organizaci\u00f3n de colecciones biol\u00f3gicas para escuelas, museos e instituciones afines.<\/li><li>Colaboraci\u00f3n en las explotaciones con fines experimentales o comerciales de fauna y flora aut\u00f3ctonas o ex\u00f3ticas aclimatadas.<\/li><li>Colaboraci\u00f3n con los estudios biol\u00f3gicos, citol\u00f3gicos, hist\u00f3logicos, fisiol\u00f3gicos, embriol\u00f3gicos, gen\u00e9ticos y taxon\u00f3micos de seres vivos, muertos o fosilizados.<\/li><li>Colaboraci\u00f3n en la identificaci\u00f3n de los componentes biol\u00f3gicos de ecosistemas y realizaci\u00f3n de estudios biol\u00f3gicos.<\/li><li>Desempe\u00f1arse como colaborador en:<ul><li>Las explotaciones con fines experimentales o comerciales de fauna y floras aut\u00f3ctonas o ex\u00f3ticas aclimatadas.<\/li><li>Los estudios biol\u00f3gicos, citol\u00f3gicos, histol\u00f3gicos, fisiol\u00f3gicos, embriol\u00f3gicos, gen\u00e9ticos y taxon\u00f3micos de seres vivos, muertos o fosilizados.<\/li><li>La identificaci\u00f3n de los componentes biol\u00f3gicos de ecosistemas y realizaci\u00f3n de estudios biol\u00f3gicos.<\/li><\/ul><\/li><\/ol><\/div>\n\t\t\t\t<\/div>\n\t\t\t\t\t\t\t<div class=\"elementor-accordion-item\">\n\t\t\t\t\t<div id=\"elementor-tab-title-1655\" class=\"elementor-tab-title\" data-tab=\"5\" role=\"button\" aria-controls=\"elementor-tab-content-1655\" aria-expanded=\"false\">\n\t\t\t\t\t\t\t\t\t\t\t\t\t<span class=\"elementor-accordion-icon elementor-accordion-icon-left\" aria-hidden=\"true\">\n\t\t\t\t\t\t\t\t\t\t\t\t\t\t\t<span class=\"elementor-accordion-icon-closed\"><i class=\"fas fa-plus\"><\/i><\/span>\n\t\t\t\t\t\t\t\t<span class=\"elementor-accordion-icon-opened\"><i class=\"fas fa-minus\"><\/i><\/span>\n\t\t\t\t\t\t\t\t\t\t\t\t\t\t<\/span>\n\t\t\t\t\t\t\t\t\t\t\t\t<a class=\"elementor-accordion-title\" tabindex=\"0\">Plan de Estudio<\/a>\n\t\t\t\t\t<\/div>\n\t\t\t\t\t<div id=\"elementor-tab-content-1655\" class=\"elementor-tab-content elementor-clearfix\" data-tab=\"5\" role=\"region\" aria-labelledby=\"elementor-tab-title-1655\"><h4><span style=\"color: #800000;\">Primer a\u00f1o<\/span><\/h4><p><span style=\"text-decoration: underline;\">Primer cuatrimestre<\/span><\/p><ul><li>Introducci\u00f3n a la Biolog\u00eda<\/li><li>Matem\u00e1tica<\/li><li>Qu\u00edmica general y biol\u00f3gica<\/li><\/ul><p><span style=\"text-decoration: underline;\">Segundo cuatrimestre<\/span><\/p><ul><li>Geolog\u00eda<\/li><li>F\u00edsica general y biol\u00f3gica<\/li><li>Competencia ling\u00fc\u00edstico-comunicativa<\/li><li>Problem\u00e1tica filos\u00f3fica contempor\u00e1nea<\/li><\/ul><h4><span style=\"color: #800000;\">Segundo a\u00f1o<\/span><\/h4><p><span style=\"text-decoration: underline;\">Primer cuatrimestre<\/span><\/p><ul><li>Pedagog\u00eda<\/li><li>Biolog\u00eda celular y molecular<\/li><li>Anatom\u00eda comparada de cordados<\/li><\/ul><p><span style=\"text-decoration: underline;\">Segundo cuatrimestre<\/span><\/p><ul><li>Psicolog\u00eda del aprendizaje y del desarrollo <\/li><li>Biolog\u00eda de los invertebrados<\/li><li>Morfolog\u00eda vegetal<\/li><li>Seminario sobre instituci\u00f3n educativa<\/li><\/ul><h4><span style=\"color: #800000;\">Tercer a\u00f1o<\/span><\/h4><p><span style=\"text-decoration: underline;\">Primer cuatrimestre<\/span><\/p><ul><li>Fisiolog\u00eda vegetal<\/li><li>Gen\u00e9tica<\/li><li>Fisiolog\u00eda animal<\/li><\/ul><p><span style=\"text-decoration: underline;\">Segundo Cuatrimestre<\/span><\/p><ul><li>Biolog\u00eda de los cordados<\/li><li>Diversidad vegetal<\/li><li>Did\u00e1ctica<\/li><\/ul><h4><span style=\"color: #800000;\">Cuarto a\u00f1o<\/span><\/h4><p><span style=\"text-decoration: underline;\">Primer cuatrimestre<\/span><\/p><ul><li>Antropolog\u00eda f\u00edsica y cultural<\/li><li>Paleontolog\u00eda<\/li><li>Did\u00e1ctica de la biolog\u00eda y pr\u00e1ctica de residencia (Semestral)<\/li><\/ul><p><span style=\"text-decoration: underline;\">Segundo cuatrimestre<\/span><\/p><ul><li>Ecolog\u00eda<\/li><li>Educaci\u00f3n para la salud y el ambiente<\/li><li>Epistemolog\u00eda y metodolog\u00eda de la Investigaci\u00f3n<\/li><\/ul><\/div>\n\t\t\t\t<\/div>\n\t\t\t\t\t\t\t\t<\/div>\n\t\t\t\t\t\t<\/div>\n\t\t\t\t<\/div>\n\t\t\t\t\t<\/div>\n\t\t<\/div>\n\t\t\t\t\t<\/div>\n\t\t<\/section>\n\t\t\t\t<section class=\"elementor-section elementor-top-section elementor-element elementor-element-0d27107 elementor-section-boxed elementor-section-height-default elementor-section-height-default\" data-id=\"0d27107\" data-element_type=\"section\">\n\t\t\t\t\t\t<div class=\"elementor-container elementor-column-gap-default\">\n\t\t\t\t\t<div class=\"elementor-column elementor-col-100 elementor-top-column elementor-element elementor-element-7256e19\" data-id=\"7256e19\" data-element_type=\"column\">\n\t\t\t<div class=\"elementor-widget-wrap elementor-element-populated\">\n\t\t\t\t\t\t<div class=\"elementor-element elementor-element-913aee3 elementor-widget elementor-widget-button\" data-id=\"913aee3\" data-element_type=\"widget\" data-widget_type=\"button.default\">\n\t\t\t\t<div class=\"elementor-widget-container\">\n\t\t\t\t\t\t\t\t\t<div class=\"elementor-button-wrapper\">\n\t\t\t\t\t<a class=\"elementor-button elementor-button-link elementor-size-sm\" href=\"https:\/\/exa.unne.edu.ar\/ingresantes-web\/wp-content\/uploads\/2023\/11\/Profesorado-en-Biologia-FaCENA-2.pdf\" target=\"_blank\">\n\t\t\t\t\t\t<span class=\"elementor-button-content-wrapper\">\n\t\t\t\t\t\t\t\t\t<span class=\"elementor-button-text\">Descarga la Informaci\u00f3n de la Carrera<\/span>\n\t\t\t\t\t<\/span>\n\t\t\t\t\t<\/a>\n\t\t\t\t<\/div>\n\t\t\t\t\t\t\t\t<\/div>\n\t\t\t\t<\/div>\n\t\t\t\t\t<\/div>\n\t\t<\/div>\n\t\t\t\t\t<\/div>\n\t\t<\/section>\n\t\t\t\t<section class=\"elementor-section elementor-top-section elementor-element elementor-element-9832fa4 elementor-section-boxed elementor-section-height-default elementor-section-height-default\" data-id=\"9832fa4\" data-element_type=\"section\">\n\t\t\t\t\t\t<div class=\"elementor-container elementor-column-gap-default\">\n\t\t\t\t\t<div class=\"elementor-column elementor-col-100 elementor-top-column elementor-element elementor-element-7b6824e\" data-id=\"7b6824e\" data-element_type=\"column\">\n\t\t\t<div class=\"elementor-widget-wrap elementor-element-populated\">\n\t\t\t\t\t\t<div class=\"elementor-element elementor-element-0cbe0ce elementor-widget elementor-widget-video\" data-id=\"0cbe0ce\" data-element_type=\"widget\" data-settings=\"{&quot;youtube_url&quot;:&quot;https:\\\/\\\/youtu.be\\\/hhU1kcNizro&quot;,&quot;start&quot;:0,&quot;video_type&quot;:&quot;youtube&quot;,&quot;controls&quot;:&quot;yes&quot;}\" data-widget_type=\"video.default\">\n\t\t\t\t<div class=\"elementor-widget-container\">\n\t\t\t\t\t\t\t<div class=\"elementor-wrapper elementor-open-inline\">\n\t\t\t<div class=\"elementor-video\"><\/div>\t\t<\/div>\n\t\t\t\t\t\t<\/div>\n\t\t\t\t<\/div>\n\t\t\t\t\t<\/div>\n\t\t<\/div>\n\t\t\t\t\t<\/div>\n\t\t<\/section>\n\t\t\t\t<\/div>\n\t\t","protected":false},"excerpt":{"rendered":"<p>Directora: Dra. Francisca Milano (milano@exa.unne.edu.ar ) T\u00edtulo que otorga: Profesor en Biolog\u00eda \u2013 Profesora en Biolog\u00eda Carga horaria total: 2942 horas presenciales. Duraci\u00f3n: 4 a\u00f1os Fundamentaci\u00f3n Las Ciencias Biol\u00f3gicas pertenecen a las Ciencias F\u00e1cticas, que se caracterizan por el estudio emp\u00edrico de la realidad natural: la materia viva y los &hellip; <\/p>\n","protected":false},"author":1,"featured_media":0,"parent":0,"menu_order":0,"comment_status":"closed","ping_status":"closed","template":"","meta":{"_monsterinsights_skip_tracking":false,"_monsterinsights_sitenote_active":false,"_monsterinsights_sitenote_note":"","_monsterinsights_sitenote_category":0,"footnotes":""},"class_list":["post-285","page","type-page","status-publish","hentry"],"_links":{"self":[{"href":"https:\/\/exa.unne.edu.ar\/ingresantes-web\/index.php\/wp-json\/wp\/v2\/pages\/285","targetHints":{"allow":["GET"]}}],"collection":[{"href":"https:\/\/exa.unne.edu.ar\/ingresantes-web\/index.php\/wp-json\/wp\/v2\/pages"}],"about":[{"href":"https:\/\/exa.unne.edu.ar\/ingresantes-web\/index.php\/wp-json\/wp\/v2\/types\/page"}],"author":[{"embeddable":true,"href":"https:\/\/exa.unne.edu.ar\/ingresantes-web\/index.php\/wp-json\/wp\/v2\/users\/1"}],"replies":[{"embeddable":true,"href":"https:\/\/exa.unne.edu.ar\/ingresantes-web\/index.php\/wp-json\/wp\/v2\/comments?post=285"}],"version-history":[{"count":26,"href":"https:\/\/exa.unne.edu.ar\/ingresantes-web\/index.php\/wp-json\/wp\/v2\/pages\/285\/revisions"}],"predecessor-version":[{"id":1796,"href":"https:\/\/exa.unne.edu.ar\/ingresantes-web\/index.php\/wp-json\/wp\/v2\/pages\/285\/revisions\/1796"}],"wp:attachment":[{"href":"https:\/\/exa.unne.edu.ar\/ingresantes-web\/index.php\/wp-json\/wp\/v2\/media?parent=285"}],"curies":[{"name":"wp","href":"https:\/\/api.w.org\/{rel}","templated":true}]}}