{"id":270,"date":"2022-09-27T15:38:15","date_gmt":"2022-09-27T15:38:15","guid":{"rendered":"https:\/\/exa.unne.edu.ar\/ingresantes-web\/?page_id=270"},"modified":"2025-11-17T18:10:40","modified_gmt":"2025-11-17T18:10:40","slug":"licenciatura-en-sistemas-de-la-informacion","status":"publish","type":"page","link":"https:\/\/exa.unne.edu.ar\/ingresantes-web\/index.php\/licenciatura-en-sistemas-de-la-informacion\/","title":{"rendered":"Licenciatura en Sistemas de Informaci\u00f3n"},"content":{"rendered":"<p><strong>Directora:<\/strong> Dra. Sonia I. Mari\u00f1o (<a href=\"mailto:lsiunne@exa.unne.edu.ar\" target=\"_blank\" rel=\"noopener\">lsiunne@exa.unne.edu.ar<\/a>)<\/p>\n<p><strong>T\u00edtulo que otorga:<\/strong><\/p>\n<ul>\n<li>T\u00edtulo Intermedio de Pre-Grado:\u00a0Analista Programador\/a Universitario\/a<\/li>\n<li>T\u00edtulo Terminal de Grado:\u00a0\u00a0Licenciado\/a en Sistemas de Informaci\u00f3n<\/li>\n<\/ul>\n<p><strong>Resoluci\u00f3n<\/strong>: 2024-723-CS UNNE<\/p>\n<p><strong>Resoluci\u00f3n de Acreditaci\u00f3n<\/strong>:<em> en tr\u00e1mite.<\/em><\/p>\n<p><strong>Est\u00e1ndar de la carrera:<\/strong> Res. N\u00ba 1254\/18 ME.<\/p>\n<p><strong>Carga Horaria Total<\/strong>:<\/p>\n<ul>\n<li>T\u00edtulo intermedio: 2.144 horas.<\/li>\n<li>Titulo de Licenciatura: 3.488 horas.<\/li>\n<\/ul>\n<p><strong>Duraci\u00f3n de la carrera en a\u00f1os<\/strong>:<\/p>\n<ul>\n<li>T\u00edtulo Intermedio: 3 a\u00f1os<\/li>\n<li>Titulo de Licenciatura: 5 a\u00f1os<\/li>\n<\/ul>\n<p><strong>Facebook:<\/strong>\u00a0\u00a0@LicenciaturaEnSistemas.Unne<\/p>\n<style>\/*! elementor - v3.18.0 - 20-12-2023 *\/<br \/>\n.elementor-accordion{text-align:left}.elementor-accordion .elementor-accordion-item{border:1px solid #d5d8dc}.elementor-accordion .elementor-accordion-item+.elementor-accordion-item{border-top:none}.elementor-accordion .elementor-tab-title{margin:0;padding:15px 20px;font-weight:700;line-height:1;cursor:pointer;outline:none}.elementor-accordion .elementor-tab-title .elementor-accordion-icon{display:inline-block;width:1.5em}.elementor-accordion .elementor-tab-title .elementor-accordion-icon svg{width:1em;height:1em}.elementor-accordion .elementor-tab-title .elementor-accordion-icon.elementor-accordion-icon-right{float:right;text-align:right}.elementor-accordion .elementor-tab-title .elementor-accordion-icon.elementor-accordion-icon-left{float:left;text-align:left}.elementor-accordion .elementor-tab-title .elementor-accordion-icon .elementor-accordion-icon-closed{display:block}.elementor-accordion .elementor-tab-title .elementor-accordion-icon .elementor-accordion-icon-opened,.elementor-accordion .elementor-tab-title.elementor-active .elementor-accordion-icon-closed{display:none}.elementor-accordion .elementor-tab-title.elementor-active .elementor-accordion-icon-opened{display:block}.elementor-accordion .elementor-tab-content{display:none;padding:15px 20px;border-top:1px solid #d5d8dc}@media (max-width:767px){.elementor-accordion .elementor-tab-title{padding:12px 15px}.elementor-accordion .elementor-tab-title .elementor-accordion-icon{width:1.2em}.elementor-accordion .elementor-tab-content{padding:7px 15px}}.e-con-inner>.elementor-widget-accordion,.e-con>.elementor-widget-accordion{width:var(--container-widget-width);--flex-grow:var(--container-widget-flex-grow)}<\/style>\n<p><a tabindex=\"0\">Fundamentaci\u00f3n<\/a><\/p>\n<p>El presente plan de estudios consiste en una reformulaci\u00f3n del plan de estudios de la carrera Licenciatura en Sistemas de Informaci\u00f3n (aprobado por Res. N\u00ba1137\/09 CS) para cumplir con los nuevos requerimientos que surgen de la actualizaci\u00f3n de las actividades profesionales reservadas al t\u00edtulo, los est\u00e1ndares fijados para la nueva convocatoria de acreditaci\u00f3n y la adhesi\u00f3n de FaCENA al modelo de formaci\u00f3n basada en competencias y aprendizaje centrado en el estudiante para las carreras de ingenier\u00edas e inform\u00e1tica, como as\u00ed tambi\u00e9n, actualizar contenidos en funci\u00f3n de las demandas actuales de la sociedad y realizar adecuaciones de dise\u00f1o curricular surgidas del proceso de autoevaluaci\u00f3n de la carrera.<\/p>\n<p>El plan de estudios se ha organizado en base a las \u00e1reas curriculares consideradas en los est\u00e1ndares: Ciencias B\u00e1sicas y Espec\u00edficas; Algoritmos y Lenguajes; Arquitectura, Sistemas Operativos y Redes; Ingenier\u00eda del Software, Bases de Datos y Sistemas de Informaci\u00f3n; y Aspectos Sociales y Profesionales.<\/p>\n<p>Para lograr la formaci\u00f3n propuesta, el dise\u00f1o curricular se orienta al cumplimiento de las actividades reservadas y los est\u00e1ndares de la convocatoria de Acreditaci\u00f3n:<\/p>\n<p>a) Consolidar las competencias espec\u00edficas que surgen de las actividades profesionales reservadas para esta titulaci\u00f3n:<\/p>\n<p>\u2013 Especificar, proyectar y desarrollar sistemas de informaci\u00f3n, sistemas de comunicaci\u00f3n de datos y software cuya utilizaci\u00f3n pueda afectar la seguridad, salud, bienes o derechos.<\/p>\n<p>\u2013 Proyectar y dirigir lo referido a seguridad inform\u00e1tica.<\/p>\n<p>\u2013 Establecer m\u00e9tricas y normas de calidad de software.<\/p>\n<p>\u2013 Certificar el funcionamiento, condici\u00f3n de uso o estado de lo mencionado anteriormente.<\/p>\n<p>\u2013 Dirigir y controlar la implementaci\u00f3n, operaci\u00f3n y mantenimiento de lo anteriormente mencionado.<\/p>\n<p>b) Promover y consolidar las competencias gen\u00e9ricas, tecnol\u00f3gicas y sociales, pol\u00edticas y actitudinales, que se integrar\u00e1n en forma transversal con el aporte de las asignaturas, explicitado en los respectivos programas.<\/p>\n<p><a tabindex=\"0\">Campo Profesional<\/a><\/p>\n<p>En consonancia con el mayor rol protag\u00f3nico que las TIC presentan en las organizaciones, el campo de actuaci\u00f3n profesional de los graduados es cada vez m\u00e1s amplio. En la actualidad, la mayor parte de las organizaciones incorporan sistemas que brindan el soporte para sus actividades y el logro de los objetivos.<\/p>\n<p>En este sentido, los Licenciados en Sistemas de Informaci\u00f3n poseen la formaci\u00f3n necesaria para dise\u00f1ar, implementar y administrar soluciones inform\u00e1ticas en el contexto de las organizaciones, y alinear estas soluciones con las pol\u00edticas organizacionales para transformarlos en ventajas competitivas.<\/p>\n<p>Esta formaci\u00f3n profesional tambi\u00e9n le permite generar y participar de emprendimientos empresariales relacionados con el desarrollo y comercializaci\u00f3n de software y sistemas inform\u00e1ticos.<\/p>\n<p>Otras actividades conexas incluyen la realizaci\u00f3n de auditor\u00edas y peritajes, la evaluaci\u00f3n y selecci\u00f3n de los recursos inform\u00e1ticos m\u00e1s adecuados a las soluciones propuestas, el ejercicio de la docencia en todos los niveles del sistema educativo y la participaci\u00f3n en actividades de generaci\u00f3n y transferencia de conocimientos (I+D).<\/p>\n<p>El campo profesional para los egresados del Primer Ciclo (pre-grado) como Analista Programador Universitario comprende el desarrollo de aplicaciones incluyendo el dise\u00f1o e implementaci\u00f3n de la estructura de datos y la definici\u00f3n y representaci\u00f3n de las especificaciones o requerimientos de dicha aplicaci\u00f3n.<\/p>\n<p><a tabindex=\"0\">Perfil del Graduado<\/a><\/p>\n<p align=\"justify\">El Licenciado en Sistemas de Informaci\u00f3n es un profesional que posee significativos fundamentos te\u00f3ricos de Inform\u00e1tica y conocimiento actualizado de las tecnolog\u00edas, de modo de orientarse especialmente al mercado profesional vinculado con los Sistemas Inform\u00e1ticos, en particular los aspectos propios del manejo de software y datos dentro de una organizaci\u00f3n. Posee una s\u00f3lida formaci\u00f3n en Sistemas, Ingenier\u00eda de Software, Programaci\u00f3n, Bases de Datos, Arquitecturas de Computadoras, Sistemas Operativos y Redes, Calidad de software y Seguridad en Hardware y Software, y en temas de Inteligencia Artificial y Ciencia de Datos, aplicados en las organizaciones, lo que le brinda un marco conceptual que le permitir\u00e1 el cumplimiento de las actividades reservadas a la titulaci\u00f3n.<\/p>\n<p align=\"justify\">El Analista Programador Universitario entiende en el desarrollo, modificaci\u00f3n y mantenimiento de aplicaciones inform\u00e1ticas (especificaci\u00f3n, dise\u00f1o, codificaci\u00f3n, prueba, verificaci\u00f3n y validaci\u00f3n, documentaci\u00f3n e implementaci\u00f3n de aplicaciones en organizaciones empresariales, gubernamentales o similares), en la producci\u00f3n de software en las empresas, mediante la utilizaci\u00f3n de herramientas de desarrollo de uso generalizado en el mercado laboral.<\/p>\n<p><a tabindex=\"0\">Plan de Estudios<\/a><\/p>\n<h4>Primer a\u00f1o<\/h4>\n<ul>\n<li>Algoritmos y Estructuras de Datos I<\/li>\n<li>Algebra<\/li>\n<li>Algoritmos y Estructura de Datos II<\/li>\n<li>L\u00f3gica y Matem\u00e1tica Computacional<\/li>\n<li>Sistemas y Organizaciones<\/li>\n<\/ul>\n<h4>Segundo a\u00f1o<\/h4>\n<ul>\n<li>Paradigmas y Lenguajes<\/li>\n<li>Arquitectura y Organizaci\u00f3n de Computadoras<\/li>\n<li>C\u00e1lculo Diferencial e Integral<\/li>\n<li>Programaci\u00f3n Orientada a Objetos<\/li>\n<li>Sistemas Operativos<\/li>\n<li>Bases de datos I<\/li>\n<\/ul>\n<h4>Tercer a\u00f1o<\/h4>\n<ul>\n<li>Programaci\u00f3n web<\/li>\n<li>Comunicaci\u00f3n de Datos<\/li>\n<li>Ingenier\u00eda de Software I<\/li>\n<li>Probabilidad y Estad\u00edstica<\/li>\n<li>Programaci\u00f3n avanzada<\/li>\n<li>Ingenier\u00eda de Software II<\/li>\n<\/ul>\n<p><em><strong>Obtenci\u00f3n del t\u00edtulo intermedio de Analista Programador Universitario.<\/strong><\/em><\/p>\n<p>Cuarto A\u00f1o<\/p>\n<ul>\n<li>Inteligencia artificial<\/li>\n<li>Teor\u00eda de la Computaci\u00f3n<\/li>\n<li>Redes de Datos<\/li>\n<li>Ingenier\u00eda de Software III<\/li>\n<li>Base de Datos II<\/li>\n<li>M\u00e9todos Computacionales<\/li>\n<li>An\u00e1lisis de las organizaciones y procesos<\/li>\n<\/ul>\n<h4>Quinto A\u00f1o<\/h4>\n<ul>\n<li>Auditoria y Seguridad Inform\u00e1tica<\/li>\n<li>Emprendedorismo y modelos de negocios<\/li>\n<li>Optativa I<\/li>\n<li>Introducci\u00f3n a la Ciencia de Datos<\/li>\n<li>Aspectos profesionales y sociales de la inform\u00e1tica<\/li>\n<li>Optativa II<\/li>\n<li>Proyecto Integrador de la Carrera<\/li>\n<\/ul>\n<p><em><strong>Obtenci\u00f3n del t\u00edtulo de grado Licenciado en Sistemas de Informaci\u00f3n.<\/strong><\/em><\/p>\n<p><iframe title=\"Licenciatura en Sistemas de Informaci\u00f3n\" width=\"1020\" height=\"574\" src=\"https:\/\/www.youtube.com\/embed\/KB6wjSmbg58?feature=oembed\" frameborder=\"0\" allow=\"accelerometer; autoplay; clipboard-write; encrypted-media; gyroscope; picture-in-picture; web-share\" referrerpolicy=\"strict-origin-when-cross-origin\" allowfullscreen><\/iframe><\/p>\n","protected":false},"excerpt":{"rendered":"<p>Directora: Dra. Sonia I. Mari\u00f1o (lsiunne@exa.unne.edu.ar) T\u00edtulo que otorga: T\u00edtulo Intermedio de Pre-Grado:\u00a0Analista Programador\/a Universitario\/a T\u00edtulo Terminal de Grado:\u00a0\u00a0Licenciado\/a en Sistemas de Informaci\u00f3n Resoluci\u00f3n: 2024-723-CS UNNE Resoluci\u00f3n de Acreditaci\u00f3n: en tr\u00e1mite. Est\u00e1ndar de la carrera: Res. N\u00ba 1254\/18 ME. Carga Horaria Total: T\u00edtulo intermedio: 2.144 horas. Titulo de Licenciatura: 3.488 &hellip; <\/p>\n","protected":false},"author":1,"featured_media":0,"parent":0,"menu_order":0,"comment_status":"closed","ping_status":"closed","template":"","meta":{"_monsterinsights_skip_tracking":false,"_monsterinsights_sitenote_active":false,"_monsterinsights_sitenote_note":"","_monsterinsights_sitenote_category":0,"footnotes":""},"class_list":["post-270","page","type-page","status-publish","hentry"],"_links":{"self":[{"href":"https:\/\/exa.unne.edu.ar\/ingresantes-web\/index.php\/wp-json\/wp\/v2\/pages\/270","targetHints":{"allow":["GET"]}}],"collection":[{"href":"https:\/\/exa.unne.edu.ar\/ingresantes-web\/index.php\/wp-json\/wp\/v2\/pages"}],"about":[{"href":"https:\/\/exa.unne.edu.ar\/ingresantes-web\/index.php\/wp-json\/wp\/v2\/types\/page"}],"author":[{"embeddable":true,"href":"https:\/\/exa.unne.edu.ar\/ingresantes-web\/index.php\/wp-json\/wp\/v2\/users\/1"}],"replies":[{"embeddable":true,"href":"https:\/\/exa.unne.edu.ar\/ingresantes-web\/index.php\/wp-json\/wp\/v2\/comments?post=270"}],"version-history":[{"count":51,"href":"https:\/\/exa.unne.edu.ar\/ingresantes-web\/index.php\/wp-json\/wp\/v2\/pages\/270\/revisions"}],"predecessor-version":[{"id":2471,"href":"https:\/\/exa.unne.edu.ar\/ingresantes-web\/index.php\/wp-json\/wp\/v2\/pages\/270\/revisions\/2471"}],"wp:attachment":[{"href":"https:\/\/exa.unne.edu.ar\/ingresantes-web\/index.php\/wp-json\/wp\/v2\/media?parent=270"}],"curies":[{"name":"wp","href":"https:\/\/api.w.org\/{rel}","templated":true}]}}