{"id":260,"date":"2022-09-27T15:23:49","date_gmt":"2022-09-27T15:23:49","guid":{"rendered":"https:\/\/exa.unne.edu.ar\/ingresantes-web\/?page_id=260"},"modified":"2023-11-08T14:43:04","modified_gmt":"2023-11-08T14:43:04","slug":"licenciatura-en-matematica","status":"publish","type":"page","link":"https:\/\/exa.unne.edu.ar\/ingresantes-web\/index.php\/licenciatura-en-matematica\/","title":{"rendered":"Licenciatura en Matem\u00e1tica"},"content":{"rendered":"\t\t<div data-elementor-type=\"wp-page\" data-elementor-id=\"260\" class=\"elementor elementor-260\">\n\t\t\t\t\t\t<section class=\"elementor-section elementor-top-section elementor-element elementor-element-1cafaf6 elementor-section-boxed elementor-section-height-default elementor-section-height-default\" data-id=\"1cafaf6\" data-element_type=\"section\" data-e-type=\"section\">\n\t\t\t\t\t\t<div class=\"elementor-container elementor-column-gap-default\">\n\t\t\t\t\t<div class=\"elementor-column elementor-col-100 elementor-top-column elementor-element elementor-element-de7b0d2\" data-id=\"de7b0d2\" data-element_type=\"column\" data-e-type=\"column\">\n\t\t\t<div class=\"elementor-widget-wrap elementor-element-populated\">\n\t\t\t\t\t\t<div class=\"elementor-element elementor-element-3648ee3 elementor-widget elementor-widget-text-editor\" data-id=\"3648ee3\" data-element_type=\"widget\" data-e-type=\"widget\" data-widget_type=\"text-editor.default\">\n\t\t\t\t<div class=\"elementor-widget-container\">\n\t\t\t\t\t\t\t\t\t<p><strong>Director:<\/strong> Dr. Germ\u00e1n Ariel Torres (<a href=\"mailto:torres.german.ariel1@gmail.com\">torres.german.ariel1@gmail.com<\/a>)<\/p><p><strong>T\u00edtulo que otorga:<\/strong> Licenciado en Matem\u00e1tica \u2013 Licenciada en Matem\u00e1tica<\/p><p><strong>Carga Horaria:<\/strong> 3.408 horas.<\/p><p><strong>Duraci\u00f3n:<\/strong>\u00a0\u00a0 5 a\u00f1os<\/p>\t\t\t\t\t\t\t\t<\/div>\n\t\t\t\t<\/div>\n\t\t\t\t\t<\/div>\n\t\t<\/div>\n\t\t\t\t\t<\/div>\n\t\t<\/section>\n\t\t\t\t<section class=\"elementor-section elementor-top-section elementor-element elementor-element-218dad2 elementor-section-boxed elementor-section-height-default elementor-section-height-default\" data-id=\"218dad2\" data-element_type=\"section\" data-e-type=\"section\">\n\t\t\t\t\t\t<div class=\"elementor-container elementor-column-gap-default\">\n\t\t\t\t\t<div class=\"elementor-column elementor-col-100 elementor-top-column elementor-element elementor-element-71ebfa7\" data-id=\"71ebfa7\" data-element_type=\"column\" data-e-type=\"column\">\n\t\t\t<div class=\"elementor-widget-wrap elementor-element-populated\">\n\t\t\t\t\t\t<div class=\"elementor-element elementor-element-e12a405 elementor-widget elementor-widget-accordion\" data-id=\"e12a405\" data-element_type=\"widget\" data-e-type=\"widget\" data-widget_type=\"accordion.default\">\n\t\t\t\t<div class=\"elementor-widget-container\">\n\t\t\t\t\t\t\t<div class=\"elementor-accordion\">\n\t\t\t\t\t\t\t<div class=\"elementor-accordion-item\">\n\t\t\t\t\t<div id=\"elementor-tab-title-2361\" class=\"elementor-tab-title\" data-tab=\"1\" role=\"button\" aria-controls=\"elementor-tab-content-2361\" aria-expanded=\"false\">\n\t\t\t\t\t\t\t\t\t\t\t\t\t<span class=\"elementor-accordion-icon elementor-accordion-icon-left\" aria-hidden=\"true\">\n\t\t\t\t\t\t\t\t\t\t\t\t\t\t\t<span class=\"elementor-accordion-icon-closed\"><i class=\"fas fa-plus\"><\/i><\/span>\n\t\t\t\t\t\t\t\t<span class=\"elementor-accordion-icon-opened\"><i class=\"fas fa-minus\"><\/i><\/span>\n\t\t\t\t\t\t\t\t\t\t\t\t\t\t<\/span>\n\t\t\t\t\t\t\t\t\t\t\t\t<a class=\"elementor-accordion-title\" tabindex=\"0\">Fundamentaci\u00f3n<\/a>\n\t\t\t\t\t<\/div>\n\t\t\t\t\t<div id=\"elementor-tab-content-2361\" class=\"elementor-tab-content elementor-clearfix\" data-tab=\"1\" role=\"region\" aria-labelledby=\"elementor-tab-title-2361\"><p>La Matem\u00e1tica tiene como objeto de estudio a conceptos surgidos de la abstracci\u00f3n de la realidad, a saber: puntos, rectas, n\u00fameros, conjuntos, funciones, orden, caos, etc. Todo este anterior bagaje de ideas fue emergiendo con el transcurso del tiempo en la mente de innumerables individuos al tratar de interpretar ciertos hechos y situaciones que se presentan en el mundo real.<\/p><p>En algunos casos esas idealizaciones resultaron ser extraordinariamente aptas para la construcci\u00f3n de modelos o estructuras coherentes mediante las cuales el Hombre pudo aproximarse a la comprensi\u00f3n del funcionamiento de una porci\u00f3n cada vez mayor del mundo en el que este surgi\u00f3.<\/p><p>En los \u00faltimos a\u00f1os, el enorme desarrollo experimentado por la Matem\u00e1tica fue decisivo para el nacimiento de numerosas tecnolog\u00edas. Hoy, probablemente existan muy pocas ramas del saber humano que no utilicen alg\u00fan \u00e1rea de la Matem\u00e1tica como soporte v\u00e1lido para sus teor\u00edas, desarrollos y construcciones.<\/p><p>Debido entonces a la importancia central que tiene la Matem\u00e1tica como lenguaje de la ciencia es que desde la creaci\u00f3n misma de la Facultad de Ciencias Exactas y Naturales y Agrimensura (FACENA) de la Universidad Nacional del Nordeste (UNNE), la Licenciatura en Ciencias Matem\u00e1ticas integra la oferta educativa de esa casa al medio que la rodea.<\/p><p>El plan de estudios vigente de Licenciatura en Matem\u00e1tica surgi\u00f3 de la actualizaci\u00f3n del plan anterior, fue aprobado por Res. 459\/00 y Res. 182\/03 del Consejo Superior de esta Universidad. El t\u00edtulo que se expide tiene reconocimiento oficial y validez nacional otorgados por Res. 650\/03 del Ministerio de Educaci\u00f3n, Ciencia y Tecnolog\u00eda de nuestro pa\u00eds.<\/p><p>Por otra parte, anteriormente los alumnos de la carrera cursaban las \u00faltimas asignaturas en la Facultad de Ciencias Exactas y Naturales de la Universidad de Buenos Aires, por convenio entre ambas casas de estudio.<\/p><p>Al respecto hay que se\u00f1alar que en los \u00faltimos a\u00f1os la Facultad ha operado una importante mejora en tal sentido pues cubriendo las \u00e1reas de vacancia con profesores invitados de otras Universidades del pa\u00eds ha logrado la implementaci\u00f3n de la totalidad de las asignaturas en nuestro medio, haciendo posible que en la actualidad los alumnos puedan concluir la carrera sin necesidad de trasladarse a Buenos Aires.<\/p><\/div>\n\t\t\t\t<\/div>\n\t\t\t\t\t\t\t<div class=\"elementor-accordion-item\">\n\t\t\t\t\t<div id=\"elementor-tab-title-2362\" class=\"elementor-tab-title\" data-tab=\"2\" role=\"button\" aria-controls=\"elementor-tab-content-2362\" aria-expanded=\"false\">\n\t\t\t\t\t\t\t\t\t\t\t\t\t<span class=\"elementor-accordion-icon elementor-accordion-icon-left\" aria-hidden=\"true\">\n\t\t\t\t\t\t\t\t\t\t\t\t\t\t\t<span class=\"elementor-accordion-icon-closed\"><i class=\"fas fa-plus\"><\/i><\/span>\n\t\t\t\t\t\t\t\t<span class=\"elementor-accordion-icon-opened\"><i class=\"fas fa-minus\"><\/i><\/span>\n\t\t\t\t\t\t\t\t\t\t\t\t\t\t<\/span>\n\t\t\t\t\t\t\t\t\t\t\t\t<a class=\"elementor-accordion-title\" tabindex=\"0\">Campo Profesional<\/a>\n\t\t\t\t\t<\/div>\n\t\t\t\t\t<div id=\"elementor-tab-content-2362\" class=\"elementor-tab-content elementor-clearfix\" data-tab=\"2\" role=\"region\" aria-labelledby=\"elementor-tab-title-2362\"><p>El Licenciado en Matem\u00e1tica podr\u00e1 desempe\u00f1arse como especialista en Matem\u00e1tica en todo \u00e1mbito en que \u00e9ste fuere requerido. Podr\u00e1 desarrollar actividades de investigaci\u00f3n cient\u00edfica, integrar y dirigir equipos interdisciplinarios. Podr\u00e1 desempe\u00f1arse tambi\u00e9n como \u00e1rbitro, perito o asesor en la especialidad en empresas, instituciones educativas y en toda otra instituci\u00f3n estatal o privada en las que tuvieren lugar estas tareas. Podr\u00e1 continuar estudios y carreras de postgrado como Maestr\u00edas y Doctorados en la especialidad.<\/p><\/div>\n\t\t\t\t<\/div>\n\t\t\t\t\t\t\t<div class=\"elementor-accordion-item\">\n\t\t\t\t\t<div id=\"elementor-tab-title-2363\" class=\"elementor-tab-title\" data-tab=\"3\" role=\"button\" aria-controls=\"elementor-tab-content-2363\" aria-expanded=\"false\">\n\t\t\t\t\t\t\t\t\t\t\t\t\t<span class=\"elementor-accordion-icon elementor-accordion-icon-left\" aria-hidden=\"true\">\n\t\t\t\t\t\t\t\t\t\t\t\t\t\t\t<span class=\"elementor-accordion-icon-closed\"><i class=\"fas fa-plus\"><\/i><\/span>\n\t\t\t\t\t\t\t\t<span class=\"elementor-accordion-icon-opened\"><i class=\"fas fa-minus\"><\/i><\/span>\n\t\t\t\t\t\t\t\t\t\t\t\t\t\t<\/span>\n\t\t\t\t\t\t\t\t\t\t\t\t<a class=\"elementor-accordion-title\" tabindex=\"0\">Perfil del Graduado<\/a>\n\t\t\t\t\t<\/div>\n\t\t\t\t\t<div id=\"elementor-tab-content-2363\" class=\"elementor-tab-content elementor-clearfix\" data-tab=\"3\" role=\"region\" aria-labelledby=\"elementor-tab-title-2363\"><p>El Licenciado en Matem\u00e1tica es un especialista en esta ciencia, con una fuerte formaci\u00f3n matem\u00e1tica y amplios conocimientos acerca de la Matem\u00e1tica en general, de los fundamentos de sus distintas grandes \u00e1reas, sus relaciones y sus interacciones con otras disciplinas.<\/p><p>Debe poseer un amplio dominio de las t\u00e9cnicas y recursos disciplinares y utilizar con fluidez y precisi\u00f3n el m\u00e9todo l\u00f3gico-deductivo en la formalizaci\u00f3n de desarrollos matem\u00e1ticos.<\/p><p>Se trata del profesional id\u00f3neo para interpretar enunciados matem\u00e1ticos complejos y para analizar y resolver problemas de esta \u00edndole con rigurosidad cient\u00edfica, tanto los referidos a temas b\u00e1sicos como los de matem\u00e1tica avanzada.<\/p><p>Con capacidad e inter\u00e9s para realizar aportes innovadores relacionados con el desarrollo de esta ciencia y sus posibles aplicaciones a otras \u00e1reas del conocimiento as\u00ed como para juzgarlos anal\u00edtica y cr\u00edticamente.<\/p><p>Un profesional con eficiencia y sentido \u00e9tico para el desempe\u00f1o de los roles que pueda asumir en funci\u00f3n de su condici\u00f3n de especialista en Matem\u00e1tica, dispuesto a poner al servicio de los intereses de la sociedad sus capacidades y conocimientos.<\/p><\/div>\n\t\t\t\t<\/div>\n\t\t\t\t\t\t\t<div class=\"elementor-accordion-item\">\n\t\t\t\t\t<div id=\"elementor-tab-title-2364\" class=\"elementor-tab-title\" data-tab=\"4\" role=\"button\" aria-controls=\"elementor-tab-content-2364\" aria-expanded=\"false\">\n\t\t\t\t\t\t\t\t\t\t\t\t\t<span class=\"elementor-accordion-icon elementor-accordion-icon-left\" aria-hidden=\"true\">\n\t\t\t\t\t\t\t\t\t\t\t\t\t\t\t<span class=\"elementor-accordion-icon-closed\"><i class=\"fas fa-plus\"><\/i><\/span>\n\t\t\t\t\t\t\t\t<span class=\"elementor-accordion-icon-opened\"><i class=\"fas fa-minus\"><\/i><\/span>\n\t\t\t\t\t\t\t\t\t\t\t\t\t\t<\/span>\n\t\t\t\t\t\t\t\t\t\t\t\t<a class=\"elementor-accordion-title\" tabindex=\"0\">Alcances del T\u00edtulo<\/a>\n\t\t\t\t\t<\/div>\n\t\t\t\t\t<div id=\"elementor-tab-content-2364\" class=\"elementor-tab-content elementor-clearfix\" data-tab=\"4\" role=\"region\" aria-labelledby=\"elementor-tab-title-2364\"><p>El t\u00edtulo de Licenciado en Matem\u00e1tica que otorga la Universidad Nacional del Nordeste tiene las siguientes incumbencias:<\/p><ul><li>Elaborar, dirigir, coordinar, controlar y evaluar estudios e investigaci\u00f3n sobre temas de Matem\u00e1tica Pura y Aplicada.<\/li><li>Participar en equipos interdisciplinarios responsables de la elaboraci\u00f3n, ejecuci\u00f3n y evaluaci\u00f3n de programas y proyectos en los cuales se encuentran involucrados problemas matem\u00e1ticos.<\/li><li>Realizar estudios y asesoramientos matem\u00e1ticos en proyectos de desarrollo tecnol\u00f3gico, originales y de adaptaci\u00f3n.<\/li><li>Realizar arbitrajes, pericias y asesoramientos t\u00e9cnicos a industrias, empresas o instituciones educativas en toda cuesti\u00f3n de \u00edndole matem\u00e1tica.<\/li><li>Continuar estudios de post-grado, Maestr\u00edas y Doctorados en la especialidad.<\/li><\/ul><\/div>\n\t\t\t\t<\/div>\n\t\t\t\t\t\t\t<div class=\"elementor-accordion-item\">\n\t\t\t\t\t<div id=\"elementor-tab-title-2365\" class=\"elementor-tab-title\" data-tab=\"5\" role=\"button\" aria-controls=\"elementor-tab-content-2365\" aria-expanded=\"false\">\n\t\t\t\t\t\t\t\t\t\t\t\t\t<span class=\"elementor-accordion-icon elementor-accordion-icon-left\" aria-hidden=\"true\">\n\t\t\t\t\t\t\t\t\t\t\t\t\t\t\t<span class=\"elementor-accordion-icon-closed\"><i class=\"fas fa-plus\"><\/i><\/span>\n\t\t\t\t\t\t\t\t<span class=\"elementor-accordion-icon-opened\"><i class=\"fas fa-minus\"><\/i><\/span>\n\t\t\t\t\t\t\t\t\t\t\t\t\t\t<\/span>\n\t\t\t\t\t\t\t\t\t\t\t\t<a class=\"elementor-accordion-title\" tabindex=\"0\">Plan de Estudios<\/a>\n\t\t\t\t\t<\/div>\n\t\t\t\t\t<div id=\"elementor-tab-content-2365\" class=\"elementor-tab-content elementor-clearfix\" data-tab=\"5\" role=\"region\" aria-labelledby=\"elementor-tab-title-2365\"><h4><span style=\"color: #800000;\">Primer a\u00f1o<\/span><\/h4><p><span style=\"text-decoration: underline;\">Primer cuatrimestre<\/span><\/p><ul><li>Algebra I<\/li><li>Elementos de la Computaci\u00f3n<\/li><\/ul><p><span style=\"text-decoration: underline;\">Segundo cuatrimestre<\/span><\/p><ul><li>\u00c1lgebra Lineal y Geometr\u00eda<\/li><li>An\u00e1lisis Matem\u00e1tico<\/li><\/ul><h4><span style=\"color: #800000;\">Segundo a\u00f1o<\/span><\/h4><p><span style=\"text-decoration: underline;\">Primer cuatrimestre<\/span><\/p><ul><li>An\u00e1lisis Matem\u00e1tico II<\/li><li>\u00c1lgebra II<\/li><\/ul><p><span style=\"text-decoration: underline;\">Segundo cuatrimestre<\/span><\/p><ul><li>C\u00e1lculo Num\u00e9rico<\/li><li>Complementos de \u00c1lgebra Lineal<\/li><\/ul><h4><span style=\"color: #800000;\">Tercer a\u00f1o<\/span><\/h4><p><span style=\"text-decoration: underline;\">Primer cuatrimestre<\/span><\/p><ul><li>An\u00e1lisis Matem\u00e1tico III<\/li><li>Estad\u00edstica Descriptiva<\/li><\/ul><p><span style=\"text-decoration: underline;\">Segundo Cuatrimestre<\/span><\/p><ul><li>An\u00e1lisis Matem\u00e1tico IV<\/li><li>Probabilidad y Estad\u00edstica<\/li><\/ul><h4><span style=\"color: #800000;\">Cuarto a\u00f1o<\/span><\/h4><p><span style=\"text-decoration: underline;\">Primer cuatrimestre<\/span><\/p><ul><li>Funciones Reales<\/li><li>F\u00edsica (Mec\u00e1nica)<\/li><\/ul><p><span style=\"text-decoration: underline;\">Segundo cuatrimestre<\/span><\/p><ul><li>An\u00e1lisis Real<\/li><li>Ecuaciones Diferenciales<\/li><li>Epistemolog\u00eda y Metodolog\u00eda de la Investigaci\u00f3n<\/li><\/ul><h4><span style=\"color: #800000;\">Quinto a\u00f1o<\/span><\/h4><p><span style=\"text-decoration: underline;\">Primer cuatrimestre<\/span><\/p><ul><li>Topolog\u00eda General<\/li><li>Asignatura Optativa<\/li><\/ul><p><span style=\"text-decoration: underline;\">Segundo cuatrimestre<\/span><\/p><ul><li>Geometr\u00eda Diferencial<\/li><li>Asignatura Optativa<\/li><\/ul><p><strong>Anual:<\/strong> Tesis de Licenciatura<br \/><strong>Aclaraci\u00f3n:<\/strong> Las asignaturas optativas del quinto a\u00f1o ser\u00e1n establecidas anualmente por la Facultad, a propuesta del Departamento de Matem\u00e1tica<\/p><\/div>\n\t\t\t\t<\/div>\n\t\t\t\t\t\t\t\t<\/div>\n\t\t\t\t\t\t<\/div>\n\t\t\t\t<\/div>\n\t\t\t\t\t<\/div>\n\t\t<\/div>\n\t\t\t\t\t<\/div>\n\t\t<\/section>\n\t\t\t\t<section class=\"elementor-section elementor-top-section elementor-element elementor-element-5397627 elementor-section-boxed elementor-section-height-default elementor-section-height-default\" data-id=\"5397627\" data-element_type=\"section\" data-e-type=\"section\">\n\t\t\t\t\t\t<div class=\"elementor-container elementor-column-gap-default\">\n\t\t\t\t\t<div class=\"elementor-column elementor-col-100 elementor-top-column elementor-element elementor-element-cd44670\" data-id=\"cd44670\" data-element_type=\"column\" data-e-type=\"column\">\n\t\t\t<div class=\"elementor-widget-wrap\">\n\t\t\t\t\t\t\t<\/div>\n\t\t<\/div>\n\t\t\t\t\t<\/div>\n\t\t<\/section>\n\t\t\t\t<section class=\"elementor-section elementor-top-section elementor-element elementor-element-e5cfa71 elementor-section-boxed elementor-section-height-default elementor-section-height-default\" data-id=\"e5cfa71\" data-element_type=\"section\" data-e-type=\"section\">\n\t\t\t\t\t\t<div class=\"elementor-container elementor-column-gap-default\">\n\t\t\t\t\t<div class=\"elementor-column elementor-col-100 elementor-top-column elementor-element elementor-element-e772f54\" data-id=\"e772f54\" data-element_type=\"column\" data-e-type=\"column\">\n\t\t\t<div class=\"elementor-widget-wrap elementor-element-populated\">\n\t\t\t\t\t\t<div class=\"elementor-element elementor-element-7f429b9 elementor-widget elementor-widget-button\" data-id=\"7f429b9\" data-element_type=\"widget\" data-e-type=\"widget\" data-widget_type=\"button.default\">\n\t\t\t\t<div class=\"elementor-widget-container\">\n\t\t\t\t\t\t\t\t\t<div class=\"elementor-button-wrapper\">\n\t\t\t\t\t<a class=\"elementor-button elementor-button-link elementor-size-sm\" href=\"https:\/\/exa.unne.edu.ar\/ingresantes-web\/wp-content\/uploads\/2023\/11\/Licenciatura-en-Matematica-FaCENA.pdf\" target=\"_blank\">\n\t\t\t\t\t\t<span class=\"elementor-button-content-wrapper\">\n\t\t\t\t\t\t\t\t\t<span class=\"elementor-button-text\">Descarga la Informaci\u00f3n de la Carrera<\/span>\n\t\t\t\t\t<\/span>\n\t\t\t\t\t<\/a>\n\t\t\t\t<\/div>\n\t\t\t\t\t\t\t\t<\/div>\n\t\t\t\t<\/div>\n\t\t\t\t\t<\/div>\n\t\t<\/div>\n\t\t\t\t\t<\/div>\n\t\t<\/section>\n\t\t\t\t<section class=\"elementor-section elementor-top-section elementor-element elementor-element-243a28c elementor-section-boxed elementor-section-height-default elementor-section-height-default\" data-id=\"243a28c\" data-element_type=\"section\" data-e-type=\"section\">\n\t\t\t\t\t\t<div class=\"elementor-container elementor-column-gap-default\">\n\t\t\t\t\t<div class=\"elementor-column elementor-col-100 elementor-top-column elementor-element elementor-element-3f833b7\" data-id=\"3f833b7\" data-element_type=\"column\" data-e-type=\"column\">\n\t\t\t<div class=\"elementor-widget-wrap elementor-element-populated\">\n\t\t\t\t\t\t<div class=\"elementor-element elementor-element-a686e75 elementor-widget elementor-widget-video\" data-id=\"a686e75\" data-element_type=\"widget\" data-e-type=\"widget\" data-settings=\"{&quot;youtube_url&quot;:&quot;https:\\\/\\\/youtu.be\\\/PuegG4dF3wI&quot;,&quot;start&quot;:0,&quot;video_type&quot;:&quot;youtube&quot;,&quot;controls&quot;:&quot;yes&quot;}\" data-widget_type=\"video.default\">\n\t\t\t\t<div class=\"elementor-widget-container\">\n\t\t\t\t\t\t\t<div class=\"elementor-wrapper elementor-open-inline\">\n\t\t\t<div class=\"elementor-video\"><\/div>\t\t<\/div>\n\t\t\t\t\t\t<\/div>\n\t\t\t\t<\/div>\n\t\t\t\t\t<\/div>\n\t\t<\/div>\n\t\t\t\t\t<\/div>\n\t\t<\/section>\n\t\t\t\t<\/div>\n\t\t","protected":false},"excerpt":{"rendered":"<p>Director: Dr. Germ\u00e1n Ariel Torres (torres.german.ariel1@gmail.com) T\u00edtulo que otorga: Licenciado en Matem\u00e1tica \u2013 Licenciada en Matem\u00e1tica Carga Horaria: 3.408 horas. Duraci\u00f3n:\u00a0\u00a0 5 a\u00f1os Fundamentaci\u00f3n La Matem\u00e1tica tiene como objeto de estudio a conceptos surgidos de la abstracci\u00f3n de la realidad, a saber: puntos, rectas, n\u00fameros, conjuntos, funciones, orden, caos, etc. &hellip; <\/p>\n","protected":false},"author":1,"featured_media":0,"parent":0,"menu_order":0,"comment_status":"closed","ping_status":"closed","template":"","meta":{"_monsterinsights_skip_tracking":false,"_monsterinsights_sitenote_active":false,"_monsterinsights_sitenote_note":"","_monsterinsights_sitenote_category":0,"footnotes":""},"class_list":["post-260","page","type-page","status-publish","hentry"],"_links":{"self":[{"href":"https:\/\/exa.unne.edu.ar\/ingresantes-web\/index.php\/wp-json\/wp\/v2\/pages\/260","targetHints":{"allow":["GET"]}}],"collection":[{"href":"https:\/\/exa.unne.edu.ar\/ingresantes-web\/index.php\/wp-json\/wp\/v2\/pages"}],"about":[{"href":"https:\/\/exa.unne.edu.ar\/ingresantes-web\/index.php\/wp-json\/wp\/v2\/types\/page"}],"author":[{"embeddable":true,"href":"https:\/\/exa.unne.edu.ar\/ingresantes-web\/index.php\/wp-json\/wp\/v2\/users\/1"}],"replies":[{"embeddable":true,"href":"https:\/\/exa.unne.edu.ar\/ingresantes-web\/index.php\/wp-json\/wp\/v2\/comments?post=260"}],"version-history":[{"count":25,"href":"https:\/\/exa.unne.edu.ar\/ingresantes-web\/index.php\/wp-json\/wp\/v2\/pages\/260\/revisions"}],"predecessor-version":[{"id":1805,"href":"https:\/\/exa.unne.edu.ar\/ingresantes-web\/index.php\/wp-json\/wp\/v2\/pages\/260\/revisions\/1805"}],"wp:attachment":[{"href":"https:\/\/exa.unne.edu.ar\/ingresantes-web\/index.php\/wp-json\/wp\/v2\/media?parent=260"}],"curies":[{"name":"wp","href":"https:\/\/api.w.org\/{rel}","templated":true}]}}