{"id":2522,"date":"2026-03-04T17:24:29","date_gmt":"2026-03-04T17:24:29","guid":{"rendered":"https:\/\/exa.unne.edu.ar\/ingresantes-web\/?page_id=2522"},"modified":"2026-03-04T18:08:32","modified_gmt":"2026-03-04T18:08:32","slug":"clases-inaugurales","status":"publish","type":"page","link":"https:\/\/exa.unne.edu.ar\/ingresantes-web\/index.php\/clases-inaugurales\/","title":{"rendered":"Clases Inaugurales"},"content":{"rendered":"\n<p>Pod\u00e9s consultar las horarios de las <strong>clases Inaugurales de las carreras<\/strong> <a href=\"https:\/\/exa.unne.edu.ar\/ingresantes-web\/wp-content\/uploads\/2026\/03\/1-ASIGNATURAS-PRIMER-ANO-PRIMER-CUATRIMESTRE-2026-1.pdf\">haciendo click aqu\u00ed<\/a><\/p>\n\n\n\n<p>En el caso de las <strong>carreras de Profesorado y Licenciatura en Qu\u00edmica y los de Bioqu\u00edmica<\/strong>, pod\u00e9s ver los horarios de los grupos \u03b1 y \u03b2 y su distribuci\u00f3n <a href=\"https:\/\/exa.unne.edu.ar\/ingresantes-web\/wp-content\/uploads\/2026\/03\/Listado-Teorias-QUIMICA-GENERAL-PROFESORADO-LICENCIATURA-Y-BIOQUIMICA.pdf.pdf\">haciendo click aqu\u00ed<\/a><\/p>\n\n\n\n<p><\/p>\n","protected":false},"excerpt":{"rendered":"<p>Pod\u00e9s consultar las horarios de las clases Inaugurales de las carreras haciendo click aqu\u00ed En el caso de las carreras de Profesorado y Licenciatura en Qu\u00edmica y los de Bioqu\u00edmica, pod\u00e9s ver los horarios de los grupos \u03b1 y \u03b2 y su distribuci\u00f3n haciendo click aqu\u00ed<\/p>\n","protected":false},"author":1,"featured_media":0,"parent":0,"menu_order":0,"comment_status":"closed","ping_status":"closed","template":"","meta":{"_monsterinsights_skip_tracking":false,"_monsterinsights_sitenote_active":false,"_monsterinsights_sitenote_note":"","_monsterinsights_sitenote_category":0,"footnotes":""},"class_list":["post-2522","page","type-page","status-publish","hentry"],"_links":{"self":[{"href":"https:\/\/exa.unne.edu.ar\/ingresantes-web\/index.php\/wp-json\/wp\/v2\/pages\/2522","targetHints":{"allow":["GET"]}}],"collection":[{"href":"https:\/\/exa.unne.edu.ar\/ingresantes-web\/index.php\/wp-json\/wp\/v2\/pages"}],"about":[{"href":"https:\/\/exa.unne.edu.ar\/ingresantes-web\/index.php\/wp-json\/wp\/v2\/types\/page"}],"author":[{"embeddable":true,"href":"https:\/\/exa.unne.edu.ar\/ingresantes-web\/index.php\/wp-json\/wp\/v2\/users\/1"}],"replies":[{"embeddable":true,"href":"https:\/\/exa.unne.edu.ar\/ingresantes-web\/index.php\/wp-json\/wp\/v2\/comments?post=2522"}],"version-history":[{"count":4,"href":"https:\/\/exa.unne.edu.ar\/ingresantes-web\/index.php\/wp-json\/wp\/v2\/pages\/2522\/revisions"}],"predecessor-version":[{"id":2531,"href":"https:\/\/exa.unne.edu.ar\/ingresantes-web\/index.php\/wp-json\/wp\/v2\/pages\/2522\/revisions\/2531"}],"wp:attachment":[{"href":"https:\/\/exa.unne.edu.ar\/ingresantes-web\/index.php\/wp-json\/wp\/v2\/media?parent=2522"}],"curies":[{"name":"wp","href":"https:\/\/api.w.org\/{rel}","templated":true}]}}