{"id":232,"date":"2022-09-26T16:34:23","date_gmt":"2022-09-26T16:34:23","guid":{"rendered":"https:\/\/exa.unne.edu.ar\/ingresantes-web\/?page_id=232"},"modified":"2023-11-08T14:35:06","modified_gmt":"2023-11-08T14:35:06","slug":"licenciatura-en-ciencias-fisicas","status":"publish","type":"page","link":"https:\/\/exa.unne.edu.ar\/ingresantes-web\/index.php\/licenciatura-en-ciencias-fisicas\/","title":{"rendered":"Licenciatura en Ciencias F\u00edsicas"},"content":{"rendered":"\t\t<div data-elementor-type=\"wp-page\" data-elementor-id=\"232\" class=\"elementor elementor-232\">\n\t\t\t\t\t\t<section class=\"elementor-section elementor-top-section elementor-element elementor-element-7494ebb elementor-section-boxed elementor-section-height-default elementor-section-height-default\" data-id=\"7494ebb\" data-element_type=\"section\">\n\t\t\t\t\t\t<div class=\"elementor-container elementor-column-gap-default\">\n\t\t\t\t\t<div class=\"elementor-column elementor-col-100 elementor-top-column elementor-element elementor-element-6aaf184\" data-id=\"6aaf184\" data-element_type=\"column\">\n\t\t\t<div class=\"elementor-widget-wrap elementor-element-populated\">\n\t\t\t\t\t\t<div class=\"elementor-element elementor-element-dd7ff37 elementor-widget elementor-widget-text-editor\" data-id=\"dd7ff37\" data-element_type=\"widget\" data-widget_type=\"text-editor.default\">\n\t\t\t\t<div class=\"elementor-widget-container\">\n\t\t\t\t\t\t\t\t\t<p><strong>Director(a):<\/strong> Dr. Ponce Altamirano, Claudio Ariel (<a href=\"mailto:arielponc@gmail.com\">arielponc@gmail.com<\/a> &#8211; <a href=\"mailto:arielpa@exa.unne.edu.ar\">arielpa@exa.unne.edu.ar<\/a>)<\/p><p><strong>T\u00edtulo que otorga:<\/strong> Licenciado en Ciencias F\u00edsicas &#8211; Licenciada en Ciencias F\u00edsicas<\/p><p><strong>Carga Horaria:<\/strong> 3.392 horas.<\/p><p><strong>Duraci\u00f3n:<\/strong> 5 a\u00f1os<\/p>\t\t\t\t\t\t\t\t<\/div>\n\t\t\t\t<\/div>\n\t\t\t\t\t<\/div>\n\t\t<\/div>\n\t\t\t\t\t<\/div>\n\t\t<\/section>\n\t\t\t\t<section class=\"elementor-section elementor-top-section elementor-element elementor-element-7a1c4d0 elementor-section-boxed elementor-section-height-default elementor-section-height-default\" data-id=\"7a1c4d0\" data-element_type=\"section\">\n\t\t\t\t\t\t<div class=\"elementor-container elementor-column-gap-default\">\n\t\t\t\t\t<div class=\"elementor-column elementor-col-100 elementor-top-column elementor-element elementor-element-056eadd\" data-id=\"056eadd\" data-element_type=\"column\">\n\t\t\t<div class=\"elementor-widget-wrap elementor-element-populated\">\n\t\t\t\t\t\t<div class=\"elementor-element elementor-element-7fcccc7 elementor-widget elementor-widget-accordion\" data-id=\"7fcccc7\" data-element_type=\"widget\" data-widget_type=\"accordion.default\">\n\t\t\t\t<div class=\"elementor-widget-container\">\n\t\t\t\t\t\t\t<div class=\"elementor-accordion\">\n\t\t\t\t\t\t\t<div class=\"elementor-accordion-item\">\n\t\t\t\t\t<div id=\"elementor-tab-title-1341\" class=\"elementor-tab-title\" data-tab=\"1\" role=\"button\" aria-controls=\"elementor-tab-content-1341\" aria-expanded=\"false\">\n\t\t\t\t\t\t\t\t\t\t\t\t\t<span class=\"elementor-accordion-icon elementor-accordion-icon-left\" aria-hidden=\"true\">\n\t\t\t\t\t\t\t\t\t\t\t\t\t\t\t<span class=\"elementor-accordion-icon-closed\"><i class=\"fas fa-plus\"><\/i><\/span>\n\t\t\t\t\t\t\t\t<span class=\"elementor-accordion-icon-opened\"><i class=\"fas fa-minus\"><\/i><\/span>\n\t\t\t\t\t\t\t\t\t\t\t\t\t\t<\/span>\n\t\t\t\t\t\t\t\t\t\t\t\t<a class=\"elementor-accordion-title\" tabindex=\"0\">Fundamentaci\u00f3n<\/a>\n\t\t\t\t\t<\/div>\n\t\t\t\t\t<div id=\"elementor-tab-content-1341\" class=\"elementor-tab-content elementor-clearfix\" data-tab=\"1\" role=\"region\" aria-labelledby=\"elementor-tab-title-1341\"><p>La f\u00edsica, del griego \u201cNaturaleza\u201d, es la ciencia cuyo objetivo es estudiar la constituci\u00f3n \u00edntima de la materia, las interacciones entre sus componentes y entre ellos y la radiaci\u00f3n. El an\u00e1lisis de tales interacciones permite explicar las propiedades y comportamientos de la materia en su totalidad y de all\u00ed un mejor conocimiento de la naturaleza.<\/p><p>La f\u00edsica ofrece una carrera profesional llena de desaf\u00edos, excitante y productiva. Como carrera cubre muchas \u00e1reas especializadas de conocimiento, desde ac\u00fastica, astronom\u00eda, y astrof\u00edsica a biof\u00edsica, geof\u00edsica y ciencias del vac\u00edo, entre otras.<\/p><p>Para compatibilizar esta amplitud en el horizonte de conocimiento, son caracter\u00edsticas necesarias en la formaci\u00f3n de un profesional de las Ciencias F\u00edsicas la:<\/p><ol><li>Interdisciplinariedad: Los profesionales de las Ciencias F\u00edsicas deben tener una visi\u00f3n interdisciplinaria y al mismo tiempo una preparaci\u00f3n s\u00f3lida en sus disciplinas b\u00e1sicas particulares.<\/li><li>Metodolog\u00eda de investigaci\u00f3n: Como formaci\u00f3n pr\u00e1ctica, el Licenciado en Ciencias F\u00edsicas debe tener experiencia en cuanto a la metodolog\u00eda de investigaci\u00f3n. Cualquiera sea su ejercicio profesional posterior, la experiencia en investigaci\u00f3n es un requisito indispensable de su formaci\u00f3n b\u00e1sica.<\/li><li>Relaci\u00f3n con el sector productivo: Los recursos humanos formados deben estar dirigidos no s\u00f3lo a la investigaci\u00f3n b\u00e1sica y aplicada o al ejercicio acad\u00e9mico, sino que parte de ellos podr\u00e1n incorporarse al sector productivo.<\/li><\/ol><p>En este sentido, nuestro pa\u00eds se caracteriz\u00f3 por una d\u00e9bil tradici\u00f3n en la incorporaci\u00f3n de cient\u00edficos en el \u00e1rea de la F\u00edsica a la planta industrial debido a diversos factores:<\/p><ul><li>A la particularidad del desarrollo industrial del pa\u00eds y en especial de la regi\u00f3n NEA.<\/li><li>Desconocimiento por parte de los profesionales dedicados a la investigaci\u00f3n cient\u00edfica de su posible aplicaci\u00f3n en el sector industrial.<\/li><li>Con el objeto de posibilitar esta relaci\u00f3n con el sector productivo, se establecer\u00e1n los mecanismos que permitan a los estudiantes realizar pr\u00e1cticas de laboratorio avanzado en instituciones del medio de reconocido nivel.<\/li><li>Por todo lo anterior y, principalmente, por la esencia misma de las Ciencias F\u00edsicas, el f\u00edsico es un profesional de gran adaptabilidad al \u00e1rea del conocimiento donde se requieran sus servicios, con s\u00f3lidos conocimientos pr\u00e1cticos sobre metodolog\u00eda cient\u00edfica, lo que puede resultar en un excelente complemento para una variedad de actividades y \u00e1mbitos de trabajo. Esto abre las puertas a posibilidades laborales en disciplinas tan variadas como: medicina, ciencias de la computaci\u00f3n, educaci\u00f3n, investigaci\u00f3n b\u00e1sica, ingenier\u00eda, consultor\u00eda, auditor\u00eda, peritajes, industria, comunicaciones, etc.<\/li><li>Falta de integraci\u00f3n Universidad-medio.<\/li><\/ul><\/div>\n\t\t\t\t<\/div>\n\t\t\t\t\t\t\t<div class=\"elementor-accordion-item\">\n\t\t\t\t\t<div id=\"elementor-tab-title-1342\" class=\"elementor-tab-title\" data-tab=\"2\" role=\"button\" aria-controls=\"elementor-tab-content-1342\" aria-expanded=\"false\">\n\t\t\t\t\t\t\t\t\t\t\t\t\t<span class=\"elementor-accordion-icon elementor-accordion-icon-left\" aria-hidden=\"true\">\n\t\t\t\t\t\t\t\t\t\t\t\t\t\t\t<span class=\"elementor-accordion-icon-closed\"><i class=\"fas fa-plus\"><\/i><\/span>\n\t\t\t\t\t\t\t\t<span class=\"elementor-accordion-icon-opened\"><i class=\"fas fa-minus\"><\/i><\/span>\n\t\t\t\t\t\t\t\t\t\t\t\t\t\t<\/span>\n\t\t\t\t\t\t\t\t\t\t\t\t<a class=\"elementor-accordion-title\" tabindex=\"0\">Campo Profesional<\/a>\n\t\t\t\t\t<\/div>\n\t\t\t\t\t<div id=\"elementor-tab-content-1342\" class=\"elementor-tab-content elementor-clearfix\" data-tab=\"2\" role=\"region\" aria-labelledby=\"elementor-tab-title-1342\"><p>El egresado de la Licenciatura en Ciencias F\u00edsicas est\u00e1 habilitado para el ejercicio de investigaci\u00f3n b\u00e1sica o aplicada, docencia universitaria en todos los niveles de grado, para incorporarse a actividades industriales, del sector p\u00fablico o privado, y\/o aquellas que requieran de su integraci\u00f3n a equipos interdisciplinarios.<\/p><\/div>\n\t\t\t\t<\/div>\n\t\t\t\t\t\t\t<div class=\"elementor-accordion-item\">\n\t\t\t\t\t<div id=\"elementor-tab-title-1343\" class=\"elementor-tab-title\" data-tab=\"3\" role=\"button\" aria-controls=\"elementor-tab-content-1343\" aria-expanded=\"false\">\n\t\t\t\t\t\t\t\t\t\t\t\t\t<span class=\"elementor-accordion-icon elementor-accordion-icon-left\" aria-hidden=\"true\">\n\t\t\t\t\t\t\t\t\t\t\t\t\t\t\t<span class=\"elementor-accordion-icon-closed\"><i class=\"fas fa-plus\"><\/i><\/span>\n\t\t\t\t\t\t\t\t<span class=\"elementor-accordion-icon-opened\"><i class=\"fas fa-minus\"><\/i><\/span>\n\t\t\t\t\t\t\t\t\t\t\t\t\t\t<\/span>\n\t\t\t\t\t\t\t\t\t\t\t\t<a class=\"elementor-accordion-title\" tabindex=\"0\">Perfil del Graduado<\/a>\n\t\t\t\t\t<\/div>\n\t\t\t\t\t<div id=\"elementor-tab-content-1343\" class=\"elementor-tab-content elementor-clearfix\" data-tab=\"3\" role=\"region\" aria-labelledby=\"elementor-tab-title-1343\"><p>El profesional egresado de la Licenciatura en Ciencias F\u00edsicas, contar\u00e1 no s\u00f3lo con gran cantidad de conocimientos referentes a las ciencias f\u00edsicas, sino que tambi\u00e9n habr\u00e1 desarrollado la capacidad de s\u00edntesis y an\u00e1lisis, la habilidad de transmitir ideas, y resolver problemas.<\/p><p>El F\u00edsico sabr\u00e1 de la importancia de la utilizaci\u00f3n de herramientas que lo lleven a la actualizaci\u00f3n del conocimiento tales como: publicaciones, conferencias, congresos, bibliograf\u00eda, y sobre todo, de la inform\u00e1tica, cuyo manejo ser\u00e1 parte integral de sus cursos.<\/p><p>El egresado podr\u00e1 entonces de manera inmediata integrarse ya sea a un posgrado, a la docencia o a proyectos de investigaci\u00f3n y desarrollo a nivel industrial p\u00fablico o privado.<\/p><\/div>\n\t\t\t\t<\/div>\n\t\t\t\t\t\t\t<div class=\"elementor-accordion-item\">\n\t\t\t\t\t<div id=\"elementor-tab-title-1344\" class=\"elementor-tab-title\" data-tab=\"4\" role=\"button\" aria-controls=\"elementor-tab-content-1344\" aria-expanded=\"false\">\n\t\t\t\t\t\t\t\t\t\t\t\t\t<span class=\"elementor-accordion-icon elementor-accordion-icon-left\" aria-hidden=\"true\">\n\t\t\t\t\t\t\t\t\t\t\t\t\t\t\t<span class=\"elementor-accordion-icon-closed\"><i class=\"fas fa-plus\"><\/i><\/span>\n\t\t\t\t\t\t\t\t<span class=\"elementor-accordion-icon-opened\"><i class=\"fas fa-minus\"><\/i><\/span>\n\t\t\t\t\t\t\t\t\t\t\t\t\t\t<\/span>\n\t\t\t\t\t\t\t\t\t\t\t\t<a class=\"elementor-accordion-title\" tabindex=\"0\">Alcances del T\u00edtulo<\/a>\n\t\t\t\t\t<\/div>\n\t\t\t\t\t<div id=\"elementor-tab-content-1344\" class=\"elementor-tab-content elementor-clearfix\" data-tab=\"4\" role=\"region\" aria-labelledby=\"elementor-tab-title-1344\"><p>El objetivo de la presente curr\u00edcula es formar profesionales con una base s\u00f3lida en f\u00edsica, tanto te\u00f3rica como experimental, que les permita ser elegibles para ocupar posiciones en investigaci\u00f3n y desarrollo, desempe\u00f1arse en industrias con tecnolog\u00eda cient\u00edfica o para la continuaci\u00f3n de estudios de posgrado.<\/p><p>En base al perfil profesional que se plantea en el Plan Curricular, el conjunto de actividades para las que el egresado de la Licenciatura en Ciencias F\u00edsicas resultar\u00e1 competente incluyen:<\/p><ul><li>Investigaci\u00f3n b\u00e1sica o aplicada en f\u00edsica en: Universidades, Escuelas T\u00e9cnicas, Laboratorios Nacionales y privados, Industria.<\/li><li>Investigaci\u00f3n inter y multidisciplinaria.<\/li><li>Ingenieriles en \u00e1reas como: Electr\u00f3nica, biomedicina, F\u00edsica m\u00e9dica, computaci\u00f3n, civil, qu\u00edmica, ciencias ambientales, instrumentaci\u00f3n.<\/li><li>Investigaci\u00f3n de los procesos de ense\u00f1anza y aprendizaje de la f\u00edsica en todos los niveles.<\/li><li>Investigaci\u00f3n de los mecanismos por los que deben difundirse los valores de la ciencia y la tecnolog\u00eda integrados en la cultura general.<\/li><li>Ciencias de la Computaci\u00f3n: Inteligencia artificial, procesamiento de datos, programaci\u00f3n, dise\u00f1o de aplicaciones.<\/li><li>Ciencias de la Tierra y del Espacio: Astronom\u00eda, Tecnolog\u00eda Espacial, Geof\u00edsica, Geolog\u00eda, Ciencias de la Atm\u00f3sfera, Energ\u00eda y Recursos Energ\u00e9ticos, Ciencias Marinas.<\/li><li>Consultor\u00eda, Auditor\u00eda, Peritajes: Industria, Gobierno, Militar.<\/li><\/ul><\/div>\n\t\t\t\t<\/div>\n\t\t\t\t\t\t\t<div class=\"elementor-accordion-item\">\n\t\t\t\t\t<div id=\"elementor-tab-title-1345\" class=\"elementor-tab-title\" data-tab=\"5\" role=\"button\" aria-controls=\"elementor-tab-content-1345\" aria-expanded=\"false\">\n\t\t\t\t\t\t\t\t\t\t\t\t\t<span class=\"elementor-accordion-icon elementor-accordion-icon-left\" aria-hidden=\"true\">\n\t\t\t\t\t\t\t\t\t\t\t\t\t\t\t<span class=\"elementor-accordion-icon-closed\"><i class=\"fas fa-plus\"><\/i><\/span>\n\t\t\t\t\t\t\t\t<span class=\"elementor-accordion-icon-opened\"><i class=\"fas fa-minus\"><\/i><\/span>\n\t\t\t\t\t\t\t\t\t\t\t\t\t\t<\/span>\n\t\t\t\t\t\t\t\t\t\t\t\t<a class=\"elementor-accordion-title\" tabindex=\"0\">Plan de Estudio<\/a>\n\t\t\t\t\t<\/div>\n\t\t\t\t\t<div id=\"elementor-tab-content-1345\" class=\"elementor-tab-content elementor-clearfix\" data-tab=\"5\" role=\"region\" aria-labelledby=\"elementor-tab-title-1345\"><h4><span style=\"color: #800000;\"><strong>Primer a\u00f1o<\/strong><\/span><\/h4><p><span style=\"text-decoration: underline;\">Primer cuatrimestre<\/span><\/p><ul><li>Alge<span style=\"color: #000000;\">bra y Geometr\u00eda Anal\u00edtica<\/span><\/li><li><span style=\"color: #000000;\">C\u00e1lculo Diferencial e Integral I<\/span><\/li><li><span style=\"color: #000000;\">Mec\u00e1nica Cl\u00e1sica<\/span><\/li><li><span style=\"color: #000000;\">Laboratorio de Mec\u00e1nica Cl\u00e1sica<\/span><\/li><\/ul><p><span style=\"text-decoration: underline;\"><span style=\"color: #000000; text-decoration: underline;\">Segundo cuatrimestre<\/span><\/span><\/p><ul><li><span style=\"color: #000000;\">C\u00e1lculo Diferencial e Integr<\/span>al II<\/li><li>Programaci\u00f3n<\/li><li>Calor y Termodin\u00e1mica<\/li><li>Laboratorio de Calor y Termodin\u00e1mica<\/li><\/ul><h4><span style=\"color: #800000;\">Segundo a\u00f1o<\/span><\/h4><p><span style=\"text-decoration: underline;\">Primer cuatrimestre<\/span><\/p><ul><li>Electricidad y Magnetismo<\/li><li>Laboratorio de Electricidad y Magnetismo<\/li><li>Estad\u00edstica y An\u00e1lisis de Datos<\/li><li>F\u00edsica Matem\u00e1tica I<\/li><\/ul><p><span style=\"text-decoration: underline;\">Segundo cuatrimestre<\/span><\/p><ul><li>F\u00edsica Matem\u00e1tica II<\/li><li>Mec\u00e1nica Anal\u00edtica<\/li><li>\u00d3ptica y Sonido<\/li><li>Laboratorio de \u00d3ptica y Sonido<\/li><\/ul><h4><span style=\"color: #800000;\">Tercer a\u00f1o<\/span><\/h4><p><span style=\"text-decoration: underline;\">Primer cuatrimestre<\/span><\/p><ul><li>Qu\u00edmica General<\/li><li>Electromagnetismo<\/li><li>F\u00edsica Experimental I<\/li><\/ul><p><span style=\"text-decoration: underline;\">Segundo Cuatrimestre<\/span><\/p><ul><li>Mec\u00e1nica Cu\u00e1ntica I<\/li><li>Instrumentaci\u00f3n y Mediciones Electr\u00f3nicas<\/li><li>F\u00edsica Computacional<\/li><\/ul><h4><span style=\"color: #800000;\">Cuarto a\u00f1o<\/span><\/h4><p><span style=\"text-decoration: underline;\">Primer cuatrimestre<\/span><\/p><ul><li>Mec\u00e1nica Cu\u00e1ntica II<\/li><li>F\u00edsica Experimental II<\/li><li>Termodin\u00e1mica Estad\u00edstica<\/li><\/ul><p><span style=\"text-decoration: underline;\">Segundo cuatrimestre<\/span><\/p><ul><li>F\u00edsica de S\u00f3lidos<\/li><li>T\u00e9cnica Nucleares<\/li><\/ul><h4><span style=\"color: #800000;\">Quinto a\u00f1o<\/span><\/h4><p><span style=\"text-decoration: underline;\">Primer cuatrimestre<\/span><\/p><ul><li>Seminario sobre temas de F\u00edsica<\/li><\/ul><p><span style=\"color: #000000;\"><strong>Anual:<\/strong><\/span> Trabajo Final<\/p><p><span style=\"color: #000000;\"><strong>Importante: <\/strong><\/span><br \/>En 2do a\u00f1o: Ingl\u00e9s T\u00e9cnico (Extracurricular)<br \/>En 3er a\u00f1o: Optativa 1 dentro del Departamento de F\u00edsica<br \/>En 4to a\u00f1o: Optativa 2 y 3 dentro del Departamento de F\u00edsica<br \/>En 5to a\u00f1o: Optativa 4 y 5 fuera del Departamento de F\u00edsica<\/p><\/div>\n\t\t\t\t<\/div>\n\t\t\t\t\t\t\t\t<\/div>\n\t\t\t\t\t\t<\/div>\n\t\t\t\t<\/div>\n\t\t\t\t\t<\/div>\n\t\t<\/div>\n\t\t\t\t\t<\/div>\n\t\t<\/section>\n\t\t\t\t<section class=\"elementor-section elementor-top-section elementor-element elementor-element-a652cd7 elementor-section-boxed elementor-section-height-default elementor-section-height-default\" data-id=\"a652cd7\" data-element_type=\"section\">\n\t\t\t\t\t\t<div class=\"elementor-container elementor-column-gap-default\">\n\t\t\t\t\t<div class=\"elementor-column elementor-col-100 elementor-top-column elementor-element elementor-element-8f661c6\" data-id=\"8f661c6\" data-element_type=\"column\">\n\t\t\t<div class=\"elementor-widget-wrap elementor-element-populated\">\n\t\t\t\t\t\t<div class=\"elementor-element elementor-element-4187de9 elementor-widget elementor-widget-button\" data-id=\"4187de9\" data-element_type=\"widget\" data-widget_type=\"button.default\">\n\t\t\t\t<div class=\"elementor-widget-container\">\n\t\t\t\t\t\t\t\t\t<div class=\"elementor-button-wrapper\">\n\t\t\t\t\t<a class=\"elementor-button elementor-button-link elementor-size-sm\" href=\"https:\/\/exa.unne.edu.ar\/ingresantes-web\/wp-content\/uploads\/2023\/11\/Licenciatura-en-Ciencias-Fisicas-FaCENA.pdf\" target=\"_blank\">\n\t\t\t\t\t\t<span class=\"elementor-button-content-wrapper\">\n\t\t\t\t\t\t\t\t\t<span class=\"elementor-button-text\">Descarg\u00e1 la informaci\u00f3n de la Carrera<\/span>\n\t\t\t\t\t<\/span>\n\t\t\t\t\t<\/a>\n\t\t\t\t<\/div>\n\t\t\t\t\t\t\t\t<\/div>\n\t\t\t\t<\/div>\n\t\t\t\t\t<\/div>\n\t\t<\/div>\n\t\t\t\t\t<\/div>\n\t\t<\/section>\n\t\t\t\t<section class=\"elementor-section elementor-top-section elementor-element elementor-element-b2a4a76 elementor-section-boxed elementor-section-height-default elementor-section-height-default\" data-id=\"b2a4a76\" data-element_type=\"section\">\n\t\t\t\t\t\t<div class=\"elementor-container elementor-column-gap-default\">\n\t\t\t\t\t<div class=\"elementor-column elementor-col-100 elementor-top-column elementor-element elementor-element-adff5b2\" data-id=\"adff5b2\" data-element_type=\"column\">\n\t\t\t<div class=\"elementor-widget-wrap elementor-element-populated\">\n\t\t\t\t\t\t<div class=\"elementor-element elementor-element-39cebe1 elementor-widget elementor-widget-video\" data-id=\"39cebe1\" data-element_type=\"widget\" data-settings=\"{&quot;youtube_url&quot;:&quot;https:\\\/\\\/youtu.be\\\/8VJ0SXH4WcE&quot;,&quot;video_type&quot;:&quot;youtube&quot;,&quot;controls&quot;:&quot;yes&quot;}\" data-widget_type=\"video.default\">\n\t\t\t\t<div class=\"elementor-widget-container\">\n\t\t\t\t\t\t\t<div class=\"elementor-wrapper elementor-open-inline\">\n\t\t\t<div class=\"elementor-video\"><\/div>\t\t<\/div>\n\t\t\t\t\t\t<\/div>\n\t\t\t\t<\/div>\n\t\t\t\t\t<\/div>\n\t\t<\/div>\n\t\t\t\t\t<\/div>\n\t\t<\/section>\n\t\t\t\t<\/div>\n\t\t","protected":false},"excerpt":{"rendered":"<p>Director(a): Dr. Ponce Altamirano, Claudio Ariel (arielponc@gmail.com &#8211; arielpa@exa.unne.edu.ar) T\u00edtulo que otorga: Licenciado en Ciencias F\u00edsicas &#8211; Licenciada en Ciencias F\u00edsicas Carga Horaria: 3.392 horas. Duraci\u00f3n: 5 a\u00f1os Fundamentaci\u00f3n La f\u00edsica, del griego \u201cNaturaleza\u201d, es la ciencia cuyo objetivo es estudiar la constituci\u00f3n \u00edntima de la materia, las interacciones entre &hellip; <\/p>\n","protected":false},"author":1,"featured_media":0,"parent":0,"menu_order":0,"comment_status":"closed","ping_status":"closed","template":"","meta":{"_monsterinsights_skip_tracking":false,"_monsterinsights_sitenote_active":false,"_monsterinsights_sitenote_note":"","_monsterinsights_sitenote_category":0,"footnotes":""},"class_list":["post-232","page","type-page","status-publish","hentry"],"_links":{"self":[{"href":"https:\/\/exa.unne.edu.ar\/ingresantes-web\/index.php\/wp-json\/wp\/v2\/pages\/232","targetHints":{"allow":["GET"]}}],"collection":[{"href":"https:\/\/exa.unne.edu.ar\/ingresantes-web\/index.php\/wp-json\/wp\/v2\/pages"}],"about":[{"href":"https:\/\/exa.unne.edu.ar\/ingresantes-web\/index.php\/wp-json\/wp\/v2\/types\/page"}],"author":[{"embeddable":true,"href":"https:\/\/exa.unne.edu.ar\/ingresantes-web\/index.php\/wp-json\/wp\/v2\/users\/1"}],"replies":[{"embeddable":true,"href":"https:\/\/exa.unne.edu.ar\/ingresantes-web\/index.php\/wp-json\/wp\/v2\/comments?post=232"}],"version-history":[{"count":29,"href":"https:\/\/exa.unne.edu.ar\/ingresantes-web\/index.php\/wp-json\/wp\/v2\/pages\/232\/revisions"}],"predecessor-version":[{"id":1789,"href":"https:\/\/exa.unne.edu.ar\/ingresantes-web\/index.php\/wp-json\/wp\/v2\/pages\/232\/revisions\/1789"}],"wp:attachment":[{"href":"https:\/\/exa.unne.edu.ar\/ingresantes-web\/index.php\/wp-json\/wp\/v2\/media?parent=232"}],"curies":[{"name":"wp","href":"https:\/\/api.w.org\/{rel}","templated":true}]}}