{"id":2191,"date":"2024-11-07T13:14:48","date_gmt":"2024-11-07T13:14:48","guid":{"rendered":"https:\/\/exa.unne.edu.ar\/ingresantes-web\/?page_id=2191"},"modified":"2024-11-07T13:14:49","modified_gmt":"2024-11-07T13:14:49","slug":"conociendo-facena","status":"publish","type":"page","link":"https:\/\/exa.unne.edu.ar\/ingresantes-web\/index.php\/conociendo-facena\/","title":{"rendered":"Conociendo FaCENA"},"content":{"rendered":"\n<p>\u00bfQuer\u00e9s ingresar a la Facultad en el 2025? \u00bfTe gustar\u00eda conocer la oferta acad\u00e9mica y el espacio f\u00edsico donde se dictan las carreras de FaCENA? Inscribite a Conociendo FaCENA<\/p>\n\n\n\n<p>El s\u00e1bado 23\/11\/2024 de las 9 a 12 h. te vas a informar sobre:<\/p>\n\n\n\n<ul class=\"wp-block-list\">\n<li>Alcances laborales de cada carrera.<\/li>\n\n\n\n<li>Actividades que podr\u00e1s realizar en la facultad.<\/li>\n\n\n\n<li>Beneficios y servicios universitarios.<\/li>\n\n\n\n<li>Te vamos a ayudar con las inscripciones 2025 (SIU GUARANI).<\/li>\n<\/ul>\n\n\n\n<p><strong>Inscribite en:<\/strong> <a href=\"https:\/\/forms.gle\/M3JW5uK5uwA5aLk29\">https:\/\/forms.gle\/M3JW5uK5uwA5aLk29<\/a><br><\/p>\n\n\n\n<h3 class=\"wp-block-heading\"><strong>Agenda:<\/strong><\/h3>\n\n\n\n<ul class=\"wp-block-list\">\n<li><strong>D\u00eda: <\/strong>23\/11\/2024<\/li>\n\n\n\n<li><strong>Hora: <\/strong>9 a 12 h. <\/li>\n\n\n\n<li><strong>Punto de encuentro:<\/strong> M\u00f3dulo de ingenier\u00eda de FaCENA en Campus Deodoro Roca (Avenida Libertad N\u00b0 5470)<\/li>\n<\/ul>\n","protected":false},"excerpt":{"rendered":"<p>\u00bfQuer\u00e9s ingresar a la Facultad en el 2025? \u00bfTe gustar\u00eda conocer la oferta acad\u00e9mica y el espacio f\u00edsico donde se dictan las carreras de FaCENA? Inscribite a Conociendo FaCENA El s\u00e1bado 23\/11\/2024 de las 9 a 12 h. te vas a informar sobre: Inscribite en: https:\/\/forms.gle\/M3JW5uK5uwA5aLk29 Agenda:<\/p>\n","protected":false},"author":1,"featured_media":0,"parent":0,"menu_order":0,"comment_status":"closed","ping_status":"closed","template":"","meta":{"_monsterinsights_skip_tracking":false,"_monsterinsights_sitenote_active":false,"_monsterinsights_sitenote_note":"","_monsterinsights_sitenote_category":0,"footnotes":""},"class_list":["post-2191","page","type-page","status-publish","hentry"],"_links":{"self":[{"href":"https:\/\/exa.unne.edu.ar\/ingresantes-web\/index.php\/wp-json\/wp\/v2\/pages\/2191","targetHints":{"allow":["GET"]}}],"collection":[{"href":"https:\/\/exa.unne.edu.ar\/ingresantes-web\/index.php\/wp-json\/wp\/v2\/pages"}],"about":[{"href":"https:\/\/exa.unne.edu.ar\/ingresantes-web\/index.php\/wp-json\/wp\/v2\/types\/page"}],"author":[{"embeddable":true,"href":"https:\/\/exa.unne.edu.ar\/ingresantes-web\/index.php\/wp-json\/wp\/v2\/users\/1"}],"replies":[{"embeddable":true,"href":"https:\/\/exa.unne.edu.ar\/ingresantes-web\/index.php\/wp-json\/wp\/v2\/comments?post=2191"}],"version-history":[{"count":1,"href":"https:\/\/exa.unne.edu.ar\/ingresantes-web\/index.php\/wp-json\/wp\/v2\/pages\/2191\/revisions"}],"predecessor-version":[{"id":2192,"href":"https:\/\/exa.unne.edu.ar\/ingresantes-web\/index.php\/wp-json\/wp\/v2\/pages\/2191\/revisions\/2192"}],"wp:attachment":[{"href":"https:\/\/exa.unne.edu.ar\/ingresantes-web\/index.php\/wp-json\/wp\/v2\/media?parent=2191"}],"curies":[{"name":"wp","href":"https:\/\/api.w.org\/{rel}","templated":true}]}}