{"id":19,"date":"2022-09-21T13:48:50","date_gmt":"2022-09-21T13:48:50","guid":{"rendered":"https:\/\/exa.unne.edu.ar\/ingresantes-web\/?page_id=19"},"modified":"2024-02-27T17:14:56","modified_gmt":"2024-02-27T17:14:56","slug":"informacion-general","status":"publish","type":"page","link":"https:\/\/exa.unne.edu.ar\/ingresantes-web\/index.php\/informacion-general\/","title":{"rendered":"Informaci\u00f3n General"},"content":{"rendered":"\t\t<div data-elementor-type=\"wp-page\" data-elementor-id=\"19\" class=\"elementor elementor-19\">\n\t\t\t\t\t\t<section class=\"elementor-section elementor-top-section elementor-element elementor-element-134bb87 elementor-section-boxed elementor-section-height-default elementor-section-height-default\" data-id=\"134bb87\" data-element_type=\"section\">\n\t\t\t\t\t\t<div class=\"elementor-container elementor-column-gap-default\">\n\t\t\t\t\t<div class=\"elementor-column elementor-col-100 elementor-top-column elementor-element elementor-element-da59864\" data-id=\"da59864\" data-element_type=\"column\">\n\t\t\t<div class=\"elementor-widget-wrap elementor-element-populated\">\n\t\t\t\t\t\t<div class=\"elementor-element elementor-element-fe4c101 elementor-widget elementor-widget-text-editor\" data-id=\"fe4c101\" data-element_type=\"widget\" data-widget_type=\"text-editor.default\">\n\t\t\t\t<div class=\"elementor-widget-container\">\n\t\t\t\t\t\t\t\t\t<p><em>El cursillo iniciar\u00e1 el 5 de febrero y finalizar\u00e1 el 1 de marzo.<\/em><\/p>\t\t\t\t\t\t\t\t<\/div>\n\t\t\t\t<\/div>\n\t\t\t\t\t<\/div>\n\t\t<\/div>\n\t\t\t\t\t<\/div>\n\t\t<\/section>\n\t\t\t\t<section class=\"elementor-section elementor-top-section elementor-element elementor-element-25a31d5 elementor-section-boxed elementor-section-height-default elementor-section-height-default\" data-id=\"25a31d5\" data-element_type=\"section\">\n\t\t\t\t\t\t<div class=\"elementor-container elementor-column-gap-default\">\n\t\t\t\t\t<div class=\"elementor-column elementor-col-100 elementor-top-column elementor-element elementor-element-359e67f\" data-id=\"359e67f\" data-element_type=\"column\">\n\t\t\t<div class=\"elementor-widget-wrap elementor-element-populated\">\n\t\t\t\t\t\t<div class=\"elementor-element elementor-element-706f4f4 elementor-widget elementor-widget-text-editor\" data-id=\"706f4f4\" data-element_type=\"widget\" data-widget_type=\"text-editor.default\">\n\t\t\t\t<div class=\"elementor-widget-container\">\n\t\t\t\t\t\t\t\t\t<p>El cursillo es ambientador y orientador para la vida universitaria, no es obligatorio.&nbsp;<br>Los encuentros ser\u00e1n presenciales en las aulas determinadas ubicadas en el Campus Dr. Deodoro Roca (Av. Libertad 5470) en la ciudad de Corrientes (Corrientes).&nbsp;<\/p>\t\t\t\t\t\t\t\t<\/div>\n\t\t\t\t<\/div>\n\t\t\t\t<div class=\"elementor-element elementor-element-526ac98 elementor-widget elementor-widget-text-editor\" data-id=\"526ac98\" data-element_type=\"widget\" data-widget_type=\"text-editor.default\">\n\t\t\t\t<div class=\"elementor-widget-container\">\n\t\t\t\t\t\t\t\t\t<p><b>Actividades del m\u00f3dulo \u00abIntroducci\u00f3n a la vida universitaria\u00bb.<\/b><\/p><p><strong>Importante:<\/strong> Las actividades previstas para el d\u00eda martes 27\/02 (\u00fanicamente los grupos de la ma\u00f1ana) fueron suspendidos hasta nuevo aviso.<\/p>\t\t\t\t\t\t\t\t<\/div>\n\t\t\t\t<\/div>\n\t\t\t\t<div class=\"elementor-element elementor-element-af57835 elementor-align-center elementor-widget elementor-widget-button\" data-id=\"af57835\" data-element_type=\"widget\" data-widget_type=\"button.default\">\n\t\t\t\t<div class=\"elementor-widget-container\">\n\t\t\t\t\t\t\t\t\t<div class=\"elementor-button-wrapper\">\n\t\t\t\t\t<a class=\"elementor-button elementor-button-link elementor-size-sm\" href=\"https:\/\/exa.unne.edu.ar\/ingresantes-web\/wp-content\/uploads\/2024\/02\/I-V-U-Introduccion-a-la-vida-universitaria.pdf\">\n\t\t\t\t\t\t<span class=\"elementor-button-content-wrapper\">\n\t\t\t\t\t\t\t\t\t<span class=\"elementor-button-text\">Listado de grupos el m\u00f3dulo \"Introducci\u00f3n a la vida universitaria\"<\/span>\n\t\t\t\t\t<\/span>\n\t\t\t\t\t<\/a>\n\t\t\t\t<\/div>\n\t\t\t\t\t\t\t\t<\/div>\n\t\t\t\t<\/div>\n\t\t\t\t<div class=\"elementor-element elementor-element-5f40a0f elementor-widget elementor-widget-text-editor\" data-id=\"5f40a0f\" data-element_type=\"widget\" data-widget_type=\"text-editor.default\">\n\t\t\t\t<div class=\"elementor-widget-container\">\n\t\t\t\t\t\t\t\t\t<p><strong>Clases de Matem\u00e1tica<\/strong><\/p><p>Es necesario tener en cuenta que todos\/as tendr\u00e1n clases presenciales los lunes, jueves y viernes con distintos horarios y profesores. El grupo A fue establecido por afinidad de las carreras mientras que los dem\u00e1s grupos (del B al I, inclusive) est\u00e1n divididos de forma alfab\u00e9tica. <br \/>Encontr\u00e1 tu grupo en el siguiente listado.\u00a0<\/p><p><strong>Importante:<\/strong> Los alumnos del grupo A no podr\u00e1n cambiarse de grupo a menos que presenten certificaci\u00f3n laboral. Esto se debe a que el grupo A fue conformado por afinidad de carreras y en respuesta a requisitos de conocimiento b\u00e1sicos de las mismas.<\/p><p><strong>Todos los alumnos que realizaron el curso de Matem\u00e1tica en septiembre y aprobaron est\u00e1n exentos de realizarlo ahora.<\/strong><\/p>\t\t\t\t\t\t\t\t<\/div>\n\t\t\t\t<\/div>\n\t\t\t\t<div class=\"elementor-element elementor-element-874488b elementor-align-center elementor-widget elementor-widget-button\" data-id=\"874488b\" data-element_type=\"widget\" data-widget_type=\"button.default\">\n\t\t\t\t<div class=\"elementor-widget-container\">\n\t\t\t\t\t\t\t\t\t<div class=\"elementor-button-wrapper\">\n\t\t\t\t\t<a class=\"elementor-button elementor-button-link elementor-size-sm\" href=\"https:\/\/docs.google.com\/spreadsheets\/d\/1b5q6E3Ww_L5gFTuBMA6RdsvGAyLPIc6uTs0TVfU4Tro\/edit?usp=sharing\">\n\t\t\t\t\t\t<span class=\"elementor-button-content-wrapper\">\n\t\t\t\t\t\t\t\t\t<span class=\"elementor-button-text\">Listado de grupos para clases presenciales de Matem\u00e1tica<\/span>\n\t\t\t\t\t<\/span>\n\t\t\t\t\t<\/a>\n\t\t\t\t<\/div>\n\t\t\t\t\t\t\t\t<\/div>\n\t\t\t\t<\/div>\n\t\t\t\t<div class=\"elementor-element elementor-element-ce4d1a8 elementor-align-center elementor-widget elementor-widget-button\" data-id=\"ce4d1a8\" data-element_type=\"widget\" data-widget_type=\"button.default\">\n\t\t\t\t<div class=\"elementor-widget-container\">\n\t\t\t\t\t\t\t\t\t<div class=\"elementor-button-wrapper\">\n\t\t\t\t\t<a class=\"elementor-button elementor-button-link elementor-size-sm\" href=\"https:\/\/docs.google.com\/spreadsheets\/d\/1QzYip640gt0RXibJffBMl_m6M7pgfu_XRzQV9JoAxSY\/edit?usp=sharing\" target=\"_blank\">\n\t\t\t\t\t\t<span class=\"elementor-button-content-wrapper\">\n\t\t\t\t\t\t\t\t\t<span class=\"elementor-button-text\">Archivo con los grupos para clases presenciales todas las asignaturas excepto matem\u00e1tica<\/span>\n\t\t\t\t\t<\/span>\n\t\t\t\t\t<\/a>\n\t\t\t\t<\/div>\n\t\t\t\t\t\t\t\t<\/div>\n\t\t\t\t<\/div>\n\t\t\t\t\t<\/div>\n\t\t<\/div>\n\t\t\t\t\t<\/div>\n\t\t<\/section>\n\t\t\t\t<\/div>\n\t\t","protected":false},"excerpt":{"rendered":"<p>El cursillo iniciar\u00e1 el 5 de febrero y finalizar\u00e1 el 1 de marzo. El cursillo es ambientador y orientador para la vida universitaria, no es obligatorio.&nbsp;Los encuentros ser\u00e1n presenciales en las aulas determinadas ubicadas en el Campus Dr. Deodoro Roca (Av. Libertad 5470) en la ciudad de Corrientes (Corrientes).&nbsp; Actividades &hellip; <\/p>\n","protected":false},"author":1,"featured_media":0,"parent":0,"menu_order":0,"comment_status":"closed","ping_status":"closed","template":"","meta":{"_monsterinsights_skip_tracking":false,"_monsterinsights_sitenote_active":false,"_monsterinsights_sitenote_note":"","_monsterinsights_sitenote_category":0,"footnotes":""},"class_list":["post-19","page","type-page","status-publish","hentry"],"_links":{"self":[{"href":"https:\/\/exa.unne.edu.ar\/ingresantes-web\/index.php\/wp-json\/wp\/v2\/pages\/19","targetHints":{"allow":["GET"]}}],"collection":[{"href":"https:\/\/exa.unne.edu.ar\/ingresantes-web\/index.php\/wp-json\/wp\/v2\/pages"}],"about":[{"href":"https:\/\/exa.unne.edu.ar\/ingresantes-web\/index.php\/wp-json\/wp\/v2\/types\/page"}],"author":[{"embeddable":true,"href":"https:\/\/exa.unne.edu.ar\/ingresantes-web\/index.php\/wp-json\/wp\/v2\/users\/1"}],"replies":[{"embeddable":true,"href":"https:\/\/exa.unne.edu.ar\/ingresantes-web\/index.php\/wp-json\/wp\/v2\/comments?post=19"}],"version-history":[{"count":146,"href":"https:\/\/exa.unne.edu.ar\/ingresantes-web\/index.php\/wp-json\/wp\/v2\/pages\/19\/revisions"}],"predecessor-version":[{"id":1967,"href":"https:\/\/exa.unne.edu.ar\/ingresantes-web\/index.php\/wp-json\/wp\/v2\/pages\/19\/revisions\/1967"}],"wp:attachment":[{"href":"https:\/\/exa.unne.edu.ar\/ingresantes-web\/index.php\/wp-json\/wp\/v2\/media?parent=19"}],"curies":[{"name":"wp","href":"https:\/\/api.w.org\/{rel}","templated":true}]}}