{"id":185,"date":"2022-09-26T13:54:01","date_gmt":"2022-09-26T13:54:01","guid":{"rendered":"https:\/\/exa.unne.edu.ar\/ingresantes-web\/?page_id=185"},"modified":"2023-11-08T14:43:41","modified_gmt":"2023-11-08T14:43:41","slug":"ingenieria-electronica","status":"publish","type":"page","link":"https:\/\/exa.unne.edu.ar\/ingresantes-web\/index.php\/ingenieria-electronica\/","title":{"rendered":"Ingenier\u00eda Electr\u00f3nica"},"content":{"rendered":"\t\t<div data-elementor-type=\"wp-page\" data-elementor-id=\"185\" class=\"elementor elementor-185\">\n\t\t\t\t\t\t<section class=\"elementor-section elementor-top-section elementor-element elementor-element-2a4a0cd elementor-section-boxed elementor-section-height-default elementor-section-height-default\" data-id=\"2a4a0cd\" data-element_type=\"section\">\n\t\t\t\t\t\t<div class=\"elementor-container elementor-column-gap-default\">\n\t\t\t\t\t<div class=\"elementor-column elementor-col-100 elementor-top-column elementor-element elementor-element-506f35e\" data-id=\"506f35e\" data-element_type=\"column\">\n\t\t\t<div class=\"elementor-widget-wrap elementor-element-populated\">\n\t\t\t\t\t\t<div class=\"elementor-element elementor-element-3044091 elementor-widget elementor-widget-text-editor\" data-id=\"3044091\" data-element_type=\"widget\" data-widget_type=\"text-editor.default\">\n\t\t\t\t<div class=\"elementor-widget-container\">\n\t\t\t\t\t\t\t\t\t<p><strong>Director(a):\u00a0<\/strong>Dra. Mar\u00eda In\u00e9s Pisarello (<a href=\"mailto:mainespisarello@gmail.com\">mainespisarello@gmail.com)<\/a><\/p><p><strong>T\u00edtulo que otorga:\u00a0<\/strong>Ingeniero en Electr\u00f3nica &#8211; Ingeniera en Electr\u00f3nica<\/p><p><strong>Resoluci\u00f3n de acreditaci\u00f3n:<\/strong> <a href=\"http:\/\/www.exa.unne.edu.ar\/acreditacion\/documentacion\/RES-2014-CONEAU-0998-14.pdf\" target=\"_blank\" rel=\"noopener\">Res. N\u00b0 0998\/14 CONEAU<\/a><\/p><p><strong>Est\u00e1ndar de la carrera:<\/strong><a href=\"http:\/\/www.exa.unne.edu.ar\/acreditacion\/documentacion\/RES-2001-ME-1232-01.pdf\" target=\"_blank\" rel=\"noopener\"><strong>\u00a0<\/strong>Res. N\u00ba 1232\/01 ME.<\/a><\/p><p><span class=\"textgris\"><strong>Carga Horaria: <\/strong>4.136 hs. presenciales<\/span><\/p><p><strong>Total de Asignaturas:<\/strong>\u00a040<\/p><p><strong>Duraci\u00f3n:\u00a0<\/strong>5 a\u00f1os<\/p>\t\t\t\t\t\t\t\t<\/div>\n\t\t\t\t<\/div>\n\t\t\t\t\t<\/div>\n\t\t<\/div>\n\t\t\t\t\t<\/div>\n\t\t<\/section>\n\t\t\t\t<section class=\"elementor-section elementor-top-section elementor-element elementor-element-d164069 elementor-section-boxed elementor-section-height-default elementor-section-height-default\" data-id=\"d164069\" data-element_type=\"section\">\n\t\t\t\t\t\t<div class=\"elementor-container elementor-column-gap-default\">\n\t\t\t\t\t<div class=\"elementor-column elementor-col-100 elementor-top-column elementor-element elementor-element-40b53ab\" data-id=\"40b53ab\" data-element_type=\"column\">\n\t\t\t<div class=\"elementor-widget-wrap elementor-element-populated\">\n\t\t\t\t\t\t<div class=\"elementor-element elementor-element-fc9b0b7 elementor-widget elementor-widget-accordion\" data-id=\"fc9b0b7\" data-element_type=\"widget\" data-widget_type=\"accordion.default\">\n\t\t\t\t<div class=\"elementor-widget-container\">\n\t\t\t\t\t\t\t<div class=\"elementor-accordion\">\n\t\t\t\t\t\t\t<div class=\"elementor-accordion-item\">\n\t\t\t\t\t<div id=\"elementor-tab-title-2641\" class=\"elementor-tab-title\" data-tab=\"1\" role=\"button\" aria-controls=\"elementor-tab-content-2641\" aria-expanded=\"false\">\n\t\t\t\t\t\t\t\t\t\t\t\t\t<span class=\"elementor-accordion-icon elementor-accordion-icon-left\" aria-hidden=\"true\">\n\t\t\t\t\t\t\t\t\t\t\t\t\t\t\t<span class=\"elementor-accordion-icon-closed\"><i class=\"fas fa-plus\"><\/i><\/span>\n\t\t\t\t\t\t\t\t<span class=\"elementor-accordion-icon-opened\"><i class=\"fas fa-minus\"><\/i><\/span>\n\t\t\t\t\t\t\t\t\t\t\t\t\t\t<\/span>\n\t\t\t\t\t\t\t\t\t\t\t\t<a class=\"elementor-accordion-title\" tabindex=\"0\">Fundamentaci\u00f3n<\/a>\n\t\t\t\t\t<\/div>\n\t\t\t\t\t<div id=\"elementor-tab-content-2641\" class=\"elementor-tab-content elementor-clearfix\" data-tab=\"1\" role=\"region\" aria-labelledby=\"elementor-tab-title-2641\"><p>La Ingenier\u00eda Electr\u00f3nica es una disciplina asociada con el dise\u00f1o, desarrollo y operaci\u00f3n de sistemas que generan y utilizan ondas el\u00e9ctricas. Estos sistemas incluyen los de generaci\u00f3n y distribuci\u00f3n de potencia el\u00e9ctrica, procesamiento de datos y control, sistemas instrumentales.<\/p><p>La disciplina tambi\u00e9n est\u00e1 relacionada con los dispositivos componentes de los sistemas mencionados: transistores, circuitos integrados, antenas, dispositivos de memoria.<\/p><p>Las \u00e1reas de especializaci\u00f3n de la Ingenier\u00eda Electr\u00f3nica incluyen hoy -entre otras- a: sistemas de control autom\u00e1tico, ingenier\u00eda biom\u00e9dica, comunicaciones y procesamiento de se\u00f1ales, ingenier\u00eda de la computaci\u00f3n, campos y ondas electromagn\u00e9ticos, sistemas de energ\u00eda y potencia el\u00e9ctrica, fot\u00f3nica, plasma y fusi\u00f3n controlada, estado s\u00f3lido y microelectr\u00f3nica.<\/p><p>La Ingenier\u00eda en Electr\u00f3nica representa un campo de r\u00e1pida expansi\u00f3n en el que continuamente se desarrollan nuevas y atractivas \u00e1reas, mientras que aquellas consideradas tradicionales encuentran d\u00eda a d\u00eda nuevas aplicaciones.<\/p><p>Dada la naturaleza de cambios r\u00e1pidos que experimenta este campo, el plan de estudios en Ingenier\u00eda en Electr\u00f3nica debe ser dise\u00f1ado para brindar una adecuada preparaci\u00f3n en las \u00e1reas tradicionales de la disciplina, proveyendo al mismo tiempo de suficiente flexibilidad para acomodar el inter\u00e9s de los estudiantes -y de la comunidad- frente a los desarrollos tecnol\u00f3gicos actuales.<\/p><p>De ah\u00ed que el objetivo sea el de preparar a los egresados en los fundamentos de la disciplina, que se combina con la formaci\u00f3n suficiente en \u00e1reas elegidas de especializaci\u00f3n, de manera de aumentar las posibilidades laborales de los ingenieros que egresen<\/p><\/div>\n\t\t\t\t<\/div>\n\t\t\t\t\t\t\t<div class=\"elementor-accordion-item\">\n\t\t\t\t\t<div id=\"elementor-tab-title-2642\" class=\"elementor-tab-title\" data-tab=\"2\" role=\"button\" aria-controls=\"elementor-tab-content-2642\" aria-expanded=\"false\">\n\t\t\t\t\t\t\t\t\t\t\t\t\t<span class=\"elementor-accordion-icon elementor-accordion-icon-left\" aria-hidden=\"true\">\n\t\t\t\t\t\t\t\t\t\t\t\t\t\t\t<span class=\"elementor-accordion-icon-closed\"><i class=\"fas fa-plus\"><\/i><\/span>\n\t\t\t\t\t\t\t\t<span class=\"elementor-accordion-icon-opened\"><i class=\"fas fa-minus\"><\/i><\/span>\n\t\t\t\t\t\t\t\t\t\t\t\t\t\t<\/span>\n\t\t\t\t\t\t\t\t\t\t\t\t<a class=\"elementor-accordion-title\" tabindex=\"0\">Perfil del graduado<\/a>\n\t\t\t\t\t<\/div>\n\t\t\t\t\t<div id=\"elementor-tab-content-2642\" class=\"elementor-tab-content elementor-clearfix\" data-tab=\"2\" role=\"region\" aria-labelledby=\"elementor-tab-title-2642\"><p>En coincidencia con las recomendaciones del Consejo Federal de Decanos de Ingenier\u00eda de la Rep\u00fablica Argentina (CONFEDI) -que se transcriben a continuaci\u00f3n- los Ingenieros en Electr\u00f3nica egresados de la Facultad de Ciencias Exactas y Naturales y Agrimensura de la UNNE habr\u00e1n desarrollado, a lo largo de sus carreras, un conjunto de aptitudes que les permitir\u00e1n:<\/p><ul><li>Identificar, evaluar y resolver problemas de Ingenier\u00eda Electr\u00f3nica con creatividad o innovaci\u00f3n dentro de los l\u00edmites de su propio conocimiento.<\/li><li>Aplicar sus conocimientos de Matem\u00e1ticas, Ciencias B\u00e1sicas y Ciencias de la Ingenier\u00eda para resolver problemas de la Ingenier\u00eda Electr\u00f3nica con capacidad de an\u00e1lisis y s\u00edntesis.<\/li><li>Dise\u00f1ar y mejorar componentes, sistemas y procesos, evaluando costos y beneficios financieros y sociales con habilidades para la gesti\u00f3n de negocios, la direcci\u00f3n y administraci\u00f3n de empresas.<\/li><li>Planificar y conducir investigaciones y experimentos, analizando e interpretando sus resultados.<\/li><li>Demostrar un equilibrado juicio en asuntos de Ingenier\u00eda Electr\u00f3nica con creatividad, racionalidad e iniciativa, aplicando en la soluci\u00f3n de los problemas un enfoque integral, \u00e9tico, social, t\u00e9cnico-econ\u00f3mico y ecol\u00f3gico.<\/li><li>Tener condiciones para ejercer en una sociedad contempor\u00e1nea utilizando los recursos de la inform\u00e1tica y otros m\u00e9todos, habilidades y herramientas de Ingenier\u00eda modernas y evaluando sus resultados.<\/li><li>Comunicarse efectivamente por escrito y oralmente en castellano y en ingl\u00e9s y saber exponer p\u00fablicamente sus ideas.<\/li><li>Reconocer el impacto de las actividades de la Ingenier\u00eda sobre la sociedad y el medio ambiente y comprometerse con el desarrollo sostenido.<\/li><li>Desempe\u00f1arse en un ambiente multidisciplinario con capacidad de gerenciar equipos profesionales y aptitud para el planeamiento, la organizaci\u00f3n, la conducci\u00f3n y el control.<\/li><li>Involucrarse en la educaci\u00f3n continua y tener aptitud para reconocer los l\u00edmites de su conocimiento, actualiz\u00e1ndose como una obligaci\u00f3n profesional por los distintos m\u00e9todos a su alcance.<\/li><li>Reconocer la necesidad de actuar profesionalmente dentro de su \u00e1rea de competencia en forma efectiva y eficiente, supeditada a la \u00e9tica profesional.<\/li><li>Conocer la legislaci\u00f3n de aplicaci\u00f3n en su \u00e1rea profesional as\u00ed como la propia de su ejercicio.<\/li><li>Estar preparado para aprovechar los medios a su alcance teniendo en cuenta los recursos naturales de la regi\u00f3n, de forma de integrarlos prioritariamente a su pr\u00e1ctica profesional.<\/li><\/ul><\/div>\n\t\t\t\t<\/div>\n\t\t\t\t\t\t\t<div class=\"elementor-accordion-item\">\n\t\t\t\t\t<div id=\"elementor-tab-title-2643\" class=\"elementor-tab-title\" data-tab=\"3\" role=\"button\" aria-controls=\"elementor-tab-content-2643\" aria-expanded=\"false\">\n\t\t\t\t\t\t\t\t\t\t\t\t\t<span class=\"elementor-accordion-icon elementor-accordion-icon-left\" aria-hidden=\"true\">\n\t\t\t\t\t\t\t\t\t\t\t\t\t\t\t<span class=\"elementor-accordion-icon-closed\"><i class=\"fas fa-plus\"><\/i><\/span>\n\t\t\t\t\t\t\t\t<span class=\"elementor-accordion-icon-opened\"><i class=\"fas fa-minus\"><\/i><\/span>\n\t\t\t\t\t\t\t\t\t\t\t\t\t\t<\/span>\n\t\t\t\t\t\t\t\t\t\t\t\t<a class=\"elementor-accordion-title\" tabindex=\"0\">Alcances del t\u00edtulo<\/a>\n\t\t\t\t\t<\/div>\n\t\t\t\t\t<div id=\"elementor-tab-content-2643\" class=\"elementor-tab-content elementor-clearfix\" data-tab=\"3\" role=\"region\" aria-labelledby=\"elementor-tab-title-2643\"><p>El objetivo del presente Plan de Estudios para la carrera de Ingenier\u00eda en Electr\u00f3nica es formar Ingenieros en Electr\u00f3nica que respondan al perfil del graduado descripto anteriormente. En raz\u00f3n de que la actividad profesional en Ingenier\u00eda en Electr\u00f3nica compromete el inter\u00e9s p\u00fablico, los alcances de los t\u00edtulos derivan en las incumbencias profesionales que han sido fijadas por el Ministerio de Cultura y Educaci\u00f3n de la Naci\u00f3n, como se indica:<\/p><ol><li>Estudio, an\u00e1lisis de factibilidad, proyecto, planificaci\u00f3n, direcci\u00f3n, construcci\u00f3n, instalaci\u00f3n, puesta en marcha, operaci\u00f3n, ensayos, mediciones, mantenimiento, reparaci\u00f3n, modificaci\u00f3n, transformaci\u00f3n e inspecci\u00f3n de:<ul><li>Sistemas o partes de sistemas de generaci\u00f3n, transmisi\u00f3n, distribuci\u00f3n, conversi\u00f3n, control, automatizaci\u00f3n, recepci\u00f3n, procesamiento y utilizaci\u00f3n de se\u00f1ales de naturaleza electromagn\u00e9tica en todas las frecuencias y potencias.<\/li><li>Instalaciones que utilicen energ\u00eda el\u00e9ctrica como accesorio de lo detallado en el inciso anterior.<\/li><li>Laboratorios de todo tipo relacionados con los incisos anteriores, excepto sus obras civiles e industriales.<\/li><li>Sistemas de control.<\/li><\/ul><\/li><li>Estudios, tareas y asesoramiento relacionado con:<ul><li>Asuntos de Ingenier\u00eda Legal, Econom\u00eda y Finanzas relacionados con los incisos anteriores.<\/li><li>Arbitrajes, pericias y tasaciones relacionados con los incisos anteriores.<\/li><li>Seguridad industrial y contaminaci\u00f3n ambiental relacionados con los incisos anteriores.<\/li><\/ul><\/li><\/ol><\/div>\n\t\t\t\t<\/div>\n\t\t\t\t\t\t\t<div class=\"elementor-accordion-item\">\n\t\t\t\t\t<div id=\"elementor-tab-title-2644\" class=\"elementor-tab-title\" data-tab=\"4\" role=\"button\" aria-controls=\"elementor-tab-content-2644\" aria-expanded=\"false\">\n\t\t\t\t\t\t\t\t\t\t\t\t\t<span class=\"elementor-accordion-icon elementor-accordion-icon-left\" aria-hidden=\"true\">\n\t\t\t\t\t\t\t\t\t\t\t\t\t\t\t<span class=\"elementor-accordion-icon-closed\"><i class=\"fas fa-plus\"><\/i><\/span>\n\t\t\t\t\t\t\t\t<span class=\"elementor-accordion-icon-opened\"><i class=\"fas fa-minus\"><\/i><\/span>\n\t\t\t\t\t\t\t\t\t\t\t\t\t\t<\/span>\n\t\t\t\t\t\t\t\t\t\t\t\t<a class=\"elementor-accordion-title\" tabindex=\"0\">Plan de Estudios<\/a>\n\t\t\t\t\t<\/div>\n\t\t\t\t\t<div id=\"elementor-tab-content-2644\" class=\"elementor-tab-content elementor-clearfix\" data-tab=\"4\" role=\"region\" aria-labelledby=\"elementor-tab-title-2644\"><h4><span style=\"color: #800000;\">Primer a\u00f1o<\/span><\/h4><p><span style=\"text-decoration: underline;\">Primer cuatrimestre<\/span><\/p><ul><li>\u00c1lgebra y Geometr\u00eda Anal\u00edtica<\/li><li>C\u00e1lculo Diferencial e Integral I<\/li><li>Qu\u00edmica General <\/li><li>Seminario de Ingenier\u00eda &#8211; M\u00f3dulo I<\/li><\/ul><p><span style=\"text-decoration: underline;\">Segundo cuatrimestre<\/span><\/p><ul><li>Sistemas de Representaci\u00f3n<\/li><li>Inform\u00e1tica<\/li><li>C\u00e1lculo Diferencial e Integral II<\/li><li>Mec\u00e1nica, \u00d3ptica y Sonido<\/li><\/ul><h4><span style=\"color: #800000;\">Segundo a\u00f1o<\/span><\/h4><p><span style=\"text-decoration: underline;\">Primer cuatrimestre<\/span><\/p><ul><li>Electricidad, Magnetismo y Calor<\/li><li>Estad\u00edstica y An\u00e1lisis de Datos<\/li><li>F\u00edsica At\u00f3mica <\/li><li>Seminario de Ingenier\u00eda &#8211; M\u00f3dulo II<\/li><\/ul><p><span style=\"text-decoration: underline;\">Segundo cuatrimestre<\/span><\/p><ul><li>F\u00edsica del Estado S\u00f3lido<\/li><li>M\u00e9todo Num\u00e9ricos<\/li><li>Materiales y Componentes<\/li><li>Electrot\u00e9cnica I<\/li><li>Prueba de Traducci\u00f3n T\u00e9cnica<\/li><\/ul><h4><br \/><span style=\"color: #800000;\">Tercer a\u00f1o<\/span><\/h4><p><span style=\"text-decoration: underline;\">Primer cuatrimestre<\/span><\/p><ul><li>An\u00e1lisis matem\u00e1tico<\/li><li>Electrotecnia II<\/li><li>Medidas El\u00e9ctricas<\/li><\/ul><p><span style=\"text-decoration: underline;\">Segundo Cuatrimestre<\/span><\/p><ul><li>Electr\u00f3nica I<\/li><li>Teor\u00eda de Circuitos<\/li><li>Termodin\u00e1mica<\/li><li>Seminario de Ingenier\u00eda &#8211; M\u00f3dulo III<\/li><\/ul><h4><br \/><span style=\"color: #800000;\">Cuarto a\u00f1o<\/span><\/h4><p><br \/><span style=\"text-decoration: underline;\">Primer cuatrimestre<\/span><\/p><ul><li>Circuitos L\u00f3gicos<\/li><li>Electr\u00f3nica II<\/li><li>Teor\u00eda de Control<\/li><li>Seminario de Ingenier\u00eda &#8211; M\u00f3dulo IV<\/li><li>Se\u00f1ales y Sistemas<\/li><\/ul><p><br \/><span style=\"text-decoration: underline;\">Segundo cuatrimestre<\/span><\/p><ul><li>Electr\u00f3nica III<\/li><li>Electr\u00f3nica Industrial<\/li><li>Mediciones Electr\u00f3nicas<\/li><li>Optativas I: \u00abFundamentaci\u00f3n de las Comunicaciones\u00bb o \u00abBioinstrumentaci\u00f3n\u00bb<\/li><\/ul><h4><br \/><span style=\"color: #800000;\"><strong>Quinto a\u00f1o<\/strong><\/span><\/h4><p><br \/><span style=\"text-decoration: underline;\">Primer cuatrimestre<\/span><\/p><ul><li>Ingenier\u00eda Legal<\/li><li>Optativa 2: \u00abPropagaci\u00f3n y Antenas\u00bb o \u00abProcesamiento Digital de Biose\u00f1ales\u00bb<\/li><li>Optativa 3: \u00abTransmisi\u00f3n de la informaci\u00f3n\u00bb o \u00abModelos y Simulaci\u00f3n de Sistemas Fisiol\u00f3gicos\u00bb<\/li><li>Seminario de Ingenier\u00eda &#8211; M\u00f3dulo V<\/li><\/ul><p><br \/><span style=\"text-decoration: underline;\">Segundo cuatrimestre<\/span><\/p><ul><li>Econom\u00eda y Organizaci\u00f3n Industrial<\/li><li>Optativa 4: \u00abSistemas de Comunicaciones\u00bb o \u00abIngenier\u00eda Cl\u00ednica\u00bb<\/li><\/ul><p><strong>Anual: <\/strong>Proyecto Final<\/p><\/div>\n\t\t\t\t<\/div>\n\t\t\t\t\t\t\t\t<\/div>\n\t\t\t\t\t\t<\/div>\n\t\t\t\t<\/div>\n\t\t\t\t\t<\/div>\n\t\t<\/div>\n\t\t\t\t\t<\/div>\n\t\t<\/section>\n\t\t\t\t<section class=\"elementor-section elementor-top-section elementor-element elementor-element-8fd272a elementor-section-boxed elementor-section-height-default elementor-section-height-default\" data-id=\"8fd272a\" data-element_type=\"section\">\n\t\t\t\t\t\t<div class=\"elementor-container elementor-column-gap-default\">\n\t\t\t\t\t<div class=\"elementor-column elementor-col-100 elementor-top-column elementor-element elementor-element-915d550\" data-id=\"915d550\" data-element_type=\"column\">\n\t\t\t<div class=\"elementor-widget-wrap elementor-element-populated\">\n\t\t\t\t\t\t<div class=\"elementor-element elementor-element-aa5f4bc elementor-widget elementor-widget-button\" data-id=\"aa5f4bc\" data-element_type=\"widget\" data-widget_type=\"button.default\">\n\t\t\t\t<div class=\"elementor-widget-container\">\n\t\t\t\t\t\t\t\t\t<div class=\"elementor-button-wrapper\">\n\t\t\t\t\t<a class=\"elementor-button elementor-button-link elementor-size-sm\" href=\"https:\/\/exa.unne.edu.ar\/ingresantes-web\/wp-content\/uploads\/2023\/11\/Ingenieria-en-Electronica-FaCENA.pdf\" target=\"_blank\">\n\t\t\t\t\t\t<span class=\"elementor-button-content-wrapper\">\n\t\t\t\t\t\t\t\t\t<span class=\"elementor-button-text\">Descarga la informaci\u00f3n de la carrera<\/span>\n\t\t\t\t\t<\/span>\n\t\t\t\t\t<\/a>\n\t\t\t\t<\/div>\n\t\t\t\t\t\t\t\t<\/div>\n\t\t\t\t<\/div>\n\t\t\t\t\t<\/div>\n\t\t<\/div>\n\t\t\t\t\t<\/div>\n\t\t<\/section>\n\t\t\t\t<section class=\"elementor-section elementor-top-section elementor-element elementor-element-6f0987a elementor-section-boxed elementor-section-height-default elementor-section-height-default\" data-id=\"6f0987a\" data-element_type=\"section\">\n\t\t\t\t\t\t<div class=\"elementor-container elementor-column-gap-default\">\n\t\t\t\t\t<div class=\"elementor-column elementor-col-100 elementor-top-column elementor-element elementor-element-f156296\" data-id=\"f156296\" data-element_type=\"column\">\n\t\t\t<div class=\"elementor-widget-wrap elementor-element-populated\">\n\t\t\t\t\t\t<div class=\"elementor-element elementor-element-8ddd1f3 elementor-widget elementor-widget-video\" data-id=\"8ddd1f3\" data-element_type=\"widget\" data-settings=\"{&quot;youtube_url&quot;:&quot;https:\\\/\\\/youtu.be\\\/rsQFDVjykig&quot;,&quot;start&quot;:0,&quot;video_type&quot;:&quot;youtube&quot;,&quot;controls&quot;:&quot;yes&quot;}\" data-widget_type=\"video.default\">\n\t\t\t\t<div class=\"elementor-widget-container\">\n\t\t\t\t\t\t\t<div class=\"elementor-wrapper elementor-open-inline\">\n\t\t\t<div class=\"elementor-video\"><\/div>\t\t<\/div>\n\t\t\t\t\t\t<\/div>\n\t\t\t\t<\/div>\n\t\t\t\t\t<\/div>\n\t\t<\/div>\n\t\t\t\t\t<\/div>\n\t\t<\/section>\n\t\t\t\t<\/div>\n\t\t","protected":false},"excerpt":{"rendered":"<p>Director(a):\u00a0Dra. Mar\u00eda In\u00e9s Pisarello (mainespisarello@gmail.com) T\u00edtulo que otorga:\u00a0Ingeniero en Electr\u00f3nica &#8211; Ingeniera en Electr\u00f3nica Resoluci\u00f3n de acreditaci\u00f3n: Res. N\u00b0 0998\/14 CONEAU Est\u00e1ndar de la carrera:\u00a0Res. N\u00ba 1232\/01 ME. Carga Horaria: 4.136 hs. presenciales Total de Asignaturas:\u00a040 Duraci\u00f3n:\u00a05 a\u00f1os Fundamentaci\u00f3n La Ingenier\u00eda Electr\u00f3nica es una disciplina asociada con el dise\u00f1o, desarrollo &hellip; <\/p>\n","protected":false},"author":1,"featured_media":0,"parent":0,"menu_order":0,"comment_status":"closed","ping_status":"closed","template":"","meta":{"_monsterinsights_skip_tracking":false,"_monsterinsights_sitenote_active":false,"_monsterinsights_sitenote_note":"","_monsterinsights_sitenote_category":0,"footnotes":""},"class_list":["post-185","page","type-page","status-publish","hentry"],"_links":{"self":[{"href":"https:\/\/exa.unne.edu.ar\/ingresantes-web\/index.php\/wp-json\/wp\/v2\/pages\/185","targetHints":{"allow":["GET"]}}],"collection":[{"href":"https:\/\/exa.unne.edu.ar\/ingresantes-web\/index.php\/wp-json\/wp\/v2\/pages"}],"about":[{"href":"https:\/\/exa.unne.edu.ar\/ingresantes-web\/index.php\/wp-json\/wp\/v2\/types\/page"}],"author":[{"embeddable":true,"href":"https:\/\/exa.unne.edu.ar\/ingresantes-web\/index.php\/wp-json\/wp\/v2\/users\/1"}],"replies":[{"embeddable":true,"href":"https:\/\/exa.unne.edu.ar\/ingresantes-web\/index.php\/wp-json\/wp\/v2\/comments?post=185"}],"version-history":[{"count":34,"href":"https:\/\/exa.unne.edu.ar\/ingresantes-web\/index.php\/wp-json\/wp\/v2\/pages\/185\/revisions"}],"predecessor-version":[{"id":1817,"href":"https:\/\/exa.unne.edu.ar\/ingresantes-web\/index.php\/wp-json\/wp\/v2\/pages\/185\/revisions\/1817"}],"wp:attachment":[{"href":"https:\/\/exa.unne.edu.ar\/ingresantes-web\/index.php\/wp-json\/wp\/v2\/media?parent=185"}],"curies":[{"name":"wp","href":"https:\/\/api.w.org\/{rel}","templated":true}]}}