{"id":17,"date":"2022-09-21T13:44:42","date_gmt":"2022-09-21T13:44:42","guid":{"rendered":"https:\/\/exa.unne.edu.ar\/ingresantes-web\/?page_id=17"},"modified":"2025-10-15T13:17:47","modified_gmt":"2025-10-15T13:17:47","slug":"inscripciones","status":"publish","type":"page","link":"https:\/\/exa.unne.edu.ar\/ingresantes-web\/index.php\/inscripciones\/","title":{"rendered":"Inscripciones"},"content":{"rendered":"<p><strong>Fechas de inscripci\u00f3n<\/strong><\/p>\n<p><em>Primer periodo:<\/em> Desde el lunes 10 de noviembre y hasta el viernes 19 de diciembre de 2025 (hasta las 23:55h)<\/p>\n<p><em>Segundo periodo<\/em>: Desde el 2 al 6 de febrero del 2026 (hasta las 23:55 hs.)<\/p>\n<p><strong>\u00bfC\u00f3mo me inscribo?<\/strong><\/p>\n<p>La Inscripci\u00f3n al Ciclo Acad\u00e9mico 2026 se realizara de manera virtual, debiendo adjuntar la siguiente documentaci\u00f3n en formato digital, en el sitio <a style=\"color: #008080;\" href=\"https:\/\/inscripciones.unne.edu.ar\/inscripcion\/\" target=\"_blank\" rel=\"noopener\"><strong>inscripciones.unne.edu.ar \u00bb<\/strong><\/a>\u00a0o con tu usuario por\u00a0<a href=\"https:\/\/guarani3.unne.edu.ar\/g3w\/\" target=\"_blank\" rel=\"noopener\"><strong>SIU Guaran\u00ed \u00bb<\/strong><\/a>\u00a0en\u00a0<strong><em>Tr\u00e1mites &gt; Inscripci\u00f3n a Propuestas<\/em><\/strong>, en caso de tenerlo:<\/p>\n<ol>\n<li>Documento Nacional de Identidad, anverso (frente) y reverso (atr\u00e1s), en un mismo archivo. En caso de ser extranjero sin D.N.I. deber\u00e1 presentar Pasaporte y si pertenece al MERCOSUR ser\u00e1 suficiente la C\u00e9dula de Identidad del MERCOSUR<\/li>\n<li>Fotograf\u00eda digital del\/la aspirante (tipo DNI) 4\u00d74 cm. de fondo blanco <em>(no selfie)<\/em>.<\/li>\n<li>T\u00edtulo de Nivel Medio original (digitalizado), o constancia de estudios secundarios completos (con la leyenda \u00abNO ADEUDA MATERIAS\u00bb). <em><strong>Importante:<\/strong> <\/em>si al momento de la inscripci\u00f3n no contase con alguno de estos, deber\u00e1 presentar constancia expedida por la Instituci\u00f3n de finalizaci\u00f3n del cursado del \u00faltimo ciclo de ense\u00f1anza secundaria, indicando la\/s asignatura\/s que adeuda.<\/li>\n<li>Copia del carnet de Vacunaci\u00f3n (anverso y reverso): Doble Adulto bacteriana o Triple Bacteriana aplicada.<\/li>\n<\/ol>\n<p><em>Todos los archivos enviados para inscripci\u00f3n tendr\u00e1n car\u00e1cter de Declaraci\u00f3n Jurada y sujetos a verificaci\u00f3n por la Facultad de Ciencias Exactas y Naturales y Agrimensura.<\/em><\/p>\n<p><em>Efectuado el tr\u00e1mite online a trav\u00e9s del SIU Guaran\u00ed con env\u00edo de los requisitos, la facultad podr\u00e1 confirmar mediante notificaci\u00f3n a la direcci\u00f3n de correo electr\u00f3nico declarado y con la cual se ha realizado el tr\u00e1mite, siendo desestimados los env\u00edos de documentaci\u00f3n fuera del plazo establecido para la inscripci\u00f3n.\u00a0<\/em><\/p>\n<p><em>Si se observan archivos fallidos o ilegibles, la facultad reclamar\u00e1 su sustituci\u00f3n al\/a aspirante con un plazo de tiempo determinado en el correo electr\u00f3nico declarado, cumplido dicho plazo otorgado y en caso de no cumplimentar con lo requerido, se desestimar\u00e1 la postulaci\u00f3n.<\/em><\/p>\n<p><strong>Importante:<\/strong><\/p>\n<p>La facultad podr\u00e1 solicitar la presentaci\u00f3n de la documentaci\u00f3n por sistema, dando a conocer la <em>fecha l\u00edmite de entrega<\/em>. En caso de incumplimiento de lo requerido se proceder\u00e1 a dar la caducidad autom\u00e1tica de la inscripci\u00f3n efectuada, quedando la misma sin efecto.<\/p>\n<p><a href=\"https:\/\/exa.unne.edu.ar\/ingresantes-web\/wp-content\/uploads\/2025\/10\/RES.-2025-817-CS-UNNE-1.pdf\"><br \/>\nResoluci\u00f3n 2025 &#8211; 817 &#8211; CS- UNNE &#8211; Inscripciones 2026<br \/>\n<\/a><\/p>\n","protected":false},"excerpt":{"rendered":"<p>Fechas de inscripci\u00f3n Primer periodo: Desde el lunes 10 de noviembre y hasta el viernes 19 de diciembre de 2025 (hasta las 23:55h) Segundo periodo: Desde el 2 al 6 de febrero del 2026 (hasta las 23:55 hs.) \u00bfC\u00f3mo me inscribo? La Inscripci\u00f3n al Ciclo Acad\u00e9mico 2026 se realizara de &hellip; <\/p>\n","protected":false},"author":1,"featured_media":0,"parent":0,"menu_order":0,"comment_status":"closed","ping_status":"closed","template":"","meta":{"_monsterinsights_skip_tracking":false,"_monsterinsights_sitenote_active":false,"_monsterinsights_sitenote_note":"","_monsterinsights_sitenote_category":0,"footnotes":""},"class_list":["post-17","page","type-page","status-publish","hentry"],"_links":{"self":[{"href":"https:\/\/exa.unne.edu.ar\/ingresantes-web\/index.php\/wp-json\/wp\/v2\/pages\/17","targetHints":{"allow":["GET"]}}],"collection":[{"href":"https:\/\/exa.unne.edu.ar\/ingresantes-web\/index.php\/wp-json\/wp\/v2\/pages"}],"about":[{"href":"https:\/\/exa.unne.edu.ar\/ingresantes-web\/index.php\/wp-json\/wp\/v2\/types\/page"}],"author":[{"embeddable":true,"href":"https:\/\/exa.unne.edu.ar\/ingresantes-web\/index.php\/wp-json\/wp\/v2\/users\/1"}],"replies":[{"embeddable":true,"href":"https:\/\/exa.unne.edu.ar\/ingresantes-web\/index.php\/wp-json\/wp\/v2\/comments?post=17"}],"version-history":[{"count":89,"href":"https:\/\/exa.unne.edu.ar\/ingresantes-web\/index.php\/wp-json\/wp\/v2\/pages\/17\/revisions"}],"predecessor-version":[{"id":2455,"href":"https:\/\/exa.unne.edu.ar\/ingresantes-web\/index.php\/wp-json\/wp\/v2\/pages\/17\/revisions\/2455"}],"wp:attachment":[{"href":"https:\/\/exa.unne.edu.ar\/ingresantes-web\/index.php\/wp-json\/wp\/v2\/media?parent=17"}],"curies":[{"name":"wp","href":"https:\/\/api.w.org\/{rel}","templated":true}]}}