{"id":128,"date":"2022-09-23T12:26:59","date_gmt":"2022-09-23T12:26:59","guid":{"rendered":"https:\/\/exa.unne.edu.ar\/ingresantes-web\/?page_id=128"},"modified":"2022-09-29T17:30:31","modified_gmt":"2022-09-29T17:30:31","slug":"becas","status":"publish","type":"page","link":"https:\/\/exa.unne.edu.ar\/ingresantes-web\/index.php\/becas\/","title":{"rendered":"Becas"},"content":{"rendered":"\t\t<div data-elementor-type=\"wp-page\" data-elementor-id=\"128\" class=\"elementor elementor-128\">\n\t\t\t\t\t\t<section class=\"elementor-section elementor-top-section elementor-element elementor-element-27396a6 elementor-section-boxed elementor-section-height-default elementor-section-height-default\" data-id=\"27396a6\" data-element_type=\"section\">\n\t\t\t\t\t\t<div class=\"elementor-container elementor-column-gap-default\">\n\t\t\t\t\t<div class=\"elementor-column elementor-col-100 elementor-top-column elementor-element elementor-element-bc578b7\" data-id=\"bc578b7\" data-element_type=\"column\">\n\t\t\t<div class=\"elementor-widget-wrap elementor-element-populated\">\n\t\t\t\t\t\t<div class=\"elementor-element elementor-element-f94ee12 elementor-widget elementor-widget-text-editor\" data-id=\"f94ee12\" data-element_type=\"widget\" data-widget_type=\"text-editor.default\">\n\t\t\t\t<div class=\"elementor-widget-container\">\n\t\t\t\t\t\t\t\t\t<p>La UNNE tiene becas que est\u00e1n destinadas a ayudar y asistir a las y los estudiantes de la comunidad a poder continuar sus estudios.\u00a0 Usualmente, las inscripciones a becas se realizan al inicio del a\u00f1o acad\u00e9mico.\u00a0<\/p><p>Estas son:\u00a0\u00a0<\/p>\t\t\t\t\t\t\t\t<\/div>\n\t\t\t\t<\/div>\n\t\t\t\t\t<\/div>\n\t\t<\/div>\n\t\t\t\t\t<\/div>\n\t\t<\/section>\n\t\t\t\t<section class=\"elementor-section elementor-top-section elementor-element elementor-element-be9d69a elementor-section-boxed elementor-section-height-default elementor-section-height-default\" data-id=\"be9d69a\" data-element_type=\"section\">\n\t\t\t\t\t\t<div class=\"elementor-container elementor-column-gap-default\">\n\t\t\t\t\t<div class=\"elementor-column elementor-col-100 elementor-top-column elementor-element elementor-element-647e230\" data-id=\"647e230\" data-element_type=\"column\">\n\t\t\t<div class=\"elementor-widget-wrap elementor-element-populated\">\n\t\t\t\t\t\t<div class=\"elementor-element elementor-element-13a38cd elementor-widget elementor-widget-heading\" data-id=\"13a38cd\" data-element_type=\"widget\" data-widget_type=\"heading.default\">\n\t\t\t\t<div class=\"elementor-widget-container\">\n\t\t\t\t\t<h4 class=\"elementor-heading-title elementor-size-default\">Becas de Comedor<\/h4>\t\t\t\t<\/div>\n\t\t\t\t<\/div>\n\t\t\t\t\t<\/div>\n\t\t<\/div>\n\t\t\t\t\t<\/div>\n\t\t<\/section>\n\t\t\t\t<section class=\"elementor-section elementor-top-section elementor-element elementor-element-8507b3a elementor-section-boxed elementor-section-height-default elementor-section-height-default\" data-id=\"8507b3a\" data-element_type=\"section\">\n\t\t\t\t\t\t<div class=\"elementor-container elementor-column-gap-default\">\n\t\t\t\t\t<div class=\"elementor-column elementor-col-100 elementor-top-column elementor-element elementor-element-217dcf2\" data-id=\"217dcf2\" data-element_type=\"column\">\n\t\t\t<div class=\"elementor-widget-wrap elementor-element-populated\">\n\t\t\t\t\t\t<div class=\"elementor-element elementor-element-1114c68 elementor-widget elementor-widget-text-editor\" data-id=\"1114c68\" data-element_type=\"widget\" data-widget_type=\"text-editor.default\">\n\t\t\t\t<div class=\"elementor-widget-container\">\n\t\t\t\t\t\t\t\t\t<p class=\"txtgeneral\">La UNNE cuenta con tres comedores dos en Corrientes en el Campus Sargento Cabral y Campus Deodoro Roca y uno en el Campus de Resistencia (Chaco).\u00a0<span style=\"color: var( --e-global-color-text ); font-family: var( --e-global-typography-text-font-family ), Verdana; font-weight: var( --e-global-typography-text-font-weight );\">Estas becas est\u00e1n destinadas a aquellos que no cuenten con recursos suficientes y deseen comer en los comedores de la UNNE de forma gratuita.<\/span><\/p>\t\t\t\t\t\t\t\t<\/div>\n\t\t\t\t<\/div>\n\t\t\t\t\t<\/div>\n\t\t<\/div>\n\t\t\t\t\t<\/div>\n\t\t<\/section>\n\t\t\t\t<section class=\"elementor-section elementor-top-section elementor-element elementor-element-807c26c elementor-section-boxed elementor-section-height-default elementor-section-height-default\" data-id=\"807c26c\" data-element_type=\"section\">\n\t\t\t\t\t\t<div class=\"elementor-container elementor-column-gap-default\">\n\t\t\t\t\t<div class=\"elementor-column elementor-col-100 elementor-top-column elementor-element elementor-element-83c1abe\" data-id=\"83c1abe\" data-element_type=\"column\">\n\t\t\t<div class=\"elementor-widget-wrap elementor-element-populated\">\n\t\t\t\t\t\t<div class=\"elementor-element elementor-element-605c999 elementor-widget elementor-widget-heading\" data-id=\"605c999\" data-element_type=\"widget\" data-widget_type=\"heading.default\">\n\t\t\t\t<div class=\"elementor-widget-container\">\n\t\t\t\t\t<h4 class=\"elementor-heading-title elementor-size-default\">Becas de Transporte interurbano<\/h4>\t\t\t\t<\/div>\n\t\t\t\t<\/div>\n\t\t\t\t\t<\/div>\n\t\t<\/div>\n\t\t\t\t\t<\/div>\n\t\t<\/section>\n\t\t\t\t<section class=\"elementor-section elementor-top-section elementor-element elementor-element-4e6e188 elementor-section-boxed elementor-section-height-default elementor-section-height-default\" data-id=\"4e6e188\" data-element_type=\"section\">\n\t\t\t\t\t\t<div class=\"elementor-container elementor-column-gap-default\">\n\t\t\t\t\t<div class=\"elementor-column elementor-col-100 elementor-top-column elementor-element elementor-element-5fc35b3\" data-id=\"5fc35b3\" data-element_type=\"column\">\n\t\t\t<div class=\"elementor-widget-wrap elementor-element-populated\">\n\t\t\t\t\t\t<div class=\"elementor-element elementor-element-2ad81d1 elementor-widget elementor-widget-text-editor\" data-id=\"2ad81d1\" data-element_type=\"widget\" data-widget_type=\"text-editor.default\">\n\t\t\t\t<div class=\"elementor-widget-container\">\n\t\t\t\t\t\t\t\t\t<p>La UNNE brinda esta beca a los estudiantes que cursen regularmente las carreras de grado y que no cuenten con recursos econ\u00f3micos suficientes para los gastos de traslado. Para esto, el estudiante deber\u00e1 vivir a m\u00e1s de 10 km de distancia entre la unidad acad\u00e9mica y su residencia o\u00a0vivir en Resistencia y cursar tus estudios en Corrientes o cursar en Resistencia y vivir en Corrientes.<\/p>\t\t\t\t\t\t\t\t<\/div>\n\t\t\t\t<\/div>\n\t\t\t\t\t<\/div>\n\t\t<\/div>\n\t\t\t\t\t<\/div>\n\t\t<\/section>\n\t\t\t\t<section class=\"elementor-section elementor-top-section elementor-element elementor-element-fa710b1 elementor-section-boxed elementor-section-height-default elementor-section-height-default\" data-id=\"fa710b1\" data-element_type=\"section\">\n\t\t\t\t\t\t<div class=\"elementor-container elementor-column-gap-default\">\n\t\t\t\t\t<div class=\"elementor-column elementor-col-100 elementor-top-column elementor-element elementor-element-bf9970d\" data-id=\"bf9970d\" data-element_type=\"column\">\n\t\t\t<div class=\"elementor-widget-wrap elementor-element-populated\">\n\t\t\t\t\t\t<div class=\"elementor-element elementor-element-43a6184 elementor-widget elementor-widget-heading\" data-id=\"43a6184\" data-element_type=\"widget\" data-widget_type=\"heading.default\">\n\t\t\t\t<div class=\"elementor-widget-container\">\n\t\t\t\t\t<h4 class=\"elementor-heading-title elementor-size-default\">Becas de Estimulo Acad\u00e9mico<\/h4>\t\t\t\t<\/div>\n\t\t\t\t<\/div>\n\t\t\t\t\t<\/div>\n\t\t<\/div>\n\t\t\t\t\t<\/div>\n\t\t<\/section>\n\t\t\t\t<section class=\"elementor-section elementor-top-section elementor-element elementor-element-49c01ed elementor-section-boxed elementor-section-height-default elementor-section-height-default\" data-id=\"49c01ed\" data-element_type=\"section\">\n\t\t\t\t\t\t<div class=\"elementor-container elementor-column-gap-default\">\n\t\t\t\t\t<div class=\"elementor-column elementor-col-100 elementor-top-column elementor-element elementor-element-2ce0424\" data-id=\"2ce0424\" data-element_type=\"column\">\n\t\t\t<div class=\"elementor-widget-wrap elementor-element-populated\">\n\t\t\t\t\t\t<div class=\"elementor-element elementor-element-e3fe254 elementor-widget elementor-widget-text-editor\" data-id=\"e3fe254\" data-element_type=\"widget\" data-widget_type=\"text-editor.default\">\n\t\t\t\t<div class=\"elementor-widget-container\">\n\t\t\t\t\t\t\t\t\t<p class=\"txtgeneral\">La UNNE otorgar\u00e1 estas becas a los estudiantes que cursan regularmente las carreras de grado con el objetivo de mejorar la formaci\u00f3n acad\u00e9mica, humana y t\u00e9cnica de los futuros egresados a trav\u00e9s de la pr\u00e1ctica de los estudiantes en tem\u00e1ticas adecuadas a la profesi\u00f3n que van a ejercer.<\/p>\t\t\t\t\t\t\t\t<\/div>\n\t\t\t\t<\/div>\n\t\t\t\t\t<\/div>\n\t\t<\/div>\n\t\t\t\t\t<\/div>\n\t\t<\/section>\n\t\t\t\t<\/div>\n\t\t","protected":false},"excerpt":{"rendered":"<p>La UNNE tiene becas que est\u00e1n destinadas a ayudar y asistir a las y los estudiantes de la comunidad a poder continuar sus estudios.&nbsp; Usualmente, las inscripciones a becas se realizan al inicio del a\u00f1o acad\u00e9mico.&nbsp; Estas son:&nbsp;&nbsp; Becas de Comedor La UNNE cuenta con tres comedores dos en Corrientes &hellip; <\/p>\n","protected":false},"author":1,"featured_media":0,"parent":0,"menu_order":0,"comment_status":"closed","ping_status":"closed","template":"","meta":{"_monsterinsights_skip_tracking":false,"_monsterinsights_sitenote_active":false,"_monsterinsights_sitenote_note":"","_monsterinsights_sitenote_category":0,"footnotes":""},"class_list":["post-128","page","type-page","status-publish","hentry"],"_links":{"self":[{"href":"https:\/\/exa.unne.edu.ar\/ingresantes-web\/index.php\/wp-json\/wp\/v2\/pages\/128","targetHints":{"allow":["GET"]}}],"collection":[{"href":"https:\/\/exa.unne.edu.ar\/ingresantes-web\/index.php\/wp-json\/wp\/v2\/pages"}],"about":[{"href":"https:\/\/exa.unne.edu.ar\/ingresantes-web\/index.php\/wp-json\/wp\/v2\/types\/page"}],"author":[{"embeddable":true,"href":"https:\/\/exa.unne.edu.ar\/ingresantes-web\/index.php\/wp-json\/wp\/v2\/users\/1"}],"replies":[{"embeddable":true,"href":"https:\/\/exa.unne.edu.ar\/ingresantes-web\/index.php\/wp-json\/wp\/v2\/comments?post=128"}],"version-history":[{"count":11,"href":"https:\/\/exa.unne.edu.ar\/ingresantes-web\/index.php\/wp-json\/wp\/v2\/pages\/128\/revisions"}],"predecessor-version":[{"id":478,"href":"https:\/\/exa.unne.edu.ar\/ingresantes-web\/index.php\/wp-json\/wp\/v2\/pages\/128\/revisions\/478"}],"wp:attachment":[{"href":"https:\/\/exa.unne.edu.ar\/ingresantes-web\/index.php\/wp-json\/wp\/v2\/media?parent=128"}],"curies":[{"name":"wp","href":"https:\/\/api.w.org\/{rel}","templated":true}]}}