{"id":1194,"date":"2023-03-02T14:03:43","date_gmt":"2023-03-02T14:03:43","guid":{"rendered":"https:\/\/exa.unne.edu.ar\/ingresantes-web\/?page_id=1194"},"modified":"2025-04-07T18:46:46","modified_gmt":"2025-04-07T18:46:46","slug":"primer-ano","status":"publish","type":"page","link":"https:\/\/exa.unne.edu.ar\/ingresantes-web\/index.php\/primer-ano\/","title":{"rendered":"Primer a\u00f1o"},"content":{"rendered":"\t\t<div data-elementor-type=\"wp-page\" data-elementor-id=\"1194\" class=\"elementor elementor-1194\">\n\t\t\t\t\t\t<section class=\"elementor-section elementor-top-section elementor-element elementor-element-03e1706 elementor-section-boxed elementor-section-height-default elementor-section-height-default\" data-id=\"03e1706\" data-element_type=\"section\">\n\t\t\t\t\t\t<div class=\"elementor-container elementor-column-gap-default\">\n\t\t\t\t\t<div class=\"elementor-column elementor-col-100 elementor-top-column elementor-element elementor-element-b37e0c7\" data-id=\"b37e0c7\" data-element_type=\"column\">\n\t\t\t<div class=\"elementor-widget-wrap elementor-element-populated\">\n\t\t\t\t\t\t<div class=\"elementor-element elementor-element-dae7266 elementor-widget elementor-widget-text-editor\" data-id=\"dae7266\" data-element_type=\"widget\" data-widget_type=\"text-editor.default\">\n\t\t\t\t<div class=\"elementor-widget-container\">\n\t\t\t\t\t\t\t\t\t<p>A continuaci\u00f3n encontrar\u00e1s los horarios que te pueden interesar:<\/p>\t\t\t\t\t\t\t\t<\/div>\n\t\t\t\t<\/div>\n\t\t\t\t<div class=\"elementor-element elementor-element-a685d01 elementor-widget elementor-widget-button\" data-id=\"a685d01\" data-element_type=\"widget\" data-widget_type=\"button.default\">\n\t\t\t\t<div class=\"elementor-widget-container\">\n\t\t\t\t\t\t\t\t\t<div class=\"elementor-button-wrapper\">\n\t\t\t\t\t<a class=\"elementor-button elementor-button-link elementor-size-sm\" href=\"https:\/\/exa.unne.edu.ar\/ingresantes-web\/wp-content\/uploads\/2025\/04\/Informacion-Tutorias-Facena-1\u00b0C-2025.pdf\">\n\t\t\t\t\t\t<span class=\"elementor-button-content-wrapper\">\n\t\t\t\t\t\t\t\t\t<span class=\"elementor-button-text\">Descargar horarios de las Tutor\u00edas<\/span>\n\t\t\t\t\t<\/span>\n\t\t\t\t\t<\/a>\n\t\t\t\t<\/div>\n\t\t\t\t\t\t\t\t<\/div>\n\t\t\t\t<\/div>\n\t\t\t\t<div class=\"elementor-element elementor-element-d13a5aa elementor-widget elementor-widget-button\" data-id=\"d13a5aa\" data-element_type=\"widget\" data-widget_type=\"button.default\">\n\t\t\t\t<div class=\"elementor-widget-container\">\n\t\t\t\t\t\t\t\t\t<div class=\"elementor-button-wrapper\">\n\t\t\t\t\t<a class=\"elementor-button elementor-button-link elementor-size-sm\" href=\"https:\/\/exa.unne.edu.ar\/ingresantes-web\/wp-content\/uploads\/2025\/03\/CLASES-INAUGURALES-ASIGNATURAS-PRIMER-ANO-2025.pdf\">\n\t\t\t\t\t\t<span class=\"elementor-button-content-wrapper\">\n\t\t\t\t\t\t\t\t\t<span class=\"elementor-button-text\">Descargar horarios de primer a\u00f1o para todas las carreras <\/span>\n\t\t\t\t\t<\/span>\n\t\t\t\t\t<\/a>\n\t\t\t\t<\/div>\n\t\t\t\t\t\t\t\t<\/div>\n\t\t\t\t<\/div>\n\t\t\t\t\t<\/div>\n\t\t<\/div>\n\t\t\t\t\t<\/div>\n\t\t<\/section>\n\t\t\t\t<section class=\"elementor-section elementor-top-section elementor-element elementor-element-cff6f9e elementor-section-boxed elementor-section-height-default elementor-section-height-default\" data-id=\"cff6f9e\" data-element_type=\"section\">\n\t\t\t\t\t\t<div class=\"elementor-container elementor-column-gap-default\">\n\t\t\t\t\t<div class=\"elementor-column elementor-col-100 elementor-top-column elementor-element elementor-element-709086b\" data-id=\"709086b\" data-element_type=\"column\">\n\t\t\t<div class=\"elementor-widget-wrap elementor-element-populated\">\n\t\t\t\t\t\t<div class=\"elementor-element elementor-element-cb6c3c7 elementor-widget elementor-widget-spacer\" data-id=\"cb6c3c7\" data-element_type=\"widget\" data-widget_type=\"spacer.default\">\n\t\t\t\t<div class=\"elementor-widget-container\">\n\t\t\t\t\t\t\t<div class=\"elementor-spacer\">\n\t\t\t<div class=\"elementor-spacer-inner\"><\/div>\n\t\t<\/div>\n\t\t\t\t\t\t<\/div>\n\t\t\t\t<\/div>\n\t\t\t\t<div class=\"elementor-element elementor-element-1be4200 elementor-widget elementor-widget-text-editor\" data-id=\"1be4200\" data-element_type=\"widget\" data-widget_type=\"text-editor.default\">\n\t\t\t\t<div class=\"elementor-widget-container\">\n\t\t\t\t\t\t\t\t\t<p><strong>Importante: Licenciatura en Sistemas de la Informaci\u00f3n (LSI)<\/strong><\/p><p>El 6\/03 se realiza una reuni\u00f3n informativa de las asignaturas \u00abAlgebra\u00bb y \u00abAlgoritmo y Estructura de Datos I\u00bb por Zoom. <span style=\"text-decoration: underline; color: #000080;\"><a style=\"color: #000080; text-decoration: underline;\" href=\"https:\/\/exa.unne.edu.ar\/ingresantes-web\/index.php\/2025\/03\/05\/el-6-03-se-realiza-una-reunion-informativa-de-las-asignaturas-algebra-y-algoritmo-y-estructura-de-datos-i-por-zoom\/\">M\u00e1s informaci\u00f3n haciendo click aqu\u00ed.<\/a><\/span><\/p><p><strong><em>Horarios de clases para Licenciatura en Sistemas de la Informaci\u00f3n<\/em><\/strong><\/p><p>Los horarios de la asignatura \u00ab\u00c1lgebra\u00bb <span style=\"color: var( --e-global-color-text ); font-family: var( --e-global-typography-text-font-family ), Verdana; font-weight: var( --e-global-typography-text-font-weight );\">pueden descargarlos en este<\/span><span style=\"color: var( --e-global-color-text ); font-family: var( --e-global-typography-text-font-family ), Verdana; font-weight: var( --e-global-typography-text-font-weight );\">\u00a0<\/span><span style=\"color: #000080;\"><a style=\"font-family: var( --e-global-typography-text-font-family ), Verdana; font-weight: var( --e-global-typography-text-font-weight ); background-color: #ffffff; color: #000080;\" href=\"https:\/\/exa.unne.edu.ar\/ingresantes-web\/wp-content\/uploads\/2025\/03\/Horarios-Algebra-2025-1.pdf\"><span style=\"text-decoration-line: underline;\">anexo haciendo click aqu\u00ed.<\/span><\/a><\/span><\/p><p>Los horarios de la asignatura \u00abAlgoritmo y Estructura de Datos I\u00bb pueden descargarlos en este <span style=\"color: #000080;\"><a style=\"color: #000080;\" href=\"https:\/\/exa.unne.edu.ar\/ingresantes-web\/wp-content\/uploads\/2025\/02\/ANEXO-COMISIONES-AED1-2025-LICENCIATURA-EN-SISTEMAS.pdf\"><span style=\"text-decoration: underline;\">anexo haciendo click aqu\u00ed.<\/span><\/a><\/span><\/p><p>\u00a0<\/p>\t\t\t\t\t\t\t\t<\/div>\n\t\t\t\t<\/div>\n\t\t\t\t\t<\/div>\n\t\t<\/div>\n\t\t\t\t\t<\/div>\n\t\t<\/section>\n\t\t\t\t<section class=\"elementor-section elementor-top-section elementor-element elementor-element-0ee2950 elementor-section-boxed elementor-section-height-default elementor-section-height-default\" data-id=\"0ee2950\" data-element_type=\"section\">\n\t\t\t\t\t\t<div class=\"elementor-container elementor-column-gap-default\">\n\t\t\t\t\t<div class=\"elementor-column elementor-col-100 elementor-top-column elementor-element elementor-element-6494037\" data-id=\"6494037\" data-element_type=\"column\">\n\t\t\t<div class=\"elementor-widget-wrap\">\n\t\t\t\t\t\t\t<\/div>\n\t\t<\/div>\n\t\t\t\t\t<\/div>\n\t\t<\/section>\n\t\t\t\t<\/div>\n\t\t","protected":false},"excerpt":{"rendered":"<p>A continuaci\u00f3n encontrar\u00e1s los horarios que te pueden interesar: Descargar horarios de las Tutor\u00edas Descargar horarios de primer a\u00f1o para todas las carreras Importante: Licenciatura en Sistemas de la Informaci\u00f3n (LSI) El 6\/03 se realiza una reuni\u00f3n informativa de las asignaturas \u00abAlgebra\u00bb y \u00abAlgoritmo y Estructura de Datos I\u00bb por &hellip; <\/p>\n","protected":false},"author":1,"featured_media":0,"parent":0,"menu_order":0,"comment_status":"closed","ping_status":"closed","template":"","meta":{"_monsterinsights_skip_tracking":false,"_monsterinsights_sitenote_active":false,"_monsterinsights_sitenote_note":"","_monsterinsights_sitenote_category":0,"footnotes":""},"class_list":["post-1194","page","type-page","status-publish","hentry"],"_links":{"self":[{"href":"https:\/\/exa.unne.edu.ar\/ingresantes-web\/index.php\/wp-json\/wp\/v2\/pages\/1194","targetHints":{"allow":["GET"]}}],"collection":[{"href":"https:\/\/exa.unne.edu.ar\/ingresantes-web\/index.php\/wp-json\/wp\/v2\/pages"}],"about":[{"href":"https:\/\/exa.unne.edu.ar\/ingresantes-web\/index.php\/wp-json\/wp\/v2\/types\/page"}],"author":[{"embeddable":true,"href":"https:\/\/exa.unne.edu.ar\/ingresantes-web\/index.php\/wp-json\/wp\/v2\/users\/1"}],"replies":[{"embeddable":true,"href":"https:\/\/exa.unne.edu.ar\/ingresantes-web\/index.php\/wp-json\/wp\/v2\/comments?post=1194"}],"version-history":[{"count":91,"href":"https:\/\/exa.unne.edu.ar\/ingresantes-web\/index.php\/wp-json\/wp\/v2\/pages\/1194\/revisions"}],"predecessor-version":[{"id":2355,"href":"https:\/\/exa.unne.edu.ar\/ingresantes-web\/index.php\/wp-json\/wp\/v2\/pages\/1194\/revisions\/2355"}],"wp:attachment":[{"href":"https:\/\/exa.unne.edu.ar\/ingresantes-web\/index.php\/wp-json\/wp\/v2\/media?parent=1194"}],"curies":[{"name":"wp","href":"https:\/\/api.w.org\/{rel}","templated":true}]}}