{"id":974,"date":"2023-08-31T18:55:37","date_gmt":"2023-08-31T18:55:37","guid":{"rendered":"https:\/\/exa.unne.edu.ar\/facena-virtual\/?page_id=974"},"modified":"2024-05-28T13:59:58","modified_gmt":"2024-05-28T13:59:58","slug":"actividades-de-capacitacion-y-apoyo-tecnico-pedagogico-para-el-uso-de-plataformas-educativas-institucionales","status":"publish","type":"page","link":"https:\/\/exa.unne.edu.ar\/facena-virtual\/index.php\/actividades-de-capacitacion-y-apoyo-tecnico-pedagogico-para-el-uso-de-plataformas-educativas-institucionales\/","title":{"rendered":"Apoyo t\u00e9cnico-pedag\u00f3gico"},"content":{"rendered":"\n<p><strong>Destinatarios\/as:<\/strong> Docentes de la Facultad de Ciencias Exactas y Naturales y Agrimensura de la Universidad Nacional del Nordeste.<\/p>\n\n\n\n<p><strong>Coordinaci\u00f3n: <\/strong>Equipo del \u00c1rea de Educaci\u00f3n Virtual &#8211; FaCENA<br><br><strong>Objetivos:<\/strong> <br>\u2022 Fortalecer las habilidades de los\/as docentes y estudiantes en el uso efectivo de plataformas educativas institucionales a fin de mejorar las experiencias de ense\u00f1anza y aprendizaje mediadas por tecnolog\u00edas.<br>\u2022 Asesorar a los equipos docentes en la elaboraci\u00f3n o adecuaci\u00f3n de propuestas a la opci\u00f3n a distancia.<br><br><strong>Modalidad:<\/strong> Presencial (Oficina Campus D. Roca) o virtual. Concertar horarios por correo electr\u00f3nico facenavirtual@exa.unne.edu.ar<\/p>\n","protected":false},"excerpt":{"rendered":"<p>Destinatarios\/as: Docentes de la Facultad de Ciencias Exactas y Naturales y Agrimensura de la Universidad Nacional del Nordeste. Coordinaci\u00f3n: Equipo del \u00c1rea de Educaci\u00f3n Virtual &#8211; FaCENA Objetivos: \u2022 Fortalecer las habilidades de los\/as docentes y estudiantes en el uso efectivo de plataformas educativas institucionales a fin de mejorar las experiencias de ense\u00f1anza y aprendizaje &hellip; <\/p>\n","protected":false},"author":1,"featured_media":0,"parent":0,"menu_order":0,"comment_status":"closed","ping_status":"closed","template":"","meta":{"_monsterinsights_skip_tracking":false,"_monsterinsights_sitenote_active":false,"_monsterinsights_sitenote_note":"","_monsterinsights_sitenote_category":0,"footnotes":""},"class_list":["post-974","page","type-page","status-publish","hentry"],"_links":{"self":[{"href":"https:\/\/exa.unne.edu.ar\/facena-virtual\/index.php\/wp-json\/wp\/v2\/pages\/974","targetHints":{"allow":["GET"]}}],"collection":[{"href":"https:\/\/exa.unne.edu.ar\/facena-virtual\/index.php\/wp-json\/wp\/v2\/pages"}],"about":[{"href":"https:\/\/exa.unne.edu.ar\/facena-virtual\/index.php\/wp-json\/wp\/v2\/types\/page"}],"author":[{"embeddable":true,"href":"https:\/\/exa.unne.edu.ar\/facena-virtual\/index.php\/wp-json\/wp\/v2\/users\/1"}],"replies":[{"embeddable":true,"href":"https:\/\/exa.unne.edu.ar\/facena-virtual\/index.php\/wp-json\/wp\/v2\/comments?post=974"}],"version-history":[{"count":3,"href":"https:\/\/exa.unne.edu.ar\/facena-virtual\/index.php\/wp-json\/wp\/v2\/pages\/974\/revisions"}],"predecessor-version":[{"id":1022,"href":"https:\/\/exa.unne.edu.ar\/facena-virtual\/index.php\/wp-json\/wp\/v2\/pages\/974\/revisions\/1022"}],"wp:attachment":[{"href":"https:\/\/exa.unne.edu.ar\/facena-virtual\/index.php\/wp-json\/wp\/v2\/media?parent=974"}],"curies":[{"name":"wp","href":"https:\/\/api.w.org\/{rel}","templated":true}]}}