{"id":94,"date":"2021-02-10T11:53:41","date_gmt":"2021-02-10T11:53:41","guid":{"rendered":"http:\/\/facenavirtual.com.ar\/inicio\/?page_id=94"},"modified":"2021-02-10T11:53:41","modified_gmt":"2021-02-10T11:53:41","slug":"experiencias-de-buenas-practicas-en-facena","status":"publish","type":"page","link":"https:\/\/exa.unne.edu.ar\/facena-virtual\/index.php\/experiencias-de-buenas-practicas-en-facena\/","title":{"rendered":"Experiencias de buenas pr\u00e1cticas en FACENA"},"content":{"rendered":"\n<p><strong><span class=\"has-inline-color has-vivid-red-color\">Webinarios \u201cExperiencias de ense\u00f1anza remota en la FaCENA\u201d<\/span><\/strong><\/p>\n\n\n\n<p>A partir del escenario de pandemia COVID-19 en el a\u00f1o 2020, la FaCENA ha dado continuidad a las actividades de ense\u00f1anza.<\/p>\n\n\n\n<p>En este marco, se organizaron dos encuentros (Resoluci\u00f3n N\u00b0 918\/2020 D.) para promover la reflexi\u00f3n y el intercambio en torno a las experiencias desarrolladas en los procesos de ense\u00f1anza y aprendizaje remoto durante el primer cuatrimestre de 2020 y que pueden ser visualizadas en los siguientes enlaces alojados en el canal de You Tube de FaCENA Virtual.<\/p>\n\n\n\n<figure class=\"wp-block-embed is-type-video is-provider-youtube wp-block-embed-youtube wp-embed-aspect-16-9 wp-has-aspect-ratio\"><div class=\"wp-block-embed__wrapper\">\n<iframe title=\"Webinarios &quot;Experiencias de ense\u00f1anza remota en FACENA&quot;\" width=\"1020\" height=\"574\" src=\"https:\/\/www.youtube.com\/embed\/videoseries?list=PLJRFWxcVv4UGpnKAA4UgDf1TxcugvVbj6\" frameborder=\"0\" allow=\"accelerometer; autoplay; clipboard-write; encrypted-media; gyroscope; picture-in-picture\" allowfullscreen><\/iframe>\n<\/div><\/figure>\n\n\n\n<p>Dictantes:<\/p>\n\n\n\n<ul class=\"wp-block-list\"><li>Bioq. Patricia Goicoechea (Bioqu\u00edmica)<\/li><li>Lic. Diego Vilotta (Matem\u00e1tica)<\/li><li>Lic. Mar\u00eda de los \u00c1ngeles Ferraro (Inform\u00e1tica).<\/li><li>Dra. Laura Leiva (Bioqu\u00edmica),<\/li><li>Prof. Lissy Ayala (Humanidades)<\/li><li>Ing. Jorge G\u00f3mez Vara (Ingenier\u00eda).<\/li><\/ul>\n\n\n\n<hr class=\"wp-block-separator\"\/>\n\n\n\n<p><\/p>\n","protected":false},"excerpt":{"rendered":"<p>Webinarios \u201cExperiencias de ense\u00f1anza remota en la FaCENA\u201d A partir del escenario de pandemia COVID-19 en el a\u00f1o 2020, la FaCENA ha dado continuidad a las actividades de ense\u00f1anza. En este marco, se organizaron dos encuentros (Resoluci\u00f3n N\u00b0 918\/2020 D.) para promover la reflexi\u00f3n y el intercambio en torno a las experiencias desarrolladas en los &hellip; <\/p>\n","protected":false},"author":1,"featured_media":0,"parent":0,"menu_order":0,"comment_status":"closed","ping_status":"closed","template":"","meta":{"_monsterinsights_skip_tracking":false,"_monsterinsights_sitenote_active":false,"_monsterinsights_sitenote_note":"","_monsterinsights_sitenote_category":0,"footnotes":""},"class_list":["post-94","page","type-page","status-publish","hentry"],"_links":{"self":[{"href":"https:\/\/exa.unne.edu.ar\/facena-virtual\/index.php\/wp-json\/wp\/v2\/pages\/94","targetHints":{"allow":["GET"]}}],"collection":[{"href":"https:\/\/exa.unne.edu.ar\/facena-virtual\/index.php\/wp-json\/wp\/v2\/pages"}],"about":[{"href":"https:\/\/exa.unne.edu.ar\/facena-virtual\/index.php\/wp-json\/wp\/v2\/types\/page"}],"author":[{"embeddable":true,"href":"https:\/\/exa.unne.edu.ar\/facena-virtual\/index.php\/wp-json\/wp\/v2\/users\/1"}],"replies":[{"embeddable":true,"href":"https:\/\/exa.unne.edu.ar\/facena-virtual\/index.php\/wp-json\/wp\/v2\/comments?post=94"}],"version-history":[{"count":0,"href":"https:\/\/exa.unne.edu.ar\/facena-virtual\/index.php\/wp-json\/wp\/v2\/pages\/94\/revisions"}],"wp:attachment":[{"href":"https:\/\/exa.unne.edu.ar\/facena-virtual\/index.php\/wp-json\/wp\/v2\/media?parent=94"}],"curies":[{"name":"wp","href":"https:\/\/api.w.org\/{rel}","templated":true}]}}