{"id":783,"date":"2021-08-08T23:23:28","date_gmt":"2021-08-08T23:23:28","guid":{"rendered":"http:\/\/exa.unne.edu.ar\/facena-virtual\/?page_id=783"},"modified":"2021-08-11T22:30:12","modified_gmt":"2021-08-11T22:30:12","slug":"conferencia-del-lic-lucas-andres-dettorre-unq","status":"publish","type":"page","link":"https:\/\/exa.unne.edu.ar\/facena-virtual\/index.php\/conferencia-del-lic-lucas-andres-dettorre-unq\/","title":{"rendered":"Conferencia del Lic. Lucas Andr\u00e9s Dettorre (UNQ) y Cierre de las Jornadas"},"content":{"rendered":"\n<p><strong>Fecha y hora: <\/strong>Viernes 13\/08 \u2013 17 a 18.30 horas<\/p>\n\n\n\n<p><strong>Conferencia: <\/strong>&nbsp;Bimodalidad en carreras cient\u00edfico-tecnol\u00f3gicas. Claves para pensar la educaci\u00f3n mediada por TIC antes, durante y despu\u00e9s de la pandemia.<\/p>\n\n\n\n<p><strong>Cierre de las Jornadas <\/strong><\/p>\n\n\n\n<div class=\"wp-block-buttons is-layout-flex wp-block-buttons-is-layout-flex\">\n<div class=\"wp-block-button\"><a class=\"wp-block-button__link has-background has-luminous-vivid-orange-background-color\" href=\"https:\/\/youtu.be\/VRWI82ykxBs\" target=\"_blank\" rel=\"noreferrer noopener\">Mira la transmisi\u00f3n haciendo click aqu\u00ed<\/a><\/div>\n<\/div>\n\n\n\n<p><\/p>\n","protected":false},"excerpt":{"rendered":"<p>Fecha y hora: Viernes 13\/08 \u2013 17 a 18.30 horas Conferencia: &nbsp;Bimodalidad en carreras cient\u00edfico-tecnol\u00f3gicas. Claves para pensar la educaci\u00f3n mediada por TIC antes, durante y despu\u00e9s de la pandemia. Cierre de las Jornadas<\/p>\n","protected":false},"author":1,"featured_media":0,"parent":0,"menu_order":0,"comment_status":"closed","ping_status":"closed","template":"","meta":{"_monsterinsights_skip_tracking":false,"_monsterinsights_sitenote_active":false,"_monsterinsights_sitenote_note":"","_monsterinsights_sitenote_category":0,"footnotes":""},"class_list":["post-783","page","type-page","status-publish","hentry"],"_links":{"self":[{"href":"https:\/\/exa.unne.edu.ar\/facena-virtual\/index.php\/wp-json\/wp\/v2\/pages\/783","targetHints":{"allow":["GET"]}}],"collection":[{"href":"https:\/\/exa.unne.edu.ar\/facena-virtual\/index.php\/wp-json\/wp\/v2\/pages"}],"about":[{"href":"https:\/\/exa.unne.edu.ar\/facena-virtual\/index.php\/wp-json\/wp\/v2\/types\/page"}],"author":[{"embeddable":true,"href":"https:\/\/exa.unne.edu.ar\/facena-virtual\/index.php\/wp-json\/wp\/v2\/users\/1"}],"replies":[{"embeddable":true,"href":"https:\/\/exa.unne.edu.ar\/facena-virtual\/index.php\/wp-json\/wp\/v2\/comments?post=783"}],"version-history":[{"count":3,"href":"https:\/\/exa.unne.edu.ar\/facena-virtual\/index.php\/wp-json\/wp\/v2\/pages\/783\/revisions"}],"predecessor-version":[{"id":911,"href":"https:\/\/exa.unne.edu.ar\/facena-virtual\/index.php\/wp-json\/wp\/v2\/pages\/783\/revisions\/911"}],"wp:attachment":[{"href":"https:\/\/exa.unne.edu.ar\/facena-virtual\/index.php\/wp-json\/wp\/v2\/media?parent=783"}],"curies":[{"name":"wp","href":"https:\/\/api.w.org\/{rel}","templated":true}]}}