{"id":640,"date":"2021-05-21T20:54:34","date_gmt":"2021-05-21T20:54:34","guid":{"rendered":"http:\/\/exa.unne.edu.ar\/facena-virtual\/?page_id=640"},"modified":"2021-06-18T13:41:04","modified_gmt":"2021-06-18T13:41:04","slug":"presentacion-de-trabajos","status":"publish","type":"page","link":"https:\/\/exa.unne.edu.ar\/facena-virtual\/index.php\/presentacion-de-trabajos\/","title":{"rendered":"Presentaci\u00f3n de trabajos"},"content":{"rendered":"\n<p><strong><span class=\"has-inline-color has-vivid-red-color\">Fechas importantes:<\/span><\/strong><\/p>\n\n\n\n<ul class=\"wp-block-list\"><li>Recepci\u00f3n res\u00famenes: \u00a0hasta el 25 de junio 2021<\/li><li>Comunicaci\u00f3n de aceptaci\u00f3n: desde el 7 de julio de 2021<\/li><\/ul>\n\n\n\n<p><span class=\"has-inline-color has-vivid-red-color\"><strong>Presentaci\u00f3n de trabajos en:<\/strong><\/span> <a href=\"https:\/\/bit.ly\/2RLg0KE\">https:\/\/bit.ly\/2RLg0KE<\/a><\/p>\n\n\n\n<p class=\"has-text-align-left\"><strong><span class=\"has-inline-color has-vivid-red-color\">Modalidad de presentaci\u00f3n de trabajos&nbsp;<\/span><\/strong><\/p>\n\n\n\n<p>Para participar en la jornada en calidad de expositor, se requiere la presentaci\u00f3n previa de un trabajo encuadrado en la modalidad de res\u00famenes extendidos, cuyo contenido y formato se detallan m\u00e1s abajo.<\/p>\n\n\n\n<p>Se admitir\u00e1 un m\u00e1ximo de cuatro autores por trabajo. Cada autor podr\u00e1 participar con un m\u00e1ximo de dos trabajos en ejes diferentes.&nbsp;<\/p>\n\n\n\n<p>La aceptaci\u00f3n de este resumen por parte del comit\u00e9 evaluador implica la habilitaci\u00f3n a su exposici\u00f3n en el eje correspondiente <em>(No se requerir\u00e1 la ampliaci\u00f3n).<\/em><\/p>\n\n\n\n<p>Una vez aceptado el resumen, se solicitar\u00e1 la presentaci\u00f3n de un poster digital que sintetice la propuesta.&nbsp; El mismo ser\u00e1 expuesto en una galer\u00eda digital.<\/p>\n\n\n\n<p>Los trabajos aceptados ser\u00e1n publicados en el libro de res\u00famenes digital de las Jornadas (ISSN).&nbsp; Su presentaci\u00f3n implica la autorizaci\u00f3n de la publicaci\u00f3n.<\/p>\n\n\n\n<p><strong><span class=\"has-inline-color has-vivid-red-color\">Contenido del resumen extendido<\/span><\/strong><\/p>\n\n\n\n<p><em>Presentaci\u00f3n:<\/em><em><\/em><\/p>\n\n\n\n<ul class=\"wp-block-list\"><li>T\u00edtulo<\/li><li>Datos del\/los autores\/es (nombre y apellido y correo electr\u00f3nico)<\/li><li>Pertenencia institucional<\/li><li>Eje tem\u00e1tico<\/li><\/ul>\n\n\n\n<p><em>Desarrollo <\/em><em><\/em><\/p>\n\n\n\n<ul class=\"wp-block-list\"><li>Encuadre (informaci\u00f3n que permita referenciar y contextualizar el trabajo)<\/li><li>Prop\u00f3sito del trabajo (acorde al eje)<\/li><li>Desarrollo del tema. Explicitar perfil de participantes, metodolog\u00edas y tecnolog\u00edas utilizadas, resultados obtenidos.&nbsp;<\/li><\/ul>\n\n\n\n<p><em>Conclusiones<\/em><\/p>\n\n\n\n<p><em>Referencias bibliogr\u00e1ficas<\/em><\/p>\n\n\n\n<p><strong><span class=\"has-inline-color has-vivid-red-color\">Formato de presentaci\u00f3n<\/span><\/strong><\/p>\n\n\n\n<p><strong><span class=\"has-inline-color has-vivid-red-color\">Resumen:<\/span><\/strong><\/p>\n\n\n\n<ul class=\"wp-block-list\"><li>Nombrar el archivo del siguiente modo: Ejex-Apellido autor.doc (por ejemplo: Eje2-Lopez-Perez.docx)<\/li><li>Formato del archivo: procesador de texto (Word, Open Office).<\/li><li>Extensi\u00f3n m\u00e1xima: 1000 palabras (sin considerar referencias bibliogr\u00e1ficas y datos de autores).<\/li><li>S\u00f3lo se debe referenciar la bibliograf\u00eda citada. Normas IEEE.<\/li><\/ul>\n\n\n\n<p><strong><span class=\"has-inline-color has-vivid-red-color\">Acerca de la selecci\u00f3n de los trabajos<\/span><\/strong><\/p>\n\n\n\n<p>S\u00f3lo ser\u00e1n evaluados los trabajos que cumplan con el formato especificado en el punto anterior.<\/p>\n\n\n\n<p>Para la aceptaci\u00f3n de los mismos se considerar\u00e1n los aportes a los objetivos y su encuadre en las disciplinas incluidas en la convocatoria.<\/p>\n\n\n\n<p>Asimismo, el Comit\u00e9 Evaluador podr\u00e1 considerar y sugerir el cambio de eje, como as\u00ed tambi\u00e9n, solicitar aclaraciones sobre algunos aspectos del trabajo.<\/p>\n","protected":false},"excerpt":{"rendered":"<p>Fechas importantes: Recepci\u00f3n res\u00famenes: \u00a0hasta el 25 de junio 2021 Comunicaci\u00f3n de aceptaci\u00f3n: desde el 7 de julio de 2021 Presentaci\u00f3n de trabajos en: https:\/\/bit.ly\/2RLg0KE Modalidad de presentaci\u00f3n de trabajos&nbsp; Para participar en la jornada en calidad de expositor, se requiere la presentaci\u00f3n previa de un trabajo encuadrado en la modalidad de res\u00famenes extendidos, cuyo &hellip; <\/p>\n","protected":false},"author":1,"featured_media":0,"parent":0,"menu_order":0,"comment_status":"closed","ping_status":"closed","template":"","meta":{"_monsterinsights_skip_tracking":false,"_monsterinsights_sitenote_active":false,"_monsterinsights_sitenote_note":"","_monsterinsights_sitenote_category":0,"footnotes":""},"class_list":["post-640","page","type-page","status-publish","hentry"],"_links":{"self":[{"href":"https:\/\/exa.unne.edu.ar\/facena-virtual\/index.php\/wp-json\/wp\/v2\/pages\/640","targetHints":{"allow":["GET"]}}],"collection":[{"href":"https:\/\/exa.unne.edu.ar\/facena-virtual\/index.php\/wp-json\/wp\/v2\/pages"}],"about":[{"href":"https:\/\/exa.unne.edu.ar\/facena-virtual\/index.php\/wp-json\/wp\/v2\/types\/page"}],"author":[{"embeddable":true,"href":"https:\/\/exa.unne.edu.ar\/facena-virtual\/index.php\/wp-json\/wp\/v2\/users\/1"}],"replies":[{"embeddable":true,"href":"https:\/\/exa.unne.edu.ar\/facena-virtual\/index.php\/wp-json\/wp\/v2\/comments?post=640"}],"version-history":[{"count":4,"href":"https:\/\/exa.unne.edu.ar\/facena-virtual\/index.php\/wp-json\/wp\/v2\/pages\/640\/revisions"}],"predecessor-version":[{"id":661,"href":"https:\/\/exa.unne.edu.ar\/facena-virtual\/index.php\/wp-json\/wp\/v2\/pages\/640\/revisions\/661"}],"wp:attachment":[{"href":"https:\/\/exa.unne.edu.ar\/facena-virtual\/index.php\/wp-json\/wp\/v2\/media?parent=640"}],"curies":[{"name":"wp","href":"https:\/\/api.w.org\/{rel}","templated":true}]}}