{"id":606,"date":"2021-05-04T11:51:20","date_gmt":"2021-05-04T11:51:20","guid":{"rendered":"http:\/\/exa.unne.edu.ar\/facena-virtual\/?page_id=606"},"modified":"2021-07-06T15:35:21","modified_gmt":"2021-07-06T15:35:21","slug":"primeras-jornadas-de-educacion-y-tic-de-facena-unne-el-desafio-de-la-ensenanza-virtual-en-carreras-cientifico-tecnologicas-entre-tradiciones-y-nuevas-realidades","status":"publish","type":"page","link":"https:\/\/exa.unne.edu.ar\/facena-virtual\/index.php\/primeras-jornadas-de-educacion-y-tic-de-facena-unne-el-desafio-de-la-ensenanza-virtual-en-carreras-cientifico-tecnologicas-entre-tradiciones-y-nuevas-realidades\/","title":{"rendered":"Informaci\u00f3n General"},"content":{"rendered":"\n<p><strong><span class=\"has-inline-color has-vivid-red-color\">Nombre del evento: <\/span><\/strong>Primeras Jornadas de Educaci\u00f3n y TIC de FaCENA \u2013 UNNE. \u00abEl desaf\u00edo de la ense\u00f1anza virtual en carreras cient\u00edfico-tecnol\u00f3gicas. Entre tradiciones y nuevas realidades\u00bb<\/p>\n\n\n\n<p><strong><span class=\"has-inline-color has-vivid-red-color\">Fecha: <\/span><\/strong>12 y 13 de agosto de 2021<\/p>\n\n\n\n<p><strong><span class=\"has-inline-color has-vivid-red-color\">Modalidad: <\/span><\/strong>Virtual&nbsp;&nbsp;&nbsp;<\/p>\n\n\n\n<p><strong><span class=\"has-inline-color has-vivid-red-color\">Organiza: <\/span><\/strong>&nbsp;\u00c1rea de Educaci\u00f3n Virtual \u2013 Secretar\u00eda Acad\u00e9mica de la Facultad de Ciencias Exactas y Naturales y Agrimensura de la Universidad Nacional del Nordeste.<\/p>\n\n\n\n<p><span class=\"has-inline-color has-vivid-red-color\"><strong>Circulares<\/strong><\/span>:<\/p>\n\n\n\n<p><em><a rel=\"noreferrer noopener\" href=\"http:\/\/exa.unne.edu.ar\/facena-virtual\/wp-content\/uploads\/2021\/05\/Primera-circular-Jornadas-de-Educaci\u00f3n_y_TIC_-FACENA-2021.pdf\" target=\"_blank\">Primera circular<\/a><\/em><br><a href=\"http:\/\/exa.unne.edu.ar\/facena-virtual\/wp-content\/uploads\/2021\/07\/Segunda-circular-Jornadas-de-Educaci\u00f3n_y_TIC_-FACENA-2021.pdf\" target=\"_blank\" rel=\"noreferrer noopener\"><em>Segunda circular<\/em><\/a><\/p>\n\n\n\n<p><strong><span class=\"has-inline-color has-vivid-red-color\">Contacto:<\/span><\/strong> jornadas.facenavirtual@exa.unne.edu.ar<\/p>\n","protected":false},"excerpt":{"rendered":"<p>Nombre del evento: Primeras Jornadas de Educaci\u00f3n y TIC de FaCENA \u2013 UNNE. \u00abEl desaf\u00edo de la ense\u00f1anza virtual en carreras cient\u00edfico-tecnol\u00f3gicas. Entre tradiciones y nuevas realidades\u00bb Fecha: 12 y 13 de agosto de 2021 Modalidad: Virtual&nbsp;&nbsp;&nbsp; Organiza: &nbsp;\u00c1rea de Educaci\u00f3n Virtual \u2013 Secretar\u00eda Acad\u00e9mica de la Facultad de Ciencias Exactas y Naturales y Agrimensura &hellip; <\/p>\n","protected":false},"author":1,"featured_media":0,"parent":0,"menu_order":0,"comment_status":"closed","ping_status":"closed","template":"","meta":{"_monsterinsights_skip_tracking":false,"_monsterinsights_sitenote_active":false,"_monsterinsights_sitenote_note":"","_monsterinsights_sitenote_category":0,"footnotes":""},"class_list":["post-606","page","type-page","status-publish","hentry"],"_links":{"self":[{"href":"https:\/\/exa.unne.edu.ar\/facena-virtual\/index.php\/wp-json\/wp\/v2\/pages\/606","targetHints":{"allow":["GET"]}}],"collection":[{"href":"https:\/\/exa.unne.edu.ar\/facena-virtual\/index.php\/wp-json\/wp\/v2\/pages"}],"about":[{"href":"https:\/\/exa.unne.edu.ar\/facena-virtual\/index.php\/wp-json\/wp\/v2\/types\/page"}],"author":[{"embeddable":true,"href":"https:\/\/exa.unne.edu.ar\/facena-virtual\/index.php\/wp-json\/wp\/v2\/users\/1"}],"replies":[{"embeddable":true,"href":"https:\/\/exa.unne.edu.ar\/facena-virtual\/index.php\/wp-json\/wp\/v2\/comments?post=606"}],"version-history":[{"count":6,"href":"https:\/\/exa.unne.edu.ar\/facena-virtual\/index.php\/wp-json\/wp\/v2\/pages\/606\/revisions"}],"predecessor-version":[{"id":686,"href":"https:\/\/exa.unne.edu.ar\/facena-virtual\/index.php\/wp-json\/wp\/v2\/pages\/606\/revisions\/686"}],"wp:attachment":[{"href":"https:\/\/exa.unne.edu.ar\/facena-virtual\/index.php\/wp-json\/wp\/v2\/media?parent=606"}],"curies":[{"name":"wp","href":"https:\/\/api.w.org\/{rel}","templated":true}]}}