{"id":536,"date":"2021-02-10T11:45:12","date_gmt":"2021-02-10T11:45:12","guid":{"rendered":"http:\/\/facenavirtual.com.ar\/inicio\/?page_id=38"},"modified":"2024-05-24T15:12:35","modified_gmt":"2024-05-24T15:12:35","slug":"sied-unne","status":"publish","type":"page","link":"https:\/\/exa.unne.edu.ar\/facena-virtual\/index.php\/sied-unne\/","title":{"rendered":"Somos parte del SIED &#8211; UNNE"},"content":{"rendered":"\n<p>Desde hace dos d\u00e9cadas, la Universidad Nacional del Nordeste, en consonancia con las nuevas configuraciones de la Sociedad de la Informaci\u00f3n y del Conocimiento, en particular, los cambios en el escenario educativo, promueve acciones orientadas a la institucionalizaci\u00f3n y fortalecimiento del uso de las TIC en los procesos de ense\u00f1anza y de aprendizaje.<\/p>\n\n\n\n<p>En 2001 fue creado el Programa UNNE Virtual (Resoluci\u00f3n N\u00ba 185\/01-CS) con el objeto inicial de complementar las acciones pedag\u00f3gicas de las distintas Unidades Acad\u00e9micas. Con el transcurrir del tiempo, el fortalecimiento y la ampliaci\u00f3n de sus l\u00edneas de acci\u00f3n se ha configurado como un Programa Central dependiente de la Secretar\u00eda General Acad\u00e9mica del Rectorado. El mismo se articula con otros estamentos y programas implementados por la universidad y con las distintas Unidades Acad\u00e9micas. En esta l\u00ednea, en 2010 se conform\u00f3 la Comisi\u00f3n Central de Educaci\u00f3n Virtual constituida por un representante de cada Unidad Acad\u00e9mica de la UNNE (Resoluci\u00f3n N\u00ba 1855\/10 R).<\/p>\n\n\n\n<p>En 2018, el Consejo Superior aprob\u00f3 el Sistema Institucional de Educaci\u00f3n a Distancia de la UNNE (<a href=\"http:\/\/exa.unne.edu.ar\/facena-virtual\/wp-content\/uploads\/2021\/02\/Res-221-18-SIED-UNNE.pdf\">Resoluci\u00f3n N\u00b0 221\/18<\/a>) validado por la CONEAU (<a href=\"https:\/\/exa.unne.edu.ar\/facena-virtual\/wp-content\/uploads\/2022\/11\/RS-2019-54046658-APN-CONEAUMECCYT-RESO-UNNE.pdf\">Resoluci\u00f3n N\u00b0 215\/2019<\/a>) y el Ministerio de Educaci\u00f3n de la Naci\u00f3n (<a href=\"https:\/\/exa.unne.edu.ar\/facena-virtual\/wp-content\/uploads\/2022\/11\/RESOL-2019-184-APN-SECPUMECCYT.pdf\">Resoluci\u00f3n N\u00b0 184\/19 ME<\/a>)<\/p>\n\n\n\n<p>Este Sistema configura una combinaci\u00f3n de elementos que incluyen dimensiones: pedag\u00f3gicas, de tecnolog\u00eda inform\u00e1tica y de comunicaciones, administrativa y acad\u00e9mica, las cuales deben asegurar est\u00e1ndares de calidad similares a los que ofrece la Universidad en sus propuestas presenciales de acuerdo con lo establecido por la Resoluci\u00f3n N\u00ba 2641-E\/17 ME. Recientemente, dicha normativa fue reemplazada por la Resoluci\u00f3n n\u00b0 2599\/23 del Ministerio de Educaci\u00f3n de la Naci\u00f3n.<\/p>\n\n\n\n<p><\/p>\n\n\n\n<p><strong><span style=\"background-color:rgba(0, 0, 0, 0)\" class=\"has-inline-color has-vivid-red-color\">Marco Normativo del SIED <\/span><\/strong><\/p>\n\n\n\n<ul class=\"wp-block-list\">\n<li>Evaluaci\u00f3n del SIED. <a href=\"http:\/\/exa.unne.edu.ar\/facena-virtual\/wp-content\/uploads\/2021\/02\/Res-915.18.pdf\">Descargar.<\/a><\/li>\n\n\n\n<li>Carreras de posgrado a distancia.<a href=\"http:\/\/exa.unne.edu.ar\/facena-virtual\/wp-content\/uploads\/2021\/02\/Resolucion-285.18-LINEAMIENTOS-POSGRADO-A-DISTANCIA.pdf\"> Descargar.<\/a><\/li>\n\n\n\n<li>Solicitud de aulas virtuales en UNNE Virtual. <a href=\"http:\/\/exa.unne.edu.ar\/facena-virtual\/wp-content\/uploads\/2021\/02\/RES-REC-4877-2017-SISTEMA_DIGITAL_DE_GESTION_DE_AULAS_VIRTUALES_EN_LA_PLATAFORMA_UNNE-1.pdf\">Descargar.<\/a><\/li>\n\n\n\n<li>Evaluaci\u00f3n de uso de aulas virtuales.<a href=\"http:\/\/exa.unne.edu.ar\/facena-virtual\/wp-content\/uploads\/2021\/02\/Resolucion-N.o-549-17-CS-Pautas-para-la-Valoracion-de-Actividades-Virtuales-desarrolladas-en-la-Plataforma-UNNE-Virtual.pdf\"> Descargar.<\/a><\/li>\n\n\n\n<li>Reglamento de uso de plataforma virtual. <a href=\"http:\/\/exa.unne.edu.ar\/facena-virtual\/wp-content\/uploads\/2021\/02\/ResR-0315-19_LineamyParamCampusVirtual.pdf\">Descargar.<\/a><\/li>\n\n\n\n<li>M\u00f3dulo de ambientaci\u00f3n para estudiantes de trayectos formativos y carreras a distancia. <a href=\"http:\/\/exa.unne.edu.ar\/facena-virtual\/wp-content\/uploads\/2021\/02\/Resol_1020_18_R-Modulo-ingresantes.pdf\">Descargar.<\/a><\/li>\n<\/ul>\n\n\n\n<p><\/p>\n","protected":false},"excerpt":{"rendered":"<p>Desde hace dos d\u00e9cadas, la Universidad Nacional del Nordeste, en consonancia con las nuevas configuraciones de la Sociedad de la Informaci\u00f3n y del Conocimiento, en particular, los cambios en el escenario educativo, promueve acciones orientadas a la institucionalizaci\u00f3n y fortalecimiento del uso de las TIC en los procesos de ense\u00f1anza y de aprendizaje. En 2001 &hellip; <\/p>\n","protected":false},"author":1,"featured_media":0,"parent":0,"menu_order":0,"comment_status":"closed","ping_status":"closed","template":"","meta":{"_monsterinsights_skip_tracking":false,"_monsterinsights_sitenote_active":false,"_monsterinsights_sitenote_note":"","_monsterinsights_sitenote_category":0,"footnotes":""},"class_list":["post-536","page","type-page","status-publish","hentry"],"_links":{"self":[{"href":"https:\/\/exa.unne.edu.ar\/facena-virtual\/index.php\/wp-json\/wp\/v2\/pages\/536","targetHints":{"allow":["GET"]}}],"collection":[{"href":"https:\/\/exa.unne.edu.ar\/facena-virtual\/index.php\/wp-json\/wp\/v2\/pages"}],"about":[{"href":"https:\/\/exa.unne.edu.ar\/facena-virtual\/index.php\/wp-json\/wp\/v2\/types\/page"}],"author":[{"embeddable":true,"href":"https:\/\/exa.unne.edu.ar\/facena-virtual\/index.php\/wp-json\/wp\/v2\/users\/1"}],"replies":[{"embeddable":true,"href":"https:\/\/exa.unne.edu.ar\/facena-virtual\/index.php\/wp-json\/wp\/v2\/comments?post=536"}],"version-history":[{"count":2,"href":"https:\/\/exa.unne.edu.ar\/facena-virtual\/index.php\/wp-json\/wp\/v2\/pages\/536\/revisions"}],"predecessor-version":[{"id":1009,"href":"https:\/\/exa.unne.edu.ar\/facena-virtual\/index.php\/wp-json\/wp\/v2\/pages\/536\/revisions\/1009"}],"wp:attachment":[{"href":"https:\/\/exa.unne.edu.ar\/facena-virtual\/index.php\/wp-json\/wp\/v2\/media?parent=536"}],"curies":[{"name":"wp","href":"https:\/\/api.w.org\/{rel}","templated":true}]}}