{"id":535,"date":"2021-02-10T11:44:45","date_gmt":"2021-02-10T11:44:45","guid":{"rendered":"http:\/\/facenavirtual.com.ar\/inicio\/?page_id=36"},"modified":"2024-05-24T15:14:35","modified_gmt":"2024-05-24T15:14:35","slug":"equipo-de-trabajo","status":"publish","type":"page","link":"https:\/\/exa.unne.edu.ar\/facena-virtual\/index.php\/equipo-de-trabajo\/","title":{"rendered":"Equipo de trabajo"},"content":{"rendered":"\n<p><strong>Mgter. Beatriz Castro Chans<\/strong> (Responsable)<br><br><strong>Mgter. Bioq. Claudia Patricia Serrano \u00a0(<\/strong>Representante en la Com. Central de Educaci\u00f3n Virtual)<\/p>\n\n\n\n<p><strong>Lic. Silvana Armana<\/strong>\u00a0 (Asistente t\u00e9cnico-pedag\u00f3gica)<\/p>\n\n\n\n<div style=\"height:23px\" aria-hidden=\"true\" class=\"wp-block-spacer\"><\/div>\n\n\n\n<p class=\"has-text-align-center\"><strong>Forma de contacto del \u00c1rea de Educaci\u00f3n Virtual de FaCENA (UNNE)<br><\/strong><a href=\"mailto:coordinaci%C3%B3n.facena.virtual@gmail.com\">facenavirtual<\/a><a href=\"mailto:beatrizcc@exa.unne.edu.ar\">@exa.unne.edu.ar<\/a><\/p>\n","protected":false},"excerpt":{"rendered":"<p>Mgter. Beatriz Castro Chans (Responsable) Mgter. Bioq. Claudia Patricia Serrano \u00a0(Representante en la Com. Central de Educaci\u00f3n Virtual) Lic. Silvana Armana\u00a0 (Asistente t\u00e9cnico-pedag\u00f3gica) Forma de contacto del \u00c1rea de Educaci\u00f3n Virtual de FaCENA (UNNE)facenavirtual@exa.unne.edu.ar<\/p>\n","protected":false},"author":1,"featured_media":0,"parent":0,"menu_order":0,"comment_status":"closed","ping_status":"closed","template":"","meta":{"_monsterinsights_skip_tracking":false,"_monsterinsights_sitenote_active":false,"_monsterinsights_sitenote_note":"","_monsterinsights_sitenote_category":0,"footnotes":""},"class_list":["post-535","page","type-page","status-publish","hentry"],"_links":{"self":[{"href":"https:\/\/exa.unne.edu.ar\/facena-virtual\/index.php\/wp-json\/wp\/v2\/pages\/535","targetHints":{"allow":["GET"]}}],"collection":[{"href":"https:\/\/exa.unne.edu.ar\/facena-virtual\/index.php\/wp-json\/wp\/v2\/pages"}],"about":[{"href":"https:\/\/exa.unne.edu.ar\/facena-virtual\/index.php\/wp-json\/wp\/v2\/types\/page"}],"author":[{"embeddable":true,"href":"https:\/\/exa.unne.edu.ar\/facena-virtual\/index.php\/wp-json\/wp\/v2\/users\/1"}],"replies":[{"embeddable":true,"href":"https:\/\/exa.unne.edu.ar\/facena-virtual\/index.php\/wp-json\/wp\/v2\/comments?post=535"}],"version-history":[{"count":4,"href":"https:\/\/exa.unne.edu.ar\/facena-virtual\/index.php\/wp-json\/wp\/v2\/pages\/535\/revisions"}],"predecessor-version":[{"id":1014,"href":"https:\/\/exa.unne.edu.ar\/facena-virtual\/index.php\/wp-json\/wp\/v2\/pages\/535\/revisions\/1014"}],"wp:attachment":[{"href":"https:\/\/exa.unne.edu.ar\/facena-virtual\/index.php\/wp-json\/wp\/v2\/media?parent=535"}],"curies":[{"name":"wp","href":"https:\/\/api.w.org\/{rel}","templated":true}]}}