{"id":534,"date":"2021-02-10T11:44:07","date_gmt":"2021-02-10T11:44:07","guid":{"rendered":"http:\/\/facenavirtual.com.ar\/inicio\/?page_id=34"},"modified":"2021-02-10T11:44:07","modified_gmt":"2021-02-10T11:44:07","slug":"presentacion","status":"publish","type":"page","link":"https:\/\/exa.unne.edu.ar\/facena-virtual\/index.php\/presentacion\/","title":{"rendered":"Presentaci\u00f3n"},"content":{"rendered":"\n<p>El \u00c1rea de Educaci\u00f3n Virtual, dependiente de la Secretar\u00eda Acad\u00e9mica de la Facultad de Ciencias Exactas y Naturales y Agrimensura fue creada por Resoluci\u00f3n N\u00ba 356\/19 del Consejo Directivo con el objeto dar respuestas a las necesidades de capacitaci\u00f3n permanente y ubicua expresadas por distintos actores sociales y entidades de la regi\u00f3n, las posibilidades habilitadas a partir de la expansi\u00f3n de las tecnolog\u00edas digitales y las potencialidades de los equipos docentes de la Unidad Acad\u00e9mica.&nbsp;<\/p>\n\n\n\n<p><strong><span class=\"has-inline-color has-vivid-red-color\">Objetivos del \u00c1rea<\/span><\/strong><\/p>\n\n\n\n<ol class=\"wp-block-list\" type=\"1\"><li>Promover la diversificaci\u00f3n de la oferta educativa de la FACENA a trav\u00e9s de la elaboraci\u00f3n, desarrollo, implementaci\u00f3n y evaluaci\u00f3n de modalidades educativas mediadas por tecnolog\u00edas que lleven a la ampliaci\u00f3n y complementaci\u00f3n de la cobertura educativa a escala regional, provincial, nacional e internacional.<\/li><li>Coordinar acciones inherentes a la implementaci\u00f3n del Sistema Institucional de Educaci\u00f3n a Distancia (<a href=\"http:\/\/exa.unne.edu.ar\/facena-virtual\/wp-content\/uploads\/2021\/02\/Res-221-18-SIED-UNNE-1.pdf\" data-type=\"URL\" data-id=\"http:\/\/exa.unne.edu.ar\/facena-virtual\/wp-content\/uploads\/2021\/02\/Res-221-18-SIED-UNNE-1.pdf\" target=\"_blank\" rel=\"noreferrer noopener\">Resoluci\u00f3n N\u00ba 221\/18 CS<\/a>) y la normativa vigente en la UNNE relativas a la educaci\u00f3n virtual.\u00a0<\/li><\/ol>\n\n\n\n<p><strong><span class=\"has-inline-color has-vivid-red-color\">Funciones del \u00c1rea de Educaci\u00f3n Virtual de la FACENA:\u00a0 <\/span><\/strong><\/p>\n\n\n\n<ol class=\"wp-block-list\" type=\"1\"><li>Asesorar a la Secretar\u00eda Acad\u00e9mica en la elaboraci\u00f3n de aspectos normativos, administrativos, tecnol\u00f3gicos y pedag\u00f3gicos para el uso de la modalidad virtual en los proyectos educativos.<\/li><li>Promover el dise\u00f1o, desarrollo e implementaci\u00f3n de propuestas educativas virtuales de acuerdo a los lineamientos pol\u00edtico-institucionales establecidos por las autoridades de la Facultad.<\/li><li>Asesorar e informar a la Secretar\u00eda Acad\u00e9mica todo lo relacionado al cumplimiento&nbsp;&nbsp; de la normativa vigente en la Universidad en materia de educaci\u00f3n virtual, especialmente lo relacionado al Sistema Institucional de&nbsp;Educaci\u00f3n&nbsp;a Distancia de la UNNE.<\/li><li>Mantener comunicaci\u00f3n permanente con el Programa UNNE Virtual dependiente de la Secretar\u00eda General Acad\u00e9mica de Rectorado.<\/li><li>Difundir a los departamentos y dependencias de la FACENA la informaci\u00f3n concerniente a la educaci\u00f3n mediada por tecnolog\u00edas (capacitaciones, proyectos, congresos, seminarios, etc.).<\/li><li>Propiciar el trabajo colaborativo entre departamentos, \u00e1reas, secretar\u00edas, equipos docentes y dependencias de la FACENA para el desarrollo de ofertas virtuales.<\/li><li>Promover proyectos de investigaci\u00f3n y desarrollo (I+d+i) en torno a la educaci\u00f3n mediada por tecnolog\u00edas que potencien el dise\u00f1o, implementaci\u00f3n y evaluaci\u00f3n de propuestas educativas innovadoras de acuerdo con los lineamientos pol\u00edtico-institucionales establecidos las autoridades de la Facultad.<\/li><li>Promover y gestionar v\u00ednculos con instituciones y organismos locales, nacionales e internacionales que implementen proyectos de educaci\u00f3n virtual de acuerdo con los lineamientos pol\u00edtico-institucionales establecidos las autoridades de la Facultad.&nbsp;<\/li><li>Asesorar en aspectos t\u00e9cnicos, pedag\u00f3gicos y administrativos a los equipos que llevan adelante proyectos de educaci\u00f3n virtual en el \u00e1mbito de la FACENA.&nbsp;&nbsp;<\/li><li>Propiciar la creaci\u00f3n de espacios y oportunidades para la formaci\u00f3n de grado y posgrado con la modalidad de educaci\u00f3n virtual de acuerdo con los lineamientos pol\u00edtico-institucionales establecidos las autoridades de la Facultad.<\/li><li>Propiciar la creaci\u00f3n de espacios para el desarrollo de la <em>cultura maker<\/em> en la FACENA.&nbsp;<\/li><\/ol>\n","protected":false},"excerpt":{"rendered":"<p>El \u00c1rea de Educaci\u00f3n Virtual, dependiente de la Secretar\u00eda Acad\u00e9mica de la Facultad de Ciencias Exactas y Naturales y Agrimensura fue creada por Resoluci\u00f3n N\u00ba 356\/19 del Consejo Directivo con el objeto dar respuestas a las necesidades de capacitaci\u00f3n permanente y ubicua expresadas por distintos actores sociales y entidades de la regi\u00f3n, las posibilidades habilitadas &hellip; <\/p>\n","protected":false},"author":1,"featured_media":0,"parent":0,"menu_order":0,"comment_status":"closed","ping_status":"closed","template":"","meta":{"_monsterinsights_skip_tracking":false,"_monsterinsights_sitenote_active":false,"_monsterinsights_sitenote_note":"","_monsterinsights_sitenote_category":0,"footnotes":""},"class_list":["post-534","page","type-page","status-publish","hentry"],"_links":{"self":[{"href":"https:\/\/exa.unne.edu.ar\/facena-virtual\/index.php\/wp-json\/wp\/v2\/pages\/534","targetHints":{"allow":["GET"]}}],"collection":[{"href":"https:\/\/exa.unne.edu.ar\/facena-virtual\/index.php\/wp-json\/wp\/v2\/pages"}],"about":[{"href":"https:\/\/exa.unne.edu.ar\/facena-virtual\/index.php\/wp-json\/wp\/v2\/types\/page"}],"author":[{"embeddable":true,"href":"https:\/\/exa.unne.edu.ar\/facena-virtual\/index.php\/wp-json\/wp\/v2\/users\/1"}],"replies":[{"embeddable":true,"href":"https:\/\/exa.unne.edu.ar\/facena-virtual\/index.php\/wp-json\/wp\/v2\/comments?post=534"}],"version-history":[{"count":0,"href":"https:\/\/exa.unne.edu.ar\/facena-virtual\/index.php\/wp-json\/wp\/v2\/pages\/534\/revisions"}],"wp:attachment":[{"href":"https:\/\/exa.unne.edu.ar\/facena-virtual\/index.php\/wp-json\/wp\/v2\/media?parent=534"}],"curies":[{"name":"wp","href":"https:\/\/api.w.org\/{rel}","templated":true}]}}