{"id":505,"date":"2021-04-09T00:17:56","date_gmt":"2021-04-09T00:17:56","guid":{"rendered":"http:\/\/facenavirtual.com.ar\/inicio\/?page_id=505"},"modified":"2021-04-09T00:17:56","modified_gmt":"2021-04-09T00:17:56","slug":"estrategias-de-comunicacion-en-redes-sociales","status":"publish","type":"page","link":"https:\/\/exa.unne.edu.ar\/facena-virtual\/index.php\/estrategias-de-comunicacion-en-redes-sociales\/","title":{"rendered":"Estrategias de Comunicaci\u00f3n en Redes Sociales"},"content":{"rendered":"\n<p><strong><em><span class=\"has-inline-color has-vivid-red-color\">Tipo de oferta:<\/span> <\/em><\/strong>Curso de Actualizaci\u00f3n y Perfeccionamiento:<\/p>\n\n\n\n<p><strong><em><span class=\"has-inline-color has-vivid-red-color\">Modalidad:&nbsp; <\/span><\/em><\/strong>Virtual con instancias sincr\u00f3nicas y asincr\u00f3nicas.<\/p>\n\n\n\n<p><strong><em><span class=\"has-inline-color has-vivid-red-color\">Destinatarios<\/span><\/em><\/strong>: Docentes, estudiantes y p\u00fablico en general interesado en la tem\u00e1tica Es indispensable que los interesados en participar posean conocimientos b\u00e1sicos en el manejo de herramientas inform\u00e1ticas<\/p>\n\n\n\n<p><strong><em><span class=\"has-inline-color has-vivid-red-color\">Docentes Dictantes:&nbsp;<\/span> <\/em><\/strong><\/p>\n\n\n\n<ul class=\"wp-block-list\"><li>Lic. Maira Boyeras \u2013 Coordinadora y Disertante<\/li><li>Tec. Federico Molina \u2013 Disertante<strong><em><\/em><\/strong><\/li><\/ul>\n\n\n\n<p><strong><em><span class=\"has-inline-color has-vivid-red-color\">Inscripci\u00f3n: <\/span><\/em><\/strong>Abierta &nbsp;<\/p>\n\n\n\n<p><span class=\"has-inline-color has-vivid-red-color\"><strong><em>Duraci\u00f3n o carga horaria<\/em><\/strong>:<\/span> 40 horas \u2013 6 semanas<\/p>\n\n\n\n<p><strong><em><span class=\"has-inline-color has-vivid-red-color\">Car\u00e1cter:<\/span>&nbsp; <\/em><\/strong>Arancelada<\/p>\n\n\n\n<ul class=\"wp-block-list\"><li>Arancel \u00fanico de $2.000 (pesos dos mil)<\/li><li>Comunidad FACENA (docentes, no docentes y estudiantes): $1.700 (pesos mil setecientos)<strong><em><\/em><\/strong><\/li><\/ul>\n\n\n\n<p><strong><em><span class=\"has-inline-color has-vivid-red-color\">Certificaci\u00f3n que otorga:<\/span> <\/em><\/strong>certificado de aprobaci\u00f3n.<\/p>\n\n\n\n<p><strong><span class=\"has-inline-color has-vivid-red-color\"><em>Objetivos<\/em><\/span><em>:<\/em><\/strong><\/p>\n\n\n\n<p>&nbsp;Al finalizar este curso se pretende que el\/la cursante logre:<\/p>\n\n\n\n<ul class=\"wp-block-list\"><li>Conocer c\u00f3mo gestionar y comunicar en redes sociales<\/li><li>Conocer y elegir las plataformas adecuadas para hacerlo.<\/li><li>Conocer y manejar: m\u00e9tricas, algoritmos y recursos de las redes.<\/li><li>Desarrollar estrategias de comunicaci\u00f3n viables para redes.<\/li><li>Material Audiovisual: Conocer c\u00f3mo elaborar im\u00e1genes y videos en redes<strong><em><\/em><\/strong><\/li><\/ul>\n\n\n\n<p><strong><em><span class=\"has-inline-color has-vivid-red-color\">M\u00e1s informaci\u00f3n:<\/span> <\/em><\/strong><a href=\"https:\/\/bit.ly\/3fJiH9O\">https:\/\/bit.ly\/3fJiH9O<\/a><\/p>\n\n\n\n<p><strong><span class=\"has-inline-color has-vivid-red-color\"><em>Contacto para consultas<\/em>: <\/span><\/strong><a href=\"mailto:extension.facena@gmail.com\">extension.facena@gmail.com<\/a><\/p>\n","protected":false},"excerpt":{"rendered":"<p>Tipo de oferta: Curso de Actualizaci\u00f3n y Perfeccionamiento: Modalidad:&nbsp; Virtual con instancias sincr\u00f3nicas y asincr\u00f3nicas. Destinatarios: Docentes, estudiantes y p\u00fablico en general interesado en la tem\u00e1tica Es indispensable que los interesados en participar posean conocimientos b\u00e1sicos en el manejo de herramientas inform\u00e1ticas Docentes Dictantes:&nbsp; Lic. Maira Boyeras \u2013 Coordinadora y Disertante Tec. Federico Molina \u2013 &hellip; <\/p>\n","protected":false},"author":1,"featured_media":0,"parent":0,"menu_order":0,"comment_status":"closed","ping_status":"closed","template":"","meta":{"_monsterinsights_skip_tracking":false,"_monsterinsights_sitenote_active":false,"_monsterinsights_sitenote_note":"","_monsterinsights_sitenote_category":0,"footnotes":""},"class_list":["post-505","page","type-page","status-publish","hentry"],"_links":{"self":[{"href":"https:\/\/exa.unne.edu.ar\/facena-virtual\/index.php\/wp-json\/wp\/v2\/pages\/505","targetHints":{"allow":["GET"]}}],"collection":[{"href":"https:\/\/exa.unne.edu.ar\/facena-virtual\/index.php\/wp-json\/wp\/v2\/pages"}],"about":[{"href":"https:\/\/exa.unne.edu.ar\/facena-virtual\/index.php\/wp-json\/wp\/v2\/types\/page"}],"author":[{"embeddable":true,"href":"https:\/\/exa.unne.edu.ar\/facena-virtual\/index.php\/wp-json\/wp\/v2\/users\/1"}],"replies":[{"embeddable":true,"href":"https:\/\/exa.unne.edu.ar\/facena-virtual\/index.php\/wp-json\/wp\/v2\/comments?post=505"}],"version-history":[{"count":0,"href":"https:\/\/exa.unne.edu.ar\/facena-virtual\/index.php\/wp-json\/wp\/v2\/pages\/505\/revisions"}],"wp:attachment":[{"href":"https:\/\/exa.unne.edu.ar\/facena-virtual\/index.php\/wp-json\/wp\/v2\/media?parent=505"}],"curies":[{"name":"wp","href":"https:\/\/api.w.org\/{rel}","templated":true}]}}