{"id":471,"date":"2021-03-23T20:59:18","date_gmt":"2021-03-23T20:59:18","guid":{"rendered":"http:\/\/facenavirtual.com.ar\/inicio\/?page_id=471"},"modified":"2021-03-23T20:59:18","modified_gmt":"2021-03-23T20:59:18","slug":"principios-de-ingles-tecnico-y-cientifico","status":"publish","type":"page","link":"https:\/\/exa.unne.edu.ar\/facena-virtual\/index.php\/principios-de-ingles-tecnico-y-cientifico\/","title":{"rendered":"Principios de Ingl\u00e9s T\u00e9cnico y Cient\u00edfico"},"content":{"rendered":"\n<p><strong><span class=\"has-inline-color has-vivid-red-color\"><em>Resoluci\u00f3n<\/em>: <\/span><\/strong>N\u00b00028\/21 &#8211; CD<\/p>\n\n\n\n<p><strong><em><span class=\"has-inline-color has-vivid-red-color\">Tipo de oferta:<\/span> <\/em><\/strong>Curso de Actualizaci\u00f3n y Perfeccionamiento:<\/p>\n\n\n\n<p><strong><em><span class=\"has-inline-color has-vivid-red-color\">Modalidad:&nbsp; <\/span><\/em><\/strong>Virtual con instancias sincr\u00f3nicas y asincr\u00f3nicas.<\/p>\n\n\n\n<p><strong><em><span class=\"has-inline-color has-vivid-red-color\">Destinatarios<\/span><\/em><\/strong>: Becarios y alumnos de carreras de posgrado (especialidades, maestr\u00edas, doctorados) docentes universitarios en \u00e1reas de Ciencias Naturales y de la Salud.<\/p>\n\n\n\n<p><strong><em><span class=\"has-inline-color has-vivid-red-color\">Docente Dictante:&nbsp;<\/span> <\/em><\/strong>Lic. Liliana A. Pin<\/p>\n\n\n\n<p><strong><em><span class=\"has-inline-color has-vivid-red-color\">Inscripci\u00f3n: <\/span><\/em><\/strong>Abierta &nbsp;<\/p>\n\n\n\n<p><span class=\"has-inline-color has-vivid-red-color\"><strong><em>Fecha de Inicio:<\/em><\/strong> <\/span>31 de marzo de 2021.<\/p>\n\n\n\n<p><span class=\"has-inline-color has-vivid-red-color\"><strong><em>Duraci\u00f3n o carga horaria<\/em><\/strong>:<\/span> 42 horas \u2013 14 semanas<\/p>\n\n\n\n<p><strong><em><span class=\"has-inline-color has-vivid-red-color\">Car\u00e1cter:<\/span>&nbsp; <\/em><\/strong>Arancelada<\/p>\n\n\n\n<ul class=\"wp-block-list\"><li>Becarios y tesistas de FACENA $5.000<\/li><li>Becarios y tesistas de otras unidades acad\u00e9micas $6.000<\/li><li>Docentes $7.000<\/li><\/ul>\n\n\n\n<p><strong><em><span class=\"has-inline-color has-vivid-red-color\">Certificaci\u00f3n que otorga:<\/span> <\/em><\/strong>certificado de aprobaci\u00f3n.<\/p>\n\n\n\n<p><span class=\"has-inline-color has-vivid-red-color\"><strong><em>Pre-inscripci\u00f3n<\/em><\/strong>:<\/span> <a rel=\"noreferrer noopener\" href=\"https:\/\/guarani3.unne.edu.ar\/g3w\/acceso?fbclid=IwAR2AYtrIMt24qwqoeigFHlexODTgX07SwUBCXU13rxeIN9rtOKrgAjgVbtg\" target=\"_blank\">https:\/\/guarani3.unne.edu.ar\/g3w\/acceso<\/a><\/p>\n\n\n\n<p><strong><em><span class=\"has-inline-color has-vivid-red-color\">M\u00e1s informaci\u00f3n:<\/span> <\/em><\/strong><em><a href=\"http:\/\/www.exa.unne.edu.ar\/postgrado\/1\/index.php?tabla=listadocursos\">http:\/\/www.exa.unne.edu.ar\/postgrado\/1\/index.php?tabla=listadocursos<\/a><\/em><\/p>\n\n\n\n<p><strong><span class=\"has-inline-color has-vivid-red-color\"><em>Contacto para consultas<\/em>: <\/span><\/strong>sip.cursos@comunidad.unne.edu.ar<\/p>\n","protected":false},"excerpt":{"rendered":"<p>Resoluci\u00f3n: N\u00b00028\/21 &#8211; CD Tipo de oferta: Curso de Actualizaci\u00f3n y Perfeccionamiento: Modalidad:&nbsp; Virtual con instancias sincr\u00f3nicas y asincr\u00f3nicas. Destinatarios: Becarios y alumnos de carreras de posgrado (especialidades, maestr\u00edas, doctorados) docentes universitarios en \u00e1reas de Ciencias Naturales y de la Salud. Docente Dictante:&nbsp; Lic. Liliana A. Pin Inscripci\u00f3n: Abierta &nbsp; Fecha de Inicio: 31 de &hellip; <\/p>\n","protected":false},"author":1,"featured_media":0,"parent":0,"menu_order":0,"comment_status":"closed","ping_status":"closed","template":"","meta":{"_monsterinsights_skip_tracking":false,"_monsterinsights_sitenote_active":false,"_monsterinsights_sitenote_note":"","_monsterinsights_sitenote_category":0,"footnotes":""},"class_list":["post-471","page","type-page","status-publish","hentry"],"_links":{"self":[{"href":"https:\/\/exa.unne.edu.ar\/facena-virtual\/index.php\/wp-json\/wp\/v2\/pages\/471","targetHints":{"allow":["GET"]}}],"collection":[{"href":"https:\/\/exa.unne.edu.ar\/facena-virtual\/index.php\/wp-json\/wp\/v2\/pages"}],"about":[{"href":"https:\/\/exa.unne.edu.ar\/facena-virtual\/index.php\/wp-json\/wp\/v2\/types\/page"}],"author":[{"embeddable":true,"href":"https:\/\/exa.unne.edu.ar\/facena-virtual\/index.php\/wp-json\/wp\/v2\/users\/1"}],"replies":[{"embeddable":true,"href":"https:\/\/exa.unne.edu.ar\/facena-virtual\/index.php\/wp-json\/wp\/v2\/comments?post=471"}],"version-history":[{"count":0,"href":"https:\/\/exa.unne.edu.ar\/facena-virtual\/index.php\/wp-json\/wp\/v2\/pages\/471\/revisions"}],"wp:attachment":[{"href":"https:\/\/exa.unne.edu.ar\/facena-virtual\/index.php\/wp-json\/wp\/v2\/media?parent=471"}],"curies":[{"name":"wp","href":"https:\/\/api.w.org\/{rel}","templated":true}]}}