{"id":333,"date":"2021-02-18T11:56:06","date_gmt":"2021-02-18T11:56:06","guid":{"rendered":"http:\/\/facenavirtual.com.ar\/inicio\/?page_id=333"},"modified":"2021-02-18T11:56:06","modified_gmt":"2021-02-18T11:56:06","slug":"disenar-un-aula-virtual-moodle","status":"publish","type":"page","link":"https:\/\/exa.unne.edu.ar\/facena-virtual\/index.php\/disenar-un-aula-virtual-moodle\/","title":{"rendered":"Dise\u00f1ar un aula virtual Moodle"},"content":{"rendered":"\n<p>En esta secci\u00f3n compartimos algunas&nbsp;orientaciones b\u00e1sicas&nbsp;para organizar el aula virtual. Esta no es una receta a seguir al pie de la letra, porque depende de numerosos factores:&nbsp; el tipo de uso que se dar\u00e1 al aula, el nivel en que est\u00e1 la asignatura, el campo disciplinar, la organizaci\u00f3n de la asignatura. Tambi\u00e9n juegan un papel central, las experiencias y las expectativas del equipo docentes, etc.&nbsp;&nbsp;&nbsp;&nbsp;<\/p>\n\n\n\n<p>Siempre que quiera realizar un cambio en el aula, deber\u00e1<em>&nbsp;ACTIVAR EDICI\u00d3N<\/em>.<\/p>\n\n\n\n<p>\u2013&nbsp;Acerca del formato de aula&nbsp;(tema, pesta\u00f1a, etc.). Es la forma en que se presentar\u00e1n los contenidos a los estudiantes.&nbsp; El formato que trae la versi\u00f3n de Moodle por defecto es el denominado \u201ctemas\u201d.&nbsp;<\/p>\n\n\n\n<p>&nbsp;\u2013&nbsp;Acerca de la organizaci\u00f3n de contenidos:<\/p>\n\n\n\n<p>En la secci\u00f3n inicial o general del aula, es recomendable colocar&nbsp;una imagen&nbsp;representativa y un breve texto de bienvenida y que indique a los cursantes en qu\u00e9 curso o materia est\u00e1n.<\/p>\n\n\n\n<p>All\u00ed tambi\u00e9n se deber\u00e1 subir informaci\u00f3n general de la asignatura, por ejemplo:<\/p>\n\n\n\n<ul class=\"wp-block-list\"><li>el programa,<\/li><li>un cronograma de clases \/ evaluaciones,<\/li><li>conformaci\u00f3n del equipo docente,<\/li><li>horarios de tutor\u00edas (si los hubiere),<\/li><li>habilitar un foro de consultas.<\/li><li>Adem\u00e1s, el aula trae un espacio de novedades donde publicar avisos a los estudiantes. &nbsp;<\/li><\/ul>\n\n\n\n<p>Tambi\u00e9n pueden aclarar otras cuestiones como la frecuencia con que subir\u00e1n contenidos y responder\u00e1n consultas, acceso a bibliograf\u00eda y todo lo que ayude a un mejor desempe\u00f1o de los estudiantes.&nbsp;<\/p>\n\n\n\n<p>Es importante que el perfil del equipo docente y de los estudiantes est\u00e9 actualizado, ya que eso nos da la idea de mayor proximidad.&nbsp; &nbsp;<\/p>\n\n\n\n<p>En cuanto a la organizaci\u00f3n de contenidos. Cada equipo docente puede optar por utilizar bloques, pesta\u00f1as u otros formatos. Lo m\u00e1s importante es que los estudiantes encuentren una&nbsp;l\u00f3gica de recorrido y no una colecci\u00f3n de archivos&nbsp;con los cuales no sabe qu\u00e9 hacer.<\/p>\n\n\n\n<p>Para ellos, es recomendable escribir una&nbsp;hoja de ruta&nbsp;al inicio de cada unidad o m\u00f3dulo, indicando los temas y el recorrido que deber\u00e1 hacer cada estudiante (actividades, plazos) y lo que sea necesario que el estudiante necesite saber para alcanzar los objetivos del curso.<\/p>\n\n\n\n<p>Por ejemplo.&nbsp;<\/p>\n\n\n\n<ul class=\"wp-block-list\"><li>Una opci\u00f3n, ser\u00eda colocar en cada bloque \/ pesta\u00f1a una unidad y ah\u00ed incluir una carpeta con bibliograf\u00eda obligatoria, otra con bibliograf\u00eda complementaria, otra con las presentaciones de clase (Power Point), agregar enlaces a videos o recursos externos (tambi\u00e9n puede ser a archivos en el Drive).<\/li><\/ul>\n\n\n\n<p>Tambi\u00e9n, si lo desean, en el mismo bloque se pueden incluir recursos para evaluar (tareas, wikis, glosario, cuestionario, etc.).<\/p>\n\n\n\n<ul class=\"wp-block-list\"><li>Otra opci\u00f3n ser\u00eda habilitar un bloque o pesta\u00f1a con gu\u00edas de trabajos pr\u00e1cticos, en el caso en que la c\u00e1tedra funcione de esa manera.&nbsp;<\/li><\/ul>\n\n\n\n<p>Lo fundamental es que, desde el principio,&nbsp;el estudiante tenga claro cu\u00e1l ser\u00e1 la l\u00f3gica de navegaci\u00f3n&nbsp;y esta se mantenga dentro de ese espacio.<\/p>\n\n\n\n<p>Los contenidos pueden ser habilitados semana a semana o todos de una vez. Eso depender\u00e1 de cada equipo docente.<\/p>\n\n\n\n<p>Es recomendable subir los&nbsp;archivos en formato PDF&nbsp;para que se pueda abrir en cualquier dispositivo (tel\u00e9fonos, tablets), cualquiera sea el sistema operativo que utilice.<\/p>\n\n\n\n<p>En el sitio web de&nbsp;<a href=\"https:\/\/virtual.unne.edu.ar\/contingencia-covid19\/recursos-plataforma-UV.html\" target=\"_blank\" rel=\"noreferrer noopener\">UNNE Virtual<\/a>&nbsp;cuenta con tutoriales que lo\/a ayudar\u00e1n a resolver estas tareas.<\/p>\n\n\n\n<p>Adem\u00e1s, contamos con un aula en la plataforma Moodle naranja en el cual encontrara orientaciones, tutoriales, sugerencias para la organizaci\u00f3n de aula, el dise\u00f1o de actividades y recursos de la plataforma.<\/p>\n\n\n\n<div class=\"wp-block-buttons aligncenter is-layout-flex wp-block-buttons-is-layout-flex\">\n<div class=\"wp-block-button\"><a class=\"wp-block-button__link has-text-color has-background\" href=\"https:\/\/virtual-moodle.unne.edu.ar\/course\/view.php?id=4803&amp;section=0#tabs-tree-start\" style=\"border-radius:2px;background-color:#ba0c49;color:#fffffa\" target=\"_blank\" rel=\"noreferrer noopener\">Aula FaCENA Virtual<\/a><\/div>\n<\/div>\n\n\n\n<p class=\"has-text-align-center\">La clave de acceso al aula es <strong>FAVI20<\/strong><\/p>\n","protected":false},"excerpt":{"rendered":"<p>En esta secci\u00f3n compartimos algunas&nbsp;orientaciones b\u00e1sicas&nbsp;para organizar el aula virtual. Esta no es una receta a seguir al pie de la letra, porque depende de numerosos factores:&nbsp; el tipo de uso que se dar\u00e1 al aula, el nivel en que est\u00e1 la asignatura, el campo disciplinar, la organizaci\u00f3n de la asignatura. Tambi\u00e9n juegan un papel &hellip; <\/p>\n","protected":false},"author":1,"featured_media":0,"parent":0,"menu_order":0,"comment_status":"closed","ping_status":"closed","template":"","meta":{"_monsterinsights_skip_tracking":false,"_monsterinsights_sitenote_active":false,"_monsterinsights_sitenote_note":"","_monsterinsights_sitenote_category":0,"footnotes":""},"class_list":["post-333","page","type-page","status-publish","hentry"],"_links":{"self":[{"href":"https:\/\/exa.unne.edu.ar\/facena-virtual\/index.php\/wp-json\/wp\/v2\/pages\/333","targetHints":{"allow":["GET"]}}],"collection":[{"href":"https:\/\/exa.unne.edu.ar\/facena-virtual\/index.php\/wp-json\/wp\/v2\/pages"}],"about":[{"href":"https:\/\/exa.unne.edu.ar\/facena-virtual\/index.php\/wp-json\/wp\/v2\/types\/page"}],"author":[{"embeddable":true,"href":"https:\/\/exa.unne.edu.ar\/facena-virtual\/index.php\/wp-json\/wp\/v2\/users\/1"}],"replies":[{"embeddable":true,"href":"https:\/\/exa.unne.edu.ar\/facena-virtual\/index.php\/wp-json\/wp\/v2\/comments?post=333"}],"version-history":[{"count":0,"href":"https:\/\/exa.unne.edu.ar\/facena-virtual\/index.php\/wp-json\/wp\/v2\/pages\/333\/revisions"}],"wp:attachment":[{"href":"https:\/\/exa.unne.edu.ar\/facena-virtual\/index.php\/wp-json\/wp\/v2\/media?parent=333"}],"curies":[{"name":"wp","href":"https:\/\/api.w.org\/{rel}","templated":true}]}}