{"id":332,"date":"2021-02-18T11:56:05","date_gmt":"2021-02-18T11:56:05","guid":{"rendered":"http:\/\/facenavirtual.com.ar\/inicio\/?page_id=332"},"modified":"2021-02-18T11:56:05","modified_gmt":"2021-02-18T11:56:05","slug":"elaborar-materiales-educativos-digitales","status":"publish","type":"page","link":"https:\/\/exa.unne.edu.ar\/facena-virtual\/index.php\/elaborar-materiales-educativos-digitales\/","title":{"rendered":"Elaborar materiales educativos digitales"},"content":{"rendered":"\n<p>Los materiales educativos son producciones elaboradas para favorecer los aprendizajes en el marco de una propuesta pedag\u00f3gica.&nbsp;<\/p>\n\n\n\n<p>En algunas ocasiones, se producen intencionalmente para ense\u00f1ar alg\u00fan contenido, procedimiento, desarrollar una habilidad o comportamiento (con una intencionalidad did\u00e1ctica definida). En otras, los docentes se valen de recursos informativos o de otro tipo (pel\u00edcula, texto de un diario, poema, fotograf\u00eda, etc.) que no fueron originalmente dise\u00f1ados con fines educativos, pero asumen esa funci\u00f3n en el marco de una propuesta de ense\u00f1anza.&nbsp;&nbsp;<\/p>\n\n\n\n<p>Los materiales educativos deben constituir una respuesta a una necesidad. Para Gabriel Kapl\u00fan (2005) los materiales educativos deben considerar tres dimensiones: el conceptual, el pedag\u00f3gico y el comunicacional. El compromiso y solidez con la cual se aborde cada uno de ellos influir\u00e1 en la calidad y eficacia de lo que se produzca.&nbsp;<\/p>\n\n\n\n<p>Esas tres dimensiones tienen un punto en com\u00fan que es el sujeto destinatario (alguien que sabe, que piensa, que siente y que se ubica en un contexto socio-hist\u00f3rico y habita un territorio geogr\u00e1fico y cultural).&nbsp;<\/p>\n\n\n\n<p>Otro aspecto no menos importante es que la producci\u00f3n de materiales educativos debe ser entendida, tambi\u00e9n, desde un enfoque de derechos (inclusi\u00f3n, g\u00e9nero, a la educaci\u00f3n, a la informaci\u00f3n).<\/p>\n\n\n\n<p>La siguiente infograf\u00eda sintetiza algunos aspectos a considerar para la producci\u00f3n o la revisi\u00f3n de materiales educativos digitales:<\/p>\n\n\n\n<p class=\"has-text-align-center has-white-color has-vivid-red-background-color has-text-color has-background\" style=\"font-size:22px\"><strong><span class=\"has-inline-color has-white-color\">Materiales educativos<\/span><\/strong><br><em>Algunos aspectos a tener en cuenta al dise\u00f1ar o<\/em> <em>revisar nuestras producciones<\/em><\/p>\n\n\n\n<div class=\"wp-block-media-text alignwide is-stacked-on-mobile\"><figure class=\"wp-block-media-text__media\"><img fetchpriority=\"high\" decoding=\"async\" width=\"291\" height=\"205\" src=\"http:\/\/exa.unne.edu.ar\/facena-virtual\/wp-content\/uploads\/2021\/02\/1-1.png\" alt=\"\" class=\"wp-image-396 size-full\"\/><\/figure><div class=\"wp-block-media-text__content\">\n<p class=\"has-medium-font-size\"><strong><span class=\"has-inline-color has-vivid-red-color\">Materiales educativos<\/span><\/strong><\/p>\n\n\n\n<p>Producciones elaboradas para favorecer los aprendizajes en el marco de modelos pedag\u00f3gicos particulares.<\/p>\n<\/div><\/div>\n\n\n\n<div class=\"wp-block-media-text alignwide is-stacked-on-mobile\"><figure class=\"wp-block-media-text__media\"><img decoding=\"async\" width=\"327\" height=\"238\" src=\"http:\/\/exa.unne.edu.ar\/facena-virtual\/wp-content\/uploads\/2021\/02\/2-1.png\" alt=\"\" class=\"wp-image-397 size-full\"\/><\/figure><div class=\"wp-block-media-text__content\">\n<p class=\"has-medium-font-size\"><strong><span class=\"has-inline-color has-vivid-red-color\"><strong>\u00bfA qui\u00e9n?<\/strong><\/span><\/strong><\/p>\n\n\n\n<p>\u00bfA qui\u00e9n est\u00e1 destinado el material? \u00bfQu\u00e9 y cu\u00e1nto sabe del tema? \u00bfC\u00f3mo es su vocabulario? \u00bfCu\u00e1les son sus experiencias o trayectorias educativas previas?<\/p>\n<\/div><\/div>\n\n\n\n<div class=\"wp-block-media-text alignwide is-stacked-on-mobile\"><figure class=\"wp-block-media-text__media\"><img decoding=\"async\" width=\"238\" height=\"195\" src=\"http:\/\/exa.unne.edu.ar\/facena-virtual\/wp-content\/uploads\/2021\/02\/3.png\" alt=\"\" class=\"wp-image-398 size-full\"\/><\/figure><div class=\"wp-block-media-text__content\">\n<p class=\"has-medium-font-size\"><strong><span class=\"has-inline-color has-vivid-red-color\"><strong><strong>Hablan de nosotros<\/strong><\/strong><\/span><\/strong><\/p>\n\n\n\n<p>Los materiales expresan una posici\u00f3n de los docentes frente a un tema, c\u00f3mo abordarlo y qu\u00e9 aspectos son importantes.<\/p>\n<\/div><\/div>\n\n\n\n<div class=\"wp-block-media-text alignwide is-stacked-on-mobile\"><figure class=\"wp-block-media-text__media\"><img loading=\"lazy\" decoding=\"async\" width=\"249\" height=\"201\" src=\"http:\/\/exa.unne.edu.ar\/facena-virtual\/wp-content\/uploads\/2021\/02\/4.png\" alt=\"\" class=\"wp-image-399 size-full\"\/><\/figure><div class=\"wp-block-media-text__content\">\n<p class=\"has-medium-font-size\"><strong><span class=\"has-inline-color has-vivid-red-color\"><strong><strong><strong>\u00bfQu\u00e9 contenidos?<\/strong><\/strong><\/strong><\/span><\/strong><\/p>\n\n\n\n<p>\u00bfQu\u00e9 contenidos se van a desarrollar? \u00bfCon qu\u00e9 extensi\u00f3n? \u00bfC\u00f3mo se van a utilizar? (\u00bfde manera grupal \/ individual? \u00bfDurante una clase, antes o despu\u00e9s?)<\/p>\n<\/div><\/div>\n\n\n\n<div class=\"wp-block-media-text alignwide is-stacked-on-mobile\"><figure class=\"wp-block-media-text__media\"><img loading=\"lazy\" decoding=\"async\" width=\"208\" height=\"204\" src=\"http:\/\/exa.unne.edu.ar\/facena-virtual\/wp-content\/uploads\/2021\/02\/5.png\" alt=\"\" class=\"wp-image-400 size-full\"\/><\/figure><div class=\"wp-block-media-text__content\">\n<p class=\"has-medium-font-size\"><strong><span class=\"has-inline-color has-vivid-red-color\"><strong><strong><strong><strong>\u00bfQu\u00e9 formatos?<\/strong><\/strong><\/strong><\/strong><\/span><\/strong><\/p>\n\n\n\n<ul class=\"wp-block-list\" id=\"block-f58d2663-79c8-44b1-a6c7-eda9ad128f06\"><li>Qu\u00e9 formato es adecuado para el desarrollo de los contenidos? Texto, hipertexto, infograf\u00eda, video, podcast, etc.<\/li><li>\u00bfD\u00f3nde se alojar\u00e1 el material? \u00bfSe podr\u00e1 acceder desde cualquier dispositivo?<\/li><\/ul>\n<\/div><\/div>\n\n\n\n<div class=\"wp-block-media-text alignwide is-stacked-on-mobile\"><figure class=\"wp-block-media-text__media\"><img loading=\"lazy\" decoding=\"async\" width=\"252\" height=\"207\" src=\"http:\/\/exa.unne.edu.ar\/facena-virtual\/wp-content\/uploads\/2021\/02\/6.png\" alt=\"\" class=\"wp-image-401 size-full\"\/><\/figure><div class=\"wp-block-media-text__content\">\n<p class=\"has-medium-font-size\"><strong><span class=\"has-inline-color has-vivid-red-color\"><strong><strong><strong><strong><strong>Cuidar los detalles<\/strong><\/strong><\/strong><\/strong><\/strong><\/span><\/strong><\/p>\n\n\n\n<ul class=\"wp-block-list\" id=\"block-f58d2663-79c8-44b1-a6c7-eda9ad128f06\"><li>Revisar la ortograf\u00eda y la sintaxis.<\/li><li>Propuesta est\u00e9tica que facilite su comprensi\u00f3n.<\/li><li>Citar las fuentes..<\/li><\/ul>\n<\/div><\/div>\n\n\n\n<div class=\"wp-block-media-text alignwide is-stacked-on-mobile\"><figure class=\"wp-block-media-text__media\"><img loading=\"lazy\" decoding=\"async\" width=\"164\" height=\"157\" src=\"http:\/\/exa.unne.edu.ar\/facena-virtual\/wp-content\/uploads\/2021\/02\/7-1-e1614035957286.png\" alt=\"\" class=\"wp-image-413 size-full\"\/><\/figure><div class=\"wp-block-media-text__content\">\n<p class=\"has-medium-font-size\"><strong><span class=\"has-inline-color has-vivid-red-color\"><strong><strong><strong><strong><strong><strong>\u00bfEvaluamos?<\/strong><\/strong><\/strong><\/strong><\/strong><\/strong><\/span><\/strong><\/p>\n\n\n\n<p>\u00bfQu\u00e9 resultados obtuvimos al utilizar los materiales educativos? \u00bfSe lograron los objetivos? \u00bfSe podr\u00edan mejorar?<\/p>\n<\/div><\/div>\n\n\n\n<div class=\"wp-block-group\"><div class=\"wp-block-group__inner-container is-layout-flow wp-block-group-is-layout-flow\">\n<div class=\"wp-block-columns is-layout-flex wp-container-core-columns-is-layout-9d6595d7 wp-block-columns-is-layout-flex\">\n<div class=\"wp-block-column is-layout-flow wp-block-column-is-layout-flow\"><\/div>\n\n\n\n<div class=\"wp-block-column is-layout-flow wp-block-column-is-layout-flow\"><\/div>\n<\/div>\n<\/div><\/div>\n\n\n\n<p class=\"has-text-align-center has-white-color has-vivid-red-background-color has-text-color has-background\" style=\"font-size:17px\"><strong><a rel=\"noreferrer noopener\" href=\"http:\/\/exa.unne.edu.ar\/facena-virtual\/wp-content\/uploads\/2021\/02\/Infografias.png\" target=\"_blank\">Descarga la infograf\u00eda<\/a><\/strong><\/p>\n\n\n\n<p><\/p>\n\n\n\n<p><strong><span class=\"has-inline-color has-vivid-red-color\">Referencia bibliogr\u00e1fica:<\/span><\/strong><\/p>\n\n\n\n<p>Kapl\u00fan, Gabriel (2005). <em>Contenidos, itinerarios y juegos. Tres ejes para el an\u00e1lisis y la construcci\u00f3n de mensajes educativos<\/em>. Universidad de la Rep\u00fablica, Montevideo, Uruguay. En revista virtual Nodos N\u00ba3. Disponible para visualizaci\u00f3n: www.revistanodos.com.ar.<\/p>\n\n\n\n<p><strong><span class=\"has-inline-color has-vivid-red-color\">Enlaces a recursos pedag\u00f3gicos producidos por UNNE Virtual:<\/span><\/strong><\/p>\n\n\n\n<ul class=\"wp-block-list\"><li><strong><a rel=\"noreferrer noopener\" href=\"https:\/\/virtual.unne.edu.ar\/contingencia-covid19\/recursos-herramientas-pedagogicas-meteriales-digitalizados.html\" target=\"_blank\">Hablemos de materiales digitalizados y su uso en las aulas virtuales\u2026<\/a><\/strong><\/li><li><strong><a rel=\"noreferrer noopener\" href=\"https:\/\/virtual.unne.edu.ar\/contingencia-covid19\/recursos-herramientas-pedagogicas-powerpoint.html\" target=\"_blank\">Las presentaciones en PowerPoint en el aula virtual<\/a><\/strong><\/li><li><strong><a rel=\"noreferrer noopener\" href=\"https:\/\/virtual.unne.edu.ar\/contingencia-covid19\/recursos-herramientas-pedagogicas-la-comuniacion-escrita.html\" target=\"_blank\">La comunicaci\u00f3n escrita en entornos virtuales<\/a><\/strong><\/li><\/ul>\n","protected":false},"excerpt":{"rendered":"<p>Los materiales educativos son producciones elaboradas para favorecer los aprendizajes en el marco de una propuesta pedag\u00f3gica.&nbsp; En algunas ocasiones, se producen intencionalmente para ense\u00f1ar alg\u00fan contenido, procedimiento, desarrollar una habilidad o comportamiento (con una intencionalidad did\u00e1ctica definida). En otras, los docentes se valen de recursos informativos o de otro tipo (pel\u00edcula, texto de un &hellip; <\/p>\n","protected":false},"author":1,"featured_media":0,"parent":0,"menu_order":0,"comment_status":"closed","ping_status":"closed","template":"","meta":{"_monsterinsights_skip_tracking":false,"_monsterinsights_sitenote_active":false,"_monsterinsights_sitenote_note":"","_monsterinsights_sitenote_category":0,"footnotes":""},"class_list":["post-332","page","type-page","status-publish","hentry"],"_links":{"self":[{"href":"https:\/\/exa.unne.edu.ar\/facena-virtual\/index.php\/wp-json\/wp\/v2\/pages\/332","targetHints":{"allow":["GET"]}}],"collection":[{"href":"https:\/\/exa.unne.edu.ar\/facena-virtual\/index.php\/wp-json\/wp\/v2\/pages"}],"about":[{"href":"https:\/\/exa.unne.edu.ar\/facena-virtual\/index.php\/wp-json\/wp\/v2\/types\/page"}],"author":[{"embeddable":true,"href":"https:\/\/exa.unne.edu.ar\/facena-virtual\/index.php\/wp-json\/wp\/v2\/users\/1"}],"replies":[{"embeddable":true,"href":"https:\/\/exa.unne.edu.ar\/facena-virtual\/index.php\/wp-json\/wp\/v2\/comments?post=332"}],"version-history":[{"count":0,"href":"https:\/\/exa.unne.edu.ar\/facena-virtual\/index.php\/wp-json\/wp\/v2\/pages\/332\/revisions"}],"wp:attachment":[{"href":"https:\/\/exa.unne.edu.ar\/facena-virtual\/index.php\/wp-json\/wp\/v2\/media?parent=332"}],"curies":[{"name":"wp","href":"https:\/\/api.w.org\/{rel}","templated":true}]}}