{"id":178,"date":"2023-11-03T19:05:53","date_gmt":"2023-11-03T19:05:53","guid":{"rendered":"https:\/\/exa.unne.edu.ar\/diplomatura\/?page_id=178"},"modified":"2023-11-03T19:10:41","modified_gmt":"2023-11-03T19:10:41","slug":"requisitos-de-admision","status":"publish","type":"page","link":"https:\/\/exa.unne.edu.ar\/diplomatura\/index.php\/requisitos-de-admision\/","title":{"rendered":"Requisitos de admisi\u00f3n"},"content":{"rendered":"\n<p>Para la admisi\u00f3n se requiere poseer t\u00edtulo secundario (excluyente)<\/p>\n\n\n\n<p>Es deseable (no excluyente):<\/p>\n\n\n\n<ul class=\"wp-block-list\">\n<li>Poseer conocimientos en las asignaturas C\u00e1lculo I y II, \u00c1lgebra y Estad\u00edstica b\u00e1sica de cualquier carrera del campo de las ciencias exactas, naturales y de las ingenier\u00edas, y;&nbsp;<\/li>\n\n\n\n<li>Poseer conocimientos b\u00e1sicos en programaci\u00f3n.&nbsp;<\/li>\n<\/ul>\n\n\n\n<p>Se dar\u00e1 prioridad en el cupo a aquellos inscriptos que posean estos conocimientos previos en base al an\u00e1lisis de la documentaci\u00f3n presentada por los\/as postulantes en la inscripci\u00f3n.<\/p>\n","protected":false},"excerpt":{"rendered":"<p>Para la admisi\u00f3n se requiere poseer t\u00edtulo secundario (excluyente) Es deseable (no excluyente): Se dar\u00e1 prioridad en el cupo a aquellos inscriptos que posean estos conocimientos previos en base al an\u00e1lisis de la documentaci\u00f3n presentada por los\/as postulantes en la inscripci\u00f3n.<\/p>\n","protected":false},"author":1,"featured_media":0,"parent":0,"menu_order":0,"comment_status":"closed","ping_status":"closed","template":"","meta":{"_monsterinsights_skip_tracking":false,"_monsterinsights_sitenote_active":false,"_monsterinsights_sitenote_note":"","_monsterinsights_sitenote_category":0,"footnotes":""},"categories":[],"tags":[],"class_list":["post-178","page","type-page","status-publish","hentry"],"_links":{"self":[{"href":"https:\/\/exa.unne.edu.ar\/diplomatura\/index.php\/wp-json\/wp\/v2\/pages\/178","targetHints":{"allow":["GET"]}}],"collection":[{"href":"https:\/\/exa.unne.edu.ar\/diplomatura\/index.php\/wp-json\/wp\/v2\/pages"}],"about":[{"href":"https:\/\/exa.unne.edu.ar\/diplomatura\/index.php\/wp-json\/wp\/v2\/types\/page"}],"author":[{"embeddable":true,"href":"https:\/\/exa.unne.edu.ar\/diplomatura\/index.php\/wp-json\/wp\/v2\/users\/1"}],"replies":[{"embeddable":true,"href":"https:\/\/exa.unne.edu.ar\/diplomatura\/index.php\/wp-json\/wp\/v2\/comments?post=178"}],"version-history":[{"count":4,"href":"https:\/\/exa.unne.edu.ar\/diplomatura\/index.php\/wp-json\/wp\/v2\/pages\/178\/revisions"}],"predecessor-version":[{"id":189,"href":"https:\/\/exa.unne.edu.ar\/diplomatura\/index.php\/wp-json\/wp\/v2\/pages\/178\/revisions\/189"}],"wp:attachment":[{"href":"https:\/\/exa.unne.edu.ar\/diplomatura\/index.php\/wp-json\/wp\/v2\/media?parent=178"}],"wp:term":[{"taxonomy":"category","embeddable":true,"href":"https:\/\/exa.unne.edu.ar\/diplomatura\/index.php\/wp-json\/wp\/v2\/categories?post=178"},{"taxonomy":"post_tag","embeddable":true,"href":"https:\/\/exa.unne.edu.ar\/diplomatura\/index.php\/wp-json\/wp\/v2\/tags?post=178"}],"curies":[{"name":"wp","href":"https:\/\/api.w.org\/{rel}","templated":true}]}}