{"id":170,"date":"2023-11-03T19:02:45","date_gmt":"2023-11-03T19:02:45","guid":{"rendered":"https:\/\/exa.unne.edu.ar\/diplomatura\/?page_id=170"},"modified":"2024-09-25T14:18:09","modified_gmt":"2024-09-25T14:18:09","slug":"calendario-academico","status":"publish","type":"page","link":"https:\/\/exa.unne.edu.ar\/diplomatura\/index.php\/calendario-academico\/","title":{"rendered":"Calendario acad\u00e9mico"},"content":{"rendered":"\t\t<div data-elementor-type=\"wp-page\" data-elementor-id=\"170\" class=\"elementor elementor-170\">\n\t\t\t\t\t\t<section class=\"elementor-section elementor-top-section elementor-element elementor-element-3124b05 elementor-section-boxed elementor-section-height-default elementor-section-height-default\" data-id=\"3124b05\" data-element_type=\"section\">\n\t\t\t\t\t\t<div class=\"elementor-container elementor-column-gap-default\">\n\t\t\t\t\t<div class=\"elementor-column elementor-col-100 elementor-top-column elementor-element elementor-element-f656ad1\" data-id=\"f656ad1\" data-element_type=\"column\">\n\t\t\t<div class=\"elementor-widget-wrap elementor-element-populated\">\n\t\t\t\t\t\t<div class=\"elementor-element elementor-element-f530440 elementor-widget elementor-widget-text-editor\" data-id=\"f530440\" data-element_type=\"widget\" data-widget_type=\"text-editor.default\">\n\t\t\t\t<div class=\"elementor-widget-container\">\n\t\t\t\t\t\t\t\t\t<p><strong style=\"color: #000000; font-family: var( --e-global-typography-text-font-family ), Sans-serif;\">Sobre el dictado:<\/strong><\/p><p><span style=\"color: #000000;\">Las clases se dictar\u00e1n viernes de 17 a 21 h. y los s\u00e1bados de 9 a 13 h.<\/span><\/p><p><span style=\"color: #000000;\">Las clases ser\u00e1n presenciales en la \u00abSala de Computaci\u00f3n de F\u00edsica\u00bb del Campus Libertad y para casos excepcionales virtuales (estudiantes del interior, etc.).<\/span><\/p><p>\u00a0<\/p><p><span style=\"color: #000000;\"><strong>M\u00f3dulo 1<\/strong> &#8211; Introducci\u00f3n a Python (del 03\/05 al 07\/06)<\/span><br \/><span style=\"color: #000000;\"><strong>M\u00f3dulo 2<\/strong> &#8211; Elementos de Probabilidad y Estad\u00edstica (del 11\/05 al 15\/06)<\/span><br \/><span style=\"color: #000000;\"><strong>Per\u00edodo de Evaluaci\u00f3n de M\u00f3dulos 1 y 2<\/strong> &#8211; 26 y 27 de Julio<\/span><\/p><p><span style=\"color: #000000;\"><strong>M\u00f3dulo 3<\/strong> &#8211; An\u00e1lisis Exploratorio de Datos (del 02\/08 al 20\/09)<\/span><br \/><span style=\"color: #000000;\"><strong>M\u00f3dulo 4<\/strong> &#8211; Aprendizaje Autom\u00e1tico (del 03\/08 al 28\/09 &#8211; se tiene en cuenta el feriado nacional del s\u00e1bado 17\/08)<\/span><br \/><span style=\"color: #000000;\"><strong>Per\u00edodo de Evaluaci\u00f3n de M\u00f3dulos 2 y 3<\/strong> &#8211; Semana del 14\/10<\/span><\/p><p><span style=\"color: #000000;\"><strong>M\u00f3dulo 5<\/strong> &#8211; Aprendizaje No Supervisado (del 25\/10 al 06\/12)<\/span><br \/><span style=\"color: #000000;\"><strong>M\u00f3dulo 6<\/strong> &#8211; Aprendizaje Profundo (del 26\/10 al 07\/12)<\/span><br \/><br \/><\/p>\t\t\t\t\t\t\t\t<\/div>\n\t\t\t\t<\/div>\n\t\t\t\t<div class=\"elementor-element elementor-element-63e06f1 elementor-widget elementor-widget-image\" data-id=\"63e06f1\" data-element_type=\"widget\" data-widget_type=\"image.default\">\n\t\t\t\t<div class=\"elementor-widget-container\">\n\t\t\t\t\t\t\t\t\t\t\t\t\t\t\t<img fetchpriority=\"high\" decoding=\"async\" width=\"1020\" height=\"574\" src=\"https:\/\/exa.unne.edu.ar\/diplomatura\/wp-content\/uploads\/2024\/09\/Cronograma-Diplo-1-1024x576.png\" class=\"attachment-large size-large wp-image-527\" alt=\"\" srcset=\"https:\/\/exa.unne.edu.ar\/diplomatura\/wp-content\/uploads\/2024\/09\/Cronograma-Diplo-1-1024x576.png 1024w, https:\/\/exa.unne.edu.ar\/diplomatura\/wp-content\/uploads\/2024\/09\/Cronograma-Diplo-1-300x169.png 300w, https:\/\/exa.unne.edu.ar\/diplomatura\/wp-content\/uploads\/2024\/09\/Cronograma-Diplo-1-768x432.png 768w, https:\/\/exa.unne.edu.ar\/diplomatura\/wp-content\/uploads\/2024\/09\/Cronograma-Diplo-1-107x60.png 107w, https:\/\/exa.unne.edu.ar\/diplomatura\/wp-content\/uploads\/2024\/09\/Cronograma-Diplo-1.png 1280w\" sizes=\"(max-width: 1020px) 100vw, 1020px\" \/>\t\t\t\t\t\t\t\t\t\t\t\t\t\t\t<\/div>\n\t\t\t\t<\/div>\n\t\t\t\t\t<\/div>\n\t\t<\/div>\n\t\t\t\t\t<\/div>\n\t\t<\/section>\n\t\t\t\t<section class=\"elementor-section elementor-top-section elementor-element elementor-element-10cdebf elementor-section-boxed elementor-section-height-default elementor-section-height-default\" data-id=\"10cdebf\" data-element_type=\"section\">\n\t\t\t\t\t\t<div class=\"elementor-container elementor-column-gap-default\">\n\t\t\t\t\t<div class=\"elementor-column elementor-col-100 elementor-top-column elementor-element elementor-element-355288d\" data-id=\"355288d\" data-element_type=\"column\">\n\t\t\t<div class=\"elementor-widget-wrap\">\n\t\t\t\t\t\t\t<\/div>\n\t\t<\/div>\n\t\t\t\t\t<\/div>\n\t\t<\/section>\n\t\t\t\t<\/div>\n\t\t","protected":false},"excerpt":{"rendered":"<p>Sobre el dictado: Las clases se dictar\u00e1n viernes de 17 a 21 h. y los s\u00e1bados de 9 a 13 h. Las clases ser\u00e1n presenciales en la \u00abSala de Computaci\u00f3n de F\u00edsica\u00bb del Campus Libertad y para casos excepcionales virtuales (estudiantes del interior, etc.). M\u00f3dulo 1 &#8211; Introducci\u00f3n a Python (del 03\/05 al 07\/06) M\u00f3dulo &hellip; <\/p>\n","protected":false},"author":1,"featured_media":0,"parent":0,"menu_order":0,"comment_status":"closed","ping_status":"closed","template":"","meta":{"_monsterinsights_skip_tracking":false,"_monsterinsights_sitenote_active":false,"_monsterinsights_sitenote_note":"","_monsterinsights_sitenote_category":0,"footnotes":""},"categories":[],"tags":[],"class_list":["post-170","page","type-page","status-publish","hentry"],"_links":{"self":[{"href":"https:\/\/exa.unne.edu.ar\/diplomatura\/index.php\/wp-json\/wp\/v2\/pages\/170","targetHints":{"allow":["GET"]}}],"collection":[{"href":"https:\/\/exa.unne.edu.ar\/diplomatura\/index.php\/wp-json\/wp\/v2\/pages"}],"about":[{"href":"https:\/\/exa.unne.edu.ar\/diplomatura\/index.php\/wp-json\/wp\/v2\/types\/page"}],"author":[{"embeddable":true,"href":"https:\/\/exa.unne.edu.ar\/diplomatura\/index.php\/wp-json\/wp\/v2\/users\/1"}],"replies":[{"embeddable":true,"href":"https:\/\/exa.unne.edu.ar\/diplomatura\/index.php\/wp-json\/wp\/v2\/comments?post=170"}],"version-history":[{"count":43,"href":"https:\/\/exa.unne.edu.ar\/diplomatura\/index.php\/wp-json\/wp\/v2\/pages\/170\/revisions"}],"predecessor-version":[{"id":532,"href":"https:\/\/exa.unne.edu.ar\/diplomatura\/index.php\/wp-json\/wp\/v2\/pages\/170\/revisions\/532"}],"wp:attachment":[{"href":"https:\/\/exa.unne.edu.ar\/diplomatura\/index.php\/wp-json\/wp\/v2\/media?parent=170"}],"wp:term":[{"taxonomy":"category","embeddable":true,"href":"https:\/\/exa.unne.edu.ar\/diplomatura\/index.php\/wp-json\/wp\/v2\/categories?post=170"},{"taxonomy":"post_tag","embeddable":true,"href":"https:\/\/exa.unne.edu.ar\/diplomatura\/index.php\/wp-json\/wp\/v2\/tags?post=170"}],"curies":[{"name":"wp","href":"https:\/\/api.w.org\/{rel}","templated":true}]}}