{"id":167,"date":"2023-11-03T19:01:52","date_gmt":"2023-11-03T19:01:52","guid":{"rendered":"https:\/\/exa.unne.edu.ar\/diplomatura\/?page_id=167"},"modified":"2024-04-03T14:31:15","modified_gmt":"2024-04-03T14:31:15","slug":"plantel-docente","status":"publish","type":"page","link":"https:\/\/exa.unne.edu.ar\/diplomatura\/index.php\/plantel-docente\/","title":{"rendered":""},"content":{"rendered":"\t\t<div data-elementor-type=\"wp-page\" data-elementor-id=\"167\" class=\"elementor elementor-167\">\n\t\t\t\t\t\t<section class=\"elementor-section elementor-top-section elementor-element elementor-element-b1fe631 elementor-section-boxed elementor-section-height-default elementor-section-height-default\" data-id=\"b1fe631\" data-element_type=\"section\" data-e-type=\"section\">\n\t\t\t\t\t\t<div class=\"elementor-container elementor-column-gap-default\">\n\t\t\t\t\t<div class=\"elementor-column elementor-col-100 elementor-top-column elementor-element elementor-element-dfc6c84\" data-id=\"dfc6c84\" data-element_type=\"column\" data-e-type=\"column\">\n\t\t\t<div class=\"elementor-widget-wrap elementor-element-populated\">\n\t\t\t\t\t\t<div class=\"elementor-element elementor-element-a973ddf elementor-widget elementor-widget-heading\" data-id=\"a973ddf\" data-element_type=\"widget\" data-e-type=\"widget\" data-widget_type=\"heading.default\">\n\t\t\t\t<div class=\"elementor-widget-container\">\n\t\t\t\t\t<h2 class=\"elementor-heading-title elementor-size-xxl\">Docentes<\/h2>\t\t\t\t<\/div>\n\t\t\t\t<\/div>\n\t\t\t\t<div class=\"elementor-element elementor-element-bdbdde1 elementor-widget elementor-widget-spacer\" data-id=\"bdbdde1\" data-element_type=\"widget\" data-e-type=\"widget\" data-widget_type=\"spacer.default\">\n\t\t\t\t<div class=\"elementor-widget-container\">\n\t\t\t\t\t\t\t<div class=\"elementor-spacer\">\n\t\t\t<div class=\"elementor-spacer-inner\"><\/div>\n\t\t<\/div>\n\t\t\t\t\t\t<\/div>\n\t\t\t\t<\/div>\n\t\t\t\t\t<\/div>\n\t\t<\/div>\n\t\t\t\t\t<\/div>\n\t\t<\/section>\n\t\t\t\t<section class=\"elementor-section elementor-top-section elementor-element elementor-element-826ed50 elementor-section-boxed elementor-section-height-default elementor-section-height-default\" data-id=\"826ed50\" data-element_type=\"section\" data-e-type=\"section\">\n\t\t\t\t\t\t<div class=\"elementor-container elementor-column-gap-default\">\n\t\t\t\t\t<div class=\"elementor-column elementor-col-100 elementor-top-column elementor-element elementor-element-8f7347e\" data-id=\"8f7347e\" data-element_type=\"column\" data-e-type=\"column\">\n\t\t\t<div class=\"elementor-widget-wrap elementor-element-populated\">\n\t\t\t\t\t\t<div class=\"elementor-element elementor-element-3211180 elementor-widget elementor-widget-text-editor\" data-id=\"3211180\" data-element_type=\"widget\" data-e-type=\"widget\" data-widget_type=\"text-editor.default\">\n\t\t\t\t<div class=\"elementor-widget-container\">\n\t\t\t\t\t\t\t\t\t<ul><li style=\"text-align: left;\"><span style=\"color: #000000;\">Diego Acosta<\/span><\/li><li style=\"text-align: left;\"><span style=\"color: #000000;\">Fernando Alvarez<\/span><\/li><li style=\"text-align: left;\"><span style=\"color: #000000;\">Emilio Angelina<\/span><\/li><li style=\"text-align: left;\"><span style=\"color: #000000;\">Celine Cabaz<\/span><\/li><li style=\"text-align: left;\"><span style=\"color: #000000;\">Luis Duarte<\/span><\/li><li style=\"text-align: left;\"><span style=\"color: #000000;\">Leonardo G\u00f3mez Ch\u00e1vez<\/span><\/li><li style=\"text-align: left;\"><span style=\"color: #000000;\">Mat\u00edas Hisgen<\/span><\/li><li style=\"text-align: left;\"><span style=\"color: #000000;\">Lucia Ledesma<\/span><\/li><li style=\"text-align: left;\"><span style=\"color: #000000;\">Magdalena Lucini<\/span><\/li><li style=\"text-align: left;\"><span style=\"color: #000000;\">Sonia Mari\u00f1o<\/span><\/li><li style=\"text-align: left;\"><span style=\"color: #000000;\">Rafael P\u00e9rez<\/span><\/li><li style=\"text-align: left;\"><span style=\"color: #000000;\">Mar\u00eda In\u00e9s Pisarello<\/span><\/li><li style=\"text-align: left;\"><span style=\"color: #000000;\">Manuel Pulido<\/span><\/li><li style=\"text-align: left;\"><span style=\"color: #000000;\">Sebasti\u00e1n Suaid<\/span><\/li><\/ul>\t\t\t\t\t\t\t\t<\/div>\n\t\t\t\t<\/div>\n\t\t\t\t\t<\/div>\n\t\t<\/div>\n\t\t\t\t\t<\/div>\n\t\t<\/section>\n\t\t\t\t<\/div>\n\t\t","protected":false},"excerpt":{"rendered":"<p>Docentes Diego Acosta Fernando Alvarez Emilio Angelina Celine Cabaz Luis Duarte Leonardo G\u00f3mez Ch\u00e1vez Mat\u00edas Hisgen Lucia Ledesma Magdalena Lucini Sonia Mari\u00f1o Rafael P\u00e9rez Mar\u00eda In\u00e9s Pisarello Manuel Pulido Sebasti\u00e1n Suaid<\/p>\n","protected":false},"author":1,"featured_media":0,"parent":0,"menu_order":0,"comment_status":"closed","ping_status":"closed","template":"","meta":{"_monsterinsights_skip_tracking":false,"_monsterinsights_sitenote_active":false,"_monsterinsights_sitenote_note":"","_monsterinsights_sitenote_category":0,"footnotes":""},"categories":[],"tags":[],"class_list":["post-167","page","type-page","status-publish","hentry"],"_links":{"self":[{"href":"https:\/\/exa.unne.edu.ar\/diplomatura\/index.php\/wp-json\/wp\/v2\/pages\/167","targetHints":{"allow":["GET"]}}],"collection":[{"href":"https:\/\/exa.unne.edu.ar\/diplomatura\/index.php\/wp-json\/wp\/v2\/pages"}],"about":[{"href":"https:\/\/exa.unne.edu.ar\/diplomatura\/index.php\/wp-json\/wp\/v2\/types\/page"}],"author":[{"embeddable":true,"href":"https:\/\/exa.unne.edu.ar\/diplomatura\/index.php\/wp-json\/wp\/v2\/users\/1"}],"replies":[{"embeddable":true,"href":"https:\/\/exa.unne.edu.ar\/diplomatura\/index.php\/wp-json\/wp\/v2\/comments?post=167"}],"version-history":[{"count":92,"href":"https:\/\/exa.unne.edu.ar\/diplomatura\/index.php\/wp-json\/wp\/v2\/pages\/167\/revisions"}],"predecessor-version":[{"id":409,"href":"https:\/\/exa.unne.edu.ar\/diplomatura\/index.php\/wp-json\/wp\/v2\/pages\/167\/revisions\/409"}],"wp:attachment":[{"href":"https:\/\/exa.unne.edu.ar\/diplomatura\/index.php\/wp-json\/wp\/v2\/media?parent=167"}],"wp:term":[{"taxonomy":"category","embeddable":true,"href":"https:\/\/exa.unne.edu.ar\/diplomatura\/index.php\/wp-json\/wp\/v2\/categories?post=167"},{"taxonomy":"post_tag","embeddable":true,"href":"https:\/\/exa.unne.edu.ar\/diplomatura\/index.php\/wp-json\/wp\/v2\/tags?post=167"}],"curies":[{"name":"wp","href":"https:\/\/api.w.org\/{rel}","templated":true}]}}