{"id":94,"date":"2024-08-26T13:19:55","date_gmt":"2024-08-26T16:19:55","guid":{"rendered":"https:\/\/exa.unne.edu.ar\/congreso%20limnologia\/?page_id=94"},"modified":"2024-08-28T21:50:17","modified_gmt":"2024-08-29T00:50:17","slug":"sede","status":"publish","type":"page","link":"https:\/\/exa.unne.edu.ar\/congreso%20limnologia\/index.php\/sede\/","title":{"rendered":"Sede"},"content":{"rendered":"<p>[vc_row][vc_column][vc_column_text]El Congreso ser\u00e1 desarrollar\u00e1 en modalidad presencial, con algunas conferencias virtuales, en el M\u00f3dulo de Ingenier\u00eda de la Facultad de Ciencias Exactas y Naturales y Agrimensura de la Universidad Nacional del Nordeste.<\/p>\n<p>&nbsp;<\/p>\n<p>Este edificio est\u00e1 ubicado en el Campus Deodoro Roca, a 6 km (15 minutos), del centro de Corrientes y posee instalaciones c\u00f3modas que permiten la realizaci\u00f3n de estos eventos, con acceso a internet.<\/p>\n<p>&nbsp;<\/p>\n<p>En el Aula E se llevar\u00e1n a cabo las conferencias plenarias, los actos de inauguraci\u00f3n, de clausura y la Asamblea Ordinaria de la AAL.[\/vc_column_text][\/vc_column][\/vc_row][vc_row][vc_column][vc_separator border_width=&#8221;4&#8243;][\/vc_column][\/vc_row][vc_row][vc_column width=&#8221;1\/2&#8243;][vc_column_text]<\/p>\n<h3 style=\"text-align: center;\"><span lang=\"en-US\">\u00bfC\u00f3mo llegar?<\/span><\/h3>\n<p>Vinculo:\u00a0<a href=\"https:\/\/maps.app.goo.gl\/E7V9JdGUvhMn5WzL9\"> <b><span style=\"color: #800000;\">https:\/\/maps.app.goo.gl\/E7V9JdGUvhMn5WzL9<\/span><\/b><\/a><\/p>\n<p>&nbsp;<\/p>\n<p><img fetchpriority=\"high\" decoding=\"async\" class=\"alignnone wp-image-146 size-full\" src=\"https:\/\/exa.unne.edu.ar\/congreso%20limnologia\/wp-content\/uploads\/2024\/08\/ubicacion-facutad.png\" alt=\"\" width=\"600\" height=\"310\" srcset=\"https:\/\/exa.unne.edu.ar\/congreso%20limnologia\/wp-content\/uploads\/2024\/08\/ubicacion-facutad.png 600w, https:\/\/exa.unne.edu.ar\/congreso%20limnologia\/wp-content\/uploads\/2024\/08\/ubicacion-facutad-300x155.png 300w, https:\/\/exa.unne.edu.ar\/congreso%20limnologia\/wp-content\/uploads\/2024\/08\/ubicacion-facutad-116x60.png 116w\" sizes=\"(max-width: 600px) 100vw, 600px\" \/>[\/vc_column_text][\/vc_column][vc_column width=&#8221;1\/2&#8243;][vc_column_text]<img decoding=\"async\" class=\"aligncenter wp-image-95 size-full\" src=\"https:\/\/exa.unne.edu.ar\/congreso%20limnologia\/wp-content\/uploads\/2024\/08\/sede.jpg\" alt=\"\" width=\"382\" height=\"510\" srcset=\"https:\/\/exa.unne.edu.ar\/congreso%20limnologia\/wp-content\/uploads\/2024\/08\/sede.jpg 382w, https:\/\/exa.unne.edu.ar\/congreso%20limnologia\/wp-content\/uploads\/2024\/08\/sede-225x300.jpg 225w, https:\/\/exa.unne.edu.ar\/congreso%20limnologia\/wp-content\/uploads\/2024\/08\/sede-45x60.jpg 45w\" sizes=\"(max-width: 382px) 100vw, 382px\" \/>[\/vc_column_text][\/vc_column][\/vc_row]<\/p>\n","protected":false},"excerpt":{"rendered":"<p>[vc_row][vc_column][vc_column_text]El Congreso ser\u00e1 desarrollar\u00e1 en modalidad presencial, con algunas conferencias virtuales, en el M\u00f3dulo de Ingenier\u00eda de la Facultad de Ciencias Exactas y Naturales y Agrimensura de la Universidad Nacional del Nordeste. &nbsp; Este edificio est\u00e1 ubicado en el Campus Deodoro Roca, a 6 km (15 minutos), del centro de Corrientes y posee instalaciones c\u00f3modas &hellip; <\/p>\n","protected":false},"author":1,"featured_media":0,"parent":0,"menu_order":0,"comment_status":"closed","ping_status":"closed","template":"","meta":{"_monsterinsights_skip_tracking":false,"_monsterinsights_sitenote_active":false,"_monsterinsights_sitenote_note":"","_monsterinsights_sitenote_category":0,"footnotes":""},"class_list":["post-94","page","type-page","status-publish","hentry"],"_links":{"self":[{"href":"https:\/\/exa.unne.edu.ar\/congreso%20limnologia\/index.php\/wp-json\/wp\/v2\/pages\/94","targetHints":{"allow":["GET"]}}],"collection":[{"href":"https:\/\/exa.unne.edu.ar\/congreso%20limnologia\/index.php\/wp-json\/wp\/v2\/pages"}],"about":[{"href":"https:\/\/exa.unne.edu.ar\/congreso%20limnologia\/index.php\/wp-json\/wp\/v2\/types\/page"}],"author":[{"embeddable":true,"href":"https:\/\/exa.unne.edu.ar\/congreso%20limnologia\/index.php\/wp-json\/wp\/v2\/users\/1"}],"replies":[{"embeddable":true,"href":"https:\/\/exa.unne.edu.ar\/congreso%20limnologia\/index.php\/wp-json\/wp\/v2\/comments?post=94"}],"version-history":[{"count":5,"href":"https:\/\/exa.unne.edu.ar\/congreso%20limnologia\/index.php\/wp-json\/wp\/v2\/pages\/94\/revisions"}],"predecessor-version":[{"id":159,"href":"https:\/\/exa.unne.edu.ar\/congreso%20limnologia\/index.php\/wp-json\/wp\/v2\/pages\/94\/revisions\/159"}],"wp:attachment":[{"href":"https:\/\/exa.unne.edu.ar\/congreso%20limnologia\/index.php\/wp-json\/wp\/v2\/media?parent=94"}],"curies":[{"name":"wp","href":"https:\/\/api.w.org\/{rel}","templated":true}]}}