{"id":395,"date":"2025-11-14T11:47:31","date_gmt":"2025-11-14T14:47:31","guid":{"rendered":"https:\/\/exa.unne.edu.ar\/congreso%20limnologia\/?page_id=395"},"modified":"2025-12-03T12:38:25","modified_gmt":"2025-12-03T15:38:25","slug":"resumenes-publicados","status":"publish","type":"page","link":"https:\/\/exa.unne.edu.ar\/congreso%20limnologia\/index.php\/resumenes-publicados\/","title":{"rendered":"Res\u00famenes publicados"},"content":{"rendered":"<h4>Los res\u00famenes presentados en el XI CAL est\u00e1n publicados en el Suplemento Especial del Vol. 35 de la Revista FaCENA.<\/h4>\n<h4>Link:\u00a0 <a href=\"https:\/\/revistas.unne.edu.ar\/index.php\/fce\/issue\/view\/820\/28\"><span style=\"color: #800000;\">https:\/\/revistas.unne.edu.ar\/index.php\/fce\/issue\/view\/820\/28<\/span><\/a><\/h4>\n","protected":false},"excerpt":{"rendered":"<p>Los res\u00famenes presentados en el XI CAL est\u00e1n publicados en el Suplemento Especial del Vol. 35 de la Revista FaCENA. Link:\u00a0 https:\/\/revistas.unne.edu.ar\/index.php\/fce\/issue\/view\/820\/28<\/p>\n","protected":false},"author":1,"featured_media":0,"parent":0,"menu_order":0,"comment_status":"closed","ping_status":"closed","template":"","meta":{"_monsterinsights_skip_tracking":false,"_monsterinsights_sitenote_active":false,"_monsterinsights_sitenote_note":"","_monsterinsights_sitenote_category":0,"footnotes":""},"class_list":["post-395","page","type-page","status-publish","hentry"],"_links":{"self":[{"href":"https:\/\/exa.unne.edu.ar\/congreso%20limnologia\/index.php\/wp-json\/wp\/v2\/pages\/395","targetHints":{"allow":["GET"]}}],"collection":[{"href":"https:\/\/exa.unne.edu.ar\/congreso%20limnologia\/index.php\/wp-json\/wp\/v2\/pages"}],"about":[{"href":"https:\/\/exa.unne.edu.ar\/congreso%20limnologia\/index.php\/wp-json\/wp\/v2\/types\/page"}],"author":[{"embeddable":true,"href":"https:\/\/exa.unne.edu.ar\/congreso%20limnologia\/index.php\/wp-json\/wp\/v2\/users\/1"}],"replies":[{"embeddable":true,"href":"https:\/\/exa.unne.edu.ar\/congreso%20limnologia\/index.php\/wp-json\/wp\/v2\/comments?post=395"}],"version-history":[{"count":3,"href":"https:\/\/exa.unne.edu.ar\/congreso%20limnologia\/index.php\/wp-json\/wp\/v2\/pages\/395\/revisions"}],"predecessor-version":[{"id":399,"href":"https:\/\/exa.unne.edu.ar\/congreso%20limnologia\/index.php\/wp-json\/wp\/v2\/pages\/395\/revisions\/399"}],"wp:attachment":[{"href":"https:\/\/exa.unne.edu.ar\/congreso%20limnologia\/index.php\/wp-json\/wp\/v2\/media?parent=395"}],"curies":[{"name":"wp","href":"https:\/\/api.w.org\/{rel}","templated":true}]}}