{"id":303,"date":"2025-03-14T08:00:23","date_gmt":"2025-03-14T11:00:23","guid":{"rendered":"https:\/\/exa.unne.edu.ar\/congreso%20limnologia\/?page_id=303"},"modified":"2025-03-14T08:01:39","modified_gmt":"2025-03-14T11:01:39","slug":"dr-nestor-mazzeo","status":"publish","type":"page","link":"https:\/\/exa.unne.edu.ar\/congreso%20limnologia\/index.php\/dr-nestor-mazzeo\/","title":{"rendered":"Dr. N\u00e9stor Mazzeo"},"content":{"rendered":"<p align=\"justify\"><span lang=\"es-UY\">N\u00e9stor Mazzeo es Licenciado en Biolog\u00eda (Udelar-Uruguay) y Doctor en Ciencias (Universidad de Concepci\u00f3n-Chile). Profesor Titular (r\u00e9gimen de Dedicaci\u00f3n Total) del Departamento de Ecolog\u00eda y Gesti\u00f3n Ambiental de la Udelar. Investigador Nivel III del SNI-ANII e investigador del Instituto SARAS. <\/span><\/p>\n<p align=\"justify\"><span lang=\"es-UY\">Las principales l\u00edneas de investigaci\u00f3n se vinculan a la Limnolog\u00eda y al campo de los sistemas social-ecol\u00f3gicos. En este contexto, se destacan las contribuciones de las causas, consecuencias y gesti\u00f3n de los procesos de eutrofizaci\u00f3n en sistemas l\u00e9nticos poco-profundos (incluida gobernanza del agua). Las investigaciones comprenden las interacciones con otros cambios globales, particularmente el cambio clim\u00e1tico y las transformaciones del uso del suelo. La producci\u00f3n de conocimiento (92 art\u00edculos cient\u00edficos y m\u00faltiples cap\u00edtulos de libros) comprende fundamentalmente los niveles de organizaci\u00f3n comunitario y ecosist\u00e9mico, en los \u00faltimos 10 a\u00f1os incluyen aportes inter y transdisciplinares. <\/span><\/p>\n<p align=\"justify\"><span lang=\"es-UY\">La formaci\u00f3n de estudiantes de grado, maestr\u00eda, doctorado y postdoctorados se enmarca en los programas de postgrado nacionales del PEDECIBA y Maestr\u00eda en Ciencias Ambientales, as\u00ed como en la Universidad de Wageningen (Holanda), principalmente. <\/span><\/p>\n","protected":false},"excerpt":{"rendered":"<p>N\u00e9stor Mazzeo es Licenciado en Biolog\u00eda (Udelar-Uruguay) y Doctor en Ciencias (Universidad de Concepci\u00f3n-Chile). Profesor Titular (r\u00e9gimen de Dedicaci\u00f3n Total) del Departamento de Ecolog\u00eda y Gesti\u00f3n Ambiental de la Udelar. Investigador Nivel III del SNI-ANII e investigador del Instituto SARAS. Las principales l\u00edneas de investigaci\u00f3n se vinculan a la Limnolog\u00eda y al campo de los &hellip; <\/p>\n","protected":false},"author":1,"featured_media":0,"parent":0,"menu_order":0,"comment_status":"closed","ping_status":"closed","template":"","meta":{"_monsterinsights_skip_tracking":false,"_monsterinsights_sitenote_active":false,"_monsterinsights_sitenote_note":"","_monsterinsights_sitenote_category":0,"footnotes":""},"class_list":["post-303","page","type-page","status-publish","hentry"],"_links":{"self":[{"href":"https:\/\/exa.unne.edu.ar\/congreso%20limnologia\/index.php\/wp-json\/wp\/v2\/pages\/303","targetHints":{"allow":["GET"]}}],"collection":[{"href":"https:\/\/exa.unne.edu.ar\/congreso%20limnologia\/index.php\/wp-json\/wp\/v2\/pages"}],"about":[{"href":"https:\/\/exa.unne.edu.ar\/congreso%20limnologia\/index.php\/wp-json\/wp\/v2\/types\/page"}],"author":[{"embeddable":true,"href":"https:\/\/exa.unne.edu.ar\/congreso%20limnologia\/index.php\/wp-json\/wp\/v2\/users\/1"}],"replies":[{"embeddable":true,"href":"https:\/\/exa.unne.edu.ar\/congreso%20limnologia\/index.php\/wp-json\/wp\/v2\/comments?post=303"}],"version-history":[{"count":3,"href":"https:\/\/exa.unne.edu.ar\/congreso%20limnologia\/index.php\/wp-json\/wp\/v2\/pages\/303\/revisions"}],"predecessor-version":[{"id":306,"href":"https:\/\/exa.unne.edu.ar\/congreso%20limnologia\/index.php\/wp-json\/wp\/v2\/pages\/303\/revisions\/306"}],"wp:attachment":[{"href":"https:\/\/exa.unne.edu.ar\/congreso%20limnologia\/index.php\/wp-json\/wp\/v2\/media?parent=303"}],"curies":[{"name":"wp","href":"https:\/\/api.w.org\/{rel}","templated":true}]}}