{"id":264,"date":"2024-12-23T10:18:21","date_gmt":"2024-12-23T13:18:21","guid":{"rendered":"https:\/\/exa.unne.edu.ar\/congreso%20limnologia\/?page_id=264"},"modified":"2025-02-18T09:53:30","modified_gmt":"2025-02-18T12:53:30","slug":"premios","status":"publish","type":"page","link":"https:\/\/exa.unne.edu.ar\/congreso%20limnologia\/index.php\/premios\/","title":{"rendered":"Premios"},"content":{"rendered":"<p>[vc_row][vc_column][vc_tta_tabs][vc_tta_section title=&#8221;Premio  Dr. Ra\u00fal A. Ringuelet&#8221; tab_id=&#8221;1734959826710-6a9018b5-88fc&#8221;][vc_column_text]Con motivo del otorgamiento del premio \u201cDr. Ra\u00fal A. Ringuelet\u201d, la Asociaci\u00f3n Argentina de Limnolog\u00eda invita a la presentaci\u00f3n de trabajos de investigaci\u00f3n de car\u00e1cter limnol\u00f3gico originales publicados por uno o m\u00e1s autores <em>durante el per\u00edodo 1\u00b0 de mayo de 2023 al 30 de abril de 2025<\/em>.<\/p>\n<p>&nbsp;<\/p>\n<p>El primer autor deber\u00e1 ser Socio Activo de la AAL. Estas presentaciones ser\u00e1n evaluadas por un Jurado integrado por 5 miembros designados por la Comisi\u00f3n Directiva de la AAL (uno de ellos miembro de la AAL).<\/p>\n<p>&nbsp;<\/p>\n<p><strong>Premio<\/strong>:\u00a0un Diploma y una Medalla que ser\u00e1n entregados durante el XI Congreso Argentino de Limnolog\u00eda (Corrientes, 28 de julio al 1 de agosto de 2025).<\/p>\n<p>&nbsp;<\/p>\n<p>Recepci\u00f3n de propuestas: hasta el 30 de abril de 2025 en la siguiente direcci\u00f3n de correo electr\u00f3nico: \u00a0<span style=\"color: #800000;\"><a style=\"color: #800000;\" href=\"mailto:asociaci%C3%B3ndelimnologia@gmail.com\">asociaci\u00f3ndelimnologia@gmail.com<\/a><\/span>. Deber\u00e1 indicarse en el Asunto:\u00a0<em>Postulaci\u00f3n Premio Ringuelet.<\/em>[\/vc_column_text][\/vc_tta_section][vc_tta_section title=&#8221;Premio al M\u00e9rito Limnol\u00f3gico&#8221; tab_id=&#8221;1734959826712-2d02d7ab-7e55&#8243;][vc_column_text]La Asociaci\u00f3n Argentina de Limnolog\u00eda distingue con el Premio \u201cMERITO LIMNOLOGICO\u201d a aquellos profesionales y\/o grupos de trabajo, nacionales o extranjeros, miembros o no de la AAL que, a trav\u00e9s de su trayectoria, hayan realizado aportes significativos al desarrollo\u00a0 y \/o difusi\u00f3n de la Limnolog\u00eda.<\/p>\n<p>&nbsp;<\/p>\n<p>Cada menci\u00f3n primero deber\u00e1 ser elevada como propuesta a la Comisi\u00f3n Directiva de la AAL con el aval de un m\u00ednimo de 15 miembros de la AAL.<\/p>\n<p>&nbsp;<\/p>\n<p>Esta propuesta ser\u00e1 evaluada por la misma comisi\u00f3n y la Menci\u00f3n se har\u00e1 efectiva con la aprobaci\u00f3n de la mayor\u00eda de los votos de esta comisi\u00f3n.<\/p>\n<p>&nbsp;<\/p>\n<p><strong>D<\/strong><strong>istinci\u00f3n<\/strong>: un Diploma y una Medalla que ser\u00e1n entregados durante el XI Congreso Argentino de Limnolog\u00eda (Corrientes, 28 de julio al 1 de agosto de 2025).<\/p>\n<p>&nbsp;<\/p>\n<p>Recepci\u00f3n de propuestas: hasta el 30 de abril de 2025 en la siguiente direcci\u00f3n de correo electr\u00f3nico: <a href=\"mailto:asociaci%C3%B3ndelimnologia@gmail.com\"><span style=\"color: #800000;\">asociaci\u00f3ndelimnologia@gmail.com<\/span><\/a>. Deber\u00e1 indicarse en el Asunto:\u00a0<em>Premio M\u00e9rito Limnol\u00f3gico.<\/em>[\/vc_column_text][\/vc_tta_section][vc_tta_section title=&#8221;Membres\u00edas gratis a la Sociedad de Cient\u00edficos de Humedales&#8221; tab_id=&#8221;1739882501323-8688d30d-3bf4&#8243;][vc_column_text]El cap\u00edtulo Latinoamericano y del Caribe, de la Sociedad de Cient\u00edficos de Humedales (SWS), ofrece 5 membres\u00edas gratis a las tres mejores exposiciones orales para becarios (una de becas de pregrado y dos de posgrado) y dos mejores exposiciones en formato p\u00f3ster (una de becas de pregrado y una de becas de posgrado).<\/p>\n<p>&nbsp;<\/p>\n<p>Estas presentaciones ser\u00e1n evaluadas, durante el Congreso, por un Jurado integrado por miembros del Comit\u00e9 Cient\u00edfico.[\/vc_column_text][\/vc_tta_section][\/vc_tta_tabs][\/vc_column][\/vc_row]<\/p>\n","protected":false},"excerpt":{"rendered":"<p>[vc_row][vc_column][vc_tta_tabs][vc_tta_section title=&#8221;Premio Dr. Ra\u00fal A. Ringuelet&#8221; tab_id=&#8221;1734959826710-6a9018b5-88fc&#8221;][vc_column_text]Con motivo del otorgamiento del premio \u201cDr. Ra\u00fal A. Ringuelet\u201d, la Asociaci\u00f3n Argentina de Limnolog\u00eda invita a la presentaci\u00f3n de trabajos de investigaci\u00f3n de car\u00e1cter limnol\u00f3gico originales publicados por uno o m\u00e1s autores durante el per\u00edodo 1\u00b0 de mayo de 2023 al 30 de abril de 2025. &nbsp; El &hellip; <\/p>\n","protected":false},"author":1,"featured_media":0,"parent":0,"menu_order":0,"comment_status":"closed","ping_status":"closed","template":"","meta":{"_monsterinsights_skip_tracking":false,"_monsterinsights_sitenote_active":false,"_monsterinsights_sitenote_note":"","_monsterinsights_sitenote_category":0,"footnotes":""},"class_list":["post-264","page","type-page","status-publish","hentry"],"_links":{"self":[{"href":"https:\/\/exa.unne.edu.ar\/congreso%20limnologia\/index.php\/wp-json\/wp\/v2\/pages\/264","targetHints":{"allow":["GET"]}}],"collection":[{"href":"https:\/\/exa.unne.edu.ar\/congreso%20limnologia\/index.php\/wp-json\/wp\/v2\/pages"}],"about":[{"href":"https:\/\/exa.unne.edu.ar\/congreso%20limnologia\/index.php\/wp-json\/wp\/v2\/types\/page"}],"author":[{"embeddable":true,"href":"https:\/\/exa.unne.edu.ar\/congreso%20limnologia\/index.php\/wp-json\/wp\/v2\/users\/1"}],"replies":[{"embeddable":true,"href":"https:\/\/exa.unne.edu.ar\/congreso%20limnologia\/index.php\/wp-json\/wp\/v2\/comments?post=264"}],"version-history":[{"count":6,"href":"https:\/\/exa.unne.edu.ar\/congreso%20limnologia\/index.php\/wp-json\/wp\/v2\/pages\/264\/revisions"}],"predecessor-version":[{"id":295,"href":"https:\/\/exa.unne.edu.ar\/congreso%20limnologia\/index.php\/wp-json\/wp\/v2\/pages\/264\/revisions\/295"}],"wp:attachment":[{"href":"https:\/\/exa.unne.edu.ar\/congreso%20limnologia\/index.php\/wp-json\/wp\/v2\/media?parent=264"}],"curies":[{"name":"wp","href":"https:\/\/api.w.org\/{rel}","templated":true}]}}