{"id":258,"date":"2024-11-27T08:40:00","date_gmt":"2024-11-27T11:40:00","guid":{"rendered":"https:\/\/exa.unne.edu.ar\/congreso%20limnologia\/?page_id=258"},"modified":"2025-04-14T11:35:47","modified_gmt":"2025-04-14T14:35:47","slug":"melina-devercelli","status":"publish","type":"page","link":"https:\/\/exa.unne.edu.ar\/congreso%20limnologia\/index.php\/melina-devercelli\/","title":{"rendered":"Melina Devercelli"},"content":{"rendered":"<p>[vc_row][vc_column][vc_column_text]<\/p>\n<p align=\"justify\">Melina Devercelli es bi\u00f3loga, graduada de la Universidad Nacional del Litoral, y doctora en Ciencias Biol\u00f3gicas por la Universidad de Buenos Aires.\u00a0Es investigadora independiente del CONICET. Se desempe\u00f1\u00f3 como Directora del\u00a0Centro Regional Litoral del Instituto Nacional del Agua. Y recientemente sumi\u00f3 la Direcci\u00f3n del Instituto Nacional de Limnolog\u00eda (CONICET-UNL) localizado en Santa Fe<\/p>\n<p align=\"justify\">Se especializ\u00f3 en ecolog\u00eda acu\u00e1tica microbiana y funcionamiento de sistemas fluviales. Coordina proyectos que abordan estudios interdisciplinarios sobre los sistemas fluviales del Paran\u00e1 y\u00a0Paraguay. Integra un grupo de investigaci\u00f3n en el INALI en el que estudian la biodiversidad y funciones de los microorganismos en ecosistemas acu\u00e1ticos con aproximaciones morfol\u00f3gicas y moleculares.<\/p>\n<p>[\/vc_column_text][\/vc_column][\/vc_row]<\/p>\n","protected":false},"excerpt":{"rendered":"<p>[vc_row][vc_column][vc_column_text] Melina Devercelli es bi\u00f3loga, graduada de la Universidad Nacional del Litoral, y doctora en Ciencias Biol\u00f3gicas por la Universidad de Buenos Aires.\u00a0Es investigadora independiente del CONICET. Se desempe\u00f1\u00f3 como Directora del\u00a0Centro Regional Litoral del Instituto Nacional del Agua. Y recientemente sumi\u00f3 la Direcci\u00f3n del Instituto Nacional de Limnolog\u00eda (CONICET-UNL) localizado en Santa Fe Se &hellip; <\/p>\n","protected":false},"author":1,"featured_media":0,"parent":0,"menu_order":0,"comment_status":"closed","ping_status":"closed","template":"","meta":{"_monsterinsights_skip_tracking":false,"_monsterinsights_sitenote_active":false,"_monsterinsights_sitenote_note":"","_monsterinsights_sitenote_category":0,"footnotes":""},"class_list":["post-258","page","type-page","status-publish","hentry"],"_links":{"self":[{"href":"https:\/\/exa.unne.edu.ar\/congreso%20limnologia\/index.php\/wp-json\/wp\/v2\/pages\/258","targetHints":{"allow":["GET"]}}],"collection":[{"href":"https:\/\/exa.unne.edu.ar\/congreso%20limnologia\/index.php\/wp-json\/wp\/v2\/pages"}],"about":[{"href":"https:\/\/exa.unne.edu.ar\/congreso%20limnologia\/index.php\/wp-json\/wp\/v2\/types\/page"}],"author":[{"embeddable":true,"href":"https:\/\/exa.unne.edu.ar\/congreso%20limnologia\/index.php\/wp-json\/wp\/v2\/users\/1"}],"replies":[{"embeddable":true,"href":"https:\/\/exa.unne.edu.ar\/congreso%20limnologia\/index.php\/wp-json\/wp\/v2\/comments?post=258"}],"version-history":[{"count":2,"href":"https:\/\/exa.unne.edu.ar\/congreso%20limnologia\/index.php\/wp-json\/wp\/v2\/pages\/258\/revisions"}],"predecessor-version":[{"id":318,"href":"https:\/\/exa.unne.edu.ar\/congreso%20limnologia\/index.php\/wp-json\/wp\/v2\/pages\/258\/revisions\/318"}],"wp:attachment":[{"href":"https:\/\/exa.unne.edu.ar\/congreso%20limnologia\/index.php\/wp-json\/wp\/v2\/media?parent=258"}],"curies":[{"name":"wp","href":"https:\/\/api.w.org\/{rel}","templated":true}]}}