{"id":255,"date":"2024-11-27T08:35:35","date_gmt":"2024-11-27T11:35:35","guid":{"rendered":"https:\/\/exa.unne.edu.ar\/congreso%20limnologia\/?page_id=255"},"modified":"2024-11-27T08:36:46","modified_gmt":"2024-11-27T11:36:46","slug":"andres-cozar","status":"publish","type":"page","link":"https:\/\/exa.unne.edu.ar\/congreso%20limnologia\/index.php\/andres-cozar\/","title":{"rendered":"Andr\u00e9s C\u00f3zar"},"content":{"rendered":"<p>[vc_row][vc_column][vc_column_text]<b>T\u00edtulo charla: <\/b><i><b>\u201cLecciones del Iber\u00e1 para un extranjero aprendiz de limn\u00f3logo\u201d<\/b><\/i><\/p>\n<p align=\"justify\">Andr\u00e9s C\u00f3zar realiz\u00f3 su tesis doctoral en las lagunas del Iber\u00e1, en el marco de un proyecto europeo desarrollado entre 1998 y 2002. Tras su experiencia en humedales de \u00c1frica, tuvo la oportunidad de regresar al Iber\u00e1 para dirigir un nuevo proyecto entre 2005 y 2008, esta vez financiado por la Fundaci\u00f3n BBVA. En su charla, Andr\u00e9s compartir\u00e1 las lecciones aprendidas en el Iber\u00e1, as\u00ed como sus tropiezos y ca\u00eddas. Con la perspectiva que otorgan los a\u00f1os, reflexionar\u00e1 sobre la variabilidad clim\u00e1tica y las sequ\u00edas en el Iber\u00e1, sobre el nivel del agua como motor de cambio, y sobre la resiliencia de uno de los humedales m\u00e1s salvajes e inexplorados del planeta.<\/p>\n<p><b>CV Breve<\/b><\/p>\n<p align=\"justify\"><span lang=\"es-ES-u-co-trad\">Andr\u00e9s C\u00f3zar comenz\u00f3 su carrera como ocean\u00f3grafo en el Estrecho de Gibraltar. Continu\u00f3 trabajando como limn\u00f3logo en los Esteros del Iber\u00e1, doctor\u00e1ndose en 2003 por la Universidad de C\u00e1diz (Espa\u00f1a). Se incorpor\u00f3 a la Universidad de Siena (Italia) para trabajar en proyectos europeos dedicados al desarrollo sostenible en grandes lagos africanos y en humedales de Paraguay y Brasil. Desde 2005, Andr\u00e9s es profesor en la Facultad de Ciencias del Mar y Ambientales de la Universidad de C\u00e1diz, donde retom\u00f3 su investigaci\u00f3n en oceanograf\u00eda y ampli\u00f3 su actividad a ecosistemas terrestres. Desde su participaci\u00f3n en el proyecto de Circunnavegaci\u00f3n Malaspina 2010, el grueso de su investigaci\u00f3n se centra en la contaminaci\u00f3n marina por pl\u00e1sticos. Actualmente, Andr\u00e9s es director de la <\/span><u><a href=\"http:\/\/www.marinelitterlab.eu\/\"><span lang=\"es-ES-u-co-trad\">www.marinelitterlab.eu<\/span><\/a><\/u><span lang=\"es-ES-u-co-trad\">.<\/span><\/p>\n<p align=\"justify\"><span lang=\"es-ES-u-co-trad\">La <\/span><span lang=\"es-ES-u-co-trad\">versatilidad <\/span><span lang=\"es-ES-u-co-trad\">es una de las caracter\u00edsticas distintivas de su carrera investigadora, habiendo desarrollado estudios ecol\u00f3gicos en aguas oce\u00e1nicas y continentales, humedales y sistemas estrictamente terrestres. En los \u00faltimos a\u00f1os, su mayor esfuerzo se ha dirigido al <\/span><span lang=\"es-ES-u-co-trad\">an\u00e1lisis multidisciplinar de bases de datos a gran escala<\/span><span lang=\"es-ES-u-co-trad\">, con \u00e9nfasis en la <\/span><span lang=\"es-ES-u-co-trad\">ecolog\u00eda cuantitativa <\/span><span lang=\"es-ES-u-co-trad\">y los retos derivados del <\/span><span lang=\"es-ES-u-co-trad\">Cambio Global<\/span><span lang=\"es-ES-u-co-trad\">. D<\/span>esde 2020, <span lang=\"es-ES-u-co-trad\">Andr\u00e9s C\u00f3zar<\/span> es incluido anualmente la lista de los \u201c<a href=\"https:\/\/ecebm.com\/2023\/10\/04\/stanford-university-names-worlds-top-2-scientists-2023\/\"><u><i>World\u00b4s Top 2% Scientist<\/i><\/u><u>s<\/u><\/a>\u201d de la Universidad de Stanford.<\/p>\n<p>[\/vc_column_text][\/vc_column][\/vc_row]<\/p>\n","protected":false},"excerpt":{"rendered":"<p>[vc_row][vc_column][vc_column_text]T\u00edtulo charla: \u201cLecciones del Iber\u00e1 para un extranjero aprendiz de limn\u00f3logo\u201d Andr\u00e9s C\u00f3zar realiz\u00f3 su tesis doctoral en las lagunas del Iber\u00e1, en el marco de un proyecto europeo desarrollado entre 1998 y 2002. Tras su experiencia en humedales de \u00c1frica, tuvo la oportunidad de regresar al Iber\u00e1 para dirigir un nuevo proyecto entre 2005 &hellip; <\/p>\n","protected":false},"author":1,"featured_media":0,"parent":0,"menu_order":0,"comment_status":"closed","ping_status":"closed","template":"","meta":{"_monsterinsights_skip_tracking":false,"_monsterinsights_sitenote_active":false,"_monsterinsights_sitenote_note":"","_monsterinsights_sitenote_category":0,"footnotes":""},"class_list":["post-255","page","type-page","status-publish","hentry"],"_links":{"self":[{"href":"https:\/\/exa.unne.edu.ar\/congreso%20limnologia\/index.php\/wp-json\/wp\/v2\/pages\/255","targetHints":{"allow":["GET"]}}],"collection":[{"href":"https:\/\/exa.unne.edu.ar\/congreso%20limnologia\/index.php\/wp-json\/wp\/v2\/pages"}],"about":[{"href":"https:\/\/exa.unne.edu.ar\/congreso%20limnologia\/index.php\/wp-json\/wp\/v2\/types\/page"}],"author":[{"embeddable":true,"href":"https:\/\/exa.unne.edu.ar\/congreso%20limnologia\/index.php\/wp-json\/wp\/v2\/users\/1"}],"replies":[{"embeddable":true,"href":"https:\/\/exa.unne.edu.ar\/congreso%20limnologia\/index.php\/wp-json\/wp\/v2\/comments?post=255"}],"version-history":[{"count":2,"href":"https:\/\/exa.unne.edu.ar\/congreso%20limnologia\/index.php\/wp-json\/wp\/v2\/pages\/255\/revisions"}],"predecessor-version":[{"id":257,"href":"https:\/\/exa.unne.edu.ar\/congreso%20limnologia\/index.php\/wp-json\/wp\/v2\/pages\/255\/revisions\/257"}],"wp:attachment":[{"href":"https:\/\/exa.unne.edu.ar\/congreso%20limnologia\/index.php\/wp-json\/wp\/v2\/media?parent=255"}],"curies":[{"name":"wp","href":"https:\/\/api.w.org\/{rel}","templated":true}]}}