{"id":25,"date":"2024-08-21T11:32:11","date_gmt":"2024-08-21T14:32:11","guid":{"rendered":"https:\/\/exa.unne.edu.ar\/congreso%20limnologia\/?page_id=25"},"modified":"2025-04-22T08:14:37","modified_gmt":"2025-04-22T11:14:37","slug":"informacion","status":"publish","type":"page","link":"https:\/\/exa.unne.edu.ar\/congreso%20limnologia\/index.php\/informacion\/","title":{"rendered":"Actividades"},"content":{"rendered":"<p>[vc_row][vc_column][vc_tta_tabs][vc_tta_section title=&#8221;Exposiciones&#8221; tab_id=&#8221;1724862180437-b67c5aff-3813&#8243;][vc_column_text]&nbsp;<\/p>\n<p><span lang=\"es-AR\">ENV\u00cdO DE RES\u00daMENES<\/span><\/p>\n<p>&nbsp;<\/p>\n<p><span lang=\"es-AR\">Abrimos la convocatoria al env\u00edo de res\u00famenes, de acuerdo con <\/span><span lang=\"es-AR\"> el siguiente formato:\u00a0<\/span> <a href=\"..\/..\/..\/docs\/2024\/limnologia\/Modelo de Resumen-CAL 2025.docx\"><span style=\"color: #800000;\">Modelo de Resumen<\/span><\/a><\/p>\n<p>&nbsp;<\/p>\n<p><span lang=\"es-AR\">Fecha l\u00edmite de env\u00edo de res\u00famenes:<strong> 30\/03\/2025<\/strong><\/span><\/p>\n<p>&nbsp;<\/p>\n<p><span lang=\"es-AR\">Enviar los res\u00famenes a: <\/span><u><a href=\"mailto:resumenescal2025@gmail.com\" target=\"_blank\"><span style=\"color: #800000;\">resumenescal2025@gmail.com<\/span><\/a><\/u><\/p>\n<p>&nbsp;<\/p>\n<p><u>\u00c1REAS TEM\u00c1TICAS DEL CONGRESO PARA ENV\u00cdO DE RES\u00daMENES<\/u><\/p>\n<p>&nbsp;<\/p>\n<ul>\n<li>&#8220;Metabolismo y din\u00e1mica de gases de efecto invernadero de los sistemas acu\u00e1ticos continentales&#8221;. Sesi\u00f3n especial.<\/li>\n<li>Los r\u00edos Paran\u00e1 y Paraguay: integrando miradas en torno a sus din\u00e1micas ecol\u00f3gicas y sociales\u201d. Sesi\u00f3n especial.<\/li>\n<li>Ambientes acu\u00e1ticos urbanos, periurbanos y rurales<\/li>\n<li>Biogeoqu\u00edmica de sistemas acu\u00e1ticos<\/li>\n<li>Biolog\u00eda evolutiva en sistemas acu\u00e1ticos<\/li>\n<li>Biodiversidad y conservaci\u00f3n de ambientes acu\u00e1ticos<\/li>\n<li>Ciencia ciudadana en ambientes acu\u00e1ticos<\/li>\n<li>Cambio global y sistemas acu\u00e1ticos<\/li>\n<li>Ecohidrolog\u00eda<\/li>\n<li>Ecolog\u00eda de poblaciones y comunidades acu\u00e1ticas<\/li>\n<li>Ecotoxicolog\u00eda y contaminaci\u00f3n acu\u00e1tica<\/li>\n<li>Educaci\u00f3n ambiental<\/li>\n<li>Etnolimnolog\u00eda<\/li>\n<li>Indicadores de calidad ecol\u00f3gica y biomonitoreo<\/li>\n<li>Limnolog\u00eda Regional<\/li>\n<li>Limnolog\u00eda y Teledetecci\u00f3n<\/li>\n<li>Paleolimnolog\u00eda<\/li>\n<li>Restauraci\u00f3n y rehabilitaci\u00f3n de sistemas acu\u00e1ticos<\/li>\n<li>Servicios Ecosist\u00e9micos<\/li>\n<li>Socio-ecolog\u00eda en ambientes acu\u00e1ticos<\/li>\n<li>Tramas tr\u00f3ficas<\/li>\n<\/ul>\n<p>[\/vc_column_text][\/vc_tta_section][vc_tta_section title=&#8221;Conferencias&#8221; tab_id=&#8221;1724862180439-3291c0cf-d7db&#8221;][vc_column_text]<i><b>Nos honrar\u00e1n con sus conferencias:<\/b><\/i><\/p>\n<p>&nbsp;<\/p>\n<p>&nbsp;<\/p>\n<p><span style=\"font-family: Aptos, serif;\"><span lang=\"en-US\"><img fetchpriority=\"high\" decoding=\"async\" class=\"alignright wp-image-196 size-medium\" src=\"https:\/\/exa.unne.edu.ar\/congreso%20limnologia\/wp-content\/uploads\/2024\/10\/barbosa-225x300.jpg\" alt=\"\" width=\"225\" height=\"300\" srcset=\"https:\/\/exa.unne.edu.ar\/congreso%20limnologia\/wp-content\/uploads\/2024\/10\/barbosa-225x300.jpg 225w, https:\/\/exa.unne.edu.ar\/congreso%20limnologia\/wp-content\/uploads\/2024\/10\/barbosa-45x60.jpg 45w, https:\/\/exa.unne.edu.ar\/congreso%20limnologia\/wp-content\/uploads\/2024\/10\/barbosa.jpg 390w\" sizes=\"(max-width: 225px) 100vw, 225px\" \/><\/span><\/span><\/p>\n<p><span lang=\"en-US\"><span style=\"color: #800000;\"> <a style=\"color: #800000;\" href=\"https:\/\/exa.unne.edu.ar\/congreso%20limnologia\/index.php\/dr-francisco-antonio-rodrigues-barbosa\/\">Dr. Francisco Ant\u00f4nio Rodrigues Barbosa<\/a><\/span> <i>(UFMG, Universidad General de Mina Gerais, Brasil): Water: the essential foundation of life on Earth and the urgent need for its sustainable use.<\/i><\/span><\/p>\n<p>&nbsp;<\/p>\n<p>&nbsp;<\/p>\n<p>&nbsp;<\/p>\n<p>&nbsp;<\/p>\n<p>&nbsp;<\/p>\n<p>&nbsp;<\/p>\n<p>&nbsp;<\/p>\n<p>&nbsp;<\/p>\n<p class=\"western\" align=\"justify\"><span style=\"font-family: Aptos, serif;\"><span style=\"font-size: medium;\"><img decoding=\"async\" class=\"alignright wp-image-198 size-medium\" src=\"https:\/\/exa.unne.edu.ar\/congreso%20limnologia\/wp-content\/uploads\/2024\/10\/lobato-225x300.jpg\" alt=\"\" width=\"225\" height=\"300\" srcset=\"https:\/\/exa.unne.edu.ar\/congreso%20limnologia\/wp-content\/uploads\/2024\/10\/lobato-225x300.jpg 225w, https:\/\/exa.unne.edu.ar\/congreso%20limnologia\/wp-content\/uploads\/2024\/10\/lobato-45x60.jpg 45w, https:\/\/exa.unne.edu.ar\/congreso%20limnologia\/wp-content\/uploads\/2024\/10\/lobato.jpg 390w\" sizes=\"(max-width: 225px) 100vw, 225px\" \/><\/span><\/span><\/p>\n<p><span lang=\"en-US\"><a href=\"https:\/\/exa.unne.edu.ar\/congreso%20limnologia\/index.php\/dra-tatiana-lobato-de-magalhaes\/\"><span style=\"color: #800000;\">Dra. Tatiana Lobato de Magalh\u00e3es<\/span><\/a> (Universidad Aut\u00f3noma de Quer\u00e9taro, M\u00e9xico):<i> \u201c<\/i><span lang=\"es-ES\"><i>Puntos cr\u00edticos globales de endemicidad, rareza y especiaci\u00f3n de macr\u00f3fitas acu\u00e1ticas\u201d<\/i><\/span><\/span><\/p>\n<p>&nbsp;<\/p>\n<p>&nbsp;<\/p>\n<p>&nbsp;<\/p>\n<p>&nbsp;<\/p>\n<p>&nbsp;<\/p>\n<p>&nbsp;<\/p>\n<p>&nbsp;<\/p>\n<p>&nbsp;<\/p>\n<p class=\"western\" align=\"justify\"><span style=\"font-family: Aptos, serif;\"><span style=\"font-size: medium;\"><img decoding=\"async\" class=\"alignright wp-image-199 size-medium\" src=\"https:\/\/exa.unne.edu.ar\/congreso%20limnologia\/wp-content\/uploads\/2024\/10\/colautti-225x300.jpg\" alt=\"\" width=\"225\" height=\"300\" srcset=\"https:\/\/exa.unne.edu.ar\/congreso%20limnologia\/wp-content\/uploads\/2024\/10\/colautti-225x300.jpg 225w, https:\/\/exa.unne.edu.ar\/congreso%20limnologia\/wp-content\/uploads\/2024\/10\/colautti-45x60.jpg 45w, https:\/\/exa.unne.edu.ar\/congreso%20limnologia\/wp-content\/uploads\/2024\/10\/colautti.jpg 390w\" sizes=\"(max-width: 225px) 100vw, 225px\" \/><\/span><\/span><\/p>\n<p><span lang=\"en-US\"><span lang=\"es-ES\"><span style=\"color: #800000;\"><a style=\"color: #800000;\" href=\"https:\/\/exa.unne.edu.ar\/congreso%20limnologia\/index.php\/dr-dario-colautti\/\">Dr. Dar\u00edo Colautti<\/a><\/span> <\/span><\/span>(ILPLA, CONICET-UNLP).\u00a0<i>Los ciclos hidrol\u00f3gicos de las lagunas pampeanas y su influencia sobre los ensambles de peces.<\/i><\/p>\n<p>&nbsp;<\/p>\n<p>&nbsp;<\/p>\n<p>&nbsp;<\/p>\n<p>&nbsp;<\/p>\n<p>&nbsp;<\/p>\n<p>&nbsp;<\/p>\n<p>&nbsp;<\/p>\n<p class=\"western\" align=\"justify\"><img loading=\"lazy\" decoding=\"async\" class=\"alignright wp-image-200 size-medium\" src=\"https:\/\/exa.unne.edu.ar\/congreso%20limnologia\/wp-content\/uploads\/2024\/10\/coetzee-225x300.jpg\" alt=\"\" width=\"225\" height=\"300\" srcset=\"https:\/\/exa.unne.edu.ar\/congreso%20limnologia\/wp-content\/uploads\/2024\/10\/coetzee-225x300.jpg 225w, https:\/\/exa.unne.edu.ar\/congreso%20limnologia\/wp-content\/uploads\/2024\/10\/coetzee-45x60.jpg 45w, https:\/\/exa.unne.edu.ar\/congreso%20limnologia\/wp-content\/uploads\/2024\/10\/coetzee.jpg 390w\" sizes=\"(max-width: 225px) 100vw, 225px\" \/><span lang=\"en-US\"><span lang=\"es-ES\"><span style=\"color: #800000;\"><a style=\"color: #800000;\" href=\"https:\/\/exa.unne.edu.ar\/congreso%20limnologia\/index.php\/dra-julie-coetzee\/\">Dra. Julie Coetzee<\/a> <\/span><\/span><\/span>(South African Institute for Aquatic Biodiversity, Centre for Biological Control (CBC) at Rhodes University, Sud\u00e1frica):\u00a0<i>Ecological Impact and efficacy of weed biological control in South Africa.<\/i><\/p>\n<p>&nbsp;<\/p>\n<p>&nbsp;<\/p>\n<p>&nbsp;<\/p>\n<p>&nbsp;<\/p>\n<p>&nbsp;<\/p>\n<p>&nbsp;<\/p>\n<p>&nbsp;<\/p>\n<p class=\"western\" lang=\"es-ES\" align=\"justify\"><span style=\"font-family: Aptos, serif;\"><i><b><img loading=\"lazy\" decoding=\"async\" class=\"alignright wp-image-205 size-medium\" src=\"https:\/\/exa.unne.edu.ar\/congreso%20limnologia\/wp-content\/uploads\/2024\/10\/miserendino-225x300.jpg\" alt=\"\" width=\"225\" height=\"300\" srcset=\"https:\/\/exa.unne.edu.ar\/congreso%20limnologia\/wp-content\/uploads\/2024\/10\/miserendino-225x300.jpg 225w, https:\/\/exa.unne.edu.ar\/congreso%20limnologia\/wp-content\/uploads\/2024\/10\/miserendino-45x60.jpg 45w, https:\/\/exa.unne.edu.ar\/congreso%20limnologia\/wp-content\/uploads\/2024\/10\/miserendino.jpg 390w\" sizes=\"(max-width: 225px) 100vw, 225px\" \/><\/b><\/i><\/span><\/p>\n<p class=\"western\" lang=\"es-ES\" align=\"justify\"><span lang=\"en-US\"><span lang=\"es-ES\"><a href=\"https:\/\/exa.unne.edu.ar\/congreso%20limnologia\/index.php\/dra-maria-laura-miserendino\/\"><span style=\"color: #800000;\">Dra. Mar\u00eda Laura Miserendino<\/span> <\/a> (CIEMEP, CONICET-UNSJB, Argentina):\u00a0 <i>Bioindicadores\u00a0de disturbios antr\u00f3picos en ecosistemas acu\u00e1ticos patag\u00f3nicos: un recorrido por nuevas y no tan nuevas problem\u00e1ticas ambientales.<\/i><\/span><\/span><\/p>\n<p>&nbsp;<\/p>\n<p>&nbsp;<\/p>\n<p>&nbsp;<\/p>\n<p>&nbsp;<\/p>\n<p>&nbsp;<\/p>\n<p>&nbsp;<\/p>\n<p>&nbsp;<\/p>\n<p>&nbsp;<\/p>\n<p>&nbsp;<\/p>\n<p class=\"western\" lang=\"es-ES\" align=\"justify\"><img loading=\"lazy\" decoding=\"async\" class=\"alignright wp-image-211 size-medium\" src=\"https:\/\/exa.unne.edu.ar\/congreso%20limnologia\/wp-content\/uploads\/2024\/10\/Neiff-225x300.jpg\" alt=\"\" width=\"225\" height=\"300\" srcset=\"https:\/\/exa.unne.edu.ar\/congreso%20limnologia\/wp-content\/uploads\/2024\/10\/Neiff-225x300.jpg 225w, https:\/\/exa.unne.edu.ar\/congreso%20limnologia\/wp-content\/uploads\/2024\/10\/Neiff-45x60.jpg 45w, https:\/\/exa.unne.edu.ar\/congreso%20limnologia\/wp-content\/uploads\/2024\/10\/Neiff.jpg 390w\" sizes=\"(max-width: 225px) 100vw, 225px\" \/><\/p>\n<p lang=\"es-ES\" align=\"justify\"><span style=\"color: #800000;\"><a style=\"color: #800000;\" href=\"https:\/\/exa.unne.edu.ar\/congreso%20limnologia\/index.php\/juan-jose-neiff\/\">Dr. Juan Jos\u00e9 Neiff<\/a>.<\/span> (CECOAL, CONICET-UNNE):<i>\u00a0De la Limnolog\u00eda a la Fluviolog\u00eda\u2026 un paseo por las aguas.<\/i><\/p>\n<p>&nbsp;<\/p>\n<p>&nbsp;<\/p>\n<p>&nbsp;<\/p>\n<p>&nbsp;<\/p>\n<p>&nbsp;<\/p>\n<p>&nbsp;<\/p>\n<p>&nbsp;<\/p>\n<p>&nbsp;<\/p>\n<p>&nbsp;<\/p>\n<p><u><img loading=\"lazy\" decoding=\"async\" class=\"size-medium wp-image-242 alignright\" src=\"https:\/\/exa.unne.edu.ar\/congreso%20limnologia\/wp-content\/uploads\/2024\/11\/Claudia-Feijoo-225x300.jpg\" alt=\"\" width=\"225\" height=\"300\" srcset=\"https:\/\/exa.unne.edu.ar\/congreso%20limnologia\/wp-content\/uploads\/2024\/11\/Claudia-Feijoo-225x300.jpg 225w, https:\/\/exa.unne.edu.ar\/congreso%20limnologia\/wp-content\/uploads\/2024\/11\/Claudia-Feijoo-45x60.jpg 45w, https:\/\/exa.unne.edu.ar\/congreso%20limnologia\/wp-content\/uploads\/2024\/11\/Claudia-Feijoo.jpg 390w\" sizes=\"(max-width: 225px) 100vw, 225px\" \/><a href=\"https:\/\/exa.unne.edu.ar\/congreso%20limnologia\/index.php\/claudia-feijoo\/\"><span style=\"color: #800000;\">Dra. Claudia Feij\u00f3o<\/span><\/a><\/u><span style=\"color: #800000;\">.<\/span>\u00a0(INEDES, CONICET-UNLu):<i> Ufa con el f\u00f3sforo! Estructura, funci\u00f3n y f\u00f3sforo en arroyos pampeanos<\/i><\/p>\n<p>&nbsp;<\/p>\n<p>&nbsp;<\/p>\n<p>&nbsp;<\/p>\n<p>&nbsp;<\/p>\n<p>&nbsp;<\/p>\n<p>&nbsp;<\/p>\n<p>&nbsp;<\/p>\n<p>&nbsp;<\/p>\n<p>&nbsp;<\/p>\n<p>&nbsp;<\/p>\n<p><img loading=\"lazy\" decoding=\"async\" class=\"alignright wp-image-252 size-medium\" src=\"https:\/\/exa.unne.edu.ar\/congreso%20limnologia\/wp-content\/uploads\/2024\/11\/cozar-225x300.jpg\" alt=\"\" width=\"225\" height=\"300\" srcset=\"https:\/\/exa.unne.edu.ar\/congreso%20limnologia\/wp-content\/uploads\/2024\/11\/cozar-225x300.jpg 225w, https:\/\/exa.unne.edu.ar\/congreso%20limnologia\/wp-content\/uploads\/2024\/11\/cozar-45x60.jpg 45w, https:\/\/exa.unne.edu.ar\/congreso%20limnologia\/wp-content\/uploads\/2024\/11\/cozar.jpg 390w\" sizes=\"(max-width: 225px) 100vw, 225px\" \/><a href=\"https:\/\/exa.unne.edu.ar\/congreso%20limnologia\/index.php\/andres-cozar\/\"><span style=\"color: #800000;\">Dr. Andr\u00e9s Cozar Caba\u00f1as<\/span><\/a> (Facultad de Ciencias del Mar y Ambientales, Universidad de C\u00e1diz): \u00a0<i><span lang=\"ES\">\u201cLecciones del Iber\u00e1 para un extranjero aprendiz de limn\u00f3logo\u201d<\/span><\/i><\/p>\n<p>&nbsp;<\/p>\n<p>&nbsp;<\/p>\n<p>&nbsp;<\/p>\n<p>&nbsp;<\/p>\n<p>&nbsp;<\/p>\n<p>&nbsp;<\/p>\n<p>&nbsp;<\/p>\n<p>&nbsp;<\/p>\n<p>&nbsp;<\/p>\n<p><span lang=\"ES\"><img loading=\"lazy\" decoding=\"async\" class=\"alignright wp-image-253 size-medium\" src=\"https:\/\/exa.unne.edu.ar\/congreso%20limnologia\/wp-content\/uploads\/2024\/11\/devercelli-225x300.jpg\" alt=\"\" width=\"225\" height=\"300\" srcset=\"https:\/\/exa.unne.edu.ar\/congreso%20limnologia\/wp-content\/uploads\/2024\/11\/devercelli-225x300.jpg 225w, https:\/\/exa.unne.edu.ar\/congreso%20limnologia\/wp-content\/uploads\/2024\/11\/devercelli-45x60.jpg 45w, https:\/\/exa.unne.edu.ar\/congreso%20limnologia\/wp-content\/uploads\/2024\/11\/devercelli.jpg 390w\" sizes=\"(max-width: 225px) 100vw, 225px\" \/><span style=\"color: #800000;\"><a style=\"color: #800000;\" href=\"https:\/\/exa.unne.edu.ar\/congreso%20limnologia\/index.php\/melina-devercelli\/\">Dra. Melina Devercelli<\/a> <\/span>(<\/span>INALI, CONICET-UNL): <i>Biodiversidad en la gesti\u00f3n del agua: aporte de la ecolog\u00eda microbiana en el sistema fluvial del Paran\u00e1.<\/i><\/p>\n<p>&nbsp;<\/p>\n<p>&nbsp;<\/p>\n<p>&nbsp;<\/p>\n<p>&nbsp;<\/p>\n<p>&nbsp;<\/p>\n<p>&nbsp;<\/p>\n<p>&nbsp;<\/p>\n<p>&nbsp;<\/p>\n<p>&nbsp;<\/p>\n<p>&nbsp;<\/p>\n<div><b><img loading=\"lazy\" decoding=\"async\" class=\"alignright wp-image-302 size-medium\" src=\"https:\/\/exa.unne.edu.ar\/congreso%20limnologia\/wp-content\/uploads\/2025\/03\/mazzeo-225x300.jpg\" alt=\"\" width=\"225\" height=\"300\" srcset=\"https:\/\/exa.unne.edu.ar\/congreso%20limnologia\/wp-content\/uploads\/2025\/03\/mazzeo-225x300.jpg 225w, https:\/\/exa.unne.edu.ar\/congreso%20limnologia\/wp-content\/uploads\/2025\/03\/mazzeo-45x60.jpg 45w, https:\/\/exa.unne.edu.ar\/congreso%20limnologia\/wp-content\/uploads\/2025\/03\/mazzeo.jpg 390w\" sizes=\"(max-width: 225px) 100vw, 225px\" \/><\/b><a href=\"https:\/\/exa.unne.edu.ar\/congreso%20limnologia\/index.php\/dr-nestor-mazzeo\/\"><span style=\"color: #800000;\">Dr. N\u00e9stor Mazzeo<\/span><\/a> (UDELAR;SARAS):\u00a0<i>Discordancias de escalas en la investigaci\u00f3n limnol\u00f3gica y en los sistemas social-ecol\u00f3gicos vinculados: principales desaf\u00edos.<\/i><\/div>\n<p>[\/vc_column_text][\/vc_tta_section][vc_tta_section title=&#8221;Mesas Redondas&#8221; tab_id=&#8221;1724863354441-08a2e0c7-20c9&#8243;][vc_column_text]<strong>Mesas redondas confirmadas:<\/strong><\/p>\n<p>&nbsp;<\/p>\n<p><strong>&#8220;El amor en los tiempos del c\u00f3lera: resistir y crecer durante la crisis cient\u00edfica&#8221;.<\/strong>\u00a0Coordinador: Dr. Luis B. Epele. Integrantes: Dra. Florencia Guti\u00e9rrez, Dra. Romina Pr\u00edncipe y Dr. Edgardo Pero.<\/p>\n<p>&nbsp;<\/p>\n<p><strong>\u201cEspecies invasoras como amenaza de la integridad funcional de los humedales\u201d<\/strong>. Coordinadoras: Dra. Celeste Franceschini y Dra. Paula Gervazoni. Integrantes: Dra. Victoria Accattatis,\u00a0 Dra. Luciana Montalto;\u00a0 Dra. Paula Gervazoni, Dra. Celeste Franceschini, Dr. Rodrigo D\u00edaz y Dra. Ana Novoa.<\/p>\n<p>&nbsp;<\/p>\n<p><strong>&#8220;Manejo Integral del Fuego como una herramienta para la gesti\u00f3n socio-ecol\u00f3gica de los humedales del r\u00edo Paran\u00e1&#8221;<\/strong>. Coordinadora: Dra. Ayl\u00e9n Carrasco Mili\u00e1n. Integrantes:\u00a0Dra. Bibiana Bilbao,\u00a0Dra. Zuleica Marchetti,\u00a0Dr. Brian Ferrero,\u00a0Sr. Francisco D\u00edaz.<\/p>\n<p>&nbsp;<\/p>\n<p><strong>&#8220;Problem\u00e1tica de r\u00edos urbanos.<\/strong> <strong>\u00a0Lineamientos para su gesti\u00f3n y planificaci\u00f3n&#8221;: <\/strong>\u00a0Coordinadora: Dra. Laura de Cabo. Integrantes: Dra. Carolina Vilches, Dr. Gabriel Basilico, Dr. Rafael Grimson, Dr. Roberto Serafini, Dr. Martin Graziano, Dr. Joaqu\u00edn Cochero, Dr. Ricardo Albari\u00f1o y Dr. Edgardo Pero.<\/p>\n<p>&nbsp;<\/p>\n<p><strong>&#8220;Enfoques te\u00f3ricos y metodol\u00f3gicos para el estudio de sistemas l\u00f3ticos&#8221;:<\/strong> Coordinadores: Dr. Adonis Giorgi y Dra.\u00a0 Lourdes Gultemirian. Integrantes: Dr. Ricardo Albari\u00f1o, Dra. Lourdes Gultemirian,\u00a0 Dra. Gisela Mayora y Dra. Sylvina Casco.<\/p>\n<p>&nbsp;<\/p>\n<p><b>\u201cRestauraci\u00f3n, rehabilitaci\u00f3n y remediaci\u00f3n de ecosistemas acu\u00e1ticos y ribere\u00f1os: avances y desaf\u00edos\u201d.<\/b>\u00a0Coordinador: Dr. Edgardo Javier I. Pero. Integrantes:\u00a0Dra. Claudia Feijoo, Dr. Adonis Giorgi, Dra. Natalia Rodr\u00edguez, Dra. Sof\u00eda Carusso, Dr. Edgardo J. I. Pero y\u00a0 Lic. B\u00e1rbara M. G\u00f3mez.<\/p>\n<p>&nbsp;<\/p>\n<p>&nbsp;[\/vc_column_text][\/vc_tta_section][vc_tta_section title=&#8221;Sesiones Especiales &#8221; tab_id=&#8221;1735211136936-edb78a9c-9180&#8243;][vc_column_text]<strong>Sesiones especiales confirmadas:<\/strong><\/p>\n<p>&nbsp;<\/p>\n<p><strong>&#8220;Arte y limnolog\u00eda&#8221;:<\/strong> Coordinador: Dr. Javier Garc\u00eda de Souza. Integrantes: Dra. Ver\u00f3nica Williner, Dra. Luc\u00eda Stubrin, Dra. Celeste Medrano, Mgter. Cristina Aimaretti, Dr. Bruno Fitte, Lic. Mar\u00eda Eugenia Cano, Dra. Roc\u00edo Pazos y Dr. Javier Garcia de Souza.<\/p>\n<p>&nbsp;<\/p>\n<p><strong>&#8220;Mujeres y Limnolog\u00eda<\/strong>: <strong>c\u00f3mo acompa\u00f1arnos en \u00e9pocas de crisis&#8221;. <\/strong>Coordinadoras: Dra. Valeria Casa, Dra. Natalia Ossana y Dra. Paula de Tezanos Pinto<\/p>\n<p>&nbsp;<\/p>\n<p><strong>&#8220;Aguas que ense\u00f1an: intercambio de experiencias en Limnolog\u00eda y Educaci\u00f3n Ambiental&#8221;. <\/strong>Coordinadoras: Dra. Patricia Ram\u00edrez. Integrantes: Griselda Olmedo; Mercedes Maidana; C\u00e9sar Obreg\u00f3n, Mariano Santajuliana, Luc\u00eda Rodr\u00edguez Arzuaga.<\/p>\n<p>&nbsp;<\/p>\n<p><strong>&#8220;Metabolismo y din\u00e1mica de gases de efecto invernadero de los\u00a0sistemas acu\u00e1ticos continentales&#8221;.<\/strong> Coordinadoras: Dra. Sol Porcel, Dra. Patricia Rodr\u00edguez y Dra. Luz Padulles. <b>Se reciben res\u00famenes para participar de manera oral y\/o p\u00f3ster dentro de esta sesi\u00f3n.<\/b><\/p>\n<p>&nbsp;<\/p>\n<p><strong>&#8220;Los r\u00edos Paran\u00e1 y Paraguay: integrando miradas en torno a sus din\u00e1micas ecol\u00f3gicas y sociales&#8221;. <\/strong>Coordinadoras: Dra. Marina Forastier, Dra. Melina Devercelli, Dra. Griselda Chaparro y Mgter. Gladys Garrido. <b>Se reciben res\u00famenes para participar de manera oral y\/o p\u00f3ster dentro de esta sesi\u00f3n.<\/b>[\/vc_column_text][\/vc_tta_section][vc_tta_section title=&#8221;Minicursos&#8221; tab_id=&#8221;1724862273920-eec6854b-b8c7&#8243;][vc_column_text]&nbsp;<\/p>\n<p>Durante los cinco d\u00edas del Congreso contaremos con minicursos y talleres gratuitos.<\/p>\n<p>Cada uno tiene cupos y horarios distintos.<\/p>\n<p>Los invitamos a completar el<strong><span style=\"color: #800000;\">\u00a0<\/span><\/strong><a href=\"https:\/\/forms.gle\/wW1ZnHZPeVGUVqaF9\" target=\"_blank\" data-saferedirecturl=\"https:\/\/www.google.com\/url?q=https:\/\/forms.gle\/wW1ZnHZPeVGUVqaF9&amp;source=gmail&amp;ust=1745352156176000&amp;usg=AOvVaw2CQEW6jQGt1xUoYeVZLk60\"><strong><span style=\"color: #800000;\">formulario de inscripci\u00f3n<\/span><\/strong>,<\/a>\u00a0indicando su\/s actividad\/des de preferencia.<\/p>\n<p>&nbsp;<\/p>\n<p><b><u>L\u00edmite de inscripci\u00f3n para los minicursos y talleres: 13 de junio<\/u><\/b><\/p>\n<p>&nbsp;<\/p>\n<p><b>1. \u00a0 Lunes 28\/07 y Martes 29\/07, de 17 a 19.30 h:<\/b>\u00a0<b>Zooplancton: Diversidad, ecolog\u00eda y bioindicaci\u00f3n.\u00a0<\/b>Docentes: Dras. Mar\u00eda Florencia Guti\u00e9rrez y Florencia M. Rojas Molina (INALI, CONICET-UNL).<\/p>\n<p>&nbsp;<\/p>\n<p><b>2. \u00a0 Martes 29\/07, de 14 a 17 h:\u00a0<\/b>An\u00e1lisis y Calidad de Aguas: la informaci\u00f3n anal\u00edtica como valor agregado. Docente: Esp. Juan Daniel Ruiz D\u00edaz (FaCENA, UNNE).<\/p>\n<p>&nbsp;<\/p>\n<p><b>3. \u00a0 Jueves 31\/07, de 15 a 18.30 h:\u00a0<\/b>Organismos fitoplanct\u00f3nicos como indicadores de cambios ambientales. Docentes: Dras. Marina Forastier y Silvina Vallejos (CECOAL, CONICET-UNNE, FaCENA, UNNE).<\/p>\n<p>&nbsp;<\/p>\n<p><b>4. Viernes 01\/08, de 17 a 19 h: T\u00e9cnicas b\u00e1sicas para la ilustraci\u00f3n cient\u00edfica.<\/b>\u00a0Docentes: Lics. Guillermo Luis Avalos, Dar\u00edo Daniel Larrea, Pedro Cuaranta, Cecilia Rolheiser (FaCENA, UNNE; CECOAL, CONICET-UNNE).<\/p>\n<p>&nbsp;[\/vc_column_text][\/vc_tta_section][vc_tta_section title=&#8221;Talleres&#8221; tab_id=&#8221;1724862272484-64d6e8f9-5e8e&#8221;][vc_column_text]<\/p>\n<div>\n<p>Durante los cinco d\u00edas del Congreso contaremos con minicursos y talleres gratuitos.<\/p>\n<p>Cada uno tiene cupos y horarios distintos.<\/p>\n<p>Los invitamos a completar el\u00a0<a href=\"https:\/\/forms.gle\/wW1ZnHZPeVGUVqaF9\" target=\"_blank\" data-saferedirecturl=\"https:\/\/www.google.com\/url?q=https:\/\/forms.gle\/wW1ZnHZPeVGUVqaF9&amp;source=gmail&amp;ust=1745352156176000&amp;usg=AOvVaw2CQEW6jQGt1xUoYeVZLk60\"><strong><span style=\"color: #800000;\">formulario de inscripci\u00f3n<\/span><\/strong>,<\/a>\u00a0indicando su\/s actividad\/des de preferencia.<\/p>\n<p>&nbsp;<\/p>\n<p><b><u>L\u00edmite de inscripci\u00f3n para los minicursos y talleres: 13 de junio<\/u><\/b><\/p>\n<\/div>\n<div><\/div>\n<p><b>1.\u00a0 Mi\u00e9rcoles 30\/07, de 14 a 17 h: Taller de Escritura Creativa para la Promoci\u00f3n cient\u00edfica:<\/b>\u00a0Docente: Dr. Javier Garc\u00eda de Souza (ILPLA, CONICET-UNLP).<\/p>\n<p>&nbsp;<\/p>\n<p><b>2.\u00a0 Mi\u00e9rcoles 30\/07, de 17 a 19 h: Taller: Muestreo y an\u00e1lisis de micropl\u00e1sticos en ambientes acu\u00e1ticos continentales.<\/b>\u00a0Docentes: Dres. Mar\u00eda Bel\u00e9n Alfonso (Center for Ocean Plastic Studies, Kyushu University), Lidwina Bertrand (CIBICI, CONICET-UNC), Guido Rimondino (INFIQC, CONICET-UNC).[\/vc_column_text][\/vc_tta_section][\/vc_tta_tabs][\/vc_column][\/vc_row]<\/p>\n","protected":false},"excerpt":{"rendered":"<p>[vc_row][vc_column][vc_tta_tabs][vc_tta_section title=&#8221;Exposiciones&#8221; tab_id=&#8221;1724862180437-b67c5aff-3813&#8243;][vc_column_text]&nbsp; ENV\u00cdO DE RES\u00daMENES &nbsp; Abrimos la convocatoria al env\u00edo de res\u00famenes, de acuerdo con el siguiente formato:\u00a0 Modelo de Resumen &nbsp; Fecha l\u00edmite de env\u00edo de res\u00famenes: 30\/03\/2025 &nbsp; Enviar los res\u00famenes a: resumenescal2025@gmail.com &nbsp; \u00c1REAS TEM\u00c1TICAS DEL CONGRESO PARA ENV\u00cdO DE RES\u00daMENES &nbsp; &#8220;Metabolismo y din\u00e1mica de gases de efecto invernadero &hellip; <\/p>\n","protected":false},"author":1,"featured_media":0,"parent":0,"menu_order":0,"comment_status":"closed","ping_status":"closed","template":"","meta":{"_monsterinsights_skip_tracking":false,"_monsterinsights_sitenote_active":false,"_monsterinsights_sitenote_note":"","_monsterinsights_sitenote_category":0,"footnotes":""},"class_list":["post-25","page","type-page","status-publish","hentry"],"_links":{"self":[{"href":"https:\/\/exa.unne.edu.ar\/congreso%20limnologia\/index.php\/wp-json\/wp\/v2\/pages\/25","targetHints":{"allow":["GET"]}}],"collection":[{"href":"https:\/\/exa.unne.edu.ar\/congreso%20limnologia\/index.php\/wp-json\/wp\/v2\/pages"}],"about":[{"href":"https:\/\/exa.unne.edu.ar\/congreso%20limnologia\/index.php\/wp-json\/wp\/v2\/types\/page"}],"author":[{"embeddable":true,"href":"https:\/\/exa.unne.edu.ar\/congreso%20limnologia\/index.php\/wp-json\/wp\/v2\/users\/1"}],"replies":[{"embeddable":true,"href":"https:\/\/exa.unne.edu.ar\/congreso%20limnologia\/index.php\/wp-json\/wp\/v2\/comments?post=25"}],"version-history":[{"count":65,"href":"https:\/\/exa.unne.edu.ar\/congreso%20limnologia\/index.php\/wp-json\/wp\/v2\/pages\/25\/revisions"}],"predecessor-version":[{"id":325,"href":"https:\/\/exa.unne.edu.ar\/congreso%20limnologia\/index.php\/wp-json\/wp\/v2\/pages\/25\/revisions\/325"}],"wp:attachment":[{"href":"https:\/\/exa.unne.edu.ar\/congreso%20limnologia\/index.php\/wp-json\/wp\/v2\/media?parent=25"}],"curies":[{"name":"wp","href":"https:\/\/api.w.org\/{rel}","templated":true}]}}