{"id":240,"date":"2024-11-19T10:12:01","date_gmt":"2024-11-19T13:12:01","guid":{"rendered":"https:\/\/exa.unne.edu.ar\/congreso%20limnologia\/?page_id=240"},"modified":"2024-11-19T10:12:01","modified_gmt":"2024-11-19T13:12:01","slug":"claudia-feijoo","status":"publish","type":"page","link":"https:\/\/exa.unne.edu.ar\/congreso%20limnologia\/index.php\/claudia-feijoo\/","title":{"rendered":"Claudia Feij\u00f3o"},"content":{"rendered":"<p><i>Ufa con el f\u00f3sforo! Estructura, funci\u00f3n y f\u00f3sforo en arroyos pampeanos<\/i><\/p>\n<p align=\"justify\"><span lang=\"es-ES-u-co-trad\">Doctora en Ciencias Naturales de la Universidad Nacional de La Plata (Argentina). Es Profesora Titular de la Universidad Nacional de Luj\u00e1n (UNLu) e Investigadora Independiente de CONICET. Asimismo, es Directora del Instituto de Ecolog\u00eda y Desarrollo Sustentable (INEDES, CONICET-UNLu). Su especialidad es la biogeoqu\u00edmica y la restauraci\u00f3n de ecosistemas de r\u00edos y arroyos, considerando sus aspectos estructurales y funcionales. Ha publicado m\u00e1s de 70 art\u00edculos cient\u00edficos en revistas nacionales e internacionales y cap\u00edtulos de libros, y 3 libros. Ha participado en diversos proyectos de investigaci\u00f3n subsidiados a nivel nacional e internacional. Ha dirigido a diversos becarios e investigadores y supervisado siete tesis doctorales.<\/span><\/p>\n<p>&nbsp;<\/p>\n","protected":false},"excerpt":{"rendered":"<p>Ufa con el f\u00f3sforo! Estructura, funci\u00f3n y f\u00f3sforo en arroyos pampeanos Doctora en Ciencias Naturales de la Universidad Nacional de La Plata (Argentina). Es Profesora Titular de la Universidad Nacional de Luj\u00e1n (UNLu) e Investigadora Independiente de CONICET. Asimismo, es Directora del Instituto de Ecolog\u00eda y Desarrollo Sustentable (INEDES, CONICET-UNLu). Su especialidad es la biogeoqu\u00edmica &hellip; <\/p>\n","protected":false},"author":1,"featured_media":0,"parent":0,"menu_order":0,"comment_status":"closed","ping_status":"closed","template":"","meta":{"_monsterinsights_skip_tracking":false,"_monsterinsights_sitenote_active":false,"_monsterinsights_sitenote_note":"","_monsterinsights_sitenote_category":0,"footnotes":""},"class_list":["post-240","page","type-page","status-publish","hentry"],"_links":{"self":[{"href":"https:\/\/exa.unne.edu.ar\/congreso%20limnologia\/index.php\/wp-json\/wp\/v2\/pages\/240","targetHints":{"allow":["GET"]}}],"collection":[{"href":"https:\/\/exa.unne.edu.ar\/congreso%20limnologia\/index.php\/wp-json\/wp\/v2\/pages"}],"about":[{"href":"https:\/\/exa.unne.edu.ar\/congreso%20limnologia\/index.php\/wp-json\/wp\/v2\/types\/page"}],"author":[{"embeddable":true,"href":"https:\/\/exa.unne.edu.ar\/congreso%20limnologia\/index.php\/wp-json\/wp\/v2\/users\/1"}],"replies":[{"embeddable":true,"href":"https:\/\/exa.unne.edu.ar\/congreso%20limnologia\/index.php\/wp-json\/wp\/v2\/comments?post=240"}],"version-history":[{"count":1,"href":"https:\/\/exa.unne.edu.ar\/congreso%20limnologia\/index.php\/wp-json\/wp\/v2\/pages\/240\/revisions"}],"predecessor-version":[{"id":241,"href":"https:\/\/exa.unne.edu.ar\/congreso%20limnologia\/index.php\/wp-json\/wp\/v2\/pages\/240\/revisions\/241"}],"wp:attachment":[{"href":"https:\/\/exa.unne.edu.ar\/congreso%20limnologia\/index.php\/wp-json\/wp\/v2\/media?parent=240"}],"curies":[{"name":"wp","href":"https:\/\/api.w.org\/{rel}","templated":true}]}}