{"id":236,"date":"2024-10-28T14:17:03","date_gmt":"2024-10-28T17:17:03","guid":{"rendered":"https:\/\/exa.unne.edu.ar\/congreso%20limnologia\/?page_id=236"},"modified":"2024-11-19T10:32:15","modified_gmt":"2024-11-19T13:32:15","slug":"juan-jose-neiff","status":"publish","type":"page","link":"https:\/\/exa.unne.edu.ar\/congreso%20limnologia\/index.php\/juan-jose-neiff\/","title":{"rendered":"Juan Jos\u00e9 Neiff"},"content":{"rendered":"<p>[vc_row][vc_column][vc_column_text]<\/p>\n<p align=\"justify\">Es Profesor en Ciencias Naturales, magister en Ecolog\u00eda Acu\u00e1tica Continental (Universidad Nacional del Litoral) y Doctor de la Universidad Nacional del Nordeste (Argentina), Investigador Principal del Consejo Nacional de Investigaciones Cient\u00edficas y T\u00e9cnicas y Profesor Libre de la UNNE. Fue Director del Centro de Ecolog\u00eda Aplicada (CECOAL) desde 1986 a 2015. Actualmente colabora para brindar servicios tecnol\u00f3gicos de alto nivel en consultor\u00eda ambiental, con registro habilitado a nivel nacional y en las provincias de Corrientes, de Formosa y de Santa Cruz.<\/p>\n<p>[\/vc_column_text][\/vc_column][\/vc_row]<\/p>\n","protected":false},"excerpt":{"rendered":"<p>[vc_row][vc_column][vc_column_text] Es Profesor en Ciencias Naturales, magister en Ecolog\u00eda Acu\u00e1tica Continental (Universidad Nacional del Litoral) y Doctor de la Universidad Nacional del Nordeste (Argentina), Investigador Principal del Consejo Nacional de Investigaciones Cient\u00edficas y T\u00e9cnicas y Profesor Libre de la UNNE. Fue Director del Centro de Ecolog\u00eda Aplicada (CECOAL) desde 1986 a 2015. Actualmente colabora para &hellip; <\/p>\n","protected":false},"author":1,"featured_media":0,"parent":0,"menu_order":0,"comment_status":"closed","ping_status":"closed","template":"","meta":{"_monsterinsights_skip_tracking":false,"_monsterinsights_sitenote_active":false,"_monsterinsights_sitenote_note":"","_monsterinsights_sitenote_category":0,"footnotes":""},"class_list":["post-236","page","type-page","status-publish","hentry"],"_links":{"self":[{"href":"https:\/\/exa.unne.edu.ar\/congreso%20limnologia\/index.php\/wp-json\/wp\/v2\/pages\/236","targetHints":{"allow":["GET"]}}],"collection":[{"href":"https:\/\/exa.unne.edu.ar\/congreso%20limnologia\/index.php\/wp-json\/wp\/v2\/pages"}],"about":[{"href":"https:\/\/exa.unne.edu.ar\/congreso%20limnologia\/index.php\/wp-json\/wp\/v2\/types\/page"}],"author":[{"embeddable":true,"href":"https:\/\/exa.unne.edu.ar\/congreso%20limnologia\/index.php\/wp-json\/wp\/v2\/users\/1"}],"replies":[{"embeddable":true,"href":"https:\/\/exa.unne.edu.ar\/congreso%20limnologia\/index.php\/wp-json\/wp\/v2\/comments?post=236"}],"version-history":[{"count":3,"href":"https:\/\/exa.unne.edu.ar\/congreso%20limnologia\/index.php\/wp-json\/wp\/v2\/pages\/236\/revisions"}],"predecessor-version":[{"id":246,"href":"https:\/\/exa.unne.edu.ar\/congreso%20limnologia\/index.php\/wp-json\/wp\/v2\/pages\/236\/revisions\/246"}],"wp:attachment":[{"href":"https:\/\/exa.unne.edu.ar\/congreso%20limnologia\/index.php\/wp-json\/wp\/v2\/media?parent=236"}],"curies":[{"name":"wp","href":"https:\/\/api.w.org\/{rel}","templated":true}]}}