{"id":233,"date":"2024-10-28T14:15:22","date_gmt":"2024-10-28T17:15:22","guid":{"rendered":"https:\/\/exa.unne.edu.ar\/congreso%20limnologia\/?page_id=233"},"modified":"2024-11-19T10:33:18","modified_gmt":"2024-11-19T13:33:18","slug":"dra-maria-laura-miserendino","status":"publish","type":"page","link":"https:\/\/exa.unne.edu.ar\/congreso%20limnologia\/index.php\/dra-maria-laura-miserendino\/","title":{"rendered":"Dra. Mar\u00eda Laura Miserendino"},"content":{"rendered":"<p>[vc_row][vc_column][vc_column_text]<\/p>\n<p align=\"justify\">La doctora MARIA LAURA MISERENDINO es Investigadora PRINCIPAL del Consejo Nacional de Investigaciones Cient\u00edficas y T\u00e9cnicas (CONICET) se desempe\u00f1a en el CIEMEP (Centro de Investigaciones Esquel de Monta\u00f1a y Estepa Patag\u00f3nicas) Esquel-Chubut, adem\u00e1s es docente de la UNPSJB. Obtuvo su Licenciatura en Ciencias Biol\u00f3gicas en la Universidad Nacional del Sur (1987), su Maestr\u00eda en Ecolog\u00eda Acu\u00e1tica Continental en la Universidad Nacional del Litoral (1998) y se doctor\u00f3 en Biolog\u00eda en la Universidad Nacional del Comahue (2001). Realiz\u00f3 su formaci\u00f3n posdoctoral en The University of Montana (USA). Sus investigaciones se han focalizado primariamente en ambientes acu\u00e1ticos patag\u00f3nicos. En el marco de la ecolog\u00eda de r\u00edos ha abordado estudios de comunidades bent\u00f3nicas y su relaci\u00f3n con el uso y la conservaci\u00f3n de los recursos acu\u00e1ticos. Ha enfatizado sus investigaciones en macroinvertebrados con especial inter\u00e9s en distribuci\u00f3n de especies a distintas escalas: h\u00e1bitat, r\u00edo, paisaje, y sus relaciones con el ambiente. Asimismo, ha analizado el rol de los macroinvertebrados como bioindicadores de agentes de cambio. Ha evaluado las consecuencias de los disturbios antropog\u00e9nicos mayormente aquellos que derivan del cambio del uso del suelo y tambi\u00e9n investigado sobre embalses, ambientes glaciarios y humedales. Su producci\u00f3n cient\u00edfica consta de m\u00e1s de 110 trabajos en revistas peri\u00f3dicas nacionales e internacionales, incluyendo cap\u00edtulos de libros y 111 presentaciones de trabajos en congresos nacionales e internacionales. En relaci\u00f3n a la formaci\u00f3n de recursos humanos ha dirigido y codirigido tesis doctorales, actuado como mentora de becarios e investigadores y dictado cursos de posgrado. Ha liderado varios proyectos de investigaci\u00f3n, actuado como jurado de tesis y participado en concursos. Se desempe\u00f1a como evaluadora en revistas internacionales.<\/p>\n<p>[\/vc_column_text][\/vc_column][\/vc_row]<\/p>\n","protected":false},"excerpt":{"rendered":"<p>[vc_row][vc_column][vc_column_text] La doctora MARIA LAURA MISERENDINO es Investigadora PRINCIPAL del Consejo Nacional de Investigaciones Cient\u00edficas y T\u00e9cnicas (CONICET) se desempe\u00f1a en el CIEMEP (Centro de Investigaciones Esquel de Monta\u00f1a y Estepa Patag\u00f3nicas) Esquel-Chubut, adem\u00e1s es docente de la UNPSJB. Obtuvo su Licenciatura en Ciencias Biol\u00f3gicas en la Universidad Nacional del Sur (1987), su Maestr\u00eda en &hellip; <\/p>\n","protected":false},"author":1,"featured_media":0,"parent":0,"menu_order":0,"comment_status":"closed","ping_status":"closed","template":"","meta":{"_monsterinsights_skip_tracking":false,"_monsterinsights_sitenote_active":false,"_monsterinsights_sitenote_note":"","_monsterinsights_sitenote_category":0,"footnotes":""},"class_list":["post-233","page","type-page","status-publish","hentry"],"_links":{"self":[{"href":"https:\/\/exa.unne.edu.ar\/congreso%20limnologia\/index.php\/wp-json\/wp\/v2\/pages\/233","targetHints":{"allow":["GET"]}}],"collection":[{"href":"https:\/\/exa.unne.edu.ar\/congreso%20limnologia\/index.php\/wp-json\/wp\/v2\/pages"}],"about":[{"href":"https:\/\/exa.unne.edu.ar\/congreso%20limnologia\/index.php\/wp-json\/wp\/v2\/types\/page"}],"author":[{"embeddable":true,"href":"https:\/\/exa.unne.edu.ar\/congreso%20limnologia\/index.php\/wp-json\/wp\/v2\/users\/1"}],"replies":[{"embeddable":true,"href":"https:\/\/exa.unne.edu.ar\/congreso%20limnologia\/index.php\/wp-json\/wp\/v2\/comments?post=233"}],"version-history":[{"count":3,"href":"https:\/\/exa.unne.edu.ar\/congreso%20limnologia\/index.php\/wp-json\/wp\/v2\/pages\/233\/revisions"}],"predecessor-version":[{"id":247,"href":"https:\/\/exa.unne.edu.ar\/congreso%20limnologia\/index.php\/wp-json\/wp\/v2\/pages\/233\/revisions\/247"}],"wp:attachment":[{"href":"https:\/\/exa.unne.edu.ar\/congreso%20limnologia\/index.php\/wp-json\/wp\/v2\/media?parent=233"}],"curies":[{"name":"wp","href":"https:\/\/api.w.org\/{rel}","templated":true}]}}