{"id":230,"date":"2024-10-28T14:13:31","date_gmt":"2024-10-28T17:13:31","guid":{"rendered":"https:\/\/exa.unne.edu.ar\/congreso%20limnologia\/?page_id=230"},"modified":"2024-10-28T14:13:31","modified_gmt":"2024-10-28T17:13:31","slug":"dra-julie-coetzee","status":"publish","type":"page","link":"https:\/\/exa.unne.edu.ar\/congreso%20limnologia\/index.php\/dra-julie-coetzee\/","title":{"rendered":"Dra. Julie Coetzee"},"content":{"rendered":"<p align=\"justify\"><span style=\"font-family: Arial, serif;\">Julie Coetzee es Cient\u00edfica Principal del Instituto Sudafricano de Biodiversidad Acu\u00e1tica y Directora Adjunta del Centro de Control Biol\u00f3gico (CBC) de la Universidad de Rhodes, especializado en el control biol\u00f3gico de plantas acu\u00e1ticas invasoras. Julie goza de reconocimiento mundial por su experiencia en la gesti\u00f3n de plantas acu\u00e1ticas invasoras y actualmente dirige el amplio programa de control biol\u00f3gico contra plantas acu\u00e1ticas invasoras en Sud\u00e1frica.<\/span><\/p>\n<p align=\"justify\"><span style=\"font-family: Arial, serif;\">Su principal inter\u00e9s son las interacciones planta-insecto, en el contexto aplicado del control biol\u00f3gico de especies invasoras. Trabaja con malezas acu\u00e1ticas flotantes y sumergidas, y actualmente se centra en los aspectos de cambio de r\u00e9gimen y resiliencia de la ecolog\u00eda de la invasi\u00f3n de este conjunto de plantas. Otros de sus intereses son la fisiolog\u00eda de los insectos, la modelizaci\u00f3n de la distribuci\u00f3n de especies, la ecolog\u00eda de las plantas acu\u00e1ticas y la bioestad\u00edstica.<\/span><\/p>\n<p align=\"justify\"><span style=\"font-family: Arial, serif;\">En \u00c1frica, Julie ha trabajado en Mozambique, Camer\u00fan, Marruecos y, m\u00e1s recientemente, en Kenia y Zimbabue, as\u00ed como en Argentina y Nueva Zelanda, en el desarrollo de opciones de control biol\u00f3gico. Julie tambi\u00e9n ha sido presidenta de la Sociedad Entomol\u00f3gica de \u00c1frica Austral entre 2021 y 2023, y es editora asociada de las revistas Hydrobiologia y Journal of Aquatic Plant Management.<\/span><\/p>\n","protected":false},"excerpt":{"rendered":"<p>Julie Coetzee es Cient\u00edfica Principal del Instituto Sudafricano de Biodiversidad Acu\u00e1tica y Directora Adjunta del Centro de Control Biol\u00f3gico (CBC) de la Universidad de Rhodes, especializado en el control biol\u00f3gico de plantas acu\u00e1ticas invasoras. Julie goza de reconocimiento mundial por su experiencia en la gesti\u00f3n de plantas acu\u00e1ticas invasoras y actualmente dirige el amplio programa &hellip; <\/p>\n","protected":false},"author":1,"featured_media":0,"parent":0,"menu_order":0,"comment_status":"closed","ping_status":"closed","template":"","meta":{"_monsterinsights_skip_tracking":false,"_monsterinsights_sitenote_active":false,"_monsterinsights_sitenote_note":"","_monsterinsights_sitenote_category":0,"footnotes":""},"class_list":["post-230","page","type-page","status-publish","hentry"],"_links":{"self":[{"href":"https:\/\/exa.unne.edu.ar\/congreso%20limnologia\/index.php\/wp-json\/wp\/v2\/pages\/230","targetHints":{"allow":["GET"]}}],"collection":[{"href":"https:\/\/exa.unne.edu.ar\/congreso%20limnologia\/index.php\/wp-json\/wp\/v2\/pages"}],"about":[{"href":"https:\/\/exa.unne.edu.ar\/congreso%20limnologia\/index.php\/wp-json\/wp\/v2\/types\/page"}],"author":[{"embeddable":true,"href":"https:\/\/exa.unne.edu.ar\/congreso%20limnologia\/index.php\/wp-json\/wp\/v2\/users\/1"}],"replies":[{"embeddable":true,"href":"https:\/\/exa.unne.edu.ar\/congreso%20limnologia\/index.php\/wp-json\/wp\/v2\/comments?post=230"}],"version-history":[{"count":1,"href":"https:\/\/exa.unne.edu.ar\/congreso%20limnologia\/index.php\/wp-json\/wp\/v2\/pages\/230\/revisions"}],"predecessor-version":[{"id":231,"href":"https:\/\/exa.unne.edu.ar\/congreso%20limnologia\/index.php\/wp-json\/wp\/v2\/pages\/230\/revisions\/231"}],"wp:attachment":[{"href":"https:\/\/exa.unne.edu.ar\/congreso%20limnologia\/index.php\/wp-json\/wp\/v2\/media?parent=230"}],"curies":[{"name":"wp","href":"https:\/\/api.w.org\/{rel}","templated":true}]}}