{"id":226,"date":"2024-10-28T14:09:47","date_gmt":"2024-10-28T17:09:47","guid":{"rendered":"https:\/\/exa.unne.edu.ar\/congreso%20limnologia\/?page_id=226"},"modified":"2024-10-28T14:11:40","modified_gmt":"2024-10-28T17:11:40","slug":"dr-dario-colautti","status":"publish","type":"page","link":"https:\/\/exa.unne.edu.ar\/congreso%20limnologia\/index.php\/dr-dario-colautti\/","title":{"rendered":"Dr. Dar\u00edo Colautti"},"content":{"rendered":"<p>[vc_row][vc_column][vc_column_text]<\/p>\n<p align=\"justify\">Dar\u00edo C. Colautti es Doctor en Ciencias Naturales de la Facultad de Ciencias Naturales y Museo U.N.L.P. Es Director del Instituto de Limnolog\u00eda La Plata &#8220;Dr. Raul A. Ringuelet &#8220;(CONICET-UNLP), investigador principal de CONICET y profesor titular de la c\u00e1tedra de Ictiolog\u00eda de la facultad de Ciencias Naturales y Museo UNLP. Es Jefe del Laboratorio de Ecolog\u00eda de Peces del ILPLA.<\/p>\n<p align=\"justify\"><a name=\"_Toc449342039\"><\/a><a name=\"_Toc449342134\"><\/a><a name=\"_Toc449751675\"><\/a><a name=\"_Toc449751679\"><\/a> -Sus principales temas de trabajo han sido: limnolog\u00eda, ecolog\u00eda de peces de agua dulce especies acu\u00e1ticas invasoras, acuicultura, impacto ambiental, din\u00e1mica de poblaciones de organismos acu\u00e1ticos, evaluaci\u00f3n y manejo de pesquer\u00edas artesanales.<\/p>\n<p align=\"justify\"><a name=\"_Toc449751677\"><\/a> -Ha publicado m\u00e1s de 70 trabajos de investigaci\u00f3n cient\u00edfica en revistas nacionales e internacionales, cap\u00edtulos de libro, y realizado m\u00e1s de cien presentaciones en reuniones cient\u00edficas. Particip\u00f3 en numerosos proyectos de investigaci\u00f3n, convenios de cooperaci\u00f3n nacional e internacional, y ha realizado investigaci\u00f3n y transferencia tecnol\u00f3gica. Ha dirigido numerosos trabajos de tesis doctoral, maestr\u00eda y especializaci\u00f3n. Fue consultor de la Direcci\u00f3n. de Desarrollo Pesquero de la Provincia de Buenos Aires, de la Subsecretar\u00eda de Pesca de la Naci\u00f3n y de entidades privadas, para las cuales elabor\u00f3 m\u00e1s de doscientos cincuenta informes sobre temas de su especialidad.<\/p>\n<p>[\/vc_column_text][\/vc_column][\/vc_row]<\/p>\n","protected":false},"excerpt":{"rendered":"<p>[vc_row][vc_column][vc_column_text] Dar\u00edo C. Colautti es Doctor en Ciencias Naturales de la Facultad de Ciencias Naturales y Museo U.N.L.P. Es Director del Instituto de Limnolog\u00eda La Plata &#8220;Dr. Raul A. Ringuelet &#8220;(CONICET-UNLP), investigador principal de CONICET y profesor titular de la c\u00e1tedra de Ictiolog\u00eda de la facultad de Ciencias Naturales y Museo UNLP. Es Jefe del &hellip; <\/p>\n","protected":false},"author":1,"featured_media":0,"parent":0,"menu_order":0,"comment_status":"closed","ping_status":"closed","template":"","meta":{"_monsterinsights_skip_tracking":false,"_monsterinsights_sitenote_active":false,"_monsterinsights_sitenote_note":"","_monsterinsights_sitenote_category":0,"footnotes":""},"class_list":["post-226","page","type-page","status-publish","hentry"],"_links":{"self":[{"href":"https:\/\/exa.unne.edu.ar\/congreso%20limnologia\/index.php\/wp-json\/wp\/v2\/pages\/226","targetHints":{"allow":["GET"]}}],"collection":[{"href":"https:\/\/exa.unne.edu.ar\/congreso%20limnologia\/index.php\/wp-json\/wp\/v2\/pages"}],"about":[{"href":"https:\/\/exa.unne.edu.ar\/congreso%20limnologia\/index.php\/wp-json\/wp\/v2\/types\/page"}],"author":[{"embeddable":true,"href":"https:\/\/exa.unne.edu.ar\/congreso%20limnologia\/index.php\/wp-json\/wp\/v2\/users\/1"}],"replies":[{"embeddable":true,"href":"https:\/\/exa.unne.edu.ar\/congreso%20limnologia\/index.php\/wp-json\/wp\/v2\/comments?post=226"}],"version-history":[{"count":2,"href":"https:\/\/exa.unne.edu.ar\/congreso%20limnologia\/index.php\/wp-json\/wp\/v2\/pages\/226\/revisions"}],"predecessor-version":[{"id":228,"href":"https:\/\/exa.unne.edu.ar\/congreso%20limnologia\/index.php\/wp-json\/wp\/v2\/pages\/226\/revisions\/228"}],"wp:attachment":[{"href":"https:\/\/exa.unne.edu.ar\/congreso%20limnologia\/index.php\/wp-json\/wp\/v2\/media?parent=226"}],"curies":[{"name":"wp","href":"https:\/\/api.w.org\/{rel}","templated":true}]}}