{"id":19,"date":"2024-08-21T11:31:17","date_gmt":"2024-08-21T14:31:17","guid":{"rendered":"https:\/\/exa.unne.edu.ar\/congreso%20limnologia\/?page_id=19"},"modified":"2024-10-16T12:31:45","modified_gmt":"2024-10-16T15:31:45","slug":"inscripcion","status":"publish","type":"page","link":"https:\/\/exa.unne.edu.ar\/congreso%20limnologia\/index.php\/inscripcion\/","title":{"rendered":"Inscripci\u00f3n"},"content":{"rendered":"<p>[vc_row][vc_column][vc_column_text]<\/p>\n<p class=\"western\"><span style=\"font-family: Aptos, serif;\"><span lang=\"es-ES\"><b>Aranceles<\/b><\/span><\/span><\/p>\n<table width=\"615\" cellspacing=\"0\" cellpadding=\"0\">\n<tbody>\n<tr valign=\"top\">\n<td width=\"194\" height=\"1\">\n<p class=\"western\"><span style=\"font-family: Aptos, serif;\"><span style=\"color: #ff0000;\">\u00a0<\/span><\/span><\/p>\n<\/td>\n<td width=\"110\">\n<p class=\"western\"><span style=\"font-family: Aptos, serif;\"><span style=\"color: #ff0000;\"><span lang=\"es-ES\"><b>Hasta el 15\/11\/2024<\/b><\/span><\/span><\/span><\/p>\n<\/td>\n<td width=\"189\">\n<p class=\"western\"><span style=\"font-family: Aptos, serif;\"><span style=\"color: #ff0000;\"><span lang=\"es-ES\"><b>Del 16\/11\/2024 al 28\/02\/2025<\/b><\/span><\/span><\/span><\/p>\n<\/td>\n<td width=\"122\">\n<p class=\"western\"><span style=\"font-family: Aptos, serif;\"><span style=\"color: #ff0000;\"><span lang=\"es-ES\"><b>Desde el 1\/03\/2025<\/b><\/span><\/span><\/span><\/p>\n<\/td>\n<\/tr>\n<tr valign=\"top\">\n<td width=\"194\" height=\"1\">\n<p class=\"western\"><span style=\"font-family: Aptos, serif;\"><span lang=\"es-ES\">Estudiantes de grado<\/span><\/span><\/p>\n<\/td>\n<td width=\"110\">\n<p class=\"western\"><span style=\"font-family: Aptos, serif;\"><span lang=\"es-ES\">$30000<\/span><\/span><\/p>\n<\/td>\n<td width=\"189\">\n<p class=\"western\"><span style=\"font-family: Aptos, serif;\"><span lang=\"es-ES\">$35000<\/span><\/span><\/p>\n<\/td>\n<td width=\"122\">\n<p class=\"western\"><span style=\"font-family: Aptos, serif;\"><span lang=\"es-ES\">$40000<\/span><\/span><\/p>\n<\/td>\n<\/tr>\n<tr valign=\"top\">\n<td width=\"194\" height=\"1\">\n<p class=\"western\"><span style=\"font-family: Aptos, serif;\"><span lang=\"es-ES\">Estudiantes de Posgrado socios\/as AAL<\/span><\/span><\/p>\n<\/td>\n<td width=\"110\">\n<p class=\"western\"><span style=\"font-family: Aptos, serif;\"><span lang=\"es-ES\">$35000<\/span><\/span><\/p>\n<\/td>\n<td width=\"189\">\n<p class=\"western\"><span style=\"font-family: Aptos, serif;\"><span lang=\"es-ES\">$40000<\/span><\/span><\/p>\n<\/td>\n<td width=\"122\">\n<p class=\"western\"><span style=\"font-family: Aptos, serif;\"><span lang=\"es-ES\">$45000<\/span><\/span><\/p>\n<\/td>\n<\/tr>\n<tr valign=\"top\">\n<td width=\"194\" height=\"1\">\n<p class=\"western\"><span style=\"font-family: Aptos, serif;\"><span lang=\"es-ES\">Estudiantes de Posgrado no socios\/as<\/span><\/span><\/p>\n<\/td>\n<td width=\"110\">\n<p class=\"western\"><span style=\"font-family: Aptos, serif;\"><span lang=\"es-ES\">$45000<\/span><\/span><\/p>\n<\/td>\n<td width=\"189\">\n<p class=\"western\"><span style=\"font-family: Aptos, serif;\"><span lang=\"es-ES\">$50000<\/span><\/span><\/p>\n<\/td>\n<td width=\"122\">\n<p class=\"western\"><span style=\"font-family: Aptos, serif;\"><span lang=\"es-ES\">$55000<\/span><\/span><\/p>\n<\/td>\n<\/tr>\n<tr valign=\"top\">\n<td width=\"194\" height=\"1\">\n<p class=\"western\"><span style=\"font-family: Aptos, serif;\"><span lang=\"es-ES\">Investigadores\/as socios\/as AAL<\/span><\/span><\/p>\n<\/td>\n<td width=\"110\">\n<p class=\"western\"><span style=\"font-family: Aptos, serif;\"><span lang=\"es-ES\">$65000<\/span><\/span><\/p>\n<\/td>\n<td width=\"189\">\n<p class=\"western\"><span style=\"font-family: Aptos, serif;\"><span lang=\"es-ES\">$70000<\/span><\/span><\/p>\n<\/td>\n<td width=\"122\">\n<p class=\"western\"><span style=\"font-family: Aptos, serif;\"><span lang=\"es-ES\">$75000<\/span><\/span><\/p>\n<\/td>\n<\/tr>\n<tr valign=\"top\">\n<td width=\"194\" height=\"1\">\n<p class=\"western\"><span style=\"font-family: Aptos, serif;\"><span lang=\"es-ES\">Investigadores\/as no socios<\/span><\/span><\/p>\n<\/td>\n<td width=\"110\">\n<p class=\"western\"><span style=\"font-family: Aptos, serif;\"><span lang=\"es-ES\">$80000<\/span><\/span><\/p>\n<\/td>\n<td width=\"189\">\n<p class=\"western\"><span style=\"font-family: Aptos, serif;\"><span lang=\"es-ES\">$85000<\/span><\/span><\/p>\n<\/td>\n<td width=\"122\">\n<p class=\"western\"><span style=\"font-family: Aptos, serif;\"><span lang=\"es-ES\">$90000<\/span><\/span><\/p>\n<\/td>\n<\/tr>\n<tr valign=\"top\">\n<td width=\"194\" height=\"1\">\n<p class=\"western\"><span style=\"font-family: Aptos, serif;\"><span lang=\"es-ES\">Extranjeros\/as<\/span><\/span><\/p>\n<\/td>\n<td width=\"110\">\n<p class=\"western\"><\/td>\n<td width=\"189\">\n<p class=\"western\"><\/td>\n<td width=\"122\">\n<p class=\"western\"><\/td>\n<\/tr>\n<tr valign=\"top\">\n<td width=\"194\" height=\"1\">\n<p class=\"western\"><span style=\"font-family: Aptos, serif;\"><span lang=\"es-ES\">Estudiantes<\/span><\/span><\/p>\n<\/td>\n<td width=\"110\">\n<p class=\"western\"><span style=\"font-family: Aptos, serif;\"><span lang=\"es-ES\">U$S 40<\/span><\/span><\/p>\n<\/td>\n<td width=\"189\">\n<p class=\"western\"><span style=\"font-family: Aptos, serif;\"><span lang=\"es-ES\">U$S 45<\/span><\/span><\/p>\n<\/td>\n<td width=\"122\">\n<p class=\"western\"><span style=\"font-family: Aptos, serif;\"><span lang=\"es-ES\">U$S 50<\/span><\/span><\/p>\n<\/td>\n<\/tr>\n<tr valign=\"top\">\n<td width=\"194\" height=\"1\">\n<p class=\"western\"><span style=\"font-family: Aptos, serif;\"><span lang=\"es-ES\">Investigadores\/as socios**<\/span><\/span><\/p>\n<\/td>\n<td width=\"110\">\n<p class=\"western\"><span style=\"font-family: Aptos, serif;\"><span lang=\"es-ES\">U$S 100<\/span><\/span><\/p>\n<\/td>\n<td width=\"189\">\n<p class=\"western\"><span style=\"font-family: Aptos, serif;\"><span lang=\"es-ES\">U$S 150<\/span><\/span><\/p>\n<\/td>\n<td width=\"122\">\n<p class=\"western\"><span style=\"font-family: Aptos, serif;\"><span lang=\"es-ES\">U$S 200<\/span><\/span><\/p>\n<\/td>\n<\/tr>\n<tr valign=\"top\">\n<td width=\"194\" height=\"1\">\n<p class=\"western\"><span style=\"font-family: Aptos, serif;\"><span lang=\"es-ES\">Investigadores\/as no socios<\/span><\/span><\/p>\n<\/td>\n<td width=\"110\">\n<p class=\"western\"><span style=\"font-family: Aptos, serif;\"><span lang=\"es-ES\">U$S 150<\/span><\/span><\/p>\n<\/td>\n<td width=\"189\">\n<p class=\"western\"><span style=\"font-family: Aptos, serif;\"><span lang=\"es-ES\">U$S 200<\/span><\/span><\/p>\n<\/td>\n<td width=\"122\">\n<p class=\"western\"><span style=\"font-family: Aptos, serif;\"><span lang=\"es-ES\">U$S 250<\/span><\/span><\/p>\n<\/td>\n<\/tr>\n<\/tbody>\n<\/table>\n<p class=\"western\"><span style=\"font-family: Aptos, serif;\"><span lang=\"es-ES\">*AAL = Asociaci\u00f3n Argentina de Limnolog\u00eda<\/span><\/span><\/p>\n<p class=\"western\"><span style=\"font-family: Aptos, serif;\"><span lang=\"es-ES\">**Socios de Asociaciones limnol\u00f3gicas latinoamericanas e ib\u00e9ricas<\/span><\/span><\/p>\n<p>&nbsp;<\/p>\n<p class=\"western\"><span style=\"font-family: Aptos, serif;\"><span lang=\"es-ES\"><b>Modo de pago de inscripciones:<\/b><\/span><\/span><\/p>\n<p>&nbsp;<\/p>\n<p class=\"western\" align=\"justify\"><span style=\"font-family: Aptos, serif;\"><span lang=\"es-ES\">1.\u00a0\u00a0Acceda al sitio: <\/span><span style=\"color: #800000;\"><u><a style=\"color: #800000;\" href=\"https:\/\/pagos.unne.edu.ar\/\" target=\"_blank\"><span lang=\"es-ES\">https:\/\/pagos.unne.edu.ar\/<\/span><\/a><\/u><\/span><\/span><\/p>\n<p class=\"western\" align=\"justify\"><span style=\"font-family: Aptos, serif;\">2.\u00a0 Ingrese, en el panel de b\u00fasqueda, la palabra &#8220;<b>Congreso<\/b>&#8221; y presione la lupita.<\/span><\/p>\n<p class=\"western\" lang=\"es-ES\" align=\"justify\"><span lang=\"es-AR\">3. Reg\u00edstrese con sus datos personales y ser\u00e1 vinculado a un cup\u00f3n de pago (m\u00e1s informaci\u00f3n para registrarse en este archivo: <\/span><u> <\/u><a href=\"https:\/\/exa.unne.edu.ar\/docs\/2024\/Pagosunne-Instructivo usuario.pdf\"><span style=\"color: #000080;\"><u><b><span style=\"color: #800000;\">Pagosunne-Instructivo usuario<\/span><\/b><\/u><\/span><span style=\"color: #800000;\"><span lang=\"es-AR\">)<\/span>\u00a0<\/span><\/a><\/p>\n<p class=\"western\" align=\"justify\"><span style=\"font-family: Aptos, serif;\">4. Seleccione la categor\u00eda de inscripci\u00f3n que le corresponde (estudiantes, investigadores socios, investigadores no socios, etc.)<\/span><\/p>\n<p class=\"western\" align=\"justify\"><span style=\"font-family: Aptos, serif;\"><span lang=\"es-ES\">5.\u00a0 Participantes extranjeros: por favor, comunicarse antes de pagar la inscripci\u00f3n al mail: <\/span><a href=\"mailto:calctes.2025@gmail.com\"><span style=\"color: #467886;\"><u><span lang=\"es-ES\"><span style=\"color: #800000;\">calctes.2025@gmail.com<\/span><\/span><\/u><\/span><\/a><\/span><\/p>\n<p>[\/vc_column_text][\/vc_column][\/vc_row][vc_row][vc_column][vc_separator border_width=&#8221;3&#8243;][\/vc_column][\/vc_row][vc_row][vc_column][vc_column_text]<em><strong>Acerca de la Inscripci\u00f3n<\/strong><\/em><\/p>\n<p>&nbsp;<\/p>\n<p class=\"western\" lang=\"es-ES\" align=\"justify\"><span style=\"font-family: Aptos, serif;\">Para el env\u00edo de res\u00famenes es necesario que la persona est\u00e9 inscripta, es decir, que haya abonado el arancel correspondiente a la inscripci\u00f3n, seg\u00fan su categor\u00eda.<\/span><\/p>\n<p class=\"western\" lang=\"es-ES\" align=\"justify\"><span style=\"font-family: Aptos, serif;\">La<\/span> <span style=\"font-family: Aptos, serif;\">inscripci\u00f3n<\/span> <span style=\"font-family: Aptos, serif;\">incluye:<\/span><\/p>\n<ul>\n<li>\n<p align=\"justify\"><span style=\"font-family: Aptos, serif;\">Acceso a todas las actividades desarrolladas durante el Congreso <\/span><\/p>\n<\/li>\n<li>\n<p align=\"justify\"><span style=\"font-family: Aptos, serif;\">C\u00f3ctel de bienvenida<\/span><\/p>\n<\/li>\n<li>\n<p align=\"justify\"><span style=\"font-family: Aptos, serif;\">Coffee break<\/span><\/p>\n<\/li>\n<\/ul>\n<p>&nbsp;<\/p>\n<p class=\"western\" lang=\"es-ES\" align=\"justify\"><span style=\"font-family: Aptos, serif;\"><b>Formulario<\/b><\/span><b> <\/b><span style=\"font-family: Aptos, serif;\"><b>de<\/b><\/span><b> <\/b><span style=\"font-family: Aptos, serif;\"><b>inscripci\u00f3n: <\/b><\/span><span style=\"color: #800000;\"><u><a style=\"color: #800000;\" href=\"https:\/\/forms.gle\/6Hj95FWA9j79PGkm9\"><span style=\"font-family: Aptos, serif;\"><b>https:\/\/forms.gle\/6Hj95FWA9j79PGkm9<\/b><\/span><\/a><\/u><\/span><b> <\/b><\/p>\n<p>&nbsp;<\/p>\n<p>&nbsp;[\/vc_column_text][\/vc_column][\/vc_row]<\/p>\n","protected":false},"excerpt":{"rendered":"<p>[vc_row][vc_column][vc_column_text] Aranceles \u00a0 Hasta el 15\/11\/2024 Del 16\/11\/2024 al 28\/02\/2025 Desde el 1\/03\/2025 Estudiantes de grado $30000 $35000 $40000 Estudiantes de Posgrado socios\/as AAL $35000 $40000 $45000 Estudiantes de Posgrado no socios\/as $45000 $50000 $55000 Investigadores\/as socios\/as AAL $65000 $70000 $75000 Investigadores\/as no socios $80000 $85000 $90000 Extranjeros\/as Estudiantes U$S 40 U$S 45 U$S 50 &hellip; <\/p>\n","protected":false},"author":1,"featured_media":0,"parent":0,"menu_order":0,"comment_status":"closed","ping_status":"closed","template":"","meta":{"_monsterinsights_skip_tracking":false,"_monsterinsights_sitenote_active":false,"_monsterinsights_sitenote_note":"","_monsterinsights_sitenote_category":0,"footnotes":""},"class_list":["post-19","page","type-page","status-publish","hentry"],"_links":{"self":[{"href":"https:\/\/exa.unne.edu.ar\/congreso%20limnologia\/index.php\/wp-json\/wp\/v2\/pages\/19","targetHints":{"allow":["GET"]}}],"collection":[{"href":"https:\/\/exa.unne.edu.ar\/congreso%20limnologia\/index.php\/wp-json\/wp\/v2\/pages"}],"about":[{"href":"https:\/\/exa.unne.edu.ar\/congreso%20limnologia\/index.php\/wp-json\/wp\/v2\/types\/page"}],"author":[{"embeddable":true,"href":"https:\/\/exa.unne.edu.ar\/congreso%20limnologia\/index.php\/wp-json\/wp\/v2\/users\/1"}],"replies":[{"embeddable":true,"href":"https:\/\/exa.unne.edu.ar\/congreso%20limnologia\/index.php\/wp-json\/wp\/v2\/comments?post=19"}],"version-history":[{"count":11,"href":"https:\/\/exa.unne.edu.ar\/congreso%20limnologia\/index.php\/wp-json\/wp\/v2\/pages\/19\/revisions"}],"predecessor-version":[{"id":193,"href":"https:\/\/exa.unne.edu.ar\/congreso%20limnologia\/index.php\/wp-json\/wp\/v2\/pages\/19\/revisions\/193"}],"wp:attachment":[{"href":"https:\/\/exa.unne.edu.ar\/congreso%20limnologia\/index.php\/wp-json\/wp\/v2\/media?parent=19"}],"curies":[{"name":"wp","href":"https:\/\/api.w.org\/{rel}","templated":true}]}}