{"id":352,"date":"2024-04-23T14:37:24","date_gmt":"2024-04-23T14:37:24","guid":{"rendered":"https:\/\/exa.unne.edu.ar\/Congreso%20de%20Herpetologia\/?page_id=352"},"modified":"2024-09-03T00:58:57","modified_gmt":"2024-09-03T00:58:57","slug":"informacion","status":"publish","type":"page","link":"https:\/\/exa.unne.edu.ar\/Congreso%20de%20Herpetologia\/index.php\/informacion\/","title":{"rendered":"Informaci\u00f3n"},"content":{"rendered":"<p>[vc_row][vc_column][vc_tta_tabs active_section=&#8221;1&#8243;][vc_tta_section title=&#8221;Ubicaci\u00f3n-Sede &#8221; tab_id=&#8221;1713883136875-ede626f3-5d34&#8243;][vc_column_text]<\/p>\n<h4><span lang=\"en-US\">C\u00f3mo llegar?<\/span><\/h4>\n<p>Vinculo:\u00a0<a href=\"https:\/\/maps.app.goo.gl\/E7V9JdGUvhMn5WzL9\"> <span style=\"color: #993300;\"><b>https:\/\/maps.app.goo.gl\/E7V9JdGUvhMn5WzL9<\/b><\/span><\/a><\/p>\n<p>&nbsp;<\/p>\n<p><img loading=\"lazy\" decoding=\"async\" class=\"alignnone wp-image-357 size-large\" src=\"https:\/\/exa.unne.edu.ar\/Congreso%20de%20Herpetologia\/wp-content\/uploads\/2024\/04\/como-llegar-1024x529.png\" alt=\"\" width=\"1020\" height=\"527\" srcset=\"https:\/\/exa.unne.edu.ar\/Congreso%20de%20Herpetologia\/wp-content\/uploads\/2024\/04\/como-llegar-1024x529.png 1024w, https:\/\/exa.unne.edu.ar\/Congreso%20de%20Herpetologia\/wp-content\/uploads\/2024\/04\/como-llegar-300x155.png 300w, https:\/\/exa.unne.edu.ar\/Congreso%20de%20Herpetologia\/wp-content\/uploads\/2024\/04\/como-llegar-768x397.png 768w, https:\/\/exa.unne.edu.ar\/Congreso%20de%20Herpetologia\/wp-content\/uploads\/2024\/04\/como-llegar-116x60.png 116w, https:\/\/exa.unne.edu.ar\/Congreso%20de%20Herpetologia\/wp-content\/uploads\/2024\/04\/como-llegar.png 1100w\" sizes=\"(max-width: 1020px) 100vw, 1020px\" \/><\/p>\n<p>&nbsp;<\/p>\n<p><em><strong>Pr\u00f3ximamente m\u00e1s informaci\u00f3n<\/strong><\/em>[\/vc_column_text][\/vc_tta_section][vc_tta_section title=&#8221;Alojamientos&#8221; tab_id=&#8221;1713883233050-5a38970a-a78c&#8221;][vc_column_text]&nbsp;<\/p>\n<h4><em><strong>Consultas:<\/strong><\/em><\/h4>\n<ul>\n<li><u><a href=\"https:\/\/visitcorrientes.tur.ar\/en\/\"><span style=\"color: #800000;\">https:\/\/visitcorrientes.tur.ar\/en\/<\/span><\/a><\/u><\/li>\n<li><u><a href=\"https:\/\/corrientes.tur.ar\/\"><span style=\"color: #800000;\">https:\/\/corrientes.tur.ar\/<\/span><\/a><\/u><\/li>\n<\/ul>\n<p>&nbsp;<\/p>\n<p>Te inscribiste?: \u00a1Aprovech\u00e1 los descuentos especiales en hoteles!<\/p>\n<p>&nbsp;<\/p>\n<h4><em><strong>Hotel Identidad<\/strong><\/em><\/h4>\n<p>Ofrece un <b>20% de descuento<\/b> a los Asistentes al XXIVCAH<\/p>\n<p>&nbsp;<\/p>\n<p><em><strong>Ubicaci\u00f3n:<\/strong><\/em><\/p>\n<p>Hip\u00f3lito Irigoyen 1470<\/p>\n<p>Corrientes \u2013 Argentina<\/p>\n<p>&nbsp;<\/p>\n<p><em><strong>Reservas:<\/strong><\/em><\/p>\n<p>Tel\u00e9fonos: + 54 0379 &#8211; 4423939 \/ 4422956<\/p>\n<p>Whatsapp: +5493794546995<\/p>\n<p>p\u00e1gina web: <span style=\"color: #800000;\"><a style=\"color: #800000;\" href=\"http:\/\/www.hotelidentidad.com.ar\">www.hotelidentidad.com.ar<\/a><\/span><\/p>\n<p>e-mail <span style=\"color: #000080;\"><u><a style=\"color: #000080;\" href=\"mailto:reservas@hotelidentidad.com.ar\"><span style=\"color: #000080;\">reservas@hotelidentidad.com.ar<\/span><\/a><\/u><\/span><\/p>\n<p>Mencionar el EVENTO: Congreso Argentino de Herpetologia del 1 al 4-10-24<\/p>\n<p>&nbsp;<\/p>\n<p>&nbsp;<\/p>\n<h4><em><strong>Don Suites Apart Hotel<\/strong><\/em><\/h4>\n<p>Ofrece <b>10% de descuento <\/b>sobre tarifa rack abonando en tarjeta de cr\u00e9dito o d\u00e9bito o un<b> 15% de descuento <\/b>sobre tarifa rack abonando en efectivo o transferencia bancaria, a los Asistentes al XXIVCAH<\/p>\n<p>&nbsp;<\/p>\n<p><em><strong>Ubicaci\u00f3n:<\/strong><\/em><\/p>\n<p>La Rioja 442<\/p>\n<p>Corrientes &#8211; Argentina<\/p>\n<p>&nbsp;<\/p>\n<p><em><strong>Reservas:<\/strong><\/em><\/p>\n<p>Mail: <span style=\"color: #000080;\"><a style=\"color: #000080;\" href=\"mailto:info@donsuites.com.ar\">info@donsuites.com.ar<\/a><\/span><\/p>\n<p>Tel: +549 379 4423433<\/p>\n<p><span lang=\"en-US\">Instagram:<\/span> <span lang=\"en-US\">donsuitesapart<\/span><\/p>\n<p><span lang=\"en-US\">Facebook: DonSuites Apart hotel<\/span><\/p>\n<p><u><a href=\"http:\/\/www.donsuites.com\/\"><span style=\"color: #800000;\">www.donsuites.com<\/span><\/a><\/u><\/p>\n<p>&nbsp;<\/p>\n<p>Mencionar el EVENTO: Congreso Argentino de Herpetologia del 1 al 4-10-24[\/vc_column_text][\/vc_tta_section][vc_tta_section title=&#8221;Informaci\u00f3n Turismo &#8221; tab_id=&#8221;1713883136877-44c04002-fa25&#8243;][vc_column_text]<\/p>\n<h3><\/h3>\n<h3><span style=\"color: #800000;\"><a style=\"color: #800000;\" href=\"https:\/\/corrientes.tur.ar\/\">https:\/\/corrientes.tur.ar\/<\/a><\/span><\/h3>\n<p>&nbsp;<\/p>\n<p><em><strong>Pr\u00f3ximamente m\u00e1s informaci\u00f3n<\/strong><\/em>[\/vc_column_text][\/vc_tta_section][\/vc_tta_tabs][\/vc_column][\/vc_row]<\/p>\n","protected":false},"excerpt":{"rendered":"<p>[vc_row][vc_column][vc_tta_tabs active_section=&#8221;1&#8243;][vc_tta_section title=&#8221;Ubicaci\u00f3n-Sede &#8221; tab_id=&#8221;1713883136875-ede626f3-5d34&#8243;][vc_column_text] C\u00f3mo llegar? Vinculo:\u00a0 https:\/\/maps.app.goo.gl\/E7V9JdGUvhMn5WzL9 &nbsp; &nbsp; Pr\u00f3ximamente m\u00e1s informaci\u00f3n[\/vc_column_text][\/vc_tta_section][vc_tta_section title=&#8221;Alojamientos&#8221; tab_id=&#8221;1713883233050-5a38970a-a78c&#8221;][vc_column_text]&nbsp; Consultas: https:\/\/visitcorrientes.tur.ar\/en\/ https:\/\/corrientes.tur.ar\/ &nbsp; Te inscribiste?: \u00a1Aprovech\u00e1 los descuentos especiales en hoteles! &nbsp; Hotel Identidad Ofrece un 20% de descuento a los Asistentes al XXIVCAH &nbsp; Ubicaci\u00f3n: Hip\u00f3lito Irigoyen 1470 Corrientes \u2013 Argentina &nbsp; Reservas: Tel\u00e9fonos: + 54 0379 &hellip; <\/p>\n","protected":false},"author":1,"featured_media":0,"parent":0,"menu_order":0,"comment_status":"closed","ping_status":"closed","template":"","meta":{"footnotes":""},"categories":[],"tags":[],"_links":{"self":[{"href":"https:\/\/exa.unne.edu.ar\/Congreso%20de%20Herpetologia\/index.php\/wp-json\/wp\/v2\/pages\/352"}],"collection":[{"href":"https:\/\/exa.unne.edu.ar\/Congreso%20de%20Herpetologia\/index.php\/wp-json\/wp\/v2\/pages"}],"about":[{"href":"https:\/\/exa.unne.edu.ar\/Congreso%20de%20Herpetologia\/index.php\/wp-json\/wp\/v2\/types\/page"}],"author":[{"embeddable":true,"href":"https:\/\/exa.unne.edu.ar\/Congreso%20de%20Herpetologia\/index.php\/wp-json\/wp\/v2\/users\/1"}],"replies":[{"embeddable":true,"href":"https:\/\/exa.unne.edu.ar\/Congreso%20de%20Herpetologia\/index.php\/wp-json\/wp\/v2\/comments?post=352"}],"version-history":[{"count":8,"href":"https:\/\/exa.unne.edu.ar\/Congreso%20de%20Herpetologia\/index.php\/wp-json\/wp\/v2\/pages\/352\/revisions"}],"predecessor-version":[{"id":467,"href":"https:\/\/exa.unne.edu.ar\/Congreso%20de%20Herpetologia\/index.php\/wp-json\/wp\/v2\/pages\/352\/revisions\/467"}],"wp:attachment":[{"href":"https:\/\/exa.unne.edu.ar\/Congreso%20de%20Herpetologia\/index.php\/wp-json\/wp\/v2\/media?parent=352"}],"wp:term":[{"taxonomy":"category","embeddable":true,"href":"https:\/\/exa.unne.edu.ar\/Congreso%20de%20Herpetologia\/index.php\/wp-json\/wp\/v2\/categories?post=352"},{"taxonomy":"post_tag","embeddable":true,"href":"https:\/\/exa.unne.edu.ar\/Congreso%20de%20Herpetologia\/index.php\/wp-json\/wp\/v2\/tags?post=352"}],"curies":[{"name":"wp","href":"https:\/\/api.w.org\/{rel}","templated":true}]}}