{"id":208,"date":"2024-04-17T15:30:30","date_gmt":"2024-04-17T15:30:30","guid":{"rendered":"https:\/\/exa.unne.edu.ar\/Congreso%20de%20Herpetologia\/?page_id=208"},"modified":"2024-09-26T12:24:48","modified_gmt":"2024-09-26T12:24:48","slug":"presentacion","status":"publish","type":"page","link":"https:\/\/exa.unne.edu.ar\/Congreso%20de%20Herpetologia\/","title":{"rendered":"Presentaci\u00f3n"},"content":{"rendered":"<p>[vc_row][vc_column css_animation=&#8221;slideInUp&#8221;][vc_column_text]<img loading=\"lazy\" decoding=\"async\" class=\"alignnone wp-image-470 size-full\" src=\"https:\/\/exa.unne.edu.ar\/Congreso%20de%20Herpetologia\/wp-content\/uploads\/2024\/09\/XXIV-Congreso-Logo-51.png\" alt=\"\" width=\"4000\" height=\"3000\" srcset=\"https:\/\/exa.unne.edu.ar\/Congreso%20de%20Herpetologia\/wp-content\/uploads\/2024\/09\/XXIV-Congreso-Logo-51.png 4000w, https:\/\/exa.unne.edu.ar\/Congreso%20de%20Herpetologia\/wp-content\/uploads\/2024\/09\/XXIV-Congreso-Logo-51-300x225.png 300w, https:\/\/exa.unne.edu.ar\/Congreso%20de%20Herpetologia\/wp-content\/uploads\/2024\/09\/XXIV-Congreso-Logo-51-1024x768.png 1024w, https:\/\/exa.unne.edu.ar\/Congreso%20de%20Herpetologia\/wp-content\/uploads\/2024\/09\/XXIV-Congreso-Logo-51-768x576.png 768w, https:\/\/exa.unne.edu.ar\/Congreso%20de%20Herpetologia\/wp-content\/uploads\/2024\/09\/XXIV-Congreso-Logo-51-1536x1152.png 1536w, https:\/\/exa.unne.edu.ar\/Congreso%20de%20Herpetologia\/wp-content\/uploads\/2024\/09\/XXIV-Congreso-Logo-51-2048x1536.png 2048w, https:\/\/exa.unne.edu.ar\/Congreso%20de%20Herpetologia\/wp-content\/uploads\/2024\/09\/XXIV-Congreso-Logo-51-80x60.png 80w\" sizes=\"(max-width: 4000px) 100vw, 4000px\" \/>[\/vc_column_text][\/vc_column][\/vc_row][vc_row][vc_column][vc_images_carousel images=&#8221;375,369,368,373,377,376,374,371,372,367,366&#8243; img_size=&#8221;full&#8221; speed=&#8221;1000&#8243; autoplay=&#8221;yes&#8221; hide_pagination_control=&#8221;yes&#8221; wrap=&#8221;yes&#8221; css_animation=&#8221;slideInRight&#8221;][\/vc_column][\/vc_row][vc_row][vc_column][vc_column_text]<strong>\u00a1Bienvenidos al XXIV Congreso Argentino de Herpetolog\u00eda!<\/strong><\/p>\n<p>&nbsp;<\/p>\n<p><strong>En esta ocasi\u00f3n, nos reuniremos nuevamente en Corrientes del 1 al 4 de octubre de 2024, en la Facultad de Ciencias Exactas y Naturales y Agrimensura, Campus <\/strong><strong>Deodoro Roca, de la Universidad Nacional del Nordeste.<\/strong><\/p>\n<p>&nbsp;<\/p>\n<p><strong>Durante estos d\u00edas destacados herpet\u00f3logos nacionales e internacionales compartir\u00e1n sus investigaciones y experiencias a trav\u00e9s de conferencias magistrales, cursos, <\/strong><strong>talleres y presentaciones en modalidad oral y p\u00f3ster.<\/strong><\/p>\n<p>&nbsp;<\/p>\n<p><strong>\u00a1No se lo pierdan!<\/strong><\/p>\n<p>&nbsp;[\/vc_column_text][\/vc_column][\/vc_row][vc_row][vc_column width=&#8221;1\/3&#8243;][vc_column_text]<\/p>\n<p style=\"text-align: center;\"><strong>Primera Circular<br \/>\n<\/strong><\/p>\n<p style=\"text-align: center;\"><a href=\"..\/docs\/2024\/XXIVCAH 1ra Circular.pdf\"><strong><span style=\"color: #800000;\">Desc\u00e1rgala aqu\u00ed<\/span><\/strong><\/a><\/p>\n<p>[\/vc_column_text][\/vc_column][vc_column width=&#8221;1\/3&#8243;][vc_column_text]<\/p>\n<p style=\"text-align: center;\"><strong> Segunda Circular<br \/>\n<\/strong><\/p>\n<p style=\"text-align: center;\"><span style=\"color: #800000;\"><a style=\"color: #800000;\" href=\"..\/docs\/2024\/XXIVCAH 2da Circular.pdf\"><strong>Desc\u00e1rgala aqu\u00ed<\/strong><\/a><\/span><\/p>\n<p>[\/vc_column_text][\/vc_column][vc_column width=&#8221;1\/3&#8243;][vc_column_text]<\/p>\n<p style=\"text-align: center;\"><strong>Tercera Circular<br \/>\n<\/strong><\/p>\n<p style=\"text-align: center;\"><a href=\"..\/docs\/2024\/XXIVCAH 3ra circular.pdf\"><strong><span style=\"color: #800000;\">Desc\u00e1rgala aqu\u00ed<\/span><\/strong><\/a><\/p>\n<p>[\/vc_column_text][\/vc_column][\/vc_row]<\/p>\n","protected":false},"excerpt":{"rendered":"<p>[vc_row][vc_column css_animation=&#8221;slideInUp&#8221;][vc_column_text][\/vc_column_text][\/vc_column][\/vc_row][vc_row][vc_column][vc_images_carousel images=&#8221;375,369,368,373,377,376,374,371,372,367,366&#8243; img_size=&#8221;full&#8221; speed=&#8221;1000&#8243; autoplay=&#8221;yes&#8221; hide_pagination_control=&#8221;yes&#8221; wrap=&#8221;yes&#8221; css_animation=&#8221;slideInRight&#8221;][\/vc_column][\/vc_row][vc_row][vc_column][vc_column_text]\u00a1Bienvenidos al XXIV Congreso Argentino de Herpetolog\u00eda! &nbsp; En esta ocasi\u00f3n, nos reuniremos nuevamente en Corrientes del 1 al 4 de octubre de 2024, en la Facultad de Ciencias Exactas y Naturales y Agrimensura, Campus Deodoro Roca, de la Universidad Nacional del Nordeste. &nbsp; Durante estos d\u00edas &hellip; <\/p>\n","protected":false},"author":1,"featured_media":0,"parent":0,"menu_order":0,"comment_status":"closed","ping_status":"closed","template":"","meta":{"footnotes":""},"categories":[],"tags":[],"_links":{"self":[{"href":"https:\/\/exa.unne.edu.ar\/Congreso%20de%20Herpetologia\/index.php\/wp-json\/wp\/v2\/pages\/208"}],"collection":[{"href":"https:\/\/exa.unne.edu.ar\/Congreso%20de%20Herpetologia\/index.php\/wp-json\/wp\/v2\/pages"}],"about":[{"href":"https:\/\/exa.unne.edu.ar\/Congreso%20de%20Herpetologia\/index.php\/wp-json\/wp\/v2\/types\/page"}],"author":[{"embeddable":true,"href":"https:\/\/exa.unne.edu.ar\/Congreso%20de%20Herpetologia\/index.php\/wp-json\/wp\/v2\/users\/1"}],"replies":[{"embeddable":true,"href":"https:\/\/exa.unne.edu.ar\/Congreso%20de%20Herpetologia\/index.php\/wp-json\/wp\/v2\/comments?post=208"}],"version-history":[{"count":34,"href":"https:\/\/exa.unne.edu.ar\/Congreso%20de%20Herpetologia\/index.php\/wp-json\/wp\/v2\/pages\/208\/revisions"}],"predecessor-version":[{"id":494,"href":"https:\/\/exa.unne.edu.ar\/Congreso%20de%20Herpetologia\/index.php\/wp-json\/wp\/v2\/pages\/208\/revisions\/494"}],"wp:attachment":[{"href":"https:\/\/exa.unne.edu.ar\/Congreso%20de%20Herpetologia\/index.php\/wp-json\/wp\/v2\/media?parent=208"}],"wp:term":[{"taxonomy":"category","embeddable":true,"href":"https:\/\/exa.unne.edu.ar\/Congreso%20de%20Herpetologia\/index.php\/wp-json\/wp\/v2\/categories?post=208"},{"taxonomy":"post_tag","embeddable":true,"href":"https:\/\/exa.unne.edu.ar\/Congreso%20de%20Herpetologia\/index.php\/wp-json\/wp\/v2\/tags?post=208"}],"curies":[{"name":"wp","href":"https:\/\/api.w.org\/{rel}","templated":true}]}}