{"id":201,"date":"2024-04-17T15:24:15","date_gmt":"2024-04-17T15:24:15","guid":{"rendered":"https:\/\/exa.unne.edu.ar\/Congreso%20de%20Herpetologia\/?page_id=201"},"modified":"2024-09-19T14:36:56","modified_gmt":"2024-09-19T14:36:56","slug":"pagos","status":"publish","type":"page","link":"https:\/\/exa.unne.edu.ar\/Congreso%20de%20Herpetologia\/index.php\/pagos\/","title":{"rendered":"Actividades"},"content":{"rendered":"<p>[vc_row gap=&#8221;10&#8243; full_height=&#8221;yes&#8221; parallax=&#8221;content-moving&#8221; css_animation=&#8221;none&#8221;][vc_column][vc_tta_tabs active_section=&#8221;1&#8243;][vc_tta_section title=&#8221;Cronograma&#8221; tab_id=&#8221;1713880210767-88f82c20-2289&#8243;][vc_column_text]&nbsp;<\/p>\n<p><a href=\"..\/..\/..\/docs\/2024\/Cronograma (2).jpg\"><img loading=\"lazy\" decoding=\"async\" class=\"alignnone wp-image-479 size-large\" src=\"https:\/\/exa.unne.edu.ar\/Congreso%20de%20Herpetologia\/wp-content\/uploads\/2024\/09\/Cronograma-2-1024x1024.jpg\" alt=\"\" width=\"1020\" height=\"1020\" srcset=\"https:\/\/exa.unne.edu.ar\/Congreso%20de%20Herpetologia\/wp-content\/uploads\/2024\/09\/Cronograma-2-1024x1024.jpg 1024w, https:\/\/exa.unne.edu.ar\/Congreso%20de%20Herpetologia\/wp-content\/uploads\/2024\/09\/Cronograma-2-300x300.jpg 300w, https:\/\/exa.unne.edu.ar\/Congreso%20de%20Herpetologia\/wp-content\/uploads\/2024\/09\/Cronograma-2-150x150.jpg 150w, https:\/\/exa.unne.edu.ar\/Congreso%20de%20Herpetologia\/wp-content\/uploads\/2024\/09\/Cronograma-2-768x768.jpg 768w, https:\/\/exa.unne.edu.ar\/Congreso%20de%20Herpetologia\/wp-content\/uploads\/2024\/09\/Cronograma-2-435x435.jpg 435w, https:\/\/exa.unne.edu.ar\/Congreso%20de%20Herpetologia\/wp-content\/uploads\/2024\/09\/Cronograma-2-60x60.jpg 60w, https:\/\/exa.unne.edu.ar\/Congreso%20de%20Herpetologia\/wp-content\/uploads\/2024\/09\/Cronograma-2.jpg 1080w\" sizes=\"(max-width: 1020px) 100vw, 1020px\" \/><\/a>[\/vc_column_text][\/vc_tta_section][vc_tta_section title=&#8221;Conferencias&#8221; tab_id=&#8221;1713880210766-c7edde9e-2377&#8243;][vc_column_text]<img loading=\"lazy\" decoding=\"async\" class=\"alignnone wp-image-432 size-full\" src=\"https:\/\/exa.unne.edu.ar\/Congreso%20de%20Herpetologia\/wp-content\/uploads\/2024\/06\/2.png\" alt=\"\" width=\"1024\" height=\"300\" srcset=\"https:\/\/exa.unne.edu.ar\/Congreso%20de%20Herpetologia\/wp-content\/uploads\/2024\/06\/2.png 1024w, https:\/\/exa.unne.edu.ar\/Congreso%20de%20Herpetologia\/wp-content\/uploads\/2024\/06\/2-300x88.png 300w, https:\/\/exa.unne.edu.ar\/Congreso%20de%20Herpetologia\/wp-content\/uploads\/2024\/06\/2-768x225.png 768w, https:\/\/exa.unne.edu.ar\/Congreso%20de%20Herpetologia\/wp-content\/uploads\/2024\/06\/2-1020x300.png 1020w, https:\/\/exa.unne.edu.ar\/Congreso%20de%20Herpetologia\/wp-content\/uploads\/2024\/06\/2-205x60.png 205w\" sizes=\"(max-width: 1024px) 100vw, 1024px\" \/><\/p>\n<p><img loading=\"lazy\" decoding=\"async\" class=\"wp-image-433 size-full alignnone\" src=\"https:\/\/exa.unne.edu.ar\/Congreso%20de%20Herpetologia\/wp-content\/uploads\/2024\/06\/3.png\" alt=\"\" width=\"1024\" height=\"300\" srcset=\"https:\/\/exa.unne.edu.ar\/Congreso%20de%20Herpetologia\/wp-content\/uploads\/2024\/06\/3.png 1024w, https:\/\/exa.unne.edu.ar\/Congreso%20de%20Herpetologia\/wp-content\/uploads\/2024\/06\/3-300x88.png 300w, https:\/\/exa.unne.edu.ar\/Congreso%20de%20Herpetologia\/wp-content\/uploads\/2024\/06\/3-768x225.png 768w, https:\/\/exa.unne.edu.ar\/Congreso%20de%20Herpetologia\/wp-content\/uploads\/2024\/06\/3-1020x300.png 1020w, https:\/\/exa.unne.edu.ar\/Congreso%20de%20Herpetologia\/wp-content\/uploads\/2024\/06\/3-205x60.png 205w\" sizes=\"(max-width: 1024px) 100vw, 1024px\" \/><\/p>\n<p><img loading=\"lazy\" decoding=\"async\" class=\"wp-image-460 aligncenter\" src=\"https:\/\/exa.unne.edu.ar\/Congreso%20de%20Herpetologia\/wp-content\/uploads\/2024\/08\/44.png\" alt=\"\" width=\"775\" height=\"250\" srcset=\"https:\/\/exa.unne.edu.ar\/Congreso%20de%20Herpetologia\/wp-content\/uploads\/2024\/08\/44.png 800w, https:\/\/exa.unne.edu.ar\/Congreso%20de%20Herpetologia\/wp-content\/uploads\/2024\/08\/44-300x97.png 300w, https:\/\/exa.unne.edu.ar\/Congreso%20de%20Herpetologia\/wp-content\/uploads\/2024\/08\/44-768x248.png 768w, https:\/\/exa.unne.edu.ar\/Congreso%20de%20Herpetologia\/wp-content\/uploads\/2024\/08\/44-186x60.png 186w\" sizes=\"(max-width: 775px) 100vw, 775px\" \/><img loading=\"lazy\" decoding=\"async\" class=\"wp-image-435 alignnone\" src=\"https:\/\/exa.unne.edu.ar\/Congreso%20de%20Herpetologia\/wp-content\/uploads\/2024\/06\/5.png\" alt=\"\" width=\"1034\" height=\"303\" srcset=\"https:\/\/exa.unne.edu.ar\/Congreso%20de%20Herpetologia\/wp-content\/uploads\/2024\/06\/5.png 1024w, https:\/\/exa.unne.edu.ar\/Congreso%20de%20Herpetologia\/wp-content\/uploads\/2024\/06\/5-300x88.png 300w, https:\/\/exa.unne.edu.ar\/Congreso%20de%20Herpetologia\/wp-content\/uploads\/2024\/06\/5-768x225.png 768w, https:\/\/exa.unne.edu.ar\/Congreso%20de%20Herpetologia\/wp-content\/uploads\/2024\/06\/5-1020x300.png 1020w, https:\/\/exa.unne.edu.ar\/Congreso%20de%20Herpetologia\/wp-content\/uploads\/2024\/06\/5-205x60.png 205w\" sizes=\"(max-width: 1034px) 100vw, 1034px\" \/><\/p>\n<p><img loading=\"lazy\" decoding=\"async\" class=\"wp-image-436 size-full alignright\" src=\"https:\/\/exa.unne.edu.ar\/Congreso%20de%20Herpetologia\/wp-content\/uploads\/2024\/06\/6.png\" alt=\"\" width=\"1024\" height=\"300\" srcset=\"https:\/\/exa.unne.edu.ar\/Congreso%20de%20Herpetologia\/wp-content\/uploads\/2024\/06\/6.png 1024w, https:\/\/exa.unne.edu.ar\/Congreso%20de%20Herpetologia\/wp-content\/uploads\/2024\/06\/6-300x88.png 300w, https:\/\/exa.unne.edu.ar\/Congreso%20de%20Herpetologia\/wp-content\/uploads\/2024\/06\/6-768x225.png 768w, https:\/\/exa.unne.edu.ar\/Congreso%20de%20Herpetologia\/wp-content\/uploads\/2024\/06\/6-1020x300.png 1020w, https:\/\/exa.unne.edu.ar\/Congreso%20de%20Herpetologia\/wp-content\/uploads\/2024\/06\/6-205x60.png 205w\" sizes=\"(max-width: 1024px) 100vw, 1024px\" \/><\/p>\n<p><img loading=\"lazy\" decoding=\"async\" class=\"wp-image-437 size-full alignnone\" src=\"https:\/\/exa.unne.edu.ar\/Congreso%20de%20Herpetologia\/wp-content\/uploads\/2024\/06\/7.png\" alt=\"\" width=\"1024\" height=\"300\" srcset=\"https:\/\/exa.unne.edu.ar\/Congreso%20de%20Herpetologia\/wp-content\/uploads\/2024\/06\/7.png 1024w, https:\/\/exa.unne.edu.ar\/Congreso%20de%20Herpetologia\/wp-content\/uploads\/2024\/06\/7-300x88.png 300w, https:\/\/exa.unne.edu.ar\/Congreso%20de%20Herpetologia\/wp-content\/uploads\/2024\/06\/7-768x225.png 768w, https:\/\/exa.unne.edu.ar\/Congreso%20de%20Herpetologia\/wp-content\/uploads\/2024\/06\/7-1020x300.png 1020w, https:\/\/exa.unne.edu.ar\/Congreso%20de%20Herpetologia\/wp-content\/uploads\/2024\/06\/7-205x60.png 205w\" sizes=\"(max-width: 1024px) 100vw, 1024px\" \/>[\/vc_column_text][\/vc_tta_section][vc_tta_section title=&#8221;Minicursos&#8221; tab_id=&#8221;1713880441558-ad0bce92-9822&#8243;][vc_column_text]Todos los minicursos se llevar\u00e1n a cabo a lo largo de las cuatro jornadas del evento. Los cupos son limitados, por lo que debe estar inscripto al Congreso antes de solicitar su preinscripci\u00f3n a cualquiera de ellos.<\/p>\n<p>&nbsp;<\/p>\n<p>Utilice los links de contacto (correo electr\u00f3nico o formulario) que aparecen en la informaci\u00f3n espec\u00edfica de cada propuesta.<\/p>\n<p>&nbsp;<\/p>\n<p>El Minicurso 1 tiene un costo de $10.000 y puede inscribirse completando el formulario al que acceder\u00e1 haciendo click sobre su placa. Las propuestas 2, 3 y 4 no tienen costo.<\/p>\n<p><em><strong>\u00a0<\/strong><\/em><\/p>\n<p><em><strong><span style=\"font-size: xx-large;\">\u00a0<\/span><\/strong><\/em><\/p>\n<h1><a href=\"https:\/\/docs.google.com\/forms\/d\/e\/1FAIpQLScLEMtv6I4xjd4XGnPYDPq7wgoOlAdhCg5drcUgYdkj6EZnig\/viewform\"><img loading=\"lazy\" decoding=\"async\" class=\"alignnone wp-image-449 size-large\" src=\"https:\/\/exa.unne.edu.ar\/Congreso%20de%20Herpetologia\/wp-content\/uploads\/2024\/08\/Minicurso-1-1024x1024.png\" alt=\"\" width=\"1020\" height=\"1020\" srcset=\"https:\/\/exa.unne.edu.ar\/Congreso%20de%20Herpetologia\/wp-content\/uploads\/2024\/08\/Minicurso-1-1024x1024.png 1024w, https:\/\/exa.unne.edu.ar\/Congreso%20de%20Herpetologia\/wp-content\/uploads\/2024\/08\/Minicurso-1-300x300.png 300w, https:\/\/exa.unne.edu.ar\/Congreso%20de%20Herpetologia\/wp-content\/uploads\/2024\/08\/Minicurso-1-150x150.png 150w, https:\/\/exa.unne.edu.ar\/Congreso%20de%20Herpetologia\/wp-content\/uploads\/2024\/08\/Minicurso-1-768x768.png 768w, https:\/\/exa.unne.edu.ar\/Congreso%20de%20Herpetologia\/wp-content\/uploads\/2024\/08\/Minicurso-1-435x435.png 435w, https:\/\/exa.unne.edu.ar\/Congreso%20de%20Herpetologia\/wp-content\/uploads\/2024\/08\/Minicurso-1-60x60.png 60w, https:\/\/exa.unne.edu.ar\/Congreso%20de%20Herpetologia\/wp-content\/uploads\/2024\/08\/Minicurso-1.png 1080w\" sizes=\"(max-width: 1020px) 100vw, 1020px\" \/><\/a><\/h1>\n<h3>Link: <span style=\"color: #800000;\"><a style=\"color: #800000;\" href=\"https:\/\/docs.google.com\/forms\/d\/e\/1FAIpQLScLEMtv6I4xjd4XGnPYDPq7wgoOlAdhCg5drcUgYdkj6EZnig\/viewform\">Preinscripci\u00f3n al Mini Curso: Microscop\u00eda Electr\u00f3nica de Barrido en la Investigaci\u00f3n Herpetol\u00f3gica.<\/a><\/span><\/h3>\n<h1><img loading=\"lazy\" decoding=\"async\" class=\"alignnone wp-image-450 size-large\" src=\"https:\/\/exa.unne.edu.ar\/Congreso%20de%20Herpetologia\/wp-content\/uploads\/2024\/08\/Minicurso-2-1024x1024.png\" alt=\"\" width=\"1020\" height=\"1020\" srcset=\"https:\/\/exa.unne.edu.ar\/Congreso%20de%20Herpetologia\/wp-content\/uploads\/2024\/08\/Minicurso-2-1024x1024.png 1024w, https:\/\/exa.unne.edu.ar\/Congreso%20de%20Herpetologia\/wp-content\/uploads\/2024\/08\/Minicurso-2-300x300.png 300w, https:\/\/exa.unne.edu.ar\/Congreso%20de%20Herpetologia\/wp-content\/uploads\/2024\/08\/Minicurso-2-150x150.png 150w, https:\/\/exa.unne.edu.ar\/Congreso%20de%20Herpetologia\/wp-content\/uploads\/2024\/08\/Minicurso-2-768x768.png 768w, https:\/\/exa.unne.edu.ar\/Congreso%20de%20Herpetologia\/wp-content\/uploads\/2024\/08\/Minicurso-2-435x435.png 435w, https:\/\/exa.unne.edu.ar\/Congreso%20de%20Herpetologia\/wp-content\/uploads\/2024\/08\/Minicurso-2-60x60.png 60w, https:\/\/exa.unne.edu.ar\/Congreso%20de%20Herpetologia\/wp-content\/uploads\/2024\/08\/Minicurso-2.png 1080w\" sizes=\"(max-width: 1020px) 100vw, 1020px\" \/><img loading=\"lazy\" decoding=\"async\" class=\"alignnone wp-image-451 size-large\" src=\"https:\/\/exa.unne.edu.ar\/Congreso%20de%20Herpetologia\/wp-content\/uploads\/2024\/08\/Minicurso-3-1024x1024.png\" alt=\"\" width=\"1020\" height=\"1020\" srcset=\"https:\/\/exa.unne.edu.ar\/Congreso%20de%20Herpetologia\/wp-content\/uploads\/2024\/08\/Minicurso-3-1024x1024.png 1024w, https:\/\/exa.unne.edu.ar\/Congreso%20de%20Herpetologia\/wp-content\/uploads\/2024\/08\/Minicurso-3-300x300.png 300w, https:\/\/exa.unne.edu.ar\/Congreso%20de%20Herpetologia\/wp-content\/uploads\/2024\/08\/Minicurso-3-150x150.png 150w, https:\/\/exa.unne.edu.ar\/Congreso%20de%20Herpetologia\/wp-content\/uploads\/2024\/08\/Minicurso-3-768x768.png 768w, https:\/\/exa.unne.edu.ar\/Congreso%20de%20Herpetologia\/wp-content\/uploads\/2024\/08\/Minicurso-3-435x435.png 435w, https:\/\/exa.unne.edu.ar\/Congreso%20de%20Herpetologia\/wp-content\/uploads\/2024\/08\/Minicurso-3-60x60.png 60w, https:\/\/exa.unne.edu.ar\/Congreso%20de%20Herpetologia\/wp-content\/uploads\/2024\/08\/Minicurso-3.png 1080w\" sizes=\"(max-width: 1020px) 100vw, 1020px\" \/><img loading=\"lazy\" decoding=\"async\" class=\"alignnone wp-image-452 size-large\" src=\"https:\/\/exa.unne.edu.ar\/Congreso%20de%20Herpetologia\/wp-content\/uploads\/2024\/08\/Minicurso-4-1024x1024.png\" alt=\"\" width=\"1020\" height=\"1020\" srcset=\"https:\/\/exa.unne.edu.ar\/Congreso%20de%20Herpetologia\/wp-content\/uploads\/2024\/08\/Minicurso-4-1024x1024.png 1024w, https:\/\/exa.unne.edu.ar\/Congreso%20de%20Herpetologia\/wp-content\/uploads\/2024\/08\/Minicurso-4-300x300.png 300w, https:\/\/exa.unne.edu.ar\/Congreso%20de%20Herpetologia\/wp-content\/uploads\/2024\/08\/Minicurso-4-150x150.png 150w, https:\/\/exa.unne.edu.ar\/Congreso%20de%20Herpetologia\/wp-content\/uploads\/2024\/08\/Minicurso-4-768x768.png 768w, https:\/\/exa.unne.edu.ar\/Congreso%20de%20Herpetologia\/wp-content\/uploads\/2024\/08\/Minicurso-4-435x435.png 435w, https:\/\/exa.unne.edu.ar\/Congreso%20de%20Herpetologia\/wp-content\/uploads\/2024\/08\/Minicurso-4-60x60.png 60w, https:\/\/exa.unne.edu.ar\/Congreso%20de%20Herpetologia\/wp-content\/uploads\/2024\/08\/Minicurso-4.png 1080w\" sizes=\"(max-width: 1020px) 100vw, 1020px\" \/><\/h1>\n<p>[\/vc_column_text][\/vc_tta_section][vc_tta_section title=&#8221;Talleres&#8221; tab_id=&#8221;1713880468978-c0950cdf-1a0a&#8221;][vc_column_text]1-TALLER DE COLECCIONES HERPETOL\u00d3GICAS<\/p>\n<p>&nbsp;<\/p>\n<p><b>Institucionalizando las Colecciones<\/b><\/p>\n<p><b>Martes 1 de octubre- de 8 a 11hs y de 14:30 a 18:30<\/b><br \/>\nA trav\u00e9s de los a\u00f1os, el Taller de las Colecciones Herpetol\u00f3gicas de la AHA ha tenido como misi\u00f3n fortalecer los v\u00ednculos entre curadores y t\u00e9cnicos a fin de capacitar, dialogar, debatir y ayudarnos en esta ardua y dif\u00edcil tarea. Desde sus inicios, hemos abarcado una gran diversidad de temas relacionados con las tareas de las colecciones, como as\u00ed tambi\u00e9n, se ha participado a becarios e investigadores en capacitaciones referentes a la toma de muestras espec\u00edficas y sus protocolos de resguardo. Sin embargo, a\u00fan quedan muchos temas por debatir; es por ello que en este congreso, los invitamos a Institucionalizar las Colecciones. Para ello, aspiramos a enriquecer la parte administrativa de reglamentos y protocolos escritos; que son los que permitir\u00e1n que los est\u00e1ndares m\u00e1s adecuados y efectivos implementados, se perpet\u00faen en el tiempo.<\/p>\n<p>&nbsp;<\/p>\n<p>Capacitaciones: 14:30 hs<\/p>\n<p>&nbsp;<\/p>\n<p>&nbsp;<\/p>\n<div>-Baldo D., Bruinje A.C. \u201cColecci\u00f3n Bioac\u00fastica Anfibios LGE: 25 a\u00f1os de registros, logros, dificultades y desaf\u00edos\u201d<\/div>\n<div>-Vald\u00e9s J.J. \u201cExtracci\u00f3n de tejido para ADN en campo y su conservaci\u00f3n\u201d<\/div>\n<div>-Hermida G.N. \u201cTejidos en el tiempo: estrategias para la preservaci\u00f3n de preparados histol\u00f3gicos\u201d<\/div>\n<p>&nbsp;<\/p>\n<p>Cupos limitados<\/p>\n<p>&nbsp;<\/p>\n<div dir=\"ltr\">Formulario de Inscripci\u00f3n: <span style=\"color: #000080;\">\u00a0<a style=\"color: #000080;\" href=\"https:\/\/docs.google.com\/forms\/d\/e\/1FAIpQLSdzC6p4FoVkC9zg4jw5BebZIAOqKt9aAMyr7xeBaewpdBrx2w\/viewform?usp=sf_link\" target=\"_blank\" data-saferedirecturl=\"https:\/\/www.google.com\/url?q=https:\/\/docs.google.com\/forms\/d\/e\/1FAIpQLSdzC6p4FoVkC9zg4jw5BebZIAOqKt9aAMyr7xeBaewpdBrx2w\/viewform?usp%3Dsf_link&amp;source=gmail&amp;ust=1726830244536000&amp;usg=AOvVaw0g9v6dH3ZSdcTQANGc--BQ\">https:\/\/docs.google.com\/<wbr \/>forms\/d\/e\/<wbr \/>1FAIpQLSdzC6p4FoVkC9zg4jw5BebZ<wbr \/>IAOqKt9aAMyr7xeBaewpdBrx2w\/<wbr \/>viewform?usp=sf_link<\/a><\/span><\/div>\n<div><\/div>\n<p><img loading=\"lazy\" decoding=\"async\" class=\"alignnone size-medium wp-image-488\" src=\"https:\/\/exa.unne.edu.ar\/Congreso%20de%20Herpetologia\/wp-content\/uploads\/2024\/09\/codigo-qr-300x300.jpg\" alt=\"\" width=\"300\" height=\"300\" srcset=\"https:\/\/exa.unne.edu.ar\/Congreso%20de%20Herpetologia\/wp-content\/uploads\/2024\/09\/codigo-qr-300x300.jpg 300w, https:\/\/exa.unne.edu.ar\/Congreso%20de%20Herpetologia\/wp-content\/uploads\/2024\/09\/codigo-qr-150x150.jpg 150w, https:\/\/exa.unne.edu.ar\/Congreso%20de%20Herpetologia\/wp-content\/uploads\/2024\/09\/codigo-qr-768x768.jpg 768w, https:\/\/exa.unne.edu.ar\/Congreso%20de%20Herpetologia\/wp-content\/uploads\/2024\/09\/codigo-qr-435x435.jpg 435w, https:\/\/exa.unne.edu.ar\/Congreso%20de%20Herpetologia\/wp-content\/uploads\/2024\/09\/codigo-qr-60x60.jpg 60w, https:\/\/exa.unne.edu.ar\/Congreso%20de%20Herpetologia\/wp-content\/uploads\/2024\/09\/codigo-qr.jpg 1000w\" sizes=\"(max-width: 300px) 100vw, 300px\" \/><\/p>\n<p>&nbsp;<\/p>\n<p>&nbsp;<\/p>\n<p>2-TALLER: <b>Desarrollando el Plan de Acci\u00f3n para la Conservaci\u00f3n de Tortugas Continentales de Argentina<\/b><\/p>\n<p>&nbsp;<\/p>\n<p><b>Viernes 4 de octubre- de 11:00 a 13:00<\/b><br \/>\nEl objetivo del taller es brindar un espacio de discusi\u00f3n y elaboraci\u00f3n para dise\u00f1ar una estrategia nacional para la conservaci\u00f3n de las tortugas continentales que eval\u00fae su estado de conservaci\u00f3n, identifique y aborde las problem\u00e1ticas de estas especies y las medidas necesarias para su conservaci\u00f3n. Se pretende reunir los conocimientos que se encuentran mayormente dispersos y crear una red de trabajo entre todos los grupos de investigadores y conservacionistas. El objetivo final es elaborar un documento que sirva de apoyo para investigadores, ONGs, autoridades gubernamentales y la sociedad en general. Este documento deber\u00e1 servir como una gu\u00eda de trabajo o herramienta para todos aquellos interesados en la conservaci\u00f3n de las tortugas continentales de Argentina, proporcionando informaci\u00f3n sobre las necesidades y prioridades de trabajo en el pa\u00eds en relaci\u00f3n a este grupo. El taller es abierto, sin embargo, sugerimos completar el siguiente formulario como inscripci\u00f3n a fin de ir recabando informaci\u00f3n y generar una red de contactos para trabajar un lineamiento de temas a tratar.<\/p>\n<p>&nbsp;<\/p>\n<p>Inscripci\u00f3n: <u><a href=\"https:\/\/forms.gle\/kQcPo6r8BNmwU4Ds5\"><span style=\"color: #800000;\">https:\/\/forms.gle\/kQcPo6r8BNmwU4Ds5<\/span><\/a><\/u><\/p>\n<p>&nbsp;<\/p>\n<p>\u00a1Pr\u00f3ximamente m\u00e1s detalles de las actividades previstas en el marco de cada temas a tratar.<br \/>\n<em><strong>\u00a0<\/strong><\/em>[\/vc_column_text][\/vc_tta_section][vc_tta_section title=&#8221;Exposiciones&#8221; tab_id=&#8221;1713880466015-14018fe1-2b3f&#8221;][vc_column_text]&nbsp;<\/p>\n<p><em><strong>Modalidad de la presentaci\u00f3n<\/strong><\/em><\/p>\n<p>&nbsp;<\/p>\n<p>&#8211; Oral: las presentaciones orales dispondr\u00e1n de, como m\u00e1ximo, 15 minutos (12 para exposici\u00f3n y 3 para preguntas).<\/p>\n<p>&#8211; P\u00f3ster: el tama\u00f1o del p\u00f3ster deber\u00e1 ser de 120 cm de alto por 90 cm de ancho. Al menos uno de los\/las autores\/as deber\u00e1 estar presente en la exposici\u00f3n de su trabajo.<\/p>\n<p>&nbsp;<\/p>\n<p><em><strong>Fecha l\u00edmite para el env\u00edo de res\u00famenes:<\/strong><\/em><\/p>\n<p><b>14 de agosto de 2024<\/b><\/p>\n<p>&nbsp;<\/p>\n<p>Al momento de enviar el resumen al menos un\/a autor\/a deber\u00e1 estar inscripto en el Congreso.<\/p>\n<p>&nbsp;<\/p>\n<p><strong><b>Complete el formulario que encontrar\u00e1 en el siguiente link:<\/b><\/strong><\/p>\n<p><a href=\"https:\/\/docs.google.com\/forms\/d\/1cQzGs1eF6omiCweprCjE9d84gzMdChbbHMQpQ3rni2o\/edit\"><u><span style=\"color: #800000;\">https:\/\/docs.google.com\/forms\/d\/1cQzGs1eF6omiCweprCjE9d84gzMdChbbHMQpQ3rni2o\/edit<\/span><\/u><\/a><\/p>\n<p>&nbsp;<\/p>\n<p><b>\u00a1Aseg\u00farese de revisar su resumen antes de enviar para cumplir con todas las especificaciones requeridas<\/b><\/p>\n<p>&nbsp;<\/p>\n<p><strong>Formato y Presentaci\u00f3n del Resumen:<\/strong><\/p>\n<p>&nbsp;<\/p>\n<p class=\"western\"><b>Archivo:<\/b><\/p>\n<p class=\"western\">Guarde su resumen en formato Word. Utilice tama\u00f1o de hoja A4.<\/p>\n<p>&nbsp;<\/p>\n<p class=\"western\"><b>Nombre del archivo:<\/b><\/p>\n<p>Nombre del archivo seg\u00fan la modalidad de exposici\u00f3n: Apellido del primer autor\/a seguido por \u201cOral\u201d o \u201cPoster\u201d. Ejemplo: Perez-Oral. Para m\u00faltiples env\u00edos del mismo autor principal, a\u00f1ada un n\u00famero al final: Ejemplo: Perez-Oral-1.<\/p>\n<p>&nbsp;<\/p>\n<p class=\"western\"><b>T\u00edtulo del Trabajo:<\/b><\/p>\n<p class=\"western\">Use fuente Arial tama\u00f1o 14. May\u00fascula inicial solamente; los nombres cient\u00edficos en cursiva. El t\u00edtulo no debe exceder las 12 palabras.<\/p>\n<p>&nbsp;<\/p>\n<p><strong>Autores\/as:<\/strong><\/p>\n<p>Liste los apellidos e iniciales de los nombres, separados por comas. Subraye el nombre del autor\/a que presenta el trabajo.<\/p>\n<p>&nbsp;<\/p>\n<p><strong>Filiaci\u00f3n Institucional:<\/strong><\/p>\n<p>Indique la instituci\u00f3n y ciudad de residencia en fuente Arial cursiva, tama\u00f1o 9. Incluya el correo electr\u00f3nico del autor\/a que presentar\u00e1 el trabajo. Para autores de diferentes instituciones, use un n\u00famero super\u00edndice tras cada nombre para referenciar cada instituci\u00f3n.<\/p>\n<p>&nbsp;<\/p>\n<p><strong>Autor\/a de Correspondencia:<\/strong><\/p>\n<p>Adjunte el e-mail de correspondencia inmediatamente despu\u00e9s de la filiaci\u00f3n institucional.<\/p>\n<p>&nbsp;<\/p>\n<p><strong>Cuerpo del Resumen:<\/strong><\/p>\n<p>Redacte un texto de <b>m\u00e1ximo 300 palabras<\/b> en fuente Arial, tama\u00f1o 12, sin sangr\u00eda.<\/p>\n<p>&nbsp;<\/p>\n<p><strong>Palabras Clave:<\/strong><\/p>\n<p>Incluya un m\u00e1ximo de tres palabras clave, separadas por punto y coma. Use may\u00fascula inicial en nombres propios y gen\u00e9ricos, con nombres cient\u00edficos en cursiva.[\/vc_column_text][\/vc_tta_section][\/vc_tta_tabs][\/vc_column][\/vc_row][vc_row][vc_column][vc_separator border_width=&#8221;4&#8243;][\/vc_column][\/vc_row][vc_row][vc_column][vc_column_text]<a href=\"https:\/\/drive.google.com\/drive\/folders\/1copG8KqgKOpz-ind_1bptKqW_vhHfu6o\"><img loading=\"lazy\" decoding=\"async\" class=\"alignnone wp-image-486 size-large\" src=\"https:\/\/exa.unne.edu.ar\/Congreso%20de%20Herpetologia\/wp-content\/uploads\/2024\/09\/Copia-de-Cronograma-1024x1024.jpg\" alt=\"\" width=\"1020\" height=\"1020\" srcset=\"https:\/\/exa.unne.edu.ar\/Congreso%20de%20Herpetologia\/wp-content\/uploads\/2024\/09\/Copia-de-Cronograma-1024x1024.jpg 1024w, https:\/\/exa.unne.edu.ar\/Congreso%20de%20Herpetologia\/wp-content\/uploads\/2024\/09\/Copia-de-Cronograma-300x300.jpg 300w, https:\/\/exa.unne.edu.ar\/Congreso%20de%20Herpetologia\/wp-content\/uploads\/2024\/09\/Copia-de-Cronograma-150x150.jpg 150w, https:\/\/exa.unne.edu.ar\/Congreso%20de%20Herpetologia\/wp-content\/uploads\/2024\/09\/Copia-de-Cronograma-768x768.jpg 768w, https:\/\/exa.unne.edu.ar\/Congreso%20de%20Herpetologia\/wp-content\/uploads\/2024\/09\/Copia-de-Cronograma-435x435.jpg 435w, https:\/\/exa.unne.edu.ar\/Congreso%20de%20Herpetologia\/wp-content\/uploads\/2024\/09\/Copia-de-Cronograma-60x60.jpg 60w, https:\/\/exa.unne.edu.ar\/Congreso%20de%20Herpetologia\/wp-content\/uploads\/2024\/09\/Copia-de-Cronograma.jpg 1080w\" sizes=\"(max-width: 1020px) 100vw, 1020px\" \/><\/a>[\/vc_column_text][\/vc_column][\/vc_row]<\/p>\n","protected":false},"excerpt":{"rendered":"<p>[vc_row gap=&#8221;10&#8243; full_height=&#8221;yes&#8221; parallax=&#8221;content-moving&#8221; css_animation=&#8221;none&#8221;][vc_column][vc_tta_tabs active_section=&#8221;1&#8243;][vc_tta_section title=&#8221;Cronograma&#8221; tab_id=&#8221;1713880210767-88f82c20-2289&#8243;][vc_column_text]&nbsp; [\/vc_column_text][\/vc_tta_section][vc_tta_section title=&#8221;Conferencias&#8221; tab_id=&#8221;1713880210766-c7edde9e-2377&#8243;][vc_column_text] [\/vc_column_text][\/vc_tta_section][vc_tta_section title=&#8221;Minicursos&#8221; tab_id=&#8221;1713880441558-ad0bce92-9822&#8243;][vc_column_text]Todos los minicursos se llevar\u00e1n a cabo a lo largo de las cuatro jornadas del evento. Los cupos son limitados, por lo que debe estar inscripto al Congreso antes de solicitar su preinscripci\u00f3n a cualquiera de ellos. &nbsp; Utilice los links de &hellip; <\/p>\n","protected":false},"author":1,"featured_media":0,"parent":0,"menu_order":0,"comment_status":"closed","ping_status":"closed","template":"","meta":{"footnotes":""},"categories":[],"tags":[],"_links":{"self":[{"href":"https:\/\/exa.unne.edu.ar\/Congreso%20de%20Herpetologia\/index.php\/wp-json\/wp\/v2\/pages\/201"}],"collection":[{"href":"https:\/\/exa.unne.edu.ar\/Congreso%20de%20Herpetologia\/index.php\/wp-json\/wp\/v2\/pages"}],"about":[{"href":"https:\/\/exa.unne.edu.ar\/Congreso%20de%20Herpetologia\/index.php\/wp-json\/wp\/v2\/types\/page"}],"author":[{"embeddable":true,"href":"https:\/\/exa.unne.edu.ar\/Congreso%20de%20Herpetologia\/index.php\/wp-json\/wp\/v2\/users\/1"}],"replies":[{"embeddable":true,"href":"https:\/\/exa.unne.edu.ar\/Congreso%20de%20Herpetologia\/index.php\/wp-json\/wp\/v2\/comments?post=201"}],"version-history":[{"count":32,"href":"https:\/\/exa.unne.edu.ar\/Congreso%20de%20Herpetologia\/index.php\/wp-json\/wp\/v2\/pages\/201\/revisions"}],"predecessor-version":[{"id":490,"href":"https:\/\/exa.unne.edu.ar\/Congreso%20de%20Herpetologia\/index.php\/wp-json\/wp\/v2\/pages\/201\/revisions\/490"}],"wp:attachment":[{"href":"https:\/\/exa.unne.edu.ar\/Congreso%20de%20Herpetologia\/index.php\/wp-json\/wp\/v2\/media?parent=201"}],"wp:term":[{"taxonomy":"category","embeddable":true,"href":"https:\/\/exa.unne.edu.ar\/Congreso%20de%20Herpetologia\/index.php\/wp-json\/wp\/v2\/categories?post=201"},{"taxonomy":"post_tag","embeddable":true,"href":"https:\/\/exa.unne.edu.ar\/Congreso%20de%20Herpetologia\/index.php\/wp-json\/wp\/v2\/tags?post=201"}],"curies":[{"name":"wp","href":"https:\/\/api.w.org\/{rel}","templated":true}]}}